{"id":199430,"date":"2026-01-26T10:35:41","date_gmt":"2026-01-26T09:35:41","guid":{"rendered":"https:\/\/www.arosmarmitte.it\/?post_type=product&#038;p=199430"},"modified":"2026-01-26T10:46:49","modified_gmt":"2026-01-26T09:46:49","slug":"downpipe-elimina-opf-senza-catalizzatore-o76-motore-dnp-audi-tt-quattro-mk3-coupe-roadster-2-0-45-tfsi-245-hp-versione-con-opf-2019-2023","status":"publish","type":"product","link":"https:\/\/www.arosmarmitte.it\/en\/prodotto\/exhaust-systems\/downpipe-elimina-opf-senza-catalizzatore-o76-motore-dnp-audi-tt-quattro-mk3-coupe-roadster-2-0-45-tfsi-245-hp-versione-con-opf-2019-2023\/","title":{"rendered":"TT QUATTRO MK3 Coup\u00e9\/Roadster 2.0 45 TFSI 245 Hp (versione con OPF) &#8211; Downpipe senza catalizzatore \u00d876 (motore DNP)"},"content":{"rendered":"<h1>Downpipe senza catalizzatore \u00d876 per Audi TT QUATTRO MK3 Coup\u00e9\/Roadster 2.0 45 TFSI (versione con OPF)<\/h1>\n<h2>Downpipe senza catalizzatore in acciaio Inox per Audi TT QUATTRO MK3 Coup\u00e9\/Roadster 2.0 45 TFSI (versione con OPF) &#8211; 245 Hp | 2021-2023<\/h2>\n<p>&nbsp;<\/p>\n<p>&nbsp;<\/p>\n<p>Il downpipe senza catalizzatore \u00e8 un particolare che permette di incrementare notevolmente le prestazioni del motore della tua Audi TT QUATTRO MK3 grazie al deflusso diretto dei gas. L\u2019intera sezione \u00e8 progettata per garantire un sound pi\u00f9 grintoso senza penalizzare il comfort di marcia che rimane piacevole e privo di risonanze fastidiose sia ai bassi regimi che a velocit\u00e0 di crociera sostenute.<\/p>\n<p>Il nostro downpipe \u00e8 pensato per chi cerca massima libert\u00e0 di sound e performance per il suo impianto di scarico.<\/p>\n<p>&nbsp;<\/p>\n<p>&nbsp;<\/p>\n<p>&nbsp;<\/p>\n<h3>Dettagli tecnici<\/h3>\n<ul>\n<li><strong>materiale:<\/strong>\u00a0realizzato in acciaio Inox AISI 304<\/li>\n<li><strong>saldature:<\/strong>\u00a0realizzato con tecnica di saldatura a TIG<\/li>\n<li><strong>montaggio:<\/strong> Plug&amp;play con modifica del sistema di gestione elettronica<\/li>\n<\/ul>\n<p>&nbsp;<\/p>\n<p>&nbsp;<\/p>\n<p><strong>Perch\u00e8 utilizziamo l\u2019acciaio Inox per i nostri prodotti?<\/strong><\/p>\n<p>L\u2019acciaio \u00e8 un materiale noto per la sua durezza, resistenza meccanica e termica, versatilit\u00e0 ed affidabilit\u00e0. Tutti i nostri prodotti standard sono realizzati in acciaio Inox AISI 304.<\/p>\n<p>&nbsp;<\/p>\n<p><strong>Perch\u00e8 le saldature a TIG?<\/strong><\/p>\n<p>La saldatura a TIG \u00e8 una tecnica fine e complicata eppure molto resistente. Questa, unita al ridotto spessore del tubo, garantisce un prodotto estremamente leggero ed esteticamente raffinato.<\/p>\n<p>&nbsp;<\/p>\n<p><strong>Cosa vuol dire Plug&amp;play?<\/strong><\/p>\n<p>Significa che per montare il downpipe sulla tua Audi TT QUATTRO MK3 ti baster\u00e0 sfruttare tutti gli attacchi gi\u00e0 presenti in vettura senza effettuare lavori e modifiche grazie alla presenza di tutti gli innesti sonda e delle staffe necessarie. Una volta effettuata l\u2019installazione si dovr\u00e0 procedere con la modifica del sistema di gestione elettronica.<\/p>\n<p>&nbsp;<\/p>\n<p>&nbsp;<\/p>\n<p>&nbsp;<\/p>\n<p>&nbsp;<\/p>\n<p><em>Infine ci teniamo a sottolineare che progettazione, sviluppo, realizzazione e produzione sono operazioni svolte esclusivamente all\u2019interno della nostra sede e che il prodotto gode di tutte le caratteristiche e cure della migliore tradizione artigianale italiana.<\/em><\/p>\n<p>&nbsp;<\/p>\n<p>&nbsp;<\/p>\n<p><em>Non trovi quello che cerchi?\u00a0\u00a0<\/em>Visita la sezione\u00a0<a href=\"https:\/\/www.arosmarmitte.it\/contatti\/\" target=\"_blank\" rel=\"noopener\">contatti<\/a>\u00a0e chiamaci o scrivici via whatsapp.<\/p>\n<p>&nbsp;<\/p>\n<p>&nbsp;<\/p>\n<h5>Effettuiamo spedizioni in tutta Italia in tempi brevi. Ogni articolo Aros Marmitte ha una garanzia di recesso di 14 giorni.\u00a0<a href=\"https:\/\/www.arosmarmitte.it\/contatti\/\" target=\"_blank\" rel=\"noopener\">Consulta le norme di spedizione<\/a>.<br \/>\n________________________________________________________________________________________________________<\/h5>\n<h6>Visita anche la nostra\u00a0<a href=\"https:\/\/www.facebook.com\/arosmarmitte?locale=it_IT\" target=\"_blank\" rel=\"noopener\">pagina Facebook<\/a>\u00a0o il nostro\u00a0<a href=\"https:\/\/www.instagram.com\/arosmarmitte\/?next=https%3A%2F%2Fwww.instagram.com%2Farosmarmitte%2F\" target=\"_blank\" rel=\"noopener\">account Instagram<\/a>\u00a0per restare sempre aggiornato sui nostri prodotti<\/h6>\n","protected":false},"excerpt":{"rendered":"<p>Downpipe senza catalizzatore \u00d876 per Audi TT QUATTRO MK3 Coup\u00e9\/Roadster 2.0 45 TFSI (versione con OPF) Downpipe senza catalizzatore in acciaio Inox per Audi TT QUATTRO MK3 Coup\u00e9\/Roadster 2.0 45 TFSI (versione con OPF) &#8211; 245 Hp | 2021-2023 &nbsp; &nbsp; Il downpipe senza catalizzatore \u00e8 un particolare che permette di incrementare notevolmente le prestazioni [&hellip;]<\/p>\n","protected":false},"featured_media":109263,"comment_status":"closed","ping_status":"closed","template":"","meta":{"_acf_changed":false},"marca":[],"product_brand":[],"product_cat":[15],"product_tag":[],"class_list":{"0":"post-199430","1":"product","2":"type-product","3":"status-publish","4":"has-post-thumbnail","6":"product_cat-impianti-di-scarico","8":"first","9":"instock","10":"taxable","11":"shipping-taxable","12":"purchasable","13":"product-type-simple"},"acf":[],"yoast_head":"<!-- This site is optimized with the Yoast SEO Premium plugin v24.8 (Yoast SEO v27.2) - https:\/\/yoast.com\/product\/yoast-seo-premium-wordpress\/ -->\n<title>TT QUATTRO MK3 - Downpipe senza catalizzatore \u00d876 | Aros Marmitte<\/title>\n<meta name=\"description\" content=\"Aumenta il sound della tua Audi TT QUATTRO MK3 (versione con OPF) con il nostro downpipe senza catalizzatore \u00d876 (motore DNP)! Contattaci subito!\" \/>\n<meta name=\"robots\" content=\"index, follow, max-snippet:-1, max-image-preview:large, max-video-preview:-1\" \/>\n<link rel=\"canonical\" href=\"https:\/\/www.arosmarmitte.it\/prodotto\/impianti-di-scarico\/downpipe-elimina-opf-senza-catalizzatore-o76-motore-dnp-audi-tt-quattro-mk3-coupe-roadster-2-0-45-tfsi-245-hp-versione-con-opf-2019-2023\/\" \/>\n<meta property=\"og:locale\" content=\"en_US\" \/>\n<meta property=\"og:type\" content=\"article\" \/>\n<meta property=\"og:title\" content=\"TT QUATTRO MK3 Coup\u00e9\/Roadster 2.0 45 TFSI 245 Hp (versione con OPF) - Downpipe senza catalizzatore \u00d876 (motore DNP)\" \/>\n<meta property=\"og:description\" content=\"Aumenta il sound della tua Audi TT QUATTRO MK3 (versione con OPF) con il nostro downpipe senza catalizzatore \u00d876 (motore DNP)! Contattaci subito!\" \/>\n<meta property=\"og:url\" content=\"https:\/\/www.arosmarmitte.it\/prodotto\/impianti-di-scarico\/downpipe-elimina-opf-senza-catalizzatore-o76-motore-dnp-audi-tt-quattro-mk3-coupe-roadster-2-0-45-tfsi-245-hp-versione-con-opf-2019-2023\/\" \/>\n<meta property=\"og:site_name\" content=\"Aros Marmitte\" \/>\n<meta property=\"article:publisher\" content=\"https:\/\/www.facebook.com\/arosmarmitte\" \/>\n<meta property=\"article:modified_time\" content=\"2026-01-26T09:46:49+00:00\" \/>\n<meta property=\"og:image\" content=\"https:\/\/www.arosmarmitte.it\/wp-content\/uploads\/AROS_MARMITTE_LOGO_2016-EXHAUST-SYSTEMS-ECHAPPEMENT-SCARICO-ARTIGIANALE-MARMITTA-1-1.jpg\" \/>\n\t<meta property=\"og:image:width\" content=\"1000\" \/>\n\t<meta property=\"og:image:height\" content=\"875\" \/>\n\t<meta property=\"og:image:type\" content=\"image\/jpeg\" \/>\n<meta name=\"twitter:card\" content=\"summary_large_image\" \/>\n<meta name=\"twitter:site\" content=\"@AROS_MARMITTE\" \/>\n<meta name=\"twitter:label1\" content=\"Est. reading time\" \/>\n\t<meta name=\"twitter:data1\" content=\"3 minutes\" \/>\n<script type=\"application\/ld+json\" class=\"yoast-schema-graph\">{\"@context\":\"https:\/\/schema.org\",\"@graph\":[{\"@type\":\"WebPage\",\"@id\":\"https:\/\/www.arosmarmitte.it\/prodotto\/impianti-di-scarico\/downpipe-elimina-opf-senza-catalizzatore-o76-motore-dnp-audi-tt-quattro-mk3-coupe-roadster-2-0-45-tfsi-245-hp-versione-con-opf-2019-2023\/\",\"url\":\"https:\/\/www.arosmarmitte.it\/prodotto\/impianti-di-scarico\/downpipe-elimina-opf-senza-catalizzatore-o76-motore-dnp-audi-tt-quattro-mk3-coupe-roadster-2-0-45-tfsi-245-hp-versione-con-opf-2019-2023\/\",\"name\":\"TT QUATTRO MK3 - Downpipe senza catalizzatore \u00d876 | Aros Marmitte\",\"isPartOf\":{\"@id\":\"https:\/\/www.arosmarmitte.it\/en\/#website\"},\"primaryImageOfPage\":{\"@id\":\"https:\/\/www.arosmarmitte.it\/prodotto\/impianti-di-scarico\/downpipe-elimina-opf-senza-catalizzatore-o76-motore-dnp-audi-tt-quattro-mk3-coupe-roadster-2-0-45-tfsi-245-hp-versione-con-opf-2019-2023\/#primaryimage\"},\"image\":{\"@id\":\"https:\/\/www.arosmarmitte.it\/prodotto\/impianti-di-scarico\/downpipe-elimina-opf-senza-catalizzatore-o76-motore-dnp-audi-tt-quattro-mk3-coupe-roadster-2-0-45-tfsi-245-hp-versione-con-opf-2019-2023\/#primaryimage\"},\"thumbnailUrl\":\"https:\/\/www.arosmarmitte.it\/wp-content\/uploads\/AROS_MARMITTE_LOGO_2016-EXHAUST-SYSTEMS-ECHAPPEMENT-SCARICO-ARTIGIANALE-MARMITTA-1-1.jpg\",\"datePublished\":\"2026-01-26T09:35:41+00:00\",\"dateModified\":\"2026-01-26T09:46:49+00:00\",\"description\":\"Aumenta il sound della tua Audi TT QUATTRO MK3 (versione con OPF) con il nostro downpipe senza catalizzatore \u00d876 (motore DNP)! Contattaci subito!\",\"breadcrumb\":{\"@id\":\"https:\/\/www.arosmarmitte.it\/prodotto\/impianti-di-scarico\/downpipe-elimina-opf-senza-catalizzatore-o76-motore-dnp-audi-tt-quattro-mk3-coupe-roadster-2-0-45-tfsi-245-hp-versione-con-opf-2019-2023\/#breadcrumb\"},\"inLanguage\":\"en-US\",\"potentialAction\":[{\"@type\":\"ReadAction\",\"target\":[\"https:\/\/www.arosmarmitte.it\/prodotto\/impianti-di-scarico\/downpipe-elimina-opf-senza-catalizzatore-o76-motore-dnp-audi-tt-quattro-mk3-coupe-roadster-2-0-45-tfsi-245-hp-versione-con-opf-2019-2023\/\"]}]},{\"@type\":\"ImageObject\",\"inLanguage\":\"en-US\",\"@id\":\"https:\/\/www.arosmarmitte.it\/prodotto\/impianti-di-scarico\/downpipe-elimina-opf-senza-catalizzatore-o76-motore-dnp-audi-tt-quattro-mk3-coupe-roadster-2-0-45-tfsi-245-hp-versione-con-opf-2019-2023\/#primaryimage\",\"url\":\"https:\/\/www.arosmarmitte.it\/wp-content\/uploads\/AROS_MARMITTE_LOGO_2016-EXHAUST-SYSTEMS-ECHAPPEMENT-SCARICO-ARTIGIANALE-MARMITTA-1-1.jpg\",\"contentUrl\":\"https:\/\/www.arosmarmitte.it\/wp-content\/uploads\/AROS_MARMITTE_LOGO_2016-EXHAUST-SYSTEMS-ECHAPPEMENT-SCARICO-ARTIGIANALE-MARMITTA-1-1.jpg\",\"width\":1000,\"height\":875,\"caption\":\"Sezione diretta elimina catalizzatori secondari per alfa romeo 147 3.2 gta\"},{\"@type\":\"BreadcrumbList\",\"@id\":\"https:\/\/www.arosmarmitte.it\/prodotto\/impianti-di-scarico\/downpipe-elimina-opf-senza-catalizzatore-o76-motore-dnp-audi-tt-quattro-mk3-coupe-roadster-2-0-45-tfsi-245-hp-versione-con-opf-2019-2023\/#breadcrumb\",\"itemListElement\":[{\"@type\":\"ListItem\",\"position\":1,\"name\":\"Home\",\"item\":\"https:\/\/www.arosmarmitte.it\/en\/\"},{\"@type\":\"ListItem\",\"position\":2,\"name\":\"Shop\",\"item\":\"https:\/\/www.arosmarmitte.it\/shop\/\"},{\"@type\":\"ListItem\",\"position\":3,\"name\":\"TT QUATTRO MK3 Coup\u00e9\/Roadster 2.0 45 TFSI 245 Hp (versione con OPF) &#8211; Downpipe senza catalizzatore \u00d876 (motore DNP)\"}]},{\"@type\":\"WebSite\",\"@id\":\"https:\/\/www.arosmarmitte.it\/en\/#website\",\"url\":\"https:\/\/www.arosmarmitte.it\/en\/\",\"name\":\"Aros Marmitte\",\"description\":\"\",\"publisher\":{\"@id\":\"https:\/\/www.arosmarmitte.it\/en\/#organization\"},\"potentialAction\":[{\"@type\":\"SearchAction\",\"target\":{\"@type\":\"EntryPoint\",\"urlTemplate\":\"https:\/\/www.arosmarmitte.it\/en\/?s={search_term_string}\"},\"query-input\":{\"@type\":\"PropertyValueSpecification\",\"valueRequired\":true,\"valueName\":\"search_term_string\"}}],\"inLanguage\":\"en-US\"},{\"@type\":\"Organization\",\"@id\":\"https:\/\/www.arosmarmitte.it\/en\/#organization\",\"name\":\"AROS Marmitte\",\"alternateName\":\"AROS SRL\",\"url\":\"https:\/\/www.arosmarmitte.it\/en\/\",\"logo\":{\"@type\":\"ImageObject\",\"inLanguage\":\"en-US\",\"@id\":\"https:\/\/www.arosmarmitte.it\/en\/#\/schema\/logo\/image\/\",\"url\":\"https:\/\/www.arosmarmitte.it\/wp-content\/uploads\/AROS_MARMITTE_LOGO_2016-EXHAUST-SYSTEMS-ECHAPPEMENT-SCARICO-ARTIGIANALE-MARMITTA-1-1.jpg\",\"contentUrl\":\"https:\/\/www.arosmarmitte.it\/wp-content\/uploads\/AROS_MARMITTE_LOGO_2016-EXHAUST-SYSTEMS-ECHAPPEMENT-SCARICO-ARTIGIANALE-MARMITTA-1-1.jpg\",\"width\":1000,\"height\":875,\"caption\":\"AROS Marmitte\"},\"image\":{\"@id\":\"https:\/\/www.arosmarmitte.it\/en\/#\/schema\/logo\/image\/\"},\"sameAs\":[\"https:\/\/www.facebook.com\/arosmarmitte\",\"https:\/\/x.com\/AROS_MARMITTE\",\"https:\/\/www.instagram.com\/arosmarmitte\/\",\"https:\/\/www.tiktok.com\/@aros_marmitte\"],\"email\":\"info@arosmarmitte.it\",\"telephone\":\"3401417652\"}]}<\/script>\n<!-- \/ Yoast SEO Premium plugin. -->","yoast_head_json":{"title":"TT QUATTRO MK3 - Downpipe senza catalizzatore \u00d876 | Aros Marmitte","description":"Aumenta il sound della tua Audi TT QUATTRO MK3 (versione con OPF) con il nostro downpipe senza catalizzatore \u00d876 (motore DNP)! Contattaci subito!","robots":{"index":"index","follow":"follow","max-snippet":"max-snippet:-1","max-image-preview":"max-image-preview:large","max-video-preview":"max-video-preview:-1"},"canonical":"https:\/\/www.arosmarmitte.it\/prodotto\/impianti-di-scarico\/downpipe-elimina-opf-senza-catalizzatore-o76-motore-dnp-audi-tt-quattro-mk3-coupe-roadster-2-0-45-tfsi-245-hp-versione-con-opf-2019-2023\/","og_locale":"en_US","og_type":"article","og_title":"TT QUATTRO MK3 Coup\u00e9\/Roadster 2.0 45 TFSI 245 Hp (versione con OPF) - Downpipe senza catalizzatore \u00d876 (motore DNP)","og_description":"Aumenta il sound della tua Audi TT QUATTRO MK3 (versione con OPF) con il nostro downpipe senza catalizzatore \u00d876 (motore DNP)! Contattaci subito!","og_url":"https:\/\/www.arosmarmitte.it\/prodotto\/impianti-di-scarico\/downpipe-elimina-opf-senza-catalizzatore-o76-motore-dnp-audi-tt-quattro-mk3-coupe-roadster-2-0-45-tfsi-245-hp-versione-con-opf-2019-2023\/","og_site_name":"Aros Marmitte","article_publisher":"https:\/\/www.facebook.com\/arosmarmitte","article_modified_time":"2026-01-26T09:46:49+00:00","og_image":[{"width":1000,"height":875,"url":"https:\/\/www.arosmarmitte.it\/wp-content\/uploads\/AROS_MARMITTE_LOGO_2016-EXHAUST-SYSTEMS-ECHAPPEMENT-SCARICO-ARTIGIANALE-MARMITTA-1-1.jpg","type":"image\/jpeg"}],"twitter_card":"summary_large_image","twitter_site":"@AROS_MARMITTE","twitter_misc":{"Est. reading time":"3 minutes"},"schema":{"@context":"https:\/\/schema.org","@graph":[{"@type":"WebPage","@id":"https:\/\/www.arosmarmitte.it\/prodotto\/impianti-di-scarico\/downpipe-elimina-opf-senza-catalizzatore-o76-motore-dnp-audi-tt-quattro-mk3-coupe-roadster-2-0-45-tfsi-245-hp-versione-con-opf-2019-2023\/","url":"https:\/\/www.arosmarmitte.it\/prodotto\/impianti-di-scarico\/downpipe-elimina-opf-senza-catalizzatore-o76-motore-dnp-audi-tt-quattro-mk3-coupe-roadster-2-0-45-tfsi-245-hp-versione-con-opf-2019-2023\/","name":"TT QUATTRO MK3 - Downpipe senza catalizzatore \u00d876 | Aros Marmitte","isPartOf":{"@id":"https:\/\/www.arosmarmitte.it\/en\/#website"},"primaryImageOfPage":{"@id":"https:\/\/www.arosmarmitte.it\/prodotto\/impianti-di-scarico\/downpipe-elimina-opf-senza-catalizzatore-o76-motore-dnp-audi-tt-quattro-mk3-coupe-roadster-2-0-45-tfsi-245-hp-versione-con-opf-2019-2023\/#primaryimage"},"image":{"@id":"https:\/\/www.arosmarmitte.it\/prodotto\/impianti-di-scarico\/downpipe-elimina-opf-senza-catalizzatore-o76-motore-dnp-audi-tt-quattro-mk3-coupe-roadster-2-0-45-tfsi-245-hp-versione-con-opf-2019-2023\/#primaryimage"},"thumbnailUrl":"https:\/\/www.arosmarmitte.it\/wp-content\/uploads\/AROS_MARMITTE_LOGO_2016-EXHAUST-SYSTEMS-ECHAPPEMENT-SCARICO-ARTIGIANALE-MARMITTA-1-1.jpg","datePublished":"2026-01-26T09:35:41+00:00","dateModified":"2026-01-26T09:46:49+00:00","description":"Aumenta il sound della tua Audi TT QUATTRO MK3 (versione con OPF) con il nostro downpipe senza catalizzatore \u00d876 (motore DNP)! Contattaci subito!","breadcrumb":{"@id":"https:\/\/www.arosmarmitte.it\/prodotto\/impianti-di-scarico\/downpipe-elimina-opf-senza-catalizzatore-o76-motore-dnp-audi-tt-quattro-mk3-coupe-roadster-2-0-45-tfsi-245-hp-versione-con-opf-2019-2023\/#breadcrumb"},"inLanguage":"en-US","potentialAction":[{"@type":"ReadAction","target":["https:\/\/www.arosmarmitte.it\/prodotto\/impianti-di-scarico\/downpipe-elimina-opf-senza-catalizzatore-o76-motore-dnp-audi-tt-quattro-mk3-coupe-roadster-2-0-45-tfsi-245-hp-versione-con-opf-2019-2023\/"]}]},{"@type":"ImageObject","inLanguage":"en-US","@id":"https:\/\/www.arosmarmitte.it\/prodotto\/impianti-di-scarico\/downpipe-elimina-opf-senza-catalizzatore-o76-motore-dnp-audi-tt-quattro-mk3-coupe-roadster-2-0-45-tfsi-245-hp-versione-con-opf-2019-2023\/#primaryimage","url":"https:\/\/www.arosmarmitte.it\/wp-content\/uploads\/AROS_MARMITTE_LOGO_2016-EXHAUST-SYSTEMS-ECHAPPEMENT-SCARICO-ARTIGIANALE-MARMITTA-1-1.jpg","contentUrl":"https:\/\/www.arosmarmitte.it\/wp-content\/uploads\/AROS_MARMITTE_LOGO_2016-EXHAUST-SYSTEMS-ECHAPPEMENT-SCARICO-ARTIGIANALE-MARMITTA-1-1.jpg","width":1000,"height":875,"caption":"Sezione diretta elimina catalizzatori secondari per alfa romeo 147 3.2 gta"},{"@type":"BreadcrumbList","@id":"https:\/\/www.arosmarmitte.it\/prodotto\/impianti-di-scarico\/downpipe-elimina-opf-senza-catalizzatore-o76-motore-dnp-audi-tt-quattro-mk3-coupe-roadster-2-0-45-tfsi-245-hp-versione-con-opf-2019-2023\/#breadcrumb","itemListElement":[{"@type":"ListItem","position":1,"name":"Home","item":"https:\/\/www.arosmarmitte.it\/en\/"},{"@type":"ListItem","position":2,"name":"Shop","item":"https:\/\/www.arosmarmitte.it\/shop\/"},{"@type":"ListItem","position":3,"name":"TT QUATTRO MK3 Coup\u00e9\/Roadster 2.0 45 TFSI 245 Hp (versione con OPF) &#8211; Downpipe senza catalizzatore \u00d876 (motore DNP)"}]},{"@type":"WebSite","@id":"https:\/\/www.arosmarmitte.it\/en\/#website","url":"https:\/\/www.arosmarmitte.it\/en\/","name":"Aros Marmitte","description":"","publisher":{"@id":"https:\/\/www.arosmarmitte.it\/en\/#organization"},"potentialAction":[{"@type":"SearchAction","target":{"@type":"EntryPoint","urlTemplate":"https:\/\/www.arosmarmitte.it\/en\/?s={search_term_string}"},"query-input":{"@type":"PropertyValueSpecification","valueRequired":true,"valueName":"search_term_string"}}],"inLanguage":"en-US"},{"@type":"Organization","@id":"https:\/\/www.arosmarmitte.it\/en\/#organization","name":"AROS Marmitte","alternateName":"AROS SRL","url":"https:\/\/www.arosmarmitte.it\/en\/","logo":{"@type":"ImageObject","inLanguage":"en-US","@id":"https:\/\/www.arosmarmitte.it\/en\/#\/schema\/logo\/image\/","url":"https:\/\/www.arosmarmitte.it\/wp-content\/uploads\/AROS_MARMITTE_LOGO_2016-EXHAUST-SYSTEMS-ECHAPPEMENT-SCARICO-ARTIGIANALE-MARMITTA-1-1.jpg","contentUrl":"https:\/\/www.arosmarmitte.it\/wp-content\/uploads\/AROS_MARMITTE_LOGO_2016-EXHAUST-SYSTEMS-ECHAPPEMENT-SCARICO-ARTIGIANALE-MARMITTA-1-1.jpg","width":1000,"height":875,"caption":"AROS Marmitte"},"image":{"@id":"https:\/\/www.arosmarmitte.it\/en\/#\/schema\/logo\/image\/"},"sameAs":["https:\/\/www.facebook.com\/arosmarmitte","https:\/\/x.com\/AROS_MARMITTE","https:\/\/www.instagram.com\/arosmarmitte\/","https:\/\/www.tiktok.com\/@aros_marmitte"],"email":"info@arosmarmitte.it","telephone":"3401417652"}]}},"_links":{"self":[{"href":"https:\/\/www.arosmarmitte.it\/en\/wp-json\/wp\/v2\/product\/199430","targetHints":{"allow":["GET"]}}],"collection":[{"href":"https:\/\/www.arosmarmitte.it\/en\/wp-json\/wp\/v2\/product"}],"about":[{"href":"https:\/\/www.arosmarmitte.it\/en\/wp-json\/wp\/v2\/types\/product"}],"replies":[{"embeddable":true,"href":"https:\/\/www.arosmarmitte.it\/en\/wp-json\/wp\/v2\/comments?post=199430"}],"wp:featuredmedia":[{"embeddable":true,"href":"https:\/\/www.arosmarmitte.it\/en\/wp-json\/wp\/v2\/media\/109263"}],"wp:attachment":[{"href":"https:\/\/www.arosmarmitte.it\/en\/wp-json\/wp\/v2\/media?parent=199430"}],"wp:term":[{"taxonomy":"marca","embeddable":true,"href":"https:\/\/www.arosmarmitte.it\/en\/wp-json\/wp\/v2\/marca?post=199430"},{"taxonomy":"product_brand","embeddable":true,"href":"https:\/\/www.arosmarmitte.it\/en\/wp-json\/wp\/v2\/product_brand?post=199430"},{"taxonomy":"product_cat","embeddable":true,"href":"https:\/\/www.arosmarmitte.it\/en\/wp-json\/wp\/v2\/product_cat?post=199430"},{"taxonomy":"product_tag","embeddable":true,"href":"https:\/\/www.arosmarmitte.it\/en\/wp-json\/wp\/v2\/product_tag?post=199430"}],"curies":[{"name":"wp","href":"https:\/\/api.w.org\/{rel}","templated":true}]}}