{"id":183469,"date":"2025-06-27T10:58:53","date_gmt":"2025-06-27T08:58:53","guid":{"rendered":"https:\/\/www.arosmarmitte.it\/prodotto\/senza-categoria\/jimny-1-3-m13a-82-85-hp-collettore-di-scarico-4-2-1-senza-catalizzatore\/"},"modified":"2025-07-01T09:53:29","modified_gmt":"2025-07-01T07:53:29","slug":"collettore-senza-catalizzatore-suzuki-jimny-m13a","status":"publish","type":"product","link":"https:\/\/www.arosmarmitte.it\/en\/prodotto\/exhaust-systems\/collettore-senza-catalizzatore-suzuki-jimny-m13a\/","title":{"rendered":"Jimny 1.3 M13A (82\/85 Hp) &#8211; Collettore di scarico 4-2-1 senza catalizzatore"},"content":{"rendered":"<h1>Collettore per Suzuki Jimny M13A senza catalizzatore<\/h1>\n<h2>Impianto di\u00a0 scarico collettore 4-2-1 in acciaio inox per Suzuki Jimny 1.3 M13A (82\/85 Hp) | (1998&lt;2018)<\/h2>\n<p>&nbsp;<\/p>\n<p>Leggero e resistente alle sollecitazioni, il nostro collettore per Suzuki Jimny \u00e8 estremamente performante da un punto di vista prestazionale.<\/p>\n<p>&nbsp;<\/p>\n<p><strong>Cos&#8217;\u00e8 il collettore?<\/strong>\u00a0 Il collettore \u00e8 una parte fondamentale del sistema di scarico dell&#8217;auto in quanto \u00e8 il primo elemento che permette ai gas di evacuare dalla camera di scoppio, quindi l&#8217;installazione in vettura di un collettore dimensionato ad hoc e con spirito sportivo, consente di incrementare abbastanza agevolmente le prestazioni del motore.<\/p>\n<p>La conformazione del collettore \u00e8 di tipo 4-2-1 e sostituisce la sezione originale e quella successiva. Per\u00a0 raggiungere l&#8217;obiettivo prestazionale desiderato si \u00e8 reso necessario un allungamento notevole dello svilupo delle tubazioni.<\/p>\n<p>&nbsp;<\/p>\n<p>&nbsp;<\/p>\n<h3>Dettagli tecnici<\/h3>\n<ul>\n<li><strong>Materiale:<\/strong> realizzato interamente in acciao inox inossidabile di tipo AISI 304<\/li>\n<li><strong>Saldature:<\/strong> le nostre marmitte sono realizzate esclusivamente con saldatura a TIG<\/li>\n<li><strong>Spessore tubi: <\/strong>utilizziamo tubi di spessore riddotto di 1.2 mm per risaltare ulteriormente l&#8217;elevato livello di qualit\u00e0<\/li>\n<li><strong>Montaggio:<\/strong> plug&amp;play<\/li>\n<\/ul>\n<p>&nbsp;<\/p>\n<h4>Perch\u00e9 utilizziamo l&#8217;acciaio inox AISI304 per le nostre marmitte?<\/h4>\n<p>L&#8217;acciao \u00e8 un materiale noto per la sua durezza, resistrenza meccanica e termica, versatilit\u00e0 ed affidabilit\u00e0. I nostri impianti di scarico standard sono realizzati in acciaio inossidabile perch\u00e9 \u00e8 in grado di resistere alle condizioni estreme da gara, quando il motore deve girare al massimo, oppure per l&#8217;off-road del tuo Suzuki Jimny.<\/p>\n<p>&nbsp;<\/p>\n<p><strong>Perch\u00e8 le saldature a TIG?<\/strong><\/p>\n<p>La saldatura a TIG \u00e8 una tecnica fine e complicata eppure molto resistente. Questa, unita alla scelta di utilizzare tubi di limitato spessore (1,2 mm) consente di ridurre al massimo il peso della marmitta garantendo cos\u00ec un prodotto performante da un punto di vista prestazionale con un tocco di classe estetico che porta ulteriore valore al tuo scarico.<\/p>\n<p>&nbsp;<\/p>\n<p><strong>Cosa significa montaggio Plug&amp;Play?<\/strong><\/p>\n<p>Significa che per installare lo scarico non avrai bisogno di effettuare lavori complessi o modifiche all&#8217;impianto di scarico originale del tuo Suzuki Jimny perch\u00e8 il nostro collettore \u00e8 disegnato e studiato per utilizzare gli attacchi originali presenti sul veicolo e adattarsi perfettamente sia al motore che alla sezione centrale della marmitta.\u00a0Le flange (ovvero la parte che si congiunge al motore o a un&#8217;altra sezione di scarico) sono tagliate a laser per assicurare l&#8217;adesione perfetta.<\/p>\n<p>&nbsp;<\/p>\n<p><em>Infine ci teniamo a sottolineare che progettazione, sviluppo, realizzazione e produzione sono operazioni svolte esclusivamente all&#8217;interno della nostra sede e che il prodotto gode di tutte le caratteristiche e cure della migliore tradizione artigianale italiana.<\/em><\/p>\n<p>&nbsp;<\/p>\n<p><em>Non trovi quello che cerchi?\u00a0 <\/em>Visita la sezione\u00a0<a href=\"https:\/\/www.arosmarmitte.it\/contatti\/\" target=\"_blank\" rel=\"noopener\">contatti<\/a> e chiamaci o scrivici via whatsapp.<\/p>\n<p>&nbsp;<\/p>\n<h5>Effettuiamo spedizioni in tutta Italia in tempi brevi. Ogni articolo Aros Marmitte ha una garanzia di recesso di 14 giorni. <a href=\"https:\/\/www.arosmarmitte.it\/contatti\/\" target=\"_blank\" rel=\"noopener\">Consulta le norme di spedizione<\/a>.<br \/>\n___________________________________________________________________________________________________________________________________<\/h5>\n<h6>Visita anche la nostra\u00a0<a href=\"https:\/\/www.facebook.com\/arosmarmitte?locale=it_IT\" target=\"_blank\" rel=\"noopener\">pagina Facebook<\/a>\u00a0o il nostro\u00a0<a href=\"https:\/\/www.instagram.com\/arosmarmitte\/?next=https%3A%2F%2Fwww.instagram.com%2Farosmarmitte%2F\" target=\"_blank\" rel=\"noopener\">account Instagram<\/a>\u00a0per restare sempre aggiornato sui nostri prodotti!<\/h6>\n","protected":false},"excerpt":{"rendered":"<p>Collettore per Suzuki Jimny M13A senza catalizzatore Impianto di\u00a0 scarico collettore 4-2-1 in acciaio inox per Suzuki Jimny 1.3 M13A (82\/85 Hp) | (1998&lt;2018) &nbsp; Leggero e resistente alle sollecitazioni, il nostro collettore per Suzuki Jimny \u00e8 estremamente performante da un punto di vista prestazionale. &nbsp; Cos&#8217;\u00e8 il collettore?\u00a0 Il collettore \u00e8 una parte fondamentale [&hellip;]<\/p>\n","protected":false},"featured_media":183470,"comment_status":"closed","ping_status":"closed","template":"","meta":{"_acf_changed":false},"marca":[],"product_brand":[],"product_cat":[15],"product_tag":[],"class_list":{"0":"post-183469","1":"product","2":"type-product","3":"status-publish","4":"has-post-thumbnail","6":"product_cat-impianti-di-scarico","8":"first","9":"instock","10":"taxable","11":"shipping-taxable","12":"purchasable","13":"product-type-simple"},"acf":[],"yoast_head":"<!-- This site is optimized with the Yoast SEO Premium plugin v24.8 (Yoast SEO v27.2) - https:\/\/yoast.com\/product\/yoast-seo-premium-wordpress\/ -->\n<title>Collettore Suzuki Jimny M13A senza catalizzatore | Aros Mamitte<\/title>\n<meta name=\"description\" content=\"Stravolgi il tuo off-road con il collettore Suzuki Jimny M13A di Aros! Realizzato in acciaio inox in spessore 1.2 mm! Approfittane subito!\" \/>\n<meta name=\"robots\" content=\"index, follow, max-snippet:-1, max-image-preview:large, max-video-preview:-1\" \/>\n<link rel=\"canonical\" href=\"https:\/\/www.arosmarmitte.it\/prodotto\/impianti-di-scarico\/collettore-senza-catalizzatore-suzuki-jimny-m13a\/\" \/>\n<meta property=\"og:locale\" content=\"en_US\" \/>\n<meta property=\"og:type\" content=\"article\" \/>\n<meta property=\"og:title\" content=\"collettore Suzuki Jimny M13A senza catalizzatore\" \/>\n<meta property=\"og:description\" content=\"Stravolgi il tuo off-road con il collettore Suzuki Jimny M13A di Aros! Realizzato in acciaio inox in spessore 1.2 mm! Approfittane subito!\" \/>\n<meta property=\"og:url\" content=\"https:\/\/www.arosmarmitte.it\/prodotto\/impianti-di-scarico\/collettore-senza-catalizzatore-suzuki-jimny-m13a\/\" \/>\n<meta property=\"og:site_name\" content=\"Aros Marmitte\" \/>\n<meta property=\"article:publisher\" content=\"https:\/\/www.facebook.com\/arosmarmitte\" \/>\n<meta property=\"article:modified_time\" content=\"2025-07-01T07:53:29+00:00\" \/>\n<meta property=\"og:image\" content=\"https:\/\/www.arosmarmitte.it\/wp-content\/uploads\/Suzuki-Jimny-M13A-1.3-82-85-cv-collettore-4-2-1-Exhaust-system-sound-echappement-scarico-artigianale-elimina-catalizzatore-1-1.jpg\" \/>\n\t<meta property=\"og:image:width\" content=\"1200\" \/>\n\t<meta property=\"og:image:height\" content=\"1063\" \/>\n\t<meta property=\"og:image:type\" content=\"image\/jpeg\" \/>\n<meta name=\"twitter:card\" content=\"summary_large_image\" \/>\n<meta name=\"twitter:title\" content=\"Jimny 1.3 M13A (82\/85 Hp) - Collettore di scarico 4-2-1 senza catalizzatore\" \/>\n<meta name=\"twitter:site\" content=\"@AROS_MARMITTE\" \/>\n<meta name=\"twitter:label1\" content=\"Est. reading time\" \/>\n\t<meta name=\"twitter:data1\" content=\"3 minutes\" \/>\n<script type=\"application\/ld+json\" class=\"yoast-schema-graph\">{\"@context\":\"https:\/\/schema.org\",\"@graph\":[{\"@type\":\"WebPage\",\"@id\":\"https:\/\/www.arosmarmitte.it\/prodotto\/impianti-di-scarico\/collettore-senza-catalizzatore-suzuki-jimny-m13a\/\",\"url\":\"https:\/\/www.arosmarmitte.it\/prodotto\/impianti-di-scarico\/collettore-senza-catalizzatore-suzuki-jimny-m13a\/\",\"name\":\"Collettore Suzuki Jimny M13A senza catalizzatore | Aros Mamitte\",\"isPartOf\":{\"@id\":\"https:\/\/www.arosmarmitte.it\/en\/#website\"},\"primaryImageOfPage\":{\"@id\":\"https:\/\/www.arosmarmitte.it\/prodotto\/impianti-di-scarico\/collettore-senza-catalizzatore-suzuki-jimny-m13a\/#primaryimage\"},\"image\":{\"@id\":\"https:\/\/www.arosmarmitte.it\/prodotto\/impianti-di-scarico\/collettore-senza-catalizzatore-suzuki-jimny-m13a\/#primaryimage\"},\"thumbnailUrl\":\"https:\/\/www.arosmarmitte.it\/wp-content\/uploads\/Suzuki-Jimny-M13A-1.3-82-85-cv-collettore-4-2-1-Exhaust-system-sound-echappement-scarico-artigianale-elimina-catalizzatore-1-1.jpg\",\"datePublished\":\"2025-06-27T08:58:53+00:00\",\"dateModified\":\"2025-07-01T07:53:29+00:00\",\"description\":\"Stravolgi il tuo off-road con il collettore Suzuki Jimny M13A di Aros! Realizzato in acciaio inox in spessore 1.2 mm! Approfittane subito!\",\"breadcrumb\":{\"@id\":\"https:\/\/www.arosmarmitte.it\/prodotto\/impianti-di-scarico\/collettore-senza-catalizzatore-suzuki-jimny-m13a\/#breadcrumb\"},\"inLanguage\":\"en-US\",\"potentialAction\":[{\"@type\":\"ReadAction\",\"target\":[\"https:\/\/www.arosmarmitte.it\/prodotto\/impianti-di-scarico\/collettore-senza-catalizzatore-suzuki-jimny-m13a\/\"]}]},{\"@type\":\"ImageObject\",\"inLanguage\":\"en-US\",\"@id\":\"https:\/\/www.arosmarmitte.it\/prodotto\/impianti-di-scarico\/collettore-senza-catalizzatore-suzuki-jimny-m13a\/#primaryimage\",\"url\":\"https:\/\/www.arosmarmitte.it\/wp-content\/uploads\/Suzuki-Jimny-M13A-1.3-82-85-cv-collettore-4-2-1-Exhaust-system-sound-echappement-scarico-artigianale-elimina-catalizzatore-1-1.jpg\",\"contentUrl\":\"https:\/\/www.arosmarmitte.it\/wp-content\/uploads\/Suzuki-Jimny-M13A-1.3-82-85-cv-collettore-4-2-1-Exhaust-system-sound-echappement-scarico-artigianale-elimina-catalizzatore-1-1.jpg\",\"width\":1200,\"height\":1063,\"caption\":\"Collettore scarico\"},{\"@type\":\"BreadcrumbList\",\"@id\":\"https:\/\/www.arosmarmitte.it\/prodotto\/impianti-di-scarico\/collettore-senza-catalizzatore-suzuki-jimny-m13a\/#breadcrumb\",\"itemListElement\":[{\"@type\":\"ListItem\",\"position\":1,\"name\":\"Home\",\"item\":\"https:\/\/www.arosmarmitte.it\/en\/\"},{\"@type\":\"ListItem\",\"position\":2,\"name\":\"Shop\",\"item\":\"https:\/\/www.arosmarmitte.it\/shop\/\"},{\"@type\":\"ListItem\",\"position\":3,\"name\":\"marmitta per suzuki jimnyM13A scarico collettore\"}]},{\"@type\":\"WebSite\",\"@id\":\"https:\/\/www.arosmarmitte.it\/en\/#website\",\"url\":\"https:\/\/www.arosmarmitte.it\/en\/\",\"name\":\"Aros Marmitte\",\"description\":\"\",\"publisher\":{\"@id\":\"https:\/\/www.arosmarmitte.it\/en\/#organization\"},\"potentialAction\":[{\"@type\":\"SearchAction\",\"target\":{\"@type\":\"EntryPoint\",\"urlTemplate\":\"https:\/\/www.arosmarmitte.it\/en\/?s={search_term_string}\"},\"query-input\":{\"@type\":\"PropertyValueSpecification\",\"valueRequired\":true,\"valueName\":\"search_term_string\"}}],\"inLanguage\":\"en-US\"},{\"@type\":\"Organization\",\"@id\":\"https:\/\/www.arosmarmitte.it\/en\/#organization\",\"name\":\"AROS Marmitte\",\"alternateName\":\"AROS SRL\",\"url\":\"https:\/\/www.arosmarmitte.it\/en\/\",\"logo\":{\"@type\":\"ImageObject\",\"inLanguage\":\"en-US\",\"@id\":\"https:\/\/www.arosmarmitte.it\/en\/#\/schema\/logo\/image\/\",\"url\":\"https:\/\/www.arosmarmitte.it\/wp-content\/uploads\/AROS_MARMITTE_LOGO_2016-EXHAUST-SYSTEMS-ECHAPPEMENT-SCARICO-ARTIGIANALE-MARMITTA-1-1.jpg\",\"contentUrl\":\"https:\/\/www.arosmarmitte.it\/wp-content\/uploads\/AROS_MARMITTE_LOGO_2016-EXHAUST-SYSTEMS-ECHAPPEMENT-SCARICO-ARTIGIANALE-MARMITTA-1-1.jpg\",\"width\":1000,\"height\":875,\"caption\":\"AROS Marmitte\"},\"image\":{\"@id\":\"https:\/\/www.arosmarmitte.it\/en\/#\/schema\/logo\/image\/\"},\"sameAs\":[\"https:\/\/www.facebook.com\/arosmarmitte\",\"https:\/\/x.com\/AROS_MARMITTE\",\"https:\/\/www.instagram.com\/arosmarmitte\/\",\"https:\/\/www.tiktok.com\/@aros_marmitte\"],\"email\":\"info@arosmarmitte.it\",\"telephone\":\"3401417652\"}]}<\/script>\n<!-- \/ Yoast SEO Premium plugin. -->","yoast_head_json":{"title":"Collettore Suzuki Jimny M13A senza catalizzatore | Aros Mamitte","description":"Stravolgi il tuo off-road con il collettore Suzuki Jimny M13A di Aros! Realizzato in acciaio inox in spessore 1.2 mm! Approfittane subito!","robots":{"index":"index","follow":"follow","max-snippet":"max-snippet:-1","max-image-preview":"max-image-preview:large","max-video-preview":"max-video-preview:-1"},"canonical":"https:\/\/www.arosmarmitte.it\/prodotto\/impianti-di-scarico\/collettore-senza-catalizzatore-suzuki-jimny-m13a\/","og_locale":"en_US","og_type":"article","og_title":"collettore Suzuki Jimny M13A senza catalizzatore","og_description":"Stravolgi il tuo off-road con il collettore Suzuki Jimny M13A di Aros! Realizzato in acciaio inox in spessore 1.2 mm! Approfittane subito!","og_url":"https:\/\/www.arosmarmitte.it\/prodotto\/impianti-di-scarico\/collettore-senza-catalizzatore-suzuki-jimny-m13a\/","og_site_name":"Aros Marmitte","article_publisher":"https:\/\/www.facebook.com\/arosmarmitte","article_modified_time":"2025-07-01T07:53:29+00:00","og_image":[{"width":1200,"height":1063,"url":"https:\/\/www.arosmarmitte.it\/wp-content\/uploads\/Suzuki-Jimny-M13A-1.3-82-85-cv-collettore-4-2-1-Exhaust-system-sound-echappement-scarico-artigianale-elimina-catalizzatore-1-1.jpg","type":"image\/jpeg"}],"twitter_card":"summary_large_image","twitter_title":"Jimny 1.3 M13A (82\/85 Hp) - Collettore di scarico 4-2-1 senza catalizzatore","twitter_site":"@AROS_MARMITTE","twitter_misc":{"Est. reading time":"3 minutes"},"schema":{"@context":"https:\/\/schema.org","@graph":[{"@type":"WebPage","@id":"https:\/\/www.arosmarmitte.it\/prodotto\/impianti-di-scarico\/collettore-senza-catalizzatore-suzuki-jimny-m13a\/","url":"https:\/\/www.arosmarmitte.it\/prodotto\/impianti-di-scarico\/collettore-senza-catalizzatore-suzuki-jimny-m13a\/","name":"Collettore Suzuki Jimny M13A senza catalizzatore | Aros Mamitte","isPartOf":{"@id":"https:\/\/www.arosmarmitte.it\/en\/#website"},"primaryImageOfPage":{"@id":"https:\/\/www.arosmarmitte.it\/prodotto\/impianti-di-scarico\/collettore-senza-catalizzatore-suzuki-jimny-m13a\/#primaryimage"},"image":{"@id":"https:\/\/www.arosmarmitte.it\/prodotto\/impianti-di-scarico\/collettore-senza-catalizzatore-suzuki-jimny-m13a\/#primaryimage"},"thumbnailUrl":"https:\/\/www.arosmarmitte.it\/wp-content\/uploads\/Suzuki-Jimny-M13A-1.3-82-85-cv-collettore-4-2-1-Exhaust-system-sound-echappement-scarico-artigianale-elimina-catalizzatore-1-1.jpg","datePublished":"2025-06-27T08:58:53+00:00","dateModified":"2025-07-01T07:53:29+00:00","description":"Stravolgi il tuo off-road con il collettore Suzuki Jimny M13A di Aros! Realizzato in acciaio inox in spessore 1.2 mm! Approfittane subito!","breadcrumb":{"@id":"https:\/\/www.arosmarmitte.it\/prodotto\/impianti-di-scarico\/collettore-senza-catalizzatore-suzuki-jimny-m13a\/#breadcrumb"},"inLanguage":"en-US","potentialAction":[{"@type":"ReadAction","target":["https:\/\/www.arosmarmitte.it\/prodotto\/impianti-di-scarico\/collettore-senza-catalizzatore-suzuki-jimny-m13a\/"]}]},{"@type":"ImageObject","inLanguage":"en-US","@id":"https:\/\/www.arosmarmitte.it\/prodotto\/impianti-di-scarico\/collettore-senza-catalizzatore-suzuki-jimny-m13a\/#primaryimage","url":"https:\/\/www.arosmarmitte.it\/wp-content\/uploads\/Suzuki-Jimny-M13A-1.3-82-85-cv-collettore-4-2-1-Exhaust-system-sound-echappement-scarico-artigianale-elimina-catalizzatore-1-1.jpg","contentUrl":"https:\/\/www.arosmarmitte.it\/wp-content\/uploads\/Suzuki-Jimny-M13A-1.3-82-85-cv-collettore-4-2-1-Exhaust-system-sound-echappement-scarico-artigianale-elimina-catalizzatore-1-1.jpg","width":1200,"height":1063,"caption":"Collettore scarico"},{"@type":"BreadcrumbList","@id":"https:\/\/www.arosmarmitte.it\/prodotto\/impianti-di-scarico\/collettore-senza-catalizzatore-suzuki-jimny-m13a\/#breadcrumb","itemListElement":[{"@type":"ListItem","position":1,"name":"Home","item":"https:\/\/www.arosmarmitte.it\/en\/"},{"@type":"ListItem","position":2,"name":"Shop","item":"https:\/\/www.arosmarmitte.it\/shop\/"},{"@type":"ListItem","position":3,"name":"marmitta per suzuki jimnyM13A scarico collettore"}]},{"@type":"WebSite","@id":"https:\/\/www.arosmarmitte.it\/en\/#website","url":"https:\/\/www.arosmarmitte.it\/en\/","name":"Aros Marmitte","description":"","publisher":{"@id":"https:\/\/www.arosmarmitte.it\/en\/#organization"},"potentialAction":[{"@type":"SearchAction","target":{"@type":"EntryPoint","urlTemplate":"https:\/\/www.arosmarmitte.it\/en\/?s={search_term_string}"},"query-input":{"@type":"PropertyValueSpecification","valueRequired":true,"valueName":"search_term_string"}}],"inLanguage":"en-US"},{"@type":"Organization","@id":"https:\/\/www.arosmarmitte.it\/en\/#organization","name":"AROS Marmitte","alternateName":"AROS SRL","url":"https:\/\/www.arosmarmitte.it\/en\/","logo":{"@type":"ImageObject","inLanguage":"en-US","@id":"https:\/\/www.arosmarmitte.it\/en\/#\/schema\/logo\/image\/","url":"https:\/\/www.arosmarmitte.it\/wp-content\/uploads\/AROS_MARMITTE_LOGO_2016-EXHAUST-SYSTEMS-ECHAPPEMENT-SCARICO-ARTIGIANALE-MARMITTA-1-1.jpg","contentUrl":"https:\/\/www.arosmarmitte.it\/wp-content\/uploads\/AROS_MARMITTE_LOGO_2016-EXHAUST-SYSTEMS-ECHAPPEMENT-SCARICO-ARTIGIANALE-MARMITTA-1-1.jpg","width":1000,"height":875,"caption":"AROS Marmitte"},"image":{"@id":"https:\/\/www.arosmarmitte.it\/en\/#\/schema\/logo\/image\/"},"sameAs":["https:\/\/www.facebook.com\/arosmarmitte","https:\/\/x.com\/AROS_MARMITTE","https:\/\/www.instagram.com\/arosmarmitte\/","https:\/\/www.tiktok.com\/@aros_marmitte"],"email":"info@arosmarmitte.it","telephone":"3401417652"}]}},"_links":{"self":[{"href":"https:\/\/www.arosmarmitte.it\/en\/wp-json\/wp\/v2\/product\/183469","targetHints":{"allow":["GET"]}}],"collection":[{"href":"https:\/\/www.arosmarmitte.it\/en\/wp-json\/wp\/v2\/product"}],"about":[{"href":"https:\/\/www.arosmarmitte.it\/en\/wp-json\/wp\/v2\/types\/product"}],"replies":[{"embeddable":true,"href":"https:\/\/www.arosmarmitte.it\/en\/wp-json\/wp\/v2\/comments?post=183469"}],"wp:featuredmedia":[{"embeddable":true,"href":"https:\/\/www.arosmarmitte.it\/en\/wp-json\/wp\/v2\/media\/183470"}],"wp:attachment":[{"href":"https:\/\/www.arosmarmitte.it\/en\/wp-json\/wp\/v2\/media?parent=183469"}],"wp:term":[{"taxonomy":"marca","embeddable":true,"href":"https:\/\/www.arosmarmitte.it\/en\/wp-json\/wp\/v2\/marca?post=183469"},{"taxonomy":"product_brand","embeddable":true,"href":"https:\/\/www.arosmarmitte.it\/en\/wp-json\/wp\/v2\/product_brand?post=183469"},{"taxonomy":"product_cat","embeddable":true,"href":"https:\/\/www.arosmarmitte.it\/en\/wp-json\/wp\/v2\/product_cat?post=183469"},{"taxonomy":"product_tag","embeddable":true,"href":"https:\/\/www.arosmarmitte.it\/en\/wp-json\/wp\/v2\/product_tag?post=183469"}],"curies":[{"name":"wp","href":"https:\/\/api.w.org\/{rel}","templated":true}]}}