{"id":183073,"date":"2023-11-21T16:37:35","date_gmt":"2023-11-21T15:37:35","guid":{"rendered":"https:\/\/www.arosmarmitte.it\/prodotto\/uncategorized\/tubo-inox-imbutito-aisi304\/"},"modified":"2026-01-19T10:13:22","modified_gmt":"2026-01-19T09:13:22","slug":"tubo-inox-imbutito-aisi304","status":"publish","type":"product","link":"https:\/\/www.arosmarmitte.it\/en\/prodotto\/spare-parts\/pipes\/tubo-inox-imbutito-aisi304\/","title":{"rendered":"Tubo inox con imbutitura"},"content":{"rendered":"<h1>Tubo inox imbutito sul lato &#8211; Tubo in acciaio inossidabile rastremato<\/h1>\n<h2>Disponibili in vari diametri e spessori<\/h2>\n<p>&nbsp;<\/p>\n<p>&nbsp;<\/p>\n<p>I nostri tubi in acciaio inox (inossidbile) AISI304 sono imbutiti, ovvero sono tubi rastremati o allargati. Cosa significa? Un&#8217;estremita del tubo inox \u00e8 allargata per collegare un altro tubo in acciaio dello stesso diametro.<\/p>\n<p>Seleziona il diametro e lo spessore che ti servono. Ideale per marmitte, scarichi e altri progetti. Spedizioni rapide in tutta Italia.<\/p>\n<p>&nbsp;<\/p>\n<p>Non trovi il diametro o lo spessore che ti serve? Hai bisogno di un tubo inox imbutito con un diametro diverso? <a href=\"https:\/\/www.arosmarmitte.it\/en\/contact\/\" target=\"_blank\" rel=\"noopener\">Contattaci<\/a> subito anche via whatsapp, ti risponderemo appena possibile.<\/p>\n<p>&nbsp;<\/p>\n<p>I nostri tubi inox imbutiti sono perfetti per diverse lavorazioni: marmitte, impianti di scarico, tubazioni in generale. Disponibili in due lunghezze: 1000 millimetri (1 metro) \/ 15000 millimetri (1,5 metri). Spessori da: 1,0 mm a 1,5 mm (oppure su richiesta specifica).<br \/>\nVengono inoltre forniti con le estremit\u00e0 gi\u00e0 sbavate.<\/p>\n<p>&nbsp;<\/p>\n<p>&nbsp;<\/p>\n<p>&nbsp;<\/p>\n<h3>Dettagli tecnici imbutitura \/ rastrematura del tubo in acciaio inox<\/h3>\n<p>Cos&#8217;\u00e8 la rastrematura? In sintesi la rastrematura o imbutitura \u00e8 una lavorazione a freddo con cui si pu\u00f2 stringere o allargare un tubo. L&#8217;operazione non richiede saldature di alcun genere. Questo permette di mantenere intatta la microscopia dell&#8217;acciaio inossidabile AISI304.<\/p>\n<p>I nostri tubi rastremati presentano un&#8217;estremit\u00e0 allargata di lunghezza 50 mm.<\/p>\n<ul>\n<li>lunghezza allargamento: 50 millimetri<\/li>\n<li>variazione diametro interno: permette di collegare tubi di ugual diametro &#8211;\u00a0<em>se selezioni il tubo inox da diametro 60 mm, l&#8217;imbutitura avr\u00e0 diametro 60 mm interno<\/em><\/li>\n<li>controllo qualit\u00e0 prima della spedizione<\/li>\n<li>il bordo dell&#8217;estremit\u00e0 imbutit\u00e0 del tubo inox viene prima sbavata e successivamente molata. Cosa significa? La molatura si pu\u00f2 considerare come la levigatura del tubo, in questo caso il bordo.<\/li>\n<\/ul>\n<p>&nbsp;<\/p>\n<p>&nbsp;<\/p>\n<p>&nbsp;<\/p>\n<h3>L&#8217;acciaio inox AISI304<\/h3>\n<p>Questo materiale \u00e8 una superlega nota per la sua resistenza termica, alla carrosione ed alle macchie.<\/p>\n<ul>\n<li><strong>Resistenza alla corrosione:\u00a0<\/strong>l\u2019AISI304 \u00e8 altamente resistente alla corrosione causata da agenti atmosferici come acqua, acidi organici e inorganici.<\/li>\n<li><strong>Igiene:\u00a0<\/strong>la superficia liscia e non porosa, microscopicamente parlando, rende difficile l\u2019adesione di sporco e batteri facilitandone la manutenzione.<\/li>\n<li><strong>Durata:\u00a0<\/strong>l\u2019inossidabilit\u00e0 lo rende un materiale duraturo e affidabile.<\/li>\n<li><strong>Estetica:\u00a0<\/strong>l\u2019aspetto lucido tipico dell\u2019acciaio lo rende molto apprezzato anche visivamente.<\/li>\n<li><strong>Versatilit\u00e0:\u00a0<\/strong>noi utilizziamo anche titanio ed inconel, ma come materiale standard scegliamo l\u2019acciaio AISI304. Sappiamo che che pu\u00f2 essere facilmente lavorato, saldato e deformato in una vasta gamma di prodotti.<\/li>\n<li><strong>Termoresistenza:\u00a0<\/strong>\u00a0l\u2019AISI304 pu\u00f2 resistere a temperature elevate senza perdere le sue propriet\u00e0 meccaniche.<\/li>\n<\/ul>\n<p>&nbsp;<\/p>\n<p>&nbsp;<\/p>\n<p>&nbsp;<\/p>\n<h3>Caratteristiche dei nostri tubi inox allargati<\/h3>\n<ul>\n<li>diametro variabile &#8211; seleziona sopra quello che ti serve<\/li>\n<li>spessore da 1,0 a 1,5 millimetri<\/li>\n<li>lunghezza 1000 mm o 1500 mm<\/li>\n<li>estremit\u00e0 gi\u00e0 sbavate<\/li>\n<\/ul>\n<p>&nbsp;<\/p>\n<p>&nbsp;<\/p>\n<p>&nbsp;<\/p>\n<h3>Cosa si intende per &#8220;estremit\u00e0 gi\u00e0 sbavate&#8221; dei tubi imbutiti?<\/h3>\n<p>I nostri tubi inox vengono spediti gi\u00e0 puliti. Cosa significa? Quando si lavora il metallo (per esempio si taglia un tubo)\u00a0 \u00e8 normale la formazione di <em>bave<\/em>, ovvero la formazione di materiale in eccesso &#8211; molto simile a una corda sfilacciata. Noi impieghiamo macchinari appositi per rimuovere queste bave con un processo detto\u00a0<em>sbavatura<\/em>. In questo modo i nostri tubi per marmitte o altri tipi di progetti sono pronti all&#8217;uso in sicurezza.<\/p>\n<p>&nbsp;<\/p>\n<p>&nbsp;<\/p>\n<p>&nbsp;<\/p>\n<h3>Il tubo inox imbutito \u00e8 spesso acquistato con questi articoli:<\/h3>\n<ul>\n<li><a href=\"https:\/\/www.arosmarmitte.it\/en\/prodotto\/spare-parts\/pipes\/inox-pipe\/\" target=\"_blank\" rel=\"noopener\">tubo<\/a><\/li>\n<li><a href=\"https:\/\/www.arosmarmitte.it\/en\/prodotto\/spare-parts\/bends\/curva-acciaio-inox\/\" target=\"_blank\" rel=\"noopener\">curve<\/a><\/li>\n<li><a href=\"https:\/\/www.arosmarmitte.it\/prodotto\/ricambi\/raccordi-ad-y\/raccordo-a-y\/\" target=\"_blank\" rel=\"noopener\">raccordo a Y<\/a><\/li>\n<\/ul>\n<p>&nbsp;<\/p>\n<p>&nbsp;<\/p>\n<p>&nbsp;<\/p>\n<h4>NOTA PER L&#8217;ACQUIRENTE: I i tubi commercialmente detti di diametro 90 mm e 100 mm rispettivamente corrispondo a tubi di diametro 88,9 mm e 101,6 mm. Questo perch\u00e9 le misure industriali europee sono adattate alle misure anglosassoni (pollici). Per questa ragione in UE non \u00e8 possibile trovare tubi di diametro esattemente\u00a090 mm\u00a0e\u00a0100 mm.<\/h4>\n<p>&nbsp;<\/p>\n<p>&nbsp;<\/p>\n<hr \/>\n<h6><\/h6>\n<p>&nbsp;<\/p>\n<h6><strong>Ef<\/strong><strong>fettuiamo spedizioni in tutta Italia in tempi brevi. Ogni articolo Aros Marmitte ha una garanzia di recesso di 14 giorni.\u00a0<a href=\"https:\/\/www.arosmarmitte.it\/en\/contact\/\" target=\"_blank\" rel=\"noopener\">Consulta le norme di spedizione<\/a>.<\/strong><\/h6>\n<h6><strong>Il minimo fatturabile per la spedizione \u00e8 di 85,00 \u20ac iva inclusa \u2013 spedizione esclusa.<\/strong><\/h6>\n<p>&nbsp;<\/p>\n<h6>Visita anche la nostra\u00a0<a href=\"https:\/\/www.facebook.com\/arosmarmitte?locale=it_IT\" target=\"_blank\" rel=\"noopener\">pagina Facebook<\/a>\u00a0o il nostro\u00a0<a href=\"https:\/\/www.instagram.com\/arosmarmitte\/?next=https%3A%2F%2Fwww.instagram.com%2Farosmarmitte%2F\" target=\"_blank\" rel=\"noopener\">account Instagram<\/a>\u00a0per restare sempre aggiornato sui nostri prodotti!<\/h6>\n","protected":false},"excerpt":{"rendered":"<p>Tubo inox imbutito sul lato &#8211; Tubo in acciaio inossidabile rastremato Disponibili in vari diametri e spessori &nbsp; &nbsp; I nostri tubi in acciaio inox (inossidbile) AISI304 sono imbutiti, ovvero sono tubi rastremati o allargati. Cosa significa? Un&#8217;estremita del tubo inox \u00e8 allargata per collegare un altro tubo in acciaio dello stesso diametro. Seleziona il [&hellip;]<\/p>\n","protected":false},"featured_media":133770,"comment_status":"closed","ping_status":"closed","template":"","meta":{"_acf_changed":false},"marca":[],"product_brand":[],"product_cat":[1162,656],"product_tag":[],"class_list":{"0":"post-183073","1":"product","2":"type-product","3":"status-publish","4":"has-post-thumbnail","6":"product_cat-pipes","7":"product_cat-spare-parts","9":"first","10":"instock","11":"taxable","12":"shipping-taxable","13":"purchasable","14":"product-type-variable"},"acf":[],"yoast_head":"<!-- This site is optimized with the Yoast SEO Premium plugin v24.8 (Yoast SEO v27.2) - https:\/\/yoast.com\/product\/yoast-seo-premium-wordpress\/ -->\n<title>Tubo inox con imbutitura | Aros Marmitte<\/title>\n<meta name=\"description\" content=\"Tubo in acciaio inox imbutito! Estremit\u00e0 allargata per collegare tubi di ugual diametro. Tubo rastremato in AISI304! Approftta subito delle offerte!\" \/>\n<meta name=\"robots\" content=\"index, follow, max-snippet:-1, max-image-preview:large, max-video-preview:-1\" \/>\n<link rel=\"canonical\" href=\"https:\/\/www.arosmarmitte.it\/en\/prodotto\/spare-parts\/pipes\/tubo-inox-imbutito-aisi304\/\" \/>\n<meta property=\"og:locale\" content=\"en_US\" \/>\n<meta property=\"og:type\" content=\"article\" \/>\n<meta property=\"og:title\" content=\"Tubo inox con imbutitura\" \/>\n<meta property=\"og:description\" content=\"Tubo in acciaio inox imbutito! Estremit\u00e0 allargata per collegare tubi di ugual diametro. Tubo rastremato in AISI304! Approftta subito delle offerte!\" \/>\n<meta property=\"og:url\" content=\"https:\/\/www.arosmarmitte.it\/en\/prodotto\/spare-parts\/pipes\/tubo-inox-imbutito-aisi304\/\" \/>\n<meta property=\"og:site_name\" content=\"Aros Marmitte\" \/>\n<meta property=\"article:publisher\" content=\"https:\/\/www.facebook.com\/arosmarmitte\" \/>\n<meta property=\"article:modified_time\" content=\"2026-01-19T09:13:22+00:00\" \/>\n<meta property=\"og:image\" content=\"https:\/\/www.arosmarmitte.it\/wp-content\/uploads\/Tubi-con-bicchiere-femmina-su-un-lato-pipes-pipe-with-adapter-diameter-exhaust-echappement-scarico-marmitta-6.jpg\" \/>\n\t<meta property=\"og:image:width\" content=\"1100\" \/>\n\t<meta property=\"og:image:height\" content=\"880\" \/>\n\t<meta property=\"og:image:type\" content=\"image\/jpeg\" \/>\n<meta name=\"twitter:card\" content=\"summary_large_image\" \/>\n<meta name=\"twitter:site\" content=\"@AROS_MARMITTE\" \/>\n<meta name=\"twitter:label1\" content=\"Est. reading time\" \/>\n\t<meta name=\"twitter:data1\" content=\"4 minutes\" \/>\n<script type=\"application\/ld+json\" class=\"yoast-schema-graph\">{\"@context\":\"https:\/\/schema.org\",\"@graph\":[{\"@type\":\"WebPage\",\"@id\":\"https:\/\/www.arosmarmitte.it\/en\/prodotto\/spare-parts\/pipes\/tubo-inox-imbutito-aisi304\/\",\"url\":\"https:\/\/www.arosmarmitte.it\/en\/prodotto\/spare-parts\/pipes\/tubo-inox-imbutito-aisi304\/\",\"name\":\"Tubo inox con imbutitura | Aros Marmitte\",\"isPartOf\":{\"@id\":\"https:\/\/www.arosmarmitte.it\/en\/#website\"},\"primaryImageOfPage\":{\"@id\":\"https:\/\/www.arosmarmitte.it\/en\/prodotto\/spare-parts\/pipes\/tubo-inox-imbutito-aisi304\/#primaryimage\"},\"image\":{\"@id\":\"https:\/\/www.arosmarmitte.it\/en\/prodotto\/spare-parts\/pipes\/tubo-inox-imbutito-aisi304\/#primaryimage\"},\"thumbnailUrl\":\"https:\/\/www.arosmarmitte.it\/wp-content\/uploads\/Tubi-con-bicchiere-femmina-su-un-lato-pipes-pipe-with-adapter-diameter-exhaust-echappement-scarico-marmitta-6.jpg\",\"datePublished\":\"2023-11-21T15:37:35+00:00\",\"dateModified\":\"2026-01-19T09:13:22+00:00\",\"description\":\"Tubo in acciaio inox imbutito! Estremit\u00e0 allargata per collegare tubi di ugual diametro. Tubo rastremato in AISI304! Approftta subito delle offerte!\",\"breadcrumb\":{\"@id\":\"https:\/\/www.arosmarmitte.it\/en\/prodotto\/spare-parts\/pipes\/tubo-inox-imbutito-aisi304\/#breadcrumb\"},\"inLanguage\":\"en-US\",\"potentialAction\":[{\"@type\":\"ReadAction\",\"target\":[\"https:\/\/www.arosmarmitte.it\/en\/prodotto\/spare-parts\/pipes\/tubo-inox-imbutito-aisi304\/\"]}]},{\"@type\":\"ImageObject\",\"inLanguage\":\"en-US\",\"@id\":\"https:\/\/www.arosmarmitte.it\/en\/prodotto\/spare-parts\/pipes\/tubo-inox-imbutito-aisi304\/#primaryimage\",\"url\":\"https:\/\/www.arosmarmitte.it\/wp-content\/uploads\/Tubi-con-bicchiere-femmina-su-un-lato-pipes-pipe-with-adapter-diameter-exhaust-echappement-scarico-marmitta-6.jpg\",\"contentUrl\":\"https:\/\/www.arosmarmitte.it\/wp-content\/uploads\/Tubi-con-bicchiere-femmina-su-un-lato-pipes-pipe-with-adapter-diameter-exhaust-echappement-scarico-marmitta-6.jpg\",\"width\":1100,\"height\":880,\"caption\":\"Tubo in acciaio inox inossidabile di tipo AISI304 con imbutitura su un lato\"},{\"@type\":\"BreadcrumbList\",\"@id\":\"https:\/\/www.arosmarmitte.it\/en\/prodotto\/spare-parts\/pipes\/tubo-inox-imbutito-aisi304\/#breadcrumb\",\"itemListElement\":[{\"@type\":\"ListItem\",\"position\":1,\"name\":\"Home\",\"item\":\"https:\/\/www.arosmarmitte.it\/en\/\"},{\"@type\":\"ListItem\",\"position\":2,\"name\":\"Shop\",\"item\":\"https:\/\/www.arosmarmitte.it\/shop\/\"},{\"@type\":\"ListItem\",\"position\":3,\"name\":\"Tubo in acciaio e tubazioni con rastrematura e imbutitura\"}]},{\"@type\":\"WebSite\",\"@id\":\"https:\/\/www.arosmarmitte.it\/en\/#website\",\"url\":\"https:\/\/www.arosmarmitte.it\/en\/\",\"name\":\"Aros Marmitte\",\"description\":\"\",\"publisher\":{\"@id\":\"https:\/\/www.arosmarmitte.it\/en\/#organization\"},\"potentialAction\":[{\"@type\":\"SearchAction\",\"target\":{\"@type\":\"EntryPoint\",\"urlTemplate\":\"https:\/\/www.arosmarmitte.it\/en\/?s={search_term_string}\"},\"query-input\":{\"@type\":\"PropertyValueSpecification\",\"valueRequired\":true,\"valueName\":\"search_term_string\"}}],\"inLanguage\":\"en-US\"},{\"@type\":\"Organization\",\"@id\":\"https:\/\/www.arosmarmitte.it\/en\/#organization\",\"name\":\"AROS Marmitte\",\"alternateName\":\"AROS SRL\",\"url\":\"https:\/\/www.arosmarmitte.it\/en\/\",\"logo\":{\"@type\":\"ImageObject\",\"inLanguage\":\"en-US\",\"@id\":\"https:\/\/www.arosmarmitte.it\/en\/#\/schema\/logo\/image\/\",\"url\":\"https:\/\/www.arosmarmitte.it\/wp-content\/uploads\/AROS_MARMITTE_LOGO_2016-EXHAUST-SYSTEMS-ECHAPPEMENT-SCARICO-ARTIGIANALE-MARMITTA-1-1.jpg\",\"contentUrl\":\"https:\/\/www.arosmarmitte.it\/wp-content\/uploads\/AROS_MARMITTE_LOGO_2016-EXHAUST-SYSTEMS-ECHAPPEMENT-SCARICO-ARTIGIANALE-MARMITTA-1-1.jpg\",\"width\":1000,\"height\":875,\"caption\":\"AROS Marmitte\"},\"image\":{\"@id\":\"https:\/\/www.arosmarmitte.it\/en\/#\/schema\/logo\/image\/\"},\"sameAs\":[\"https:\/\/www.facebook.com\/arosmarmitte\",\"https:\/\/x.com\/AROS_MARMITTE\",\"https:\/\/www.instagram.com\/arosmarmitte\/\",\"https:\/\/www.tiktok.com\/@aros_marmitte\"],\"email\":\"info@arosmarmitte.it\",\"telephone\":\"3401417652\"}]}<\/script>\n<!-- \/ Yoast SEO Premium plugin. -->","yoast_head_json":{"title":"Tubo inox con imbutitura | Aros Marmitte","description":"Tubo in acciaio inox imbutito! Estremit\u00e0 allargata per collegare tubi di ugual diametro. Tubo rastremato in AISI304! Approftta subito delle offerte!","robots":{"index":"index","follow":"follow","max-snippet":"max-snippet:-1","max-image-preview":"max-image-preview:large","max-video-preview":"max-video-preview:-1"},"canonical":"https:\/\/www.arosmarmitte.it\/en\/prodotto\/spare-parts\/pipes\/tubo-inox-imbutito-aisi304\/","og_locale":"en_US","og_type":"article","og_title":"Tubo inox con imbutitura","og_description":"Tubo in acciaio inox imbutito! Estremit\u00e0 allargata per collegare tubi di ugual diametro. Tubo rastremato in AISI304! Approftta subito delle offerte!","og_url":"https:\/\/www.arosmarmitte.it\/en\/prodotto\/spare-parts\/pipes\/tubo-inox-imbutito-aisi304\/","og_site_name":"Aros Marmitte","article_publisher":"https:\/\/www.facebook.com\/arosmarmitte","article_modified_time":"2026-01-19T09:13:22+00:00","og_image":[{"width":1100,"height":880,"url":"https:\/\/www.arosmarmitte.it\/wp-content\/uploads\/Tubi-con-bicchiere-femmina-su-un-lato-pipes-pipe-with-adapter-diameter-exhaust-echappement-scarico-marmitta-6.jpg","type":"image\/jpeg"}],"twitter_card":"summary_large_image","twitter_site":"@AROS_MARMITTE","twitter_misc":{"Est. reading time":"4 minutes"},"schema":{"@context":"https:\/\/schema.org","@graph":[{"@type":"WebPage","@id":"https:\/\/www.arosmarmitte.it\/en\/prodotto\/spare-parts\/pipes\/tubo-inox-imbutito-aisi304\/","url":"https:\/\/www.arosmarmitte.it\/en\/prodotto\/spare-parts\/pipes\/tubo-inox-imbutito-aisi304\/","name":"Tubo inox con imbutitura | Aros Marmitte","isPartOf":{"@id":"https:\/\/www.arosmarmitte.it\/en\/#website"},"primaryImageOfPage":{"@id":"https:\/\/www.arosmarmitte.it\/en\/prodotto\/spare-parts\/pipes\/tubo-inox-imbutito-aisi304\/#primaryimage"},"image":{"@id":"https:\/\/www.arosmarmitte.it\/en\/prodotto\/spare-parts\/pipes\/tubo-inox-imbutito-aisi304\/#primaryimage"},"thumbnailUrl":"https:\/\/www.arosmarmitte.it\/wp-content\/uploads\/Tubi-con-bicchiere-femmina-su-un-lato-pipes-pipe-with-adapter-diameter-exhaust-echappement-scarico-marmitta-6.jpg","datePublished":"2023-11-21T15:37:35+00:00","dateModified":"2026-01-19T09:13:22+00:00","description":"Tubo in acciaio inox imbutito! Estremit\u00e0 allargata per collegare tubi di ugual diametro. Tubo rastremato in AISI304! Approftta subito delle offerte!","breadcrumb":{"@id":"https:\/\/www.arosmarmitte.it\/en\/prodotto\/spare-parts\/pipes\/tubo-inox-imbutito-aisi304\/#breadcrumb"},"inLanguage":"en-US","potentialAction":[{"@type":"ReadAction","target":["https:\/\/www.arosmarmitte.it\/en\/prodotto\/spare-parts\/pipes\/tubo-inox-imbutito-aisi304\/"]}]},{"@type":"ImageObject","inLanguage":"en-US","@id":"https:\/\/www.arosmarmitte.it\/en\/prodotto\/spare-parts\/pipes\/tubo-inox-imbutito-aisi304\/#primaryimage","url":"https:\/\/www.arosmarmitte.it\/wp-content\/uploads\/Tubi-con-bicchiere-femmina-su-un-lato-pipes-pipe-with-adapter-diameter-exhaust-echappement-scarico-marmitta-6.jpg","contentUrl":"https:\/\/www.arosmarmitte.it\/wp-content\/uploads\/Tubi-con-bicchiere-femmina-su-un-lato-pipes-pipe-with-adapter-diameter-exhaust-echappement-scarico-marmitta-6.jpg","width":1100,"height":880,"caption":"Tubo in acciaio inox inossidabile di tipo AISI304 con imbutitura su un lato"},{"@type":"BreadcrumbList","@id":"https:\/\/www.arosmarmitte.it\/en\/prodotto\/spare-parts\/pipes\/tubo-inox-imbutito-aisi304\/#breadcrumb","itemListElement":[{"@type":"ListItem","position":1,"name":"Home","item":"https:\/\/www.arosmarmitte.it\/en\/"},{"@type":"ListItem","position":2,"name":"Shop","item":"https:\/\/www.arosmarmitte.it\/shop\/"},{"@type":"ListItem","position":3,"name":"Tubo in acciaio e tubazioni con rastrematura e imbutitura"}]},{"@type":"WebSite","@id":"https:\/\/www.arosmarmitte.it\/en\/#website","url":"https:\/\/www.arosmarmitte.it\/en\/","name":"Aros Marmitte","description":"","publisher":{"@id":"https:\/\/www.arosmarmitte.it\/en\/#organization"},"potentialAction":[{"@type":"SearchAction","target":{"@type":"EntryPoint","urlTemplate":"https:\/\/www.arosmarmitte.it\/en\/?s={search_term_string}"},"query-input":{"@type":"PropertyValueSpecification","valueRequired":true,"valueName":"search_term_string"}}],"inLanguage":"en-US"},{"@type":"Organization","@id":"https:\/\/www.arosmarmitte.it\/en\/#organization","name":"AROS Marmitte","alternateName":"AROS SRL","url":"https:\/\/www.arosmarmitte.it\/en\/","logo":{"@type":"ImageObject","inLanguage":"en-US","@id":"https:\/\/www.arosmarmitte.it\/en\/#\/schema\/logo\/image\/","url":"https:\/\/www.arosmarmitte.it\/wp-content\/uploads\/AROS_MARMITTE_LOGO_2016-EXHAUST-SYSTEMS-ECHAPPEMENT-SCARICO-ARTIGIANALE-MARMITTA-1-1.jpg","contentUrl":"https:\/\/www.arosmarmitte.it\/wp-content\/uploads\/AROS_MARMITTE_LOGO_2016-EXHAUST-SYSTEMS-ECHAPPEMENT-SCARICO-ARTIGIANALE-MARMITTA-1-1.jpg","width":1000,"height":875,"caption":"AROS Marmitte"},"image":{"@id":"https:\/\/www.arosmarmitte.it\/en\/#\/schema\/logo\/image\/"},"sameAs":["https:\/\/www.facebook.com\/arosmarmitte","https:\/\/x.com\/AROS_MARMITTE","https:\/\/www.instagram.com\/arosmarmitte\/","https:\/\/www.tiktok.com\/@aros_marmitte"],"email":"info@arosmarmitte.it","telephone":"3401417652"}]}},"_links":{"self":[{"href":"https:\/\/www.arosmarmitte.it\/en\/wp-json\/wp\/v2\/product\/183073","targetHints":{"allow":["GET"]}}],"collection":[{"href":"https:\/\/www.arosmarmitte.it\/en\/wp-json\/wp\/v2\/product"}],"about":[{"href":"https:\/\/www.arosmarmitte.it\/en\/wp-json\/wp\/v2\/types\/product"}],"replies":[{"embeddable":true,"href":"https:\/\/www.arosmarmitte.it\/en\/wp-json\/wp\/v2\/comments?post=183073"}],"wp:featuredmedia":[{"embeddable":true,"href":"https:\/\/www.arosmarmitte.it\/en\/wp-json\/wp\/v2\/media\/133770"}],"wp:attachment":[{"href":"https:\/\/www.arosmarmitte.it\/en\/wp-json\/wp\/v2\/media?parent=183073"}],"wp:term":[{"taxonomy":"marca","embeddable":true,"href":"https:\/\/www.arosmarmitte.it\/en\/wp-json\/wp\/v2\/marca?post=183073"},{"taxonomy":"product_brand","embeddable":true,"href":"https:\/\/www.arosmarmitte.it\/en\/wp-json\/wp\/v2\/product_brand?post=183073"},{"taxonomy":"product_cat","embeddable":true,"href":"https:\/\/www.arosmarmitte.it\/en\/wp-json\/wp\/v2\/product_cat?post=183073"},{"taxonomy":"product_tag","embeddable":true,"href":"https:\/\/www.arosmarmitte.it\/en\/wp-json\/wp\/v2\/product_tag?post=183073"}],"curies":[{"name":"wp","href":"https:\/\/api.w.org\/{rel}","templated":true}]}}