{"id":183003,"date":"2023-11-21T16:38:39","date_gmt":"2023-11-21T15:38:39","guid":{"rendered":"https:\/\/www.arosmarmitte.it\/prodotto\/uncategorized\/lana-di-vetro-fonoassorbente-per-silenziatori\/"},"modified":"2026-01-12T11:50:56","modified_gmt":"2026-01-12T10:50:56","slug":"lana-di-vetro-fonoassorbente-per-silenziatori","status":"publish","type":"product","link":"https:\/\/www.arosmarmitte.it\/en\/prodotto\/spare-parts\/fiberglass-mufflers\/lana-di-vetro-fonoassorbente-per-silenziatori\/","title":{"rendered":"Lana di vetro fonoassorbente per silenziatori"},"content":{"rendered":"<p>La lana di vetro \u00e8 un materiale realizzato fondendo sabbia e altri materiali a temperature molto elevate per creare sottili filamenti di vetro. Questi vengono infine legati insieme per creare il prodotto finale.<\/p>\n<p>La lana di vetro \u00e8 relativamente leggera ed \u00e8 dotata di propriet\u00e0 fonoassorbenti rendendola ideale per la realizzazione\/manutenzione di silenziatori. Contribuisce inoltre a ridurre le vibrazioni all&#8217;interno del silenziatore, migliorandone la qualit\u00e0.<\/p>\n<p>&nbsp;<\/p>\n<hr \/>\n<h5><strong>ATTENZIONE: il minimo fatturabile per la spedizione \u00e8 di 85,00 \u20ac iva inclusa &#8211; spedizione esclusa.<\/strong><\/h5>\n","protected":false},"excerpt":{"rendered":"<p>La lana di vetro \u00e8 un materiale realizzato fondendo sabbia e altri materiali a temperature molto elevate per creare sottili filamenti di vetro. Questi vengono infine legati insieme per creare il prodotto finale. La lana di vetro \u00e8 relativamente leggera ed \u00e8 dotata di propriet\u00e0 fonoassorbenti rendendola ideale per la realizzazione\/manutenzione di silenziatori. Contribuisce inoltre [&hellip;]<\/p>\n","protected":false},"featured_media":134081,"comment_status":"closed","ping_status":"closed","template":"","meta":{"_acf_changed":false},"marca":[],"product_brand":[],"product_cat":[915,656],"product_tag":[],"class_list":{"0":"post-183003","1":"product","2":"type-product","3":"status-publish","4":"has-post-thumbnail","6":"product_cat-fiberglass-mufflers","7":"product_cat-spare-parts","9":"first","10":"instock","11":"taxable","12":"shipping-taxable","13":"purchasable","14":"product-type-simple"},"acf":[],"yoast_head":"<!-- This site is optimized with the Yoast SEO Premium plugin v24.8 (Yoast SEO v27.2) - https:\/\/yoast.com\/product\/yoast-seo-premium-wordpress\/ -->\n<title>Lana di vetro fonoassorbente per silenziatori | Aros Marmitte<\/title>\n<meta name=\"robots\" content=\"index, follow, max-snippet:-1, max-image-preview:large, max-video-preview:-1\" \/>\n<link rel=\"canonical\" href=\"https:\/\/www.arosmarmitte.it\/en\/prodotto\/spare-parts\/fiberglass-mufflers\/lana-di-vetro-fonoassorbente-per-silenziatori\/\" \/>\n<meta property=\"og:locale\" content=\"en_US\" \/>\n<meta property=\"og:type\" content=\"article\" \/>\n<meta property=\"og:title\" content=\"Lana di vetro fonoassorbente per silenziatori\" \/>\n<meta property=\"og:description\" content=\"La lana di vetro \u00e8 un materiale realizzato fondendo sabbia e altri materiali a temperature molto elevate per creare sottili filamenti di vetro. Questi vengono infine legati insieme per creare il prodotto finale. La lana di vetro \u00e8 relativamente leggera ed \u00e8 dotata di propriet\u00e0 fonoassorbenti rendendola ideale per la realizzazione\/manutenzione di silenziatori. Contribuisce inoltre [&hellip;]\" \/>\n<meta property=\"og:url\" content=\"https:\/\/www.arosmarmitte.it\/en\/prodotto\/spare-parts\/fiberglass-mufflers\/lana-di-vetro-fonoassorbente-per-silenziatori\/\" \/>\n<meta property=\"og:site_name\" content=\"Aros Marmitte\" \/>\n<meta property=\"article:publisher\" content=\"https:\/\/www.facebook.com\/arosmarmitte\" \/>\n<meta property=\"article:modified_time\" content=\"2026-01-12T10:50:56+00:00\" \/>\n<meta property=\"og:image\" content=\"https:\/\/www.arosmarmitte.it\/wp-content\/uploads\/Lana-di-vetro-1-6.jpg\" \/>\n\t<meta property=\"og:image:width\" content=\"538\" \/>\n\t<meta property=\"og:image:height\" content=\"384\" \/>\n\t<meta property=\"og:image:type\" content=\"image\/jpeg\" \/>\n<meta name=\"twitter:card\" content=\"summary_large_image\" \/>\n<meta name=\"twitter:site\" content=\"@AROS_MARMITTE\" \/>\n<script type=\"application\/ld+json\" class=\"yoast-schema-graph\">{\"@context\":\"https:\/\/schema.org\",\"@graph\":[{\"@type\":\"WebPage\",\"@id\":\"https:\/\/www.arosmarmitte.it\/en\/prodotto\/spare-parts\/fiberglass-mufflers\/lana-di-vetro-fonoassorbente-per-silenziatori\/\",\"url\":\"https:\/\/www.arosmarmitte.it\/en\/prodotto\/spare-parts\/fiberglass-mufflers\/lana-di-vetro-fonoassorbente-per-silenziatori\/\",\"name\":\"Lana di vetro fonoassorbente per silenziatori | Aros Marmitte\",\"isPartOf\":{\"@id\":\"https:\/\/www.arosmarmitte.it\/en\/#website\"},\"primaryImageOfPage\":{\"@id\":\"https:\/\/www.arosmarmitte.it\/en\/prodotto\/spare-parts\/fiberglass-mufflers\/lana-di-vetro-fonoassorbente-per-silenziatori\/#primaryimage\"},\"image\":{\"@id\":\"https:\/\/www.arosmarmitte.it\/en\/prodotto\/spare-parts\/fiberglass-mufflers\/lana-di-vetro-fonoassorbente-per-silenziatori\/#primaryimage\"},\"thumbnailUrl\":\"https:\/\/www.arosmarmitte.it\/wp-content\/uploads\/Lana-di-vetro-1-6.jpg\",\"datePublished\":\"2023-11-21T15:38:39+00:00\",\"dateModified\":\"2026-01-12T10:50:56+00:00\",\"breadcrumb\":{\"@id\":\"https:\/\/www.arosmarmitte.it\/en\/prodotto\/spare-parts\/fiberglass-mufflers\/lana-di-vetro-fonoassorbente-per-silenziatori\/#breadcrumb\"},\"inLanguage\":\"en-US\",\"potentialAction\":[{\"@type\":\"ReadAction\",\"target\":[\"https:\/\/www.arosmarmitte.it\/en\/prodotto\/spare-parts\/fiberglass-mufflers\/lana-di-vetro-fonoassorbente-per-silenziatori\/\"]}]},{\"@type\":\"ImageObject\",\"inLanguage\":\"en-US\",\"@id\":\"https:\/\/www.arosmarmitte.it\/en\/prodotto\/spare-parts\/fiberglass-mufflers\/lana-di-vetro-fonoassorbente-per-silenziatori\/#primaryimage\",\"url\":\"https:\/\/www.arosmarmitte.it\/wp-content\/uploads\/Lana-di-vetro-1-6.jpg\",\"contentUrl\":\"https:\/\/www.arosmarmitte.it\/wp-content\/uploads\/Lana-di-vetro-1-6.jpg\",\"width\":538,\"height\":384},{\"@type\":\"BreadcrumbList\",\"@id\":\"https:\/\/www.arosmarmitte.it\/en\/prodotto\/spare-parts\/fiberglass-mufflers\/lana-di-vetro-fonoassorbente-per-silenziatori\/#breadcrumb\",\"itemListElement\":[{\"@type\":\"ListItem\",\"position\":1,\"name\":\"Home\",\"item\":\"https:\/\/www.arosmarmitte.it\/en\/\"},{\"@type\":\"ListItem\",\"position\":2,\"name\":\"Shop\",\"item\":\"https:\/\/www.arosmarmitte.it\/shop\/\"},{\"@type\":\"ListItem\",\"position\":3,\"name\":\"Lana di vetro fonoassorbente per silenziatori\"}]},{\"@type\":\"WebSite\",\"@id\":\"https:\/\/www.arosmarmitte.it\/en\/#website\",\"url\":\"https:\/\/www.arosmarmitte.it\/en\/\",\"name\":\"Aros Marmitte\",\"description\":\"\",\"publisher\":{\"@id\":\"https:\/\/www.arosmarmitte.it\/en\/#organization\"},\"potentialAction\":[{\"@type\":\"SearchAction\",\"target\":{\"@type\":\"EntryPoint\",\"urlTemplate\":\"https:\/\/www.arosmarmitte.it\/en\/?s={search_term_string}\"},\"query-input\":{\"@type\":\"PropertyValueSpecification\",\"valueRequired\":true,\"valueName\":\"search_term_string\"}}],\"inLanguage\":\"en-US\"},{\"@type\":\"Organization\",\"@id\":\"https:\/\/www.arosmarmitte.it\/en\/#organization\",\"name\":\"AROS Marmitte\",\"alternateName\":\"AROS SRL\",\"url\":\"https:\/\/www.arosmarmitte.it\/en\/\",\"logo\":{\"@type\":\"ImageObject\",\"inLanguage\":\"en-US\",\"@id\":\"https:\/\/www.arosmarmitte.it\/en\/#\/schema\/logo\/image\/\",\"url\":\"https:\/\/www.arosmarmitte.it\/wp-content\/uploads\/AROS_MARMITTE_LOGO_2016-EXHAUST-SYSTEMS-ECHAPPEMENT-SCARICO-ARTIGIANALE-MARMITTA-1-1.jpg\",\"contentUrl\":\"https:\/\/www.arosmarmitte.it\/wp-content\/uploads\/AROS_MARMITTE_LOGO_2016-EXHAUST-SYSTEMS-ECHAPPEMENT-SCARICO-ARTIGIANALE-MARMITTA-1-1.jpg\",\"width\":1000,\"height\":875,\"caption\":\"AROS Marmitte\"},\"image\":{\"@id\":\"https:\/\/www.arosmarmitte.it\/en\/#\/schema\/logo\/image\/\"},\"sameAs\":[\"https:\/\/www.facebook.com\/arosmarmitte\",\"https:\/\/x.com\/AROS_MARMITTE\",\"https:\/\/www.instagram.com\/arosmarmitte\/\",\"https:\/\/www.tiktok.com\/@aros_marmitte\"],\"email\":\"info@arosmarmitte.it\",\"telephone\":\"3401417652\"}]}<\/script>\n<!-- \/ Yoast SEO Premium plugin. -->","yoast_head_json":{"title":"Lana di vetro fonoassorbente per silenziatori | Aros Marmitte","robots":{"index":"index","follow":"follow","max-snippet":"max-snippet:-1","max-image-preview":"max-image-preview:large","max-video-preview":"max-video-preview:-1"},"canonical":"https:\/\/www.arosmarmitte.it\/en\/prodotto\/spare-parts\/fiberglass-mufflers\/lana-di-vetro-fonoassorbente-per-silenziatori\/","og_locale":"en_US","og_type":"article","og_title":"Lana di vetro fonoassorbente per silenziatori","og_description":"La lana di vetro \u00e8 un materiale realizzato fondendo sabbia e altri materiali a temperature molto elevate per creare sottili filamenti di vetro. Questi vengono infine legati insieme per creare il prodotto finale. La lana di vetro \u00e8 relativamente leggera ed \u00e8 dotata di propriet\u00e0 fonoassorbenti rendendola ideale per la realizzazione\/manutenzione di silenziatori. Contribuisce inoltre [&hellip;]","og_url":"https:\/\/www.arosmarmitte.it\/en\/prodotto\/spare-parts\/fiberglass-mufflers\/lana-di-vetro-fonoassorbente-per-silenziatori\/","og_site_name":"Aros Marmitte","article_publisher":"https:\/\/www.facebook.com\/arosmarmitte","article_modified_time":"2026-01-12T10:50:56+00:00","og_image":[{"width":538,"height":384,"url":"https:\/\/www.arosmarmitte.it\/wp-content\/uploads\/Lana-di-vetro-1-6.jpg","type":"image\/jpeg"}],"twitter_card":"summary_large_image","twitter_site":"@AROS_MARMITTE","schema":{"@context":"https:\/\/schema.org","@graph":[{"@type":"WebPage","@id":"https:\/\/www.arosmarmitte.it\/en\/prodotto\/spare-parts\/fiberglass-mufflers\/lana-di-vetro-fonoassorbente-per-silenziatori\/","url":"https:\/\/www.arosmarmitte.it\/en\/prodotto\/spare-parts\/fiberglass-mufflers\/lana-di-vetro-fonoassorbente-per-silenziatori\/","name":"Lana di vetro fonoassorbente per silenziatori | Aros Marmitte","isPartOf":{"@id":"https:\/\/www.arosmarmitte.it\/en\/#website"},"primaryImageOfPage":{"@id":"https:\/\/www.arosmarmitte.it\/en\/prodotto\/spare-parts\/fiberglass-mufflers\/lana-di-vetro-fonoassorbente-per-silenziatori\/#primaryimage"},"image":{"@id":"https:\/\/www.arosmarmitte.it\/en\/prodotto\/spare-parts\/fiberglass-mufflers\/lana-di-vetro-fonoassorbente-per-silenziatori\/#primaryimage"},"thumbnailUrl":"https:\/\/www.arosmarmitte.it\/wp-content\/uploads\/Lana-di-vetro-1-6.jpg","datePublished":"2023-11-21T15:38:39+00:00","dateModified":"2026-01-12T10:50:56+00:00","breadcrumb":{"@id":"https:\/\/www.arosmarmitte.it\/en\/prodotto\/spare-parts\/fiberglass-mufflers\/lana-di-vetro-fonoassorbente-per-silenziatori\/#breadcrumb"},"inLanguage":"en-US","potentialAction":[{"@type":"ReadAction","target":["https:\/\/www.arosmarmitte.it\/en\/prodotto\/spare-parts\/fiberglass-mufflers\/lana-di-vetro-fonoassorbente-per-silenziatori\/"]}]},{"@type":"ImageObject","inLanguage":"en-US","@id":"https:\/\/www.arosmarmitte.it\/en\/prodotto\/spare-parts\/fiberglass-mufflers\/lana-di-vetro-fonoassorbente-per-silenziatori\/#primaryimage","url":"https:\/\/www.arosmarmitte.it\/wp-content\/uploads\/Lana-di-vetro-1-6.jpg","contentUrl":"https:\/\/www.arosmarmitte.it\/wp-content\/uploads\/Lana-di-vetro-1-6.jpg","width":538,"height":384},{"@type":"BreadcrumbList","@id":"https:\/\/www.arosmarmitte.it\/en\/prodotto\/spare-parts\/fiberglass-mufflers\/lana-di-vetro-fonoassorbente-per-silenziatori\/#breadcrumb","itemListElement":[{"@type":"ListItem","position":1,"name":"Home","item":"https:\/\/www.arosmarmitte.it\/en\/"},{"@type":"ListItem","position":2,"name":"Shop","item":"https:\/\/www.arosmarmitte.it\/shop\/"},{"@type":"ListItem","position":3,"name":"Lana di vetro fonoassorbente per silenziatori"}]},{"@type":"WebSite","@id":"https:\/\/www.arosmarmitte.it\/en\/#website","url":"https:\/\/www.arosmarmitte.it\/en\/","name":"Aros Marmitte","description":"","publisher":{"@id":"https:\/\/www.arosmarmitte.it\/en\/#organization"},"potentialAction":[{"@type":"SearchAction","target":{"@type":"EntryPoint","urlTemplate":"https:\/\/www.arosmarmitte.it\/en\/?s={search_term_string}"},"query-input":{"@type":"PropertyValueSpecification","valueRequired":true,"valueName":"search_term_string"}}],"inLanguage":"en-US"},{"@type":"Organization","@id":"https:\/\/www.arosmarmitte.it\/en\/#organization","name":"AROS Marmitte","alternateName":"AROS SRL","url":"https:\/\/www.arosmarmitte.it\/en\/","logo":{"@type":"ImageObject","inLanguage":"en-US","@id":"https:\/\/www.arosmarmitte.it\/en\/#\/schema\/logo\/image\/","url":"https:\/\/www.arosmarmitte.it\/wp-content\/uploads\/AROS_MARMITTE_LOGO_2016-EXHAUST-SYSTEMS-ECHAPPEMENT-SCARICO-ARTIGIANALE-MARMITTA-1-1.jpg","contentUrl":"https:\/\/www.arosmarmitte.it\/wp-content\/uploads\/AROS_MARMITTE_LOGO_2016-EXHAUST-SYSTEMS-ECHAPPEMENT-SCARICO-ARTIGIANALE-MARMITTA-1-1.jpg","width":1000,"height":875,"caption":"AROS Marmitte"},"image":{"@id":"https:\/\/www.arosmarmitte.it\/en\/#\/schema\/logo\/image\/"},"sameAs":["https:\/\/www.facebook.com\/arosmarmitte","https:\/\/x.com\/AROS_MARMITTE","https:\/\/www.instagram.com\/arosmarmitte\/","https:\/\/www.tiktok.com\/@aros_marmitte"],"email":"info@arosmarmitte.it","telephone":"3401417652"}]}},"_links":{"self":[{"href":"https:\/\/www.arosmarmitte.it\/en\/wp-json\/wp\/v2\/product\/183003","targetHints":{"allow":["GET"]}}],"collection":[{"href":"https:\/\/www.arosmarmitte.it\/en\/wp-json\/wp\/v2\/product"}],"about":[{"href":"https:\/\/www.arosmarmitte.it\/en\/wp-json\/wp\/v2\/types\/product"}],"replies":[{"embeddable":true,"href":"https:\/\/www.arosmarmitte.it\/en\/wp-json\/wp\/v2\/comments?post=183003"}],"wp:featuredmedia":[{"embeddable":true,"href":"https:\/\/www.arosmarmitte.it\/en\/wp-json\/wp\/v2\/media\/134081"}],"wp:attachment":[{"href":"https:\/\/www.arosmarmitte.it\/en\/wp-json\/wp\/v2\/media?parent=183003"}],"wp:term":[{"taxonomy":"marca","embeddable":true,"href":"https:\/\/www.arosmarmitte.it\/en\/wp-json\/wp\/v2\/marca?post=183003"},{"taxonomy":"product_brand","embeddable":true,"href":"https:\/\/www.arosmarmitte.it\/en\/wp-json\/wp\/v2\/product_brand?post=183003"},{"taxonomy":"product_cat","embeddable":true,"href":"https:\/\/www.arosmarmitte.it\/en\/wp-json\/wp\/v2\/product_cat?post=183003"},{"taxonomy":"product_tag","embeddable":true,"href":"https:\/\/www.arosmarmitte.it\/en\/wp-json\/wp\/v2\/product_tag?post=183003"}],"curies":[{"name":"wp","href":"https:\/\/api.w.org\/{rel}","templated":true}]}}