{"id":182966,"date":"2023-11-21T16:24:10","date_gmt":"2023-11-21T15:24:10","guid":{"rendered":"https:\/\/www.arosmarmitte.it\/prodotto\/uncategorized\/curve-stampate-a-saldare\/"},"modified":"2026-01-14T10:23:16","modified_gmt":"2026-01-14T09:23:16","slug":"curve-stampate-a-saldare","status":"publish","type":"product","link":"https:\/\/www.arosmarmitte.it\/en\/prodotto\/spare-parts\/bends\/curve-stampate-a-saldare\/","title":{"rendered":"Curve stampate a saldare"},"content":{"rendered":"<h1>Curva stampata a 90 gradi in inox<\/h1>\n<p>&nbsp;<\/p>\n<p>&nbsp;<\/p>\n<p>Le nostre curve stampate a saldare, realizzate in acciaio inox AISI304, sono perfette per lavori su impanti di scarico.<\/p>\n<p>Tutte le nostre curve a saldare sono stampate e hanno un angolazione di 90 gradi. Il diametro ed il raggio medio di curvatura \u00e8 personalizzabile cos\u00ec come lo spessore del tubo. Puoi selezionare sopra in base alle tue necessit\u00e0.<\/p>\n<p><em>Cosa indica il raggio medio delle curve 90 gradi a saldare? <\/em>In sintesi indica l&#8217;ampiezza della curva stampata e pi\u00f9 \u00e8 grande e pi\u00f9 la curva stampata sar\u00e0 ampia (o aperta).<\/p>\n<p><em>Non trovi quel che ti serve?\u00a0 <\/em>Visita la sezione <a href=\"https:\/\/www.arosmarmitte.it\/en\/contact\/\" target=\"_blank\" rel=\"noopener\">contatti<\/a> e chiamaci o scrivici via whatsapp, ti risponderemo subito.<\/p>\n<p>&nbsp;<\/p>\n<p>&nbsp;<\/p>\n<p>&nbsp;<\/p>\n<h3>Info dettagliate curve stampate a saldare<\/h3>\n<ul>\n<li style=\"list-style-type: none;\">\n<ul>\n<li><strong>diametro: <\/strong>sono disponibili diversi diametri per le curve stampate a 90 gradi. Puoi selezionare sopra il diametro di cui hai bisogno.<\/li>\n<li><strong>spessore:\u00a0<\/strong>varia da 1,0 a 3,0 millimetri a seconda delle tue necessit\u00e0.<\/li>\n<li><strong>angolo:\u00a0<\/strong>90 gradi.<\/li>\n<li><strong>materiale:\u00a0<\/strong>acciaio inossidabile inox AISI304 per garantire resistenza, durevolezza e versatilit\u00e0 di utilizzo.<\/li>\n<\/ul>\n<\/li>\n<\/ul>\n<p>&nbsp;<\/p>\n<p>&nbsp;<\/p>\n<p>&nbsp;<\/p>\n<h3>Cosa significa curve stampate <span style=\"text-decoration: underline;\">a saldare<\/span>?<\/h3>\n<p>Le curve stampate (o gomiti) a saldare presentano le estremit\u00e0 pi\u00f9 corte delle nostre <span style=\"color: #ff0000;\"><a href=\"https:\/\/www.arosmarmitte.it\/en\/prodotto\/spare-parts\/bends\/curva-90-gradi\/\" target=\"_blank\" rel=\"noopener\">curve a mandrino<\/a>.<\/span> Questo permette di adattare la curva a lavorazioni con poco spazio o particolarmente complesse.<\/p>\n<p>Per una personalizzazione ancora pi\u00f9 estrema puoi consultare il nostro <a href=\"https:\/\/www.arosmarmitte.it\/ricambi-aros\/\" target=\"_blank\" rel=\"noopener\">shop ricambi<\/a> dove trovi anche le <a href=\"https:\/\/www.arosmarmitte.it\/prodotto\/ricambi\/curve\/curva-con-imbutitura-sul-lato-lungo\/\" target=\"_blank\" rel=\"noopener\">curve imbutite<\/a>, e le <a href=\"https:\/\/www.arosmarmitte.it\/prodotto\/ricambi\/curve\/curva-acciaio\/\" target=\"_blank\" rel=\"noopener\">curve realizzate da noi<\/a> (da rifilare).<\/p>\n<p>&nbsp;<\/p>\n<p>&nbsp;<\/p>\n<p>&nbsp;<\/p>\n<h3>Come mai utilizziamo l&#8217;acciaio inox AISI304?<\/h3>\n<p>L&#8217;acciaio inossidabile di tipo AISI304 \u00e8 fra le soluzioni migliori per i lavori che richiedono operazioni di saldatura. Il materiale \u00e8 noto per la resistenza alla corrosione, la durabilit\u00e0 e la versatilit\u00e0 di utilizzo.<\/p>\n<p>AROS, come azienda che produce impianti di scarico, sceglie i migliori materiali disponibili sul mercato.<\/p>\n<p>&nbsp;<\/p>\n<p>&nbsp;<\/p>\n<p>&nbsp;<\/p>\n<p>&nbsp;<\/p>\n<h6><strong><em>N.B. Per procedere alla spedizione c\u2019\u00e8 un minimo fatturabile di 85,00 \u20ac iva inclusa \u2013 spedizione esclusa.<\/em><\/strong><\/h6>\n<h6><strong>Effettuiamo spedizioni in tutta Italia in tempi brevi. Ogni articolo Aros Marmitte ha una garanzia di recesso di 14 giorni.\u00a0<a href=\"https:\/\/www.arosmarmitte.it\/en\/contact\/\" target=\"_blank\" rel=\"noopener\">Consulta le norme di spedizione<\/a>.<\/strong><\/h6>\n<p>&nbsp;<\/p>\n<hr \/>\n<h6>Visita anche la nostra\u00a0<a href=\"https:\/\/www.facebook.com\/arosmarmitte?locale=it_IT\" target=\"_blank\" rel=\"noopener\">pagina Facebook<\/a>\u00a0o il nostro\u00a0<a href=\"https:\/\/www.instagram.com\/arosmarmitte\/?next=https%3A%2F%2Fwww.instagram.com%2Farosmarmitte%2F\" target=\"_blank\" rel=\"noopener\">account Instagram<\/a>\u00a0per restare sempre aggiornato sui nostri prodotti!<\/h6>\n","protected":false},"excerpt":{"rendered":"<p>Curva stampata a 90 gradi in inox &nbsp; &nbsp; Le nostre curve stampate a saldare, realizzate in acciaio inox AISI304, sono perfette per lavori su impanti di scarico. Tutte le nostre curve a saldare sono stampate e hanno un angolazione di 90 gradi. Il diametro ed il raggio medio di curvatura \u00e8 personalizzabile cos\u00ec come [&hellip;]<\/p>\n","protected":false},"featured_media":133252,"comment_status":"closed","ping_status":"closed","template":"","meta":{"_acf_changed":false},"marca":[],"product_brand":[],"product_cat":[908,656],"product_tag":[],"class_list":{"0":"post-182966","1":"product","2":"type-product","3":"status-publish","4":"has-post-thumbnail","6":"product_cat-bends","7":"product_cat-spare-parts","9":"first","10":"instock","11":"taxable","12":"shipping-taxable","13":"purchasable","14":"product-type-variable"},"acf":[],"yoast_head":"<!-- This site is optimized with the Yoast SEO Premium plugin v24.8 (Yoast SEO v27.2) - https:\/\/yoast.com\/product\/yoast-seo-premium-wordpress\/ -->\n<title>Curve stampate a saldare | Gomito Inox | 90 gradi | Acquista ora! | Aros Marmitte<\/title>\n<meta name=\"description\" content=\"Approfitta subito delle nostre curve stampate a saldare! Realizzate in acciaio inox! Gomito o curva 90 gradi! Spedizioni in tutta Italia! Acquista ora!\" \/>\n<meta name=\"robots\" content=\"index, follow, max-snippet:-1, max-image-preview:large, max-video-preview:-1\" \/>\n<link rel=\"canonical\" href=\"https:\/\/www.arosmarmitte.it\/en\/prodotto\/spare-parts\/bends\/curve-stampate-a-saldare\/\" \/>\n<meta property=\"og:locale\" content=\"en_US\" \/>\n<meta property=\"og:type\" content=\"article\" \/>\n<meta property=\"og:title\" content=\"Curve stampate a saldare\" \/>\n<meta property=\"og:description\" content=\"Approfitta subito delle nostre curve stampate a saldare! Realizzate in acciaio inox! Gomito o curva 90 gradi! Spedizioni in tutta Italia! Acquista ora!\" \/>\n<meta property=\"og:url\" content=\"https:\/\/www.arosmarmitte.it\/en\/prodotto\/spare-parts\/bends\/curve-stampate-a-saldare\/\" \/>\n<meta property=\"og:site_name\" content=\"Aros Marmitte\" \/>\n<meta property=\"article:publisher\" content=\"https:\/\/www.facebook.com\/arosmarmitte\" \/>\n<meta property=\"article:modified_time\" content=\"2026-01-14T09:23:16+00:00\" \/>\n<meta property=\"og:image\" content=\"https:\/\/www.arosmarmitte.it\/wp-content\/uploads\/Welding-bend-bends-curva-a-saldare-scarico-marmitta-exhaust-system-echappement-3-6.jpg\" \/>\n\t<meta property=\"og:image:width\" content=\"1100\" \/>\n\t<meta property=\"og:image:height\" content=\"900\" \/>\n\t<meta property=\"og:image:type\" content=\"image\/jpeg\" \/>\n<meta name=\"twitter:card\" content=\"summary_large_image\" \/>\n<meta name=\"twitter:site\" content=\"@AROS_MARMITTE\" \/>\n<meta name=\"twitter:label1\" content=\"Est. reading time\" \/>\n\t<meta name=\"twitter:data1\" content=\"2 minutes\" \/>\n<script type=\"application\/ld+json\" class=\"yoast-schema-graph\">{\"@context\":\"https:\/\/schema.org\",\"@graph\":[{\"@type\":\"WebPage\",\"@id\":\"https:\/\/www.arosmarmitte.it\/en\/prodotto\/spare-parts\/bends\/curve-stampate-a-saldare\/\",\"url\":\"https:\/\/www.arosmarmitte.it\/en\/prodotto\/spare-parts\/bends\/curve-stampate-a-saldare\/\",\"name\":\"Curve stampate a saldare | Gomito Inox | 90 gradi | Acquista ora! | Aros Marmitte\",\"isPartOf\":{\"@id\":\"https:\/\/www.arosmarmitte.it\/en\/#website\"},\"primaryImageOfPage\":{\"@id\":\"https:\/\/www.arosmarmitte.it\/en\/prodotto\/spare-parts\/bends\/curve-stampate-a-saldare\/#primaryimage\"},\"image\":{\"@id\":\"https:\/\/www.arosmarmitte.it\/en\/prodotto\/spare-parts\/bends\/curve-stampate-a-saldare\/#primaryimage\"},\"thumbnailUrl\":\"https:\/\/www.arosmarmitte.it\/wp-content\/uploads\/Welding-bend-bends-curva-a-saldare-scarico-marmitta-exhaust-system-echappement-3-6.jpg\",\"datePublished\":\"2023-11-21T15:24:10+00:00\",\"dateModified\":\"2026-01-14T09:23:16+00:00\",\"description\":\"Approfitta subito delle nostre curve stampate a saldare! Realizzate in acciaio inox! Gomito o curva 90 gradi! Spedizioni in tutta Italia! Acquista ora!\",\"breadcrumb\":{\"@id\":\"https:\/\/www.arosmarmitte.it\/en\/prodotto\/spare-parts\/bends\/curve-stampate-a-saldare\/#breadcrumb\"},\"inLanguage\":\"en-US\",\"potentialAction\":[{\"@type\":\"ReadAction\",\"target\":[\"https:\/\/www.arosmarmitte.it\/en\/prodotto\/spare-parts\/bends\/curve-stampate-a-saldare\/\"]}]},{\"@type\":\"ImageObject\",\"inLanguage\":\"en-US\",\"@id\":\"https:\/\/www.arosmarmitte.it\/en\/prodotto\/spare-parts\/bends\/curve-stampate-a-saldare\/#primaryimage\",\"url\":\"https:\/\/www.arosmarmitte.it\/wp-content\/uploads\/Welding-bend-bends-curva-a-saldare-scarico-marmitta-exhaust-system-echappement-3-6.jpg\",\"contentUrl\":\"https:\/\/www.arosmarmitte.it\/wp-content\/uploads\/Welding-bend-bends-curva-a-saldare-scarico-marmitta-exhaust-system-echappement-3-6.jpg\",\"width\":1100,\"height\":900,\"caption\":\"Curva stampata a saldare o gomito in acciaio inossidabile inox angolo 90 gradi\"},{\"@type\":\"BreadcrumbList\",\"@id\":\"https:\/\/www.arosmarmitte.it\/en\/prodotto\/spare-parts\/bends\/curve-stampate-a-saldare\/#breadcrumb\",\"itemListElement\":[{\"@type\":\"ListItem\",\"position\":1,\"name\":\"Home\",\"item\":\"https:\/\/www.arosmarmitte.it\/en\/\"},{\"@type\":\"ListItem\",\"position\":2,\"name\":\"Shop\",\"item\":\"https:\/\/www.arosmarmitte.it\/shop\/\"},{\"@type\":\"ListItem\",\"position\":3,\"name\":\"Curva stampata in acciaio inox\"}]},{\"@type\":\"WebSite\",\"@id\":\"https:\/\/www.arosmarmitte.it\/en\/#website\",\"url\":\"https:\/\/www.arosmarmitte.it\/en\/\",\"name\":\"Aros Marmitte\",\"description\":\"\",\"publisher\":{\"@id\":\"https:\/\/www.arosmarmitte.it\/en\/#organization\"},\"potentialAction\":[{\"@type\":\"SearchAction\",\"target\":{\"@type\":\"EntryPoint\",\"urlTemplate\":\"https:\/\/www.arosmarmitte.it\/en\/?s={search_term_string}\"},\"query-input\":{\"@type\":\"PropertyValueSpecification\",\"valueRequired\":true,\"valueName\":\"search_term_string\"}}],\"inLanguage\":\"en-US\"},{\"@type\":\"Organization\",\"@id\":\"https:\/\/www.arosmarmitte.it\/en\/#organization\",\"name\":\"AROS Marmitte\",\"alternateName\":\"AROS SRL\",\"url\":\"https:\/\/www.arosmarmitte.it\/en\/\",\"logo\":{\"@type\":\"ImageObject\",\"inLanguage\":\"en-US\",\"@id\":\"https:\/\/www.arosmarmitte.it\/en\/#\/schema\/logo\/image\/\",\"url\":\"https:\/\/www.arosmarmitte.it\/wp-content\/uploads\/AROS_MARMITTE_LOGO_2016-EXHAUST-SYSTEMS-ECHAPPEMENT-SCARICO-ARTIGIANALE-MARMITTA-1-1.jpg\",\"contentUrl\":\"https:\/\/www.arosmarmitte.it\/wp-content\/uploads\/AROS_MARMITTE_LOGO_2016-EXHAUST-SYSTEMS-ECHAPPEMENT-SCARICO-ARTIGIANALE-MARMITTA-1-1.jpg\",\"width\":1000,\"height\":875,\"caption\":\"AROS Marmitte\"},\"image\":{\"@id\":\"https:\/\/www.arosmarmitte.it\/en\/#\/schema\/logo\/image\/\"},\"sameAs\":[\"https:\/\/www.facebook.com\/arosmarmitte\",\"https:\/\/x.com\/AROS_MARMITTE\",\"https:\/\/www.instagram.com\/arosmarmitte\/\",\"https:\/\/www.tiktok.com\/@aros_marmitte\"],\"email\":\"info@arosmarmitte.it\",\"telephone\":\"3401417652\"}]}<\/script>\n<!-- \/ Yoast SEO Premium plugin. -->","yoast_head_json":{"title":"Curve stampate a saldare | Gomito Inox | 90 gradi | Acquista ora! | Aros Marmitte","description":"Approfitta subito delle nostre curve stampate a saldare! Realizzate in acciaio inox! Gomito o curva 90 gradi! Spedizioni in tutta Italia! Acquista ora!","robots":{"index":"index","follow":"follow","max-snippet":"max-snippet:-1","max-image-preview":"max-image-preview:large","max-video-preview":"max-video-preview:-1"},"canonical":"https:\/\/www.arosmarmitte.it\/en\/prodotto\/spare-parts\/bends\/curve-stampate-a-saldare\/","og_locale":"en_US","og_type":"article","og_title":"Curve stampate a saldare","og_description":"Approfitta subito delle nostre curve stampate a saldare! Realizzate in acciaio inox! Gomito o curva 90 gradi! Spedizioni in tutta Italia! Acquista ora!","og_url":"https:\/\/www.arosmarmitte.it\/en\/prodotto\/spare-parts\/bends\/curve-stampate-a-saldare\/","og_site_name":"Aros Marmitte","article_publisher":"https:\/\/www.facebook.com\/arosmarmitte","article_modified_time":"2026-01-14T09:23:16+00:00","og_image":[{"width":1100,"height":900,"url":"https:\/\/www.arosmarmitte.it\/wp-content\/uploads\/Welding-bend-bends-curva-a-saldare-scarico-marmitta-exhaust-system-echappement-3-6.jpg","type":"image\/jpeg"}],"twitter_card":"summary_large_image","twitter_site":"@AROS_MARMITTE","twitter_misc":{"Est. reading time":"2 minutes"},"schema":{"@context":"https:\/\/schema.org","@graph":[{"@type":"WebPage","@id":"https:\/\/www.arosmarmitte.it\/en\/prodotto\/spare-parts\/bends\/curve-stampate-a-saldare\/","url":"https:\/\/www.arosmarmitte.it\/en\/prodotto\/spare-parts\/bends\/curve-stampate-a-saldare\/","name":"Curve stampate a saldare | Gomito Inox | 90 gradi | Acquista ora! | Aros Marmitte","isPartOf":{"@id":"https:\/\/www.arosmarmitte.it\/en\/#website"},"primaryImageOfPage":{"@id":"https:\/\/www.arosmarmitte.it\/en\/prodotto\/spare-parts\/bends\/curve-stampate-a-saldare\/#primaryimage"},"image":{"@id":"https:\/\/www.arosmarmitte.it\/en\/prodotto\/spare-parts\/bends\/curve-stampate-a-saldare\/#primaryimage"},"thumbnailUrl":"https:\/\/www.arosmarmitte.it\/wp-content\/uploads\/Welding-bend-bends-curva-a-saldare-scarico-marmitta-exhaust-system-echappement-3-6.jpg","datePublished":"2023-11-21T15:24:10+00:00","dateModified":"2026-01-14T09:23:16+00:00","description":"Approfitta subito delle nostre curve stampate a saldare! Realizzate in acciaio inox! Gomito o curva 90 gradi! Spedizioni in tutta Italia! Acquista ora!","breadcrumb":{"@id":"https:\/\/www.arosmarmitte.it\/en\/prodotto\/spare-parts\/bends\/curve-stampate-a-saldare\/#breadcrumb"},"inLanguage":"en-US","potentialAction":[{"@type":"ReadAction","target":["https:\/\/www.arosmarmitte.it\/en\/prodotto\/spare-parts\/bends\/curve-stampate-a-saldare\/"]}]},{"@type":"ImageObject","inLanguage":"en-US","@id":"https:\/\/www.arosmarmitte.it\/en\/prodotto\/spare-parts\/bends\/curve-stampate-a-saldare\/#primaryimage","url":"https:\/\/www.arosmarmitte.it\/wp-content\/uploads\/Welding-bend-bends-curva-a-saldare-scarico-marmitta-exhaust-system-echappement-3-6.jpg","contentUrl":"https:\/\/www.arosmarmitte.it\/wp-content\/uploads\/Welding-bend-bends-curva-a-saldare-scarico-marmitta-exhaust-system-echappement-3-6.jpg","width":1100,"height":900,"caption":"Curva stampata a saldare o gomito in acciaio inossidabile inox angolo 90 gradi"},{"@type":"BreadcrumbList","@id":"https:\/\/www.arosmarmitte.it\/en\/prodotto\/spare-parts\/bends\/curve-stampate-a-saldare\/#breadcrumb","itemListElement":[{"@type":"ListItem","position":1,"name":"Home","item":"https:\/\/www.arosmarmitte.it\/en\/"},{"@type":"ListItem","position":2,"name":"Shop","item":"https:\/\/www.arosmarmitte.it\/shop\/"},{"@type":"ListItem","position":3,"name":"Curva stampata in acciaio inox"}]},{"@type":"WebSite","@id":"https:\/\/www.arosmarmitte.it\/en\/#website","url":"https:\/\/www.arosmarmitte.it\/en\/","name":"Aros Marmitte","description":"","publisher":{"@id":"https:\/\/www.arosmarmitte.it\/en\/#organization"},"potentialAction":[{"@type":"SearchAction","target":{"@type":"EntryPoint","urlTemplate":"https:\/\/www.arosmarmitte.it\/en\/?s={search_term_string}"},"query-input":{"@type":"PropertyValueSpecification","valueRequired":true,"valueName":"search_term_string"}}],"inLanguage":"en-US"},{"@type":"Organization","@id":"https:\/\/www.arosmarmitte.it\/en\/#organization","name":"AROS Marmitte","alternateName":"AROS SRL","url":"https:\/\/www.arosmarmitte.it\/en\/","logo":{"@type":"ImageObject","inLanguage":"en-US","@id":"https:\/\/www.arosmarmitte.it\/en\/#\/schema\/logo\/image\/","url":"https:\/\/www.arosmarmitte.it\/wp-content\/uploads\/AROS_MARMITTE_LOGO_2016-EXHAUST-SYSTEMS-ECHAPPEMENT-SCARICO-ARTIGIANALE-MARMITTA-1-1.jpg","contentUrl":"https:\/\/www.arosmarmitte.it\/wp-content\/uploads\/AROS_MARMITTE_LOGO_2016-EXHAUST-SYSTEMS-ECHAPPEMENT-SCARICO-ARTIGIANALE-MARMITTA-1-1.jpg","width":1000,"height":875,"caption":"AROS Marmitte"},"image":{"@id":"https:\/\/www.arosmarmitte.it\/en\/#\/schema\/logo\/image\/"},"sameAs":["https:\/\/www.facebook.com\/arosmarmitte","https:\/\/x.com\/AROS_MARMITTE","https:\/\/www.instagram.com\/arosmarmitte\/","https:\/\/www.tiktok.com\/@aros_marmitte"],"email":"info@arosmarmitte.it","telephone":"3401417652"}]}},"_links":{"self":[{"href":"https:\/\/www.arosmarmitte.it\/en\/wp-json\/wp\/v2\/product\/182966","targetHints":{"allow":["GET"]}}],"collection":[{"href":"https:\/\/www.arosmarmitte.it\/en\/wp-json\/wp\/v2\/product"}],"about":[{"href":"https:\/\/www.arosmarmitte.it\/en\/wp-json\/wp\/v2\/types\/product"}],"replies":[{"embeddable":true,"href":"https:\/\/www.arosmarmitte.it\/en\/wp-json\/wp\/v2\/comments?post=182966"}],"wp:featuredmedia":[{"embeddable":true,"href":"https:\/\/www.arosmarmitte.it\/en\/wp-json\/wp\/v2\/media\/133252"}],"wp:attachment":[{"href":"https:\/\/www.arosmarmitte.it\/en\/wp-json\/wp\/v2\/media?parent=182966"}],"wp:term":[{"taxonomy":"marca","embeddable":true,"href":"https:\/\/www.arosmarmitte.it\/en\/wp-json\/wp\/v2\/marca?post=182966"},{"taxonomy":"product_brand","embeddable":true,"href":"https:\/\/www.arosmarmitte.it\/en\/wp-json\/wp\/v2\/product_brand?post=182966"},{"taxonomy":"product_cat","embeddable":true,"href":"https:\/\/www.arosmarmitte.it\/en\/wp-json\/wp\/v2\/product_cat?post=182966"},{"taxonomy":"product_tag","embeddable":true,"href":"https:\/\/www.arosmarmitte.it\/en\/wp-json\/wp\/v2\/product_tag?post=182966"}],"curies":[{"name":"wp","href":"https:\/\/api.w.org\/{rel}","templated":true}]}}