{"id":182796,"date":"2023-11-21T16:23:36","date_gmt":"2023-11-21T15:23:36","guid":{"rendered":"https:\/\/www.arosmarmitte.it\/prodotto\/uncategorized\/curva-con-imbutitura\/"},"modified":"2026-01-15T10:59:39","modified_gmt":"2026-01-15T09:59:39","slug":"curva-con-imbutitura","status":"publish","type":"product","link":"https:\/\/www.arosmarmitte.it\/en\/prodotto\/spare-parts\/bends\/curva-con-imbutitura\/","title":{"rendered":"Curva con imbutitura in acciaio inox"},"content":{"rendered":"<h1>Curva in acciaio inox con Imbutitura sul lato lungo<\/h1>\n<p>&nbsp;<\/p>\n<p>&nbsp;<\/p>\n<p>Le nostre curve con imbutitura (ovvero un&#8217;allargamento a un&#8217;estremit\u00e0) sono la soluzione perfetta per connettere tubi o altri componenti di ugual diametro. Il materiale scelto \u00e8 l&#8217;acciaio inox (inossidabile) di tipo AISI304, una superlega eccellente per resistenza, durevolezza e versatilit\u00e0.<\/p>\n<p>&nbsp;<\/p>\n<p>&nbsp;<\/p>\n<p>&nbsp;<\/p>\n<h3>Informazioni tecniche curve con imbutitura<\/h3>\n<ul>\n<li><strong>diametro: <\/strong>forniamo curve imbutite di diverso diametro, basta configurare sopra le dimensioni di cui hai bisogno &#8211; da \u00d830 a \u00d876 millimetri<\/li>\n<li><strong>spessore:\u00a0<\/strong>1,0 o 1,2 millimetri<\/li>\n<li><strong>angolo di piega:\u00a0<\/strong>30 gradi, 45 gradi o 90 gradi. Se invece hai bisogno di altri angoli puoi contattarci direttamente a\u00a0<em>info@arosmarmitte.it\u00a0<\/em>o chiamarci al\u00a0<em>+39 348 442 0254<\/em><\/li>\n<li><strong>materiale:\u00a0<\/strong>acciaio inox di tipo AISI304<\/li>\n<\/ul>\n<p>&nbsp;<\/p>\n<p>&nbsp;<\/p>\n<p>Hai bisogno di altre informazioni come il raggio medio di curvatura? <a href=\"https:\/\/www.arosmarmitte.it\/en\/contact\/\">Contattaci subito!<\/a><\/p>\n<p>&nbsp;<\/p>\n<p>&nbsp;<\/p>\n<p>&nbsp;<\/p>\n<p>Queste curve con imbutitura servono per congiungere tubi, curve o altri componenti di ugual diametro.<br \/>\nSono ideali per effettuare modifiche al proprio impianto di scarico, ma anche per altre lavorazioni. Il materiale in acciaio inox permette un&#8217;ampia versatilit\u00e0 di utilizzo in quanto si presta a lavori di saldatura.<\/p>\n<p>&nbsp;<\/p>\n<p>&nbsp;<\/p>\n<p>Le curve con imbutitura sono fornite grezze e necessitano di essere rifilate. La parte allargata (imbutitura) \u00e8 sul lato lungo.<\/p>\n<p>&nbsp;<\/p>\n<p><strong>A richiesta si realizzano curve con angolo di piega diverso dallo standard, in tal caso si avr\u00e0 <span style=\"text-decoration: underline;\">un sovrapprezzo di 45,00 euro a lotto<\/span>. Per info visitare la <a href=\"https:\/\/www.arosmarmitte.it\/en\/contact\/\">sezione contatti<\/a>.<\/strong><\/p>\n<p>&nbsp;<\/p>\n<p>&nbsp;<\/p>\n<p>&nbsp;<\/p>\n<p>ATTENZIONE: lo spessore indicato \u00e8 soggetto a disponibilit\u00e0. Qualora la curva con imbutitura non fosse disponibile nello spessore richiesto, per accelerare i tempi di evasione dell\u2019ordine, Aros provveder\u00e0 in automatico a fornire al cliente lo stesso articolo in una versione con lo spessore disponibile pi\u00f9 prossimo a quello richiesto &#8211; <em>1,0 millimetri oppure 1,2 millimetri.<\/em><\/p>\n<p>&nbsp;<\/p>\n<p>&nbsp;<\/p>\n<p>&nbsp;<\/p>\n<p>&nbsp;<\/p>\n<h6><strong><em>N.B. Per procedere alla spedizione c\u2019\u00e8 un minimo fatturabile di 85,00 \u20ac iva inclusa \u2013 spedizione esclusa.<\/em><\/strong><\/h6>\n<h6><strong>Effettuiamo spedizioni in tutta Italia in tempi brevi. Ogni articolo Aros Marmitte ha una garanzia di recesso di 14 giorni.\u00a0<a href=\"https:\/\/www.arosmarmitte.it\/en\/contact\/\" target=\"_blank\" rel=\"noopener\">Consulta le norme di spedizione<\/a>.<\/strong><\/h6>\n<p>&nbsp;<\/p>\n<hr \/>\n<h6>Visita anche la nostra\u00a0<a href=\"https:\/\/www.facebook.com\/arosmarmitte?locale=it_IT\" target=\"_blank\" rel=\"noopener\">pagina Facebook<\/a>\u00a0o il nostro\u00a0<a href=\"https:\/\/www.instagram.com\/arosmarmitte\/?next=https%3A%2F%2Fwww.instagram.com%2Farosmarmitte%2F\" target=\"_blank\" rel=\"noopener\">account Instagram<\/a>\u00a0per restare sempre aggiornato sui nostri prodotti!<\/h6>\n","protected":false},"excerpt":{"rendered":"<p>Curva in acciaio inox con Imbutitura sul lato lungo &nbsp; &nbsp; Le nostre curve con imbutitura (ovvero un&#8217;allargamento a un&#8217;estremit\u00e0) sono la soluzione perfetta per connettere tubi o altri componenti di ugual diametro. Il materiale scelto \u00e8 l&#8217;acciaio inox (inossidabile) di tipo AISI304, una superlega eccellente per resistenza, durevolezza e versatilit\u00e0. &nbsp; &nbsp; &nbsp; Informazioni [&hellip;]<\/p>\n","protected":false},"featured_media":133164,"comment_status":"closed","ping_status":"closed","template":"","meta":{"_acf_changed":false},"marca":[],"product_brand":[],"product_cat":[908,656],"product_tag":[],"class_list":{"0":"post-182796","1":"product","2":"type-product","3":"status-publish","4":"has-post-thumbnail","6":"product_cat-bends","7":"product_cat-spare-parts","9":"first","10":"instock","11":"taxable","12":"shipping-taxable","13":"purchasable","14":"product-type-variable"},"acf":[],"yoast_head":"<!-- This site is optimized with the Yoast SEO Premium plugin v24.8 (Yoast SEO v27.2) - https:\/\/yoast.com\/product\/yoast-seo-premium-wordpress\/ -->\n<title>Curva con imbutitura in acciaio inox | Aros Marmitte<\/title>\n<meta name=\"description\" content=\"Curva con imbutitura o con riduzione in acciaio inox AISI 304. Disponibile in vari diametri e spessori, perfetta per connettere tubi di ugual diametro!\" \/>\n<meta name=\"robots\" content=\"index, follow, max-snippet:-1, max-image-preview:large, max-video-preview:-1\" \/>\n<link rel=\"canonical\" href=\"https:\/\/www.arosmarmitte.it\/en\/prodotto\/spare-parts\/bends\/curva-con-imbutitura\/\" \/>\n<meta property=\"og:locale\" content=\"en_US\" \/>\n<meta property=\"og:type\" content=\"article\" \/>\n<meta property=\"og:title\" content=\"Curva con imbutitura in acciaio inox\" \/>\n<meta property=\"og:description\" content=\"Curva con imbutitura o con riduzione in acciaio inox AISI 304. Disponibile in vari diametri e spessori, perfetta per connettere tubi di ugual diametro!\" \/>\n<meta property=\"og:url\" content=\"https:\/\/www.arosmarmitte.it\/en\/prodotto\/spare-parts\/bends\/curva-con-imbutitura\/\" \/>\n<meta property=\"og:site_name\" content=\"Aros Marmitte\" \/>\n<meta property=\"article:publisher\" content=\"https:\/\/www.facebook.com\/arosmarmitte\" \/>\n<meta property=\"article:modified_time\" content=\"2026-01-15T09:59:39+00:00\" \/>\n<meta property=\"og:image\" content=\"https:\/\/www.arosmarmitte.it\/wp-content\/uploads\/Bends-with-pipe-adapter-curva-con-imbutitura-bicchiere-femmina-scarico-marmitta-exhaust-echappement-6.jpg\" \/>\n\t<meta property=\"og:image:width\" content=\"1100\" \/>\n\t<meta property=\"og:image:height\" content=\"825\" \/>\n\t<meta property=\"og:image:type\" content=\"image\/jpeg\" \/>\n<meta name=\"twitter:card\" content=\"summary_large_image\" \/>\n<meta name=\"twitter:site\" content=\"@AROS_MARMITTE\" \/>\n<meta name=\"twitter:label1\" content=\"Est. reading time\" \/>\n\t<meta name=\"twitter:data1\" content=\"2 minutes\" \/>\n<script type=\"application\/ld+json\" class=\"yoast-schema-graph\">{\"@context\":\"https:\/\/schema.org\",\"@graph\":[{\"@type\":\"WebPage\",\"@id\":\"https:\/\/www.arosmarmitte.it\/en\/prodotto\/spare-parts\/bends\/curva-con-imbutitura\/\",\"url\":\"https:\/\/www.arosmarmitte.it\/en\/prodotto\/spare-parts\/bends\/curva-con-imbutitura\/\",\"name\":\"Curva con imbutitura in acciaio inox | Aros Marmitte\",\"isPartOf\":{\"@id\":\"https:\/\/www.arosmarmitte.it\/en\/#website\"},\"primaryImageOfPage\":{\"@id\":\"https:\/\/www.arosmarmitte.it\/en\/prodotto\/spare-parts\/bends\/curva-con-imbutitura\/#primaryimage\"},\"image\":{\"@id\":\"https:\/\/www.arosmarmitte.it\/en\/prodotto\/spare-parts\/bends\/curva-con-imbutitura\/#primaryimage\"},\"thumbnailUrl\":\"https:\/\/www.arosmarmitte.it\/wp-content\/uploads\/Bends-with-pipe-adapter-curva-con-imbutitura-bicchiere-femmina-scarico-marmitta-exhaust-echappement-6.jpg\",\"datePublished\":\"2023-11-21T15:23:36+00:00\",\"dateModified\":\"2026-01-15T09:59:39+00:00\",\"description\":\"Curva con imbutitura o con riduzione in acciaio inox AISI 304. Disponibile in vari diametri e spessori, perfetta per connettere tubi di ugual diametro!\",\"breadcrumb\":{\"@id\":\"https:\/\/www.arosmarmitte.it\/en\/prodotto\/spare-parts\/bends\/curva-con-imbutitura\/#breadcrumb\"},\"inLanguage\":\"en-US\",\"potentialAction\":[{\"@type\":\"ReadAction\",\"target\":[\"https:\/\/www.arosmarmitte.it\/en\/prodotto\/spare-parts\/bends\/curva-con-imbutitura\/\"]}]},{\"@type\":\"ImageObject\",\"inLanguage\":\"en-US\",\"@id\":\"https:\/\/www.arosmarmitte.it\/en\/prodotto\/spare-parts\/bends\/curva-con-imbutitura\/#primaryimage\",\"url\":\"https:\/\/www.arosmarmitte.it\/wp-content\/uploads\/Bends-with-pipe-adapter-curva-con-imbutitura-bicchiere-femmina-scarico-marmitta-exhaust-echappement-6.jpg\",\"contentUrl\":\"https:\/\/www.arosmarmitte.it\/wp-content\/uploads\/Bends-with-pipe-adapter-curva-con-imbutitura-bicchiere-femmina-scarico-marmitta-exhaust-echappement-6.jpg\",\"width\":1100,\"height\":825,\"caption\":\"Curva imbutita o curva con riduzione in acciaio inox\"},{\"@type\":\"BreadcrumbList\",\"@id\":\"https:\/\/www.arosmarmitte.it\/en\/prodotto\/spare-parts\/bends\/curva-con-imbutitura\/#breadcrumb\",\"itemListElement\":[{\"@type\":\"ListItem\",\"position\":1,\"name\":\"Home\",\"item\":\"https:\/\/www.arosmarmitte.it\/en\/\"},{\"@type\":\"ListItem\",\"position\":2,\"name\":\"Shop\",\"item\":\"https:\/\/www.arosmarmitte.it\/shop\/\"},{\"@type\":\"ListItem\",\"position\":3,\"name\":\"Curva con imbutitura in acciaio inox\"}]},{\"@type\":\"WebSite\",\"@id\":\"https:\/\/www.arosmarmitte.it\/en\/#website\",\"url\":\"https:\/\/www.arosmarmitte.it\/en\/\",\"name\":\"Aros Marmitte\",\"description\":\"\",\"publisher\":{\"@id\":\"https:\/\/www.arosmarmitte.it\/en\/#organization\"},\"potentialAction\":[{\"@type\":\"SearchAction\",\"target\":{\"@type\":\"EntryPoint\",\"urlTemplate\":\"https:\/\/www.arosmarmitte.it\/en\/?s={search_term_string}\"},\"query-input\":{\"@type\":\"PropertyValueSpecification\",\"valueRequired\":true,\"valueName\":\"search_term_string\"}}],\"inLanguage\":\"en-US\"},{\"@type\":\"Organization\",\"@id\":\"https:\/\/www.arosmarmitte.it\/en\/#organization\",\"name\":\"AROS Marmitte\",\"alternateName\":\"AROS SRL\",\"url\":\"https:\/\/www.arosmarmitte.it\/en\/\",\"logo\":{\"@type\":\"ImageObject\",\"inLanguage\":\"en-US\",\"@id\":\"https:\/\/www.arosmarmitte.it\/en\/#\/schema\/logo\/image\/\",\"url\":\"https:\/\/www.arosmarmitte.it\/wp-content\/uploads\/AROS_MARMITTE_LOGO_2016-EXHAUST-SYSTEMS-ECHAPPEMENT-SCARICO-ARTIGIANALE-MARMITTA-1-1.jpg\",\"contentUrl\":\"https:\/\/www.arosmarmitte.it\/wp-content\/uploads\/AROS_MARMITTE_LOGO_2016-EXHAUST-SYSTEMS-ECHAPPEMENT-SCARICO-ARTIGIANALE-MARMITTA-1-1.jpg\",\"width\":1000,\"height\":875,\"caption\":\"AROS Marmitte\"},\"image\":{\"@id\":\"https:\/\/www.arosmarmitte.it\/en\/#\/schema\/logo\/image\/\"},\"sameAs\":[\"https:\/\/www.facebook.com\/arosmarmitte\",\"https:\/\/x.com\/AROS_MARMITTE\",\"https:\/\/www.instagram.com\/arosmarmitte\/\",\"https:\/\/www.tiktok.com\/@aros_marmitte\"],\"email\":\"info@arosmarmitte.it\",\"telephone\":\"3401417652\"}]}<\/script>\n<!-- \/ Yoast SEO Premium plugin. -->","yoast_head_json":{"title":"Curva con imbutitura in acciaio inox | Aros Marmitte","description":"Curva con imbutitura o con riduzione in acciaio inox AISI 304. Disponibile in vari diametri e spessori, perfetta per connettere tubi di ugual diametro!","robots":{"index":"index","follow":"follow","max-snippet":"max-snippet:-1","max-image-preview":"max-image-preview:large","max-video-preview":"max-video-preview:-1"},"canonical":"https:\/\/www.arosmarmitte.it\/en\/prodotto\/spare-parts\/bends\/curva-con-imbutitura\/","og_locale":"en_US","og_type":"article","og_title":"Curva con imbutitura in acciaio inox","og_description":"Curva con imbutitura o con riduzione in acciaio inox AISI 304. Disponibile in vari diametri e spessori, perfetta per connettere tubi di ugual diametro!","og_url":"https:\/\/www.arosmarmitte.it\/en\/prodotto\/spare-parts\/bends\/curva-con-imbutitura\/","og_site_name":"Aros Marmitte","article_publisher":"https:\/\/www.facebook.com\/arosmarmitte","article_modified_time":"2026-01-15T09:59:39+00:00","og_image":[{"width":1100,"height":825,"url":"https:\/\/www.arosmarmitte.it\/wp-content\/uploads\/Bends-with-pipe-adapter-curva-con-imbutitura-bicchiere-femmina-scarico-marmitta-exhaust-echappement-6.jpg","type":"image\/jpeg"}],"twitter_card":"summary_large_image","twitter_site":"@AROS_MARMITTE","twitter_misc":{"Est. reading time":"2 minutes"},"schema":{"@context":"https:\/\/schema.org","@graph":[{"@type":"WebPage","@id":"https:\/\/www.arosmarmitte.it\/en\/prodotto\/spare-parts\/bends\/curva-con-imbutitura\/","url":"https:\/\/www.arosmarmitte.it\/en\/prodotto\/spare-parts\/bends\/curva-con-imbutitura\/","name":"Curva con imbutitura in acciaio inox | Aros Marmitte","isPartOf":{"@id":"https:\/\/www.arosmarmitte.it\/en\/#website"},"primaryImageOfPage":{"@id":"https:\/\/www.arosmarmitte.it\/en\/prodotto\/spare-parts\/bends\/curva-con-imbutitura\/#primaryimage"},"image":{"@id":"https:\/\/www.arosmarmitte.it\/en\/prodotto\/spare-parts\/bends\/curva-con-imbutitura\/#primaryimage"},"thumbnailUrl":"https:\/\/www.arosmarmitte.it\/wp-content\/uploads\/Bends-with-pipe-adapter-curva-con-imbutitura-bicchiere-femmina-scarico-marmitta-exhaust-echappement-6.jpg","datePublished":"2023-11-21T15:23:36+00:00","dateModified":"2026-01-15T09:59:39+00:00","description":"Curva con imbutitura o con riduzione in acciaio inox AISI 304. Disponibile in vari diametri e spessori, perfetta per connettere tubi di ugual diametro!","breadcrumb":{"@id":"https:\/\/www.arosmarmitte.it\/en\/prodotto\/spare-parts\/bends\/curva-con-imbutitura\/#breadcrumb"},"inLanguage":"en-US","potentialAction":[{"@type":"ReadAction","target":["https:\/\/www.arosmarmitte.it\/en\/prodotto\/spare-parts\/bends\/curva-con-imbutitura\/"]}]},{"@type":"ImageObject","inLanguage":"en-US","@id":"https:\/\/www.arosmarmitte.it\/en\/prodotto\/spare-parts\/bends\/curva-con-imbutitura\/#primaryimage","url":"https:\/\/www.arosmarmitte.it\/wp-content\/uploads\/Bends-with-pipe-adapter-curva-con-imbutitura-bicchiere-femmina-scarico-marmitta-exhaust-echappement-6.jpg","contentUrl":"https:\/\/www.arosmarmitte.it\/wp-content\/uploads\/Bends-with-pipe-adapter-curva-con-imbutitura-bicchiere-femmina-scarico-marmitta-exhaust-echappement-6.jpg","width":1100,"height":825,"caption":"Curva imbutita o curva con riduzione in acciaio inox"},{"@type":"BreadcrumbList","@id":"https:\/\/www.arosmarmitte.it\/en\/prodotto\/spare-parts\/bends\/curva-con-imbutitura\/#breadcrumb","itemListElement":[{"@type":"ListItem","position":1,"name":"Home","item":"https:\/\/www.arosmarmitte.it\/en\/"},{"@type":"ListItem","position":2,"name":"Shop","item":"https:\/\/www.arosmarmitte.it\/shop\/"},{"@type":"ListItem","position":3,"name":"Curva con imbutitura in acciaio inox"}]},{"@type":"WebSite","@id":"https:\/\/www.arosmarmitte.it\/en\/#website","url":"https:\/\/www.arosmarmitte.it\/en\/","name":"Aros Marmitte","description":"","publisher":{"@id":"https:\/\/www.arosmarmitte.it\/en\/#organization"},"potentialAction":[{"@type":"SearchAction","target":{"@type":"EntryPoint","urlTemplate":"https:\/\/www.arosmarmitte.it\/en\/?s={search_term_string}"},"query-input":{"@type":"PropertyValueSpecification","valueRequired":true,"valueName":"search_term_string"}}],"inLanguage":"en-US"},{"@type":"Organization","@id":"https:\/\/www.arosmarmitte.it\/en\/#organization","name":"AROS Marmitte","alternateName":"AROS SRL","url":"https:\/\/www.arosmarmitte.it\/en\/","logo":{"@type":"ImageObject","inLanguage":"en-US","@id":"https:\/\/www.arosmarmitte.it\/en\/#\/schema\/logo\/image\/","url":"https:\/\/www.arosmarmitte.it\/wp-content\/uploads\/AROS_MARMITTE_LOGO_2016-EXHAUST-SYSTEMS-ECHAPPEMENT-SCARICO-ARTIGIANALE-MARMITTA-1-1.jpg","contentUrl":"https:\/\/www.arosmarmitte.it\/wp-content\/uploads\/AROS_MARMITTE_LOGO_2016-EXHAUST-SYSTEMS-ECHAPPEMENT-SCARICO-ARTIGIANALE-MARMITTA-1-1.jpg","width":1000,"height":875,"caption":"AROS Marmitte"},"image":{"@id":"https:\/\/www.arosmarmitte.it\/en\/#\/schema\/logo\/image\/"},"sameAs":["https:\/\/www.facebook.com\/arosmarmitte","https:\/\/x.com\/AROS_MARMITTE","https:\/\/www.instagram.com\/arosmarmitte\/","https:\/\/www.tiktok.com\/@aros_marmitte"],"email":"info@arosmarmitte.it","telephone":"3401417652"}]}},"_links":{"self":[{"href":"https:\/\/www.arosmarmitte.it\/en\/wp-json\/wp\/v2\/product\/182796","targetHints":{"allow":["GET"]}}],"collection":[{"href":"https:\/\/www.arosmarmitte.it\/en\/wp-json\/wp\/v2\/product"}],"about":[{"href":"https:\/\/www.arosmarmitte.it\/en\/wp-json\/wp\/v2\/types\/product"}],"replies":[{"embeddable":true,"href":"https:\/\/www.arosmarmitte.it\/en\/wp-json\/wp\/v2\/comments?post=182796"}],"wp:featuredmedia":[{"embeddable":true,"href":"https:\/\/www.arosmarmitte.it\/en\/wp-json\/wp\/v2\/media\/133164"}],"wp:attachment":[{"href":"https:\/\/www.arosmarmitte.it\/en\/wp-json\/wp\/v2\/media?parent=182796"}],"wp:term":[{"taxonomy":"marca","embeddable":true,"href":"https:\/\/www.arosmarmitte.it\/en\/wp-json\/wp\/v2\/marca?post=182796"},{"taxonomy":"product_brand","embeddable":true,"href":"https:\/\/www.arosmarmitte.it\/en\/wp-json\/wp\/v2\/product_brand?post=182796"},{"taxonomy":"product_cat","embeddable":true,"href":"https:\/\/www.arosmarmitte.it\/en\/wp-json\/wp\/v2\/product_cat?post=182796"},{"taxonomy":"product_tag","embeddable":true,"href":"https:\/\/www.arosmarmitte.it\/en\/wp-json\/wp\/v2\/product_tag?post=182796"}],"curies":[{"name":"wp","href":"https:\/\/api.w.org\/{rel}","templated":true}]}}