{"id":182780,"date":"2023-11-21T16:22:45","date_gmt":"2023-11-21T15:22:45","guid":{"rendered":"https:\/\/www.arosmarmitte.it\/prodotto\/uncategorized\/connettore-con-fascette\/"},"modified":"2026-01-15T10:56:26","modified_gmt":"2026-01-15T09:56:26","slug":"connettore-con-fascette","status":"publish","type":"product","link":"https:\/\/www.arosmarmitte.it\/en\/prodotto\/spare-parts\/connectors\/connettore-con-fascette\/","title":{"rendered":"Connettore con fascette"},"content":{"rendered":"<h1>Connettore con fascette universale<\/h1>\n<p>&nbsp;<\/p>\n<p>&nbsp;<\/p>\n<p>I nostri connettori, anche detti manicotti o spinotti, sono realizzati in acciaio inossidabile di tipo AISI 304 e vengono forniti con due fascette, una per lato, in modo da assicurare una connessione stabile fra tubi di ugual diametro.<\/p>\n<p>&nbsp;<\/p>\n<p>&nbsp;<\/p>\n<p>&nbsp;<\/p>\n<h3>Dettagli tecnici connettore per tubi:<\/h3>\n<ul>\n<li>Lunghezza: 100 millimetri<\/li>\n<li>Spessore: 1,2 millimetri<\/li>\n<li>Estremit\u00e0 con spacchi per una connessione perfetta<\/li>\n<\/ul>\n<p>&nbsp;<\/p>\n<p>&nbsp;<\/p>\n<p>I connettori con fascette Aros Marmitte sono disponibili in vari diametri, dal \u00d835 al \u00d876. Seleziona sopra il diametro di cui hai bisogno.<\/p>\n<p>Spediamo il manicotto insieme a due <a href=\"https:\/\/www.arosmarmitte.it\/en\/prodotto\/spare-parts\/clamps\/fascette-stringitubo\/\">fascette metalliche<\/a> con chiusura a bullone incluse nel prezzo.<\/p>\n<p>&nbsp;<\/p>\n<p>&nbsp;<\/p>\n<p>&nbsp;<\/p>\n<h3>A cosa serve il manicotto?<\/h3>\n<p>Il connettore con fascette, o spinotto, \u00e8 la soluzione perfetta per chi ha necessit\u00e0 di collegare due <a href=\"\/?product_cat=tubi\">tubi<\/a> o due estremit\u00e0 di ugual diametro senza dover ricorrere a saldature o operazioni meccaniche complesse. Inoltre la presenza delle fascette garantisce ulteriormente la stabilit\u00e0 della connessione, riducendo al minimo eventuali perdite di gas o liquido.<\/p>\n<p>Il materiale prescelto per il connettore \u00e8 l&#8217;acciaio inox AISI304, la lega metallica d&#8217;elezione per la sua durabilit\u00e0, termoresistenza e versatilit\u00e0.<\/p>\n<p>&nbsp;<\/p>\n<p>Ogni connettore per tubi Aros Marmitte viene accuratamente sottoposto a controllo qualit\u00e0 prima della spedizione per assicurarti il meglio. In ogni caso l&#8217;articolo pu\u00f2 essere restituito per i primi 14 giorni.<\/p>\n<p>&nbsp;<\/p>\n<p>&nbsp;<\/p>\n<p>&nbsp;<\/p>\n<h3>Come realizziamo i nostri spinotti?<\/h3>\n<ol>\n<li>Utilizziamo una macchina imbutitrice capace di allargare o stringere i tubi.<\/li>\n<li>Realizziamo gli spacchi alle estremit\u00e0 del connettore per tubi per garantire un&#8217;aderenza eccellente.<\/li>\n<li>Moliamo spacchi ed estremit\u00e0 per ridurre al minimo la presenza di bave del metallo.<\/li>\n<li>Procediamo al controllo qualit\u00e0 con una sezione di tubo del diametro richiesto.<\/li>\n<li>Infine imballiamo e spediamo l&#8217;articolo.<\/li>\n<\/ol>\n<p>&nbsp;<\/p>\n<p>Per info e contatti o richieste speciali visita <a href=\"https:\/\/www.arosmarmitte.it\/en\/contact\/\">questa pagina.<\/a><\/p>\n<p>&nbsp;<\/p>\n<p>&nbsp;<\/p>\n<p>&nbsp;<\/p>\n<p>&nbsp;<\/p>\n<h6><strong><em>N.B. Per procedere alla spedizione c\u2019\u00e8 un minimo fatturabile di 85,00 \u20ac iva inclusa \u2013 spedizione esclusa.<\/em><\/strong><\/h6>\n<h6><strong>Effettuiamo spedizioni in tutta Italia in tempi brevi. Ogni articolo Aros Marmitte ha una garanzia di recesso di 14 giorni.\u00a0<a href=\"https:\/\/www.arosmarmitte.it\/en\/contact\/\" target=\"_blank\" rel=\"noopener\">Consulta le norme di spedizione<\/a>.<\/strong><\/h6>\n<p>&nbsp;<\/p>\n<hr \/>\n<h6>Visita anche la nostra\u00a0<a href=\"https:\/\/www.facebook.com\/arosmarmitte?locale=it_IT\" target=\"_blank\" rel=\"noopener\">pagina Facebook<\/a>\u00a0o il nostro\u00a0<a href=\"https:\/\/www.instagram.com\/arosmarmitte\/?next=https%3A%2F%2Fwww.instagram.com%2Farosmarmitte%2F\" target=\"_blank\" rel=\"noopener\">account Instagram<\/a>\u00a0per restare sempre aggiornato sui nostri prodotti!<\/h6>\n","protected":false},"excerpt":{"rendered":"<p>Connettore con fascette universale &nbsp; &nbsp; I nostri connettori, anche detti manicotti o spinotti, sono realizzati in acciaio inossidabile di tipo AISI 304 e vengono forniti con due fascette, una per lato, in modo da assicurare una connessione stabile fra tubi di ugual diametro. &nbsp; &nbsp; &nbsp; Dettagli tecnici connettore per tubi: Lunghezza: 100 millimetri [&hellip;]<\/p>\n","protected":false},"featured_media":136848,"comment_status":"closed","ping_status":"closed","template":"","meta":{"_acf_changed":false},"marca":[],"product_brand":[],"product_cat":[907,656],"product_tag":[],"class_list":{"0":"post-182780","1":"product","2":"type-product","3":"status-publish","4":"has-post-thumbnail","6":"product_cat-connectors","7":"product_cat-spare-parts","9":"first","10":"instock","11":"taxable","12":"shipping-taxable","13":"purchasable","14":"product-type-variable"},"acf":[],"yoast_head":"<!-- This site is optimized with the Yoast SEO Premium plugin v24.8 (Yoast SEO v27.2) - https:\/\/yoast.com\/product\/yoast-seo-premium-wordpress\/ -->\n<title>Connettore con fascette | Manicotto per tubi | Diversi diametri | Aros Marmitte<\/title>\n<meta name=\"description\" content=\"Connettore o manicotto o spinotto per tubi con fascette in acciaio inossidabile AISI304. Disponibili subito in vari diametri! Spedizioni in tutta Italia!\" \/>\n<meta name=\"robots\" content=\"index, follow, max-snippet:-1, max-image-preview:large, max-video-preview:-1\" \/>\n<link rel=\"canonical\" href=\"https:\/\/www.arosmarmitte.it\/en\/prodotto\/spare-parts\/connectors\/connettore-con-fascette\/\" \/>\n<meta property=\"og:locale\" content=\"en_US\" \/>\n<meta property=\"og:type\" content=\"article\" \/>\n<meta property=\"og:title\" content=\"Connettore con fascette\" \/>\n<meta property=\"og:description\" content=\"Connettore o manicotto o spinotto per tubi con fascette in acciaio inossidabile AISI304. Disponibili subito in vari diametri! Spedizioni in tutta Italia!\" \/>\n<meta property=\"og:url\" content=\"https:\/\/www.arosmarmitte.it\/en\/prodotto\/spare-parts\/connectors\/connettore-con-fascette\/\" \/>\n<meta property=\"og:site_name\" content=\"Aros Marmitte\" \/>\n<meta property=\"article:publisher\" content=\"https:\/\/www.facebook.com\/arosmarmitte\" \/>\n<meta property=\"article:modified_time\" content=\"2026-01-15T09:56:26+00:00\" \/>\n<meta property=\"og:image\" content=\"https:\/\/www.arosmarmitte.it\/wp-content\/uploads\/Connettore-con-fascette-pipe-connector-with-clamps-12.jpg\" \/>\n\t<meta property=\"og:image:width\" content=\"1300\" \/>\n\t<meta property=\"og:image:height\" content=\"1021\" \/>\n\t<meta property=\"og:image:type\" content=\"image\/jpeg\" \/>\n<meta name=\"twitter:card\" content=\"summary_large_image\" \/>\n<meta name=\"twitter:site\" content=\"@AROS_MARMITTE\" \/>\n<meta name=\"twitter:label1\" content=\"Est. reading time\" \/>\n\t<meta name=\"twitter:data1\" content=\"2 minutes\" \/>\n<script type=\"application\/ld+json\" class=\"yoast-schema-graph\">{\"@context\":\"https:\/\/schema.org\",\"@graph\":[{\"@type\":\"WebPage\",\"@id\":\"https:\/\/www.arosmarmitte.it\/en\/prodotto\/spare-parts\/connectors\/connettore-con-fascette\/\",\"url\":\"https:\/\/www.arosmarmitte.it\/en\/prodotto\/spare-parts\/connectors\/connettore-con-fascette\/\",\"name\":\"Connettore con fascette | Manicotto per tubi | Diversi diametri | Aros Marmitte\",\"isPartOf\":{\"@id\":\"https:\/\/www.arosmarmitte.it\/en\/#website\"},\"primaryImageOfPage\":{\"@id\":\"https:\/\/www.arosmarmitte.it\/en\/prodotto\/spare-parts\/connectors\/connettore-con-fascette\/#primaryimage\"},\"image\":{\"@id\":\"https:\/\/www.arosmarmitte.it\/en\/prodotto\/spare-parts\/connectors\/connettore-con-fascette\/#primaryimage\"},\"thumbnailUrl\":\"https:\/\/www.arosmarmitte.it\/wp-content\/uploads\/Connettore-con-fascette-pipe-connector-with-clamps-12.jpg\",\"datePublished\":\"2023-11-21T15:22:45+00:00\",\"dateModified\":\"2026-01-15T09:56:26+00:00\",\"description\":\"Connettore o manicotto o spinotto per tubi con fascette in acciaio inossidabile AISI304. Disponibili subito in vari diametri! Spedizioni in tutta Italia!\",\"breadcrumb\":{\"@id\":\"https:\/\/www.arosmarmitte.it\/en\/prodotto\/spare-parts\/connectors\/connettore-con-fascette\/#breadcrumb\"},\"inLanguage\":\"en-US\",\"potentialAction\":[{\"@type\":\"ReadAction\",\"target\":[\"https:\/\/www.arosmarmitte.it\/en\/prodotto\/spare-parts\/connectors\/connettore-con-fascette\/\"]}]},{\"@type\":\"ImageObject\",\"inLanguage\":\"en-US\",\"@id\":\"https:\/\/www.arosmarmitte.it\/en\/prodotto\/spare-parts\/connectors\/connettore-con-fascette\/#primaryimage\",\"url\":\"https:\/\/www.arosmarmitte.it\/wp-content\/uploads\/Connettore-con-fascette-pipe-connector-with-clamps-12.jpg\",\"contentUrl\":\"https:\/\/www.arosmarmitte.it\/wp-content\/uploads\/Connettore-con-fascette-pipe-connector-with-clamps-12.jpg\",\"width\":1300,\"height\":1021,\"caption\":\"Connettore per tubi con fascette in acciaio inox AISI304 con fascette a bullone\"},{\"@type\":\"BreadcrumbList\",\"@id\":\"https:\/\/www.arosmarmitte.it\/en\/prodotto\/spare-parts\/connectors\/connettore-con-fascette\/#breadcrumb\",\"itemListElement\":[{\"@type\":\"ListItem\",\"position\":1,\"name\":\"Home\",\"item\":\"https:\/\/www.arosmarmitte.it\/en\/\"},{\"@type\":\"ListItem\",\"position\":2,\"name\":\"Shop\",\"item\":\"https:\/\/www.arosmarmitte.it\/shop\/\"},{\"@type\":\"ListItem\",\"position\":3,\"name\":\"Connettore con fascette\"}]},{\"@type\":\"WebSite\",\"@id\":\"https:\/\/www.arosmarmitte.it\/en\/#website\",\"url\":\"https:\/\/www.arosmarmitte.it\/en\/\",\"name\":\"Aros Marmitte\",\"description\":\"\",\"publisher\":{\"@id\":\"https:\/\/www.arosmarmitte.it\/en\/#organization\"},\"potentialAction\":[{\"@type\":\"SearchAction\",\"target\":{\"@type\":\"EntryPoint\",\"urlTemplate\":\"https:\/\/www.arosmarmitte.it\/en\/?s={search_term_string}\"},\"query-input\":{\"@type\":\"PropertyValueSpecification\",\"valueRequired\":true,\"valueName\":\"search_term_string\"}}],\"inLanguage\":\"en-US\"},{\"@type\":\"Organization\",\"@id\":\"https:\/\/www.arosmarmitte.it\/en\/#organization\",\"name\":\"AROS Marmitte\",\"alternateName\":\"AROS SRL\",\"url\":\"https:\/\/www.arosmarmitte.it\/en\/\",\"logo\":{\"@type\":\"ImageObject\",\"inLanguage\":\"en-US\",\"@id\":\"https:\/\/www.arosmarmitte.it\/en\/#\/schema\/logo\/image\/\",\"url\":\"https:\/\/www.arosmarmitte.it\/wp-content\/uploads\/AROS_MARMITTE_LOGO_2016-EXHAUST-SYSTEMS-ECHAPPEMENT-SCARICO-ARTIGIANALE-MARMITTA-1-1.jpg\",\"contentUrl\":\"https:\/\/www.arosmarmitte.it\/wp-content\/uploads\/AROS_MARMITTE_LOGO_2016-EXHAUST-SYSTEMS-ECHAPPEMENT-SCARICO-ARTIGIANALE-MARMITTA-1-1.jpg\",\"width\":1000,\"height\":875,\"caption\":\"AROS Marmitte\"},\"image\":{\"@id\":\"https:\/\/www.arosmarmitte.it\/en\/#\/schema\/logo\/image\/\"},\"sameAs\":[\"https:\/\/www.facebook.com\/arosmarmitte\",\"https:\/\/x.com\/AROS_MARMITTE\",\"https:\/\/www.instagram.com\/arosmarmitte\/\",\"https:\/\/www.tiktok.com\/@aros_marmitte\"],\"email\":\"info@arosmarmitte.it\",\"telephone\":\"3401417652\"}]}<\/script>\n<!-- \/ Yoast SEO Premium plugin. -->","yoast_head_json":{"title":"Connettore con fascette | Manicotto per tubi | Diversi diametri | Aros Marmitte","description":"Connettore o manicotto o spinotto per tubi con fascette in acciaio inossidabile AISI304. Disponibili subito in vari diametri! Spedizioni in tutta Italia!","robots":{"index":"index","follow":"follow","max-snippet":"max-snippet:-1","max-image-preview":"max-image-preview:large","max-video-preview":"max-video-preview:-1"},"canonical":"https:\/\/www.arosmarmitte.it\/en\/prodotto\/spare-parts\/connectors\/connettore-con-fascette\/","og_locale":"en_US","og_type":"article","og_title":"Connettore con fascette","og_description":"Connettore o manicotto o spinotto per tubi con fascette in acciaio inossidabile AISI304. Disponibili subito in vari diametri! Spedizioni in tutta Italia!","og_url":"https:\/\/www.arosmarmitte.it\/en\/prodotto\/spare-parts\/connectors\/connettore-con-fascette\/","og_site_name":"Aros Marmitte","article_publisher":"https:\/\/www.facebook.com\/arosmarmitte","article_modified_time":"2026-01-15T09:56:26+00:00","og_image":[{"width":1300,"height":1021,"url":"https:\/\/www.arosmarmitte.it\/wp-content\/uploads\/Connettore-con-fascette-pipe-connector-with-clamps-12.jpg","type":"image\/jpeg"}],"twitter_card":"summary_large_image","twitter_site":"@AROS_MARMITTE","twitter_misc":{"Est. reading time":"2 minutes"},"schema":{"@context":"https:\/\/schema.org","@graph":[{"@type":"WebPage","@id":"https:\/\/www.arosmarmitte.it\/en\/prodotto\/spare-parts\/connectors\/connettore-con-fascette\/","url":"https:\/\/www.arosmarmitte.it\/en\/prodotto\/spare-parts\/connectors\/connettore-con-fascette\/","name":"Connettore con fascette | Manicotto per tubi | Diversi diametri | Aros Marmitte","isPartOf":{"@id":"https:\/\/www.arosmarmitte.it\/en\/#website"},"primaryImageOfPage":{"@id":"https:\/\/www.arosmarmitte.it\/en\/prodotto\/spare-parts\/connectors\/connettore-con-fascette\/#primaryimage"},"image":{"@id":"https:\/\/www.arosmarmitte.it\/en\/prodotto\/spare-parts\/connectors\/connettore-con-fascette\/#primaryimage"},"thumbnailUrl":"https:\/\/www.arosmarmitte.it\/wp-content\/uploads\/Connettore-con-fascette-pipe-connector-with-clamps-12.jpg","datePublished":"2023-11-21T15:22:45+00:00","dateModified":"2026-01-15T09:56:26+00:00","description":"Connettore o manicotto o spinotto per tubi con fascette in acciaio inossidabile AISI304. Disponibili subito in vari diametri! Spedizioni in tutta Italia!","breadcrumb":{"@id":"https:\/\/www.arosmarmitte.it\/en\/prodotto\/spare-parts\/connectors\/connettore-con-fascette\/#breadcrumb"},"inLanguage":"en-US","potentialAction":[{"@type":"ReadAction","target":["https:\/\/www.arosmarmitte.it\/en\/prodotto\/spare-parts\/connectors\/connettore-con-fascette\/"]}]},{"@type":"ImageObject","inLanguage":"en-US","@id":"https:\/\/www.arosmarmitte.it\/en\/prodotto\/spare-parts\/connectors\/connettore-con-fascette\/#primaryimage","url":"https:\/\/www.arosmarmitte.it\/wp-content\/uploads\/Connettore-con-fascette-pipe-connector-with-clamps-12.jpg","contentUrl":"https:\/\/www.arosmarmitte.it\/wp-content\/uploads\/Connettore-con-fascette-pipe-connector-with-clamps-12.jpg","width":1300,"height":1021,"caption":"Connettore per tubi con fascette in acciaio inox AISI304 con fascette a bullone"},{"@type":"BreadcrumbList","@id":"https:\/\/www.arosmarmitte.it\/en\/prodotto\/spare-parts\/connectors\/connettore-con-fascette\/#breadcrumb","itemListElement":[{"@type":"ListItem","position":1,"name":"Home","item":"https:\/\/www.arosmarmitte.it\/en\/"},{"@type":"ListItem","position":2,"name":"Shop","item":"https:\/\/www.arosmarmitte.it\/shop\/"},{"@type":"ListItem","position":3,"name":"Connettore con fascette"}]},{"@type":"WebSite","@id":"https:\/\/www.arosmarmitte.it\/en\/#website","url":"https:\/\/www.arosmarmitte.it\/en\/","name":"Aros Marmitte","description":"","publisher":{"@id":"https:\/\/www.arosmarmitte.it\/en\/#organization"},"potentialAction":[{"@type":"SearchAction","target":{"@type":"EntryPoint","urlTemplate":"https:\/\/www.arosmarmitte.it\/en\/?s={search_term_string}"},"query-input":{"@type":"PropertyValueSpecification","valueRequired":true,"valueName":"search_term_string"}}],"inLanguage":"en-US"},{"@type":"Organization","@id":"https:\/\/www.arosmarmitte.it\/en\/#organization","name":"AROS Marmitte","alternateName":"AROS SRL","url":"https:\/\/www.arosmarmitte.it\/en\/","logo":{"@type":"ImageObject","inLanguage":"en-US","@id":"https:\/\/www.arosmarmitte.it\/en\/#\/schema\/logo\/image\/","url":"https:\/\/www.arosmarmitte.it\/wp-content\/uploads\/AROS_MARMITTE_LOGO_2016-EXHAUST-SYSTEMS-ECHAPPEMENT-SCARICO-ARTIGIANALE-MARMITTA-1-1.jpg","contentUrl":"https:\/\/www.arosmarmitte.it\/wp-content\/uploads\/AROS_MARMITTE_LOGO_2016-EXHAUST-SYSTEMS-ECHAPPEMENT-SCARICO-ARTIGIANALE-MARMITTA-1-1.jpg","width":1000,"height":875,"caption":"AROS Marmitte"},"image":{"@id":"https:\/\/www.arosmarmitte.it\/en\/#\/schema\/logo\/image\/"},"sameAs":["https:\/\/www.facebook.com\/arosmarmitte","https:\/\/x.com\/AROS_MARMITTE","https:\/\/www.instagram.com\/arosmarmitte\/","https:\/\/www.tiktok.com\/@aros_marmitte"],"email":"info@arosmarmitte.it","telephone":"3401417652"}]}},"_links":{"self":[{"href":"https:\/\/www.arosmarmitte.it\/en\/wp-json\/wp\/v2\/product\/182780","targetHints":{"allow":["GET"]}}],"collection":[{"href":"https:\/\/www.arosmarmitte.it\/en\/wp-json\/wp\/v2\/product"}],"about":[{"href":"https:\/\/www.arosmarmitte.it\/en\/wp-json\/wp\/v2\/types\/product"}],"replies":[{"embeddable":true,"href":"https:\/\/www.arosmarmitte.it\/en\/wp-json\/wp\/v2\/comments?post=182780"}],"wp:featuredmedia":[{"embeddable":true,"href":"https:\/\/www.arosmarmitte.it\/en\/wp-json\/wp\/v2\/media\/136848"}],"wp:attachment":[{"href":"https:\/\/www.arosmarmitte.it\/en\/wp-json\/wp\/v2\/media?parent=182780"}],"wp:term":[{"taxonomy":"marca","embeddable":true,"href":"https:\/\/www.arosmarmitte.it\/en\/wp-json\/wp\/v2\/marca?post=182780"},{"taxonomy":"product_brand","embeddable":true,"href":"https:\/\/www.arosmarmitte.it\/en\/wp-json\/wp\/v2\/product_brand?post=182780"},{"taxonomy":"product_cat","embeddable":true,"href":"https:\/\/www.arosmarmitte.it\/en\/wp-json\/wp\/v2\/product_cat?post=182780"},{"taxonomy":"product_tag","embeddable":true,"href":"https:\/\/www.arosmarmitte.it\/en\/wp-json\/wp\/v2\/product_tag?post=182780"}],"curies":[{"name":"wp","href":"https:\/\/api.w.org\/{rel}","templated":true}]}}