{"id":182531,"date":"2023-11-21T16:22:35","date_gmt":"2023-11-21T15:22:35","guid":{"rendered":"https:\/\/www.arosmarmitte.it\/prodotto\/uncategorized\/adattatore-per-tubo\/"},"modified":"2025-06-06T16:20:42","modified_gmt":"2025-06-06T14:20:42","slug":"adattatore-per-tubo","status":"publish","type":"product","link":"https:\/\/www.arosmarmitte.it\/en\/prodotto\/spare-parts\/connectors\/adattatore-per-tubo\/","title":{"rendered":"Pipe adapter"},"content":{"rendered":"<h2>Adattatori per tubo | Aros Marmitte<\/h2>\n<p>I nostri adattatori per tubo o raccordi per scarico sono realizzati in <strong>acciaio inossidabile AISI304 <\/strong>(anche conosciuto come acciaio inox 18-10). Anche chiamati bicchieri maschio\/femmina, sono la soluzione perfetta e professionale per collegare tubi di diametro uguale.<\/p>\n<p>Per questo prodotto abbiamo scelto uno spessore di 1,2 millimetri per garantire resistenza in ogni tipo di applicazione, senza comunque esagerare con il peso totale.<\/p>\n<p>La lunghezza dell&#8217;adattatore per tubo \u00e8 di 130 millimetri, mentra la lunghezza della parte imbutita (ovvero della parte allargata di tubo per adattarsi) \u00e8 di 50 millimetri.<\/p>\n<p>&nbsp;<\/p>\n<p>Per realizzare i nostri adattatori per tubo, o raccordi per scarico, utilizziamo una macchina imbutitrice di ultima generazione, capace di non danneggiare il core dell&#8217;acciaio.<\/p>\n<h4><em>Tutti i prodotti vengono provati qualitativamente prima di essere spediti.<\/em><\/h4>\n<p>&nbsp;<\/p>\n<hr \/>\n<p>&nbsp;<\/p>\n<p>L&#8217;acciaio inossidabile AISI304 \u00e8 uno dei materiali pi\u00f9 utilizzati nell&#8217;industria in generale per le sue eccellenti qualit\u00e0 <em>(<a href=\"https:\/\/it.wikipedia.org\/wiki\/AISI_304\" target=\"_blank\" rel=\"noopener\">fonte<\/a>)<\/em>:<\/p>\n<ul>\n<li><strong>Resistenza alla corrosione:\u00a0<\/strong>l&#8217;AISI304 \u00e8 altamente resistente alla corrosione causata da agenti atmosferici quali acqua, acidi organici e inorganici.<\/li>\n<li><strong>Igiene:\u00a0<\/strong>la superficia liscia e non porosa, microscopicamente parlando, rende difficile l&#8217;adesione di sporco e batteri facilitandone la manutenzion.<\/li>\n<li><strong>Durata:\u00a0<\/strong>l&#8217;inossidabilit\u00e0 lo rende un materiale eccellente per chi necessita di prodotti duraturi e affidabili.<\/li>\n<li><strong>Estetica:\u00a0<\/strong>l&#8217;aspetto lucido tipico dell&#8217;acciaio lo rende molto apprezzato anche visivamente<\/li>\n<li><strong>Versatilit\u00e0:\u00a0<\/strong>noi utilizziamo l&#8217;acciaio inossidabile AISI304 nel settore automotive, ma sappiamo che che pu\u00f2 essere facilmente lavorato, saldato e formato in una vasta gamma di prodotti.<\/li>\n<li><strong>Termoresistenza:\u00a0<\/strong> l&#8217;AISI304 pu\u00f2 resistere a temperature elevate senza perdere le sue propriet\u00e0 meccaniche.<\/li>\n<\/ul>\n<p>&nbsp;<\/p>\n<hr \/>\n<p>&nbsp;<\/p>\n<p>Stai cercando la soluzione ideale per connettere tubi di ugual diametro?\u00a0 I nostri adattatori per tubo o raccordi per scarico sono perfetti per ci\u00f2 di cui hai bisogno!<br \/>\nPuoi selezionare il diametro di tua preferenza o <a href=\"https:\/\/www.arosmarmitte.it\/en\/contact\/\" target=\"_blank\" rel=\"noopener\">contattarci<\/a> per richieste speciali, faremo il possibile per venirti incontro.<\/p>\n<p>&nbsp;<\/p>\n<ul>\n<li>spedizioni veloci in tutta Italia<\/li>\n<li>reso gratuito per i primi 14 giorni<\/li>\n<li>affidabilit\u00e0 100% italiana<\/li>\n<\/ul>\n<p>&nbsp;<\/p>\n<h4>Approfitta subito! Acquista ora i tuoi adattatori per tubo.<\/h4>\n<hr \/>\n<h3><\/h3>\n<h3>Acquistato spesso con l&#8217;adattatore per tubo:<\/h3>\n<ul>\n<li><a href=\"https:\/\/www.arosmarmitte.it\/prodotto\/ricambi\/tubi-inox\/tubo-inox\/\" target=\"_blank\" rel=\"noopener\">tubo<\/a><\/li>\n<li><a href=\"https:\/\/www.arosmarmitte.it\/prodotto\/ricambi\/tubi-inox\/tubo-inox-imbutito-aisi304\/\" target=\"_blank\" rel=\"noopener\">tubo allargato<\/a><\/li>\n<li><a href=\"https:\/\/www.arosmarmitte.it\/prodotto\/ricambi\/curve\/curva-acciaio-inox\/\" target=\"_blank\" rel=\"noopener\">curve<\/a><\/li>\n<\/ul>\n<p>&nbsp;<\/p>\n<hr \/>\n<h5><\/h5>\n<h5><em>N.B. Per procedere alla spedizione c&#8217;\u00e8 un minimo fatturabile di <span style=\"text-decoration: underline;\">36,60\u20ac iva inclusa<\/span> &#8211; spedizione esclusa. <\/em><\/h5>\n<h5>Effettuiamo spedizioni in tutta Italia in tempi brevi. Ogni articolo Aros Marmitte ha una garanzia di recesso di 14 giorni. <a href=\"https:\/\/www.arosmarmitte.it\/en\/contact\/\" target=\"_blank\" rel=\"noopener\">Consulta le norme di spedizione<\/a>.<\/h5>\n<hr \/>\n<h6>Visita anche la nostra\u00a0<a href=\"https:\/\/www.facebook.com\/arosmarmitte?locale=it_IT\" target=\"_blank\" rel=\"noopener\">pagina Facebook<\/a>\u00a0o il nostro\u00a0<a href=\"https:\/\/www.instagram.com\/arosmarmitte\/?next=https%3A%2F%2Fwww.instagram.com%2Farosmarmitte%2F\" target=\"_blank\" rel=\"noopener\">account Instagram<\/a>\u00a0per restare sempre aggiornato sui nostri prodotti!<\/h6>\n<pre><em>\u00a0<\/em><\/pre>\n","protected":false},"excerpt":{"rendered":"<p>Adattatori per tubo | Aros Marmitte I nostri adattatori per tubo o raccordi per scarico sono realizzati in acciaio inossidabile AISI304 (anche conosciuto come acciaio inox 18-10). Anche chiamati bicchieri maschio\/femmina, sono la soluzione perfetta e professionale per collegare tubi di diametro uguale. Per questo prodotto abbiamo scelto uno spessore di 1,2 millimetri per garantire [&hellip;]<\/p>\n","protected":false},"featured_media":173503,"comment_status":"closed","ping_status":"closed","template":"","meta":{"_acf_changed":false},"marca":[],"product_brand":[],"product_cat":[907,656],"product_tag":[],"class_list":{"0":"post-182531","1":"product","2":"type-product","3":"status-publish","4":"has-post-thumbnail","6":"product_cat-connectors","7":"product_cat-spare-parts","9":"first","10":"instock","11":"taxable","12":"shipping-taxable","13":"purchasable","14":"product-type-variable"},"acf":[],"yoast_head":"<!-- This site is optimized with the Yoast SEO Premium plugin v24.8 (Yoast SEO v27.2) - https:\/\/yoast.com\/product\/yoast-seo-premium-wordpress\/ -->\n<title>Pipe adapter in acciaio Inox | Raccordo scarico | Acquista ora | Aros Marmitte<\/title>\n<meta name=\"description\" content=\"Adattatore per tubo o raccordo per scarico in vari diametri! Materiale acciaio inox di tipo AISI304. Acquista ora! Spedizioni in tutta Italia!\" \/>\n<meta name=\"robots\" content=\"index, follow, max-snippet:-1, max-image-preview:large, max-video-preview:-1\" \/>\n<link rel=\"canonical\" href=\"https:\/\/www.arosmarmitte.it\/en\/prodotto\/spare-parts\/connectors\/adattatore-per-tubo\/\" \/>\n<meta property=\"og:locale\" content=\"en_US\" \/>\n<meta property=\"og:type\" content=\"article\" \/>\n<meta property=\"og:title\" content=\"Pipe adapter\" \/>\n<meta property=\"og:description\" content=\"Adattatore per tubo o raccordo per scarico in vari diametri! Materiale acciaio inox di tipo AISI304. Acquista ora! Spedizioni in tutta Italia!\" \/>\n<meta property=\"og:url\" content=\"https:\/\/www.arosmarmitte.it\/en\/prodotto\/spare-parts\/connectors\/adattatore-per-tubo\/\" \/>\n<meta property=\"og:site_name\" content=\"Aros Marmitte\" \/>\n<meta property=\"article:publisher\" content=\"https:\/\/www.facebook.com\/arosmarmitte\" \/>\n<meta property=\"article:modified_time\" content=\"2025-06-06T14:20:42+00:00\" \/>\n<meta property=\"og:image\" content=\"https:\/\/www.arosmarmitte.it\/wp-content\/uploads\/Adattatori-tubo-Aros-marmitte.jpg\" \/>\n\t<meta property=\"og:image:width\" content=\"1280\" \/>\n\t<meta property=\"og:image:height\" content=\"1024\" \/>\n\t<meta property=\"og:image:type\" content=\"image\/jpeg\" \/>\n<meta name=\"twitter:card\" content=\"summary_large_image\" \/>\n<meta name=\"twitter:site\" content=\"@AROS_MARMITTE\" \/>\n<meta name=\"twitter:label1\" content=\"Est. reading time\" \/>\n\t<meta name=\"twitter:data1\" content=\"3 minutes\" \/>\n<script type=\"application\/ld+json\" class=\"yoast-schema-graph\">{\"@context\":\"https:\/\/schema.org\",\"@graph\":[{\"@type\":\"WebPage\",\"@id\":\"https:\/\/www.arosmarmitte.it\/en\/prodotto\/spare-parts\/connectors\/adattatore-per-tubo\/\",\"url\":\"https:\/\/www.arosmarmitte.it\/en\/prodotto\/spare-parts\/connectors\/adattatore-per-tubo\/\",\"name\":\"Pipe adapter in acciaio Inox | Raccordo scarico | Acquista ora | Aros Marmitte\",\"isPartOf\":{\"@id\":\"https:\/\/www.arosmarmitte.it\/en\/#website\"},\"primaryImageOfPage\":{\"@id\":\"https:\/\/www.arosmarmitte.it\/en\/prodotto\/spare-parts\/connectors\/adattatore-per-tubo\/#primaryimage\"},\"image\":{\"@id\":\"https:\/\/www.arosmarmitte.it\/en\/prodotto\/spare-parts\/connectors\/adattatore-per-tubo\/#primaryimage\"},\"thumbnailUrl\":\"https:\/\/www.arosmarmitte.it\/wp-content\/uploads\/Adattatori-tubo-Aros-marmitte.jpg\",\"datePublished\":\"2023-11-21T15:22:35+00:00\",\"dateModified\":\"2025-06-06T14:20:42+00:00\",\"description\":\"Adattatore per tubo o raccordo per scarico in vari diametri! Materiale acciaio inox di tipo AISI304. Acquista ora! Spedizioni in tutta Italia!\",\"breadcrumb\":{\"@id\":\"https:\/\/www.arosmarmitte.it\/en\/prodotto\/spare-parts\/connectors\/adattatore-per-tubo\/#breadcrumb\"},\"inLanguage\":\"en-US\",\"potentialAction\":[{\"@type\":\"ReadAction\",\"target\":[\"https:\/\/www.arosmarmitte.it\/en\/prodotto\/spare-parts\/connectors\/adattatore-per-tubo\/\"]}]},{\"@type\":\"ImageObject\",\"inLanguage\":\"en-US\",\"@id\":\"https:\/\/www.arosmarmitte.it\/en\/prodotto\/spare-parts\/connectors\/adattatore-per-tubo\/#primaryimage\",\"url\":\"https:\/\/www.arosmarmitte.it\/wp-content\/uploads\/Adattatori-tubo-Aros-marmitte.jpg\",\"contentUrl\":\"https:\/\/www.arosmarmitte.it\/wp-content\/uploads\/Adattatori-tubo-Aros-marmitte.jpg\",\"width\":1280,\"height\":1024,\"caption\":\"Adattatore o raccorod per tubi, tubazioni e impianti di scarico in acciaio inox\"},{\"@type\":\"BreadcrumbList\",\"@id\":\"https:\/\/www.arosmarmitte.it\/en\/prodotto\/spare-parts\/connectors\/adattatore-per-tubo\/#breadcrumb\",\"itemListElement\":[{\"@type\":\"ListItem\",\"position\":1,\"name\":\"Home\",\"item\":\"https:\/\/www.arosmarmitte.it\/en\/\"},{\"@type\":\"ListItem\",\"position\":2,\"name\":\"Shop\",\"item\":\"https:\/\/www.arosmarmitte.it\/shop\/\"},{\"@type\":\"ListItem\",\"position\":3,\"name\":\"Raccordo per scarico e tubazioni\"}]},{\"@type\":\"WebSite\",\"@id\":\"https:\/\/www.arosmarmitte.it\/en\/#website\",\"url\":\"https:\/\/www.arosmarmitte.it\/en\/\",\"name\":\"Aros Marmitte\",\"description\":\"\",\"publisher\":{\"@id\":\"https:\/\/www.arosmarmitte.it\/en\/#organization\"},\"potentialAction\":[{\"@type\":\"SearchAction\",\"target\":{\"@type\":\"EntryPoint\",\"urlTemplate\":\"https:\/\/www.arosmarmitte.it\/en\/?s={search_term_string}\"},\"query-input\":{\"@type\":\"PropertyValueSpecification\",\"valueRequired\":true,\"valueName\":\"search_term_string\"}}],\"inLanguage\":\"en-US\"},{\"@type\":\"Organization\",\"@id\":\"https:\/\/www.arosmarmitte.it\/en\/#organization\",\"name\":\"AROS Marmitte\",\"alternateName\":\"AROS SRL\",\"url\":\"https:\/\/www.arosmarmitte.it\/en\/\",\"logo\":{\"@type\":\"ImageObject\",\"inLanguage\":\"en-US\",\"@id\":\"https:\/\/www.arosmarmitte.it\/en\/#\/schema\/logo\/image\/\",\"url\":\"https:\/\/www.arosmarmitte.it\/wp-content\/uploads\/AROS_MARMITTE_LOGO_2016-EXHAUST-SYSTEMS-ECHAPPEMENT-SCARICO-ARTIGIANALE-MARMITTA-1-1.jpg\",\"contentUrl\":\"https:\/\/www.arosmarmitte.it\/wp-content\/uploads\/AROS_MARMITTE_LOGO_2016-EXHAUST-SYSTEMS-ECHAPPEMENT-SCARICO-ARTIGIANALE-MARMITTA-1-1.jpg\",\"width\":1000,\"height\":875,\"caption\":\"AROS Marmitte\"},\"image\":{\"@id\":\"https:\/\/www.arosmarmitte.it\/en\/#\/schema\/logo\/image\/\"},\"sameAs\":[\"https:\/\/www.facebook.com\/arosmarmitte\",\"https:\/\/x.com\/AROS_MARMITTE\",\"https:\/\/www.instagram.com\/arosmarmitte\/\",\"https:\/\/www.tiktok.com\/@aros_marmitte\"],\"email\":\"info@arosmarmitte.it\",\"telephone\":\"3401417652\"}]}<\/script>\n<!-- \/ Yoast SEO Premium plugin. -->","yoast_head_json":{"title":"Pipe adapter in acciaio Inox | Raccordo scarico | Acquista ora | Aros Marmitte","description":"Adattatore per tubo o raccordo per scarico in vari diametri! Materiale acciaio inox di tipo AISI304. Acquista ora! Spedizioni in tutta Italia!","robots":{"index":"index","follow":"follow","max-snippet":"max-snippet:-1","max-image-preview":"max-image-preview:large","max-video-preview":"max-video-preview:-1"},"canonical":"https:\/\/www.arosmarmitte.it\/en\/prodotto\/spare-parts\/connectors\/adattatore-per-tubo\/","og_locale":"en_US","og_type":"article","og_title":"Pipe adapter","og_description":"Adattatore per tubo o raccordo per scarico in vari diametri! Materiale acciaio inox di tipo AISI304. Acquista ora! Spedizioni in tutta Italia!","og_url":"https:\/\/www.arosmarmitte.it\/en\/prodotto\/spare-parts\/connectors\/adattatore-per-tubo\/","og_site_name":"Aros Marmitte","article_publisher":"https:\/\/www.facebook.com\/arosmarmitte","article_modified_time":"2025-06-06T14:20:42+00:00","og_image":[{"width":1280,"height":1024,"url":"https:\/\/www.arosmarmitte.it\/wp-content\/uploads\/Adattatori-tubo-Aros-marmitte.jpg","type":"image\/jpeg"}],"twitter_card":"summary_large_image","twitter_site":"@AROS_MARMITTE","twitter_misc":{"Est. reading time":"3 minutes"},"schema":{"@context":"https:\/\/schema.org","@graph":[{"@type":"WebPage","@id":"https:\/\/www.arosmarmitte.it\/en\/prodotto\/spare-parts\/connectors\/adattatore-per-tubo\/","url":"https:\/\/www.arosmarmitte.it\/en\/prodotto\/spare-parts\/connectors\/adattatore-per-tubo\/","name":"Pipe adapter in acciaio Inox | Raccordo scarico | Acquista ora | Aros Marmitte","isPartOf":{"@id":"https:\/\/www.arosmarmitte.it\/en\/#website"},"primaryImageOfPage":{"@id":"https:\/\/www.arosmarmitte.it\/en\/prodotto\/spare-parts\/connectors\/adattatore-per-tubo\/#primaryimage"},"image":{"@id":"https:\/\/www.arosmarmitte.it\/en\/prodotto\/spare-parts\/connectors\/adattatore-per-tubo\/#primaryimage"},"thumbnailUrl":"https:\/\/www.arosmarmitte.it\/wp-content\/uploads\/Adattatori-tubo-Aros-marmitte.jpg","datePublished":"2023-11-21T15:22:35+00:00","dateModified":"2025-06-06T14:20:42+00:00","description":"Adattatore per tubo o raccordo per scarico in vari diametri! Materiale acciaio inox di tipo AISI304. Acquista ora! Spedizioni in tutta Italia!","breadcrumb":{"@id":"https:\/\/www.arosmarmitte.it\/en\/prodotto\/spare-parts\/connectors\/adattatore-per-tubo\/#breadcrumb"},"inLanguage":"en-US","potentialAction":[{"@type":"ReadAction","target":["https:\/\/www.arosmarmitte.it\/en\/prodotto\/spare-parts\/connectors\/adattatore-per-tubo\/"]}]},{"@type":"ImageObject","inLanguage":"en-US","@id":"https:\/\/www.arosmarmitte.it\/en\/prodotto\/spare-parts\/connectors\/adattatore-per-tubo\/#primaryimage","url":"https:\/\/www.arosmarmitte.it\/wp-content\/uploads\/Adattatori-tubo-Aros-marmitte.jpg","contentUrl":"https:\/\/www.arosmarmitte.it\/wp-content\/uploads\/Adattatori-tubo-Aros-marmitte.jpg","width":1280,"height":1024,"caption":"Adattatore o raccorod per tubi, tubazioni e impianti di scarico in acciaio inox"},{"@type":"BreadcrumbList","@id":"https:\/\/www.arosmarmitte.it\/en\/prodotto\/spare-parts\/connectors\/adattatore-per-tubo\/#breadcrumb","itemListElement":[{"@type":"ListItem","position":1,"name":"Home","item":"https:\/\/www.arosmarmitte.it\/en\/"},{"@type":"ListItem","position":2,"name":"Shop","item":"https:\/\/www.arosmarmitte.it\/shop\/"},{"@type":"ListItem","position":3,"name":"Raccordo per scarico e tubazioni"}]},{"@type":"WebSite","@id":"https:\/\/www.arosmarmitte.it\/en\/#website","url":"https:\/\/www.arosmarmitte.it\/en\/","name":"Aros Marmitte","description":"","publisher":{"@id":"https:\/\/www.arosmarmitte.it\/en\/#organization"},"potentialAction":[{"@type":"SearchAction","target":{"@type":"EntryPoint","urlTemplate":"https:\/\/www.arosmarmitte.it\/en\/?s={search_term_string}"},"query-input":{"@type":"PropertyValueSpecification","valueRequired":true,"valueName":"search_term_string"}}],"inLanguage":"en-US"},{"@type":"Organization","@id":"https:\/\/www.arosmarmitte.it\/en\/#organization","name":"AROS Marmitte","alternateName":"AROS SRL","url":"https:\/\/www.arosmarmitte.it\/en\/","logo":{"@type":"ImageObject","inLanguage":"en-US","@id":"https:\/\/www.arosmarmitte.it\/en\/#\/schema\/logo\/image\/","url":"https:\/\/www.arosmarmitte.it\/wp-content\/uploads\/AROS_MARMITTE_LOGO_2016-EXHAUST-SYSTEMS-ECHAPPEMENT-SCARICO-ARTIGIANALE-MARMITTA-1-1.jpg","contentUrl":"https:\/\/www.arosmarmitte.it\/wp-content\/uploads\/AROS_MARMITTE_LOGO_2016-EXHAUST-SYSTEMS-ECHAPPEMENT-SCARICO-ARTIGIANALE-MARMITTA-1-1.jpg","width":1000,"height":875,"caption":"AROS Marmitte"},"image":{"@id":"https:\/\/www.arosmarmitte.it\/en\/#\/schema\/logo\/image\/"},"sameAs":["https:\/\/www.facebook.com\/arosmarmitte","https:\/\/x.com\/AROS_MARMITTE","https:\/\/www.instagram.com\/arosmarmitte\/","https:\/\/www.tiktok.com\/@aros_marmitte"],"email":"info@arosmarmitte.it","telephone":"3401417652"}]}},"_links":{"self":[{"href":"https:\/\/www.arosmarmitte.it\/en\/wp-json\/wp\/v2\/product\/182531","targetHints":{"allow":["GET"]}}],"collection":[{"href":"https:\/\/www.arosmarmitte.it\/en\/wp-json\/wp\/v2\/product"}],"about":[{"href":"https:\/\/www.arosmarmitte.it\/en\/wp-json\/wp\/v2\/types\/product"}],"replies":[{"embeddable":true,"href":"https:\/\/www.arosmarmitte.it\/en\/wp-json\/wp\/v2\/comments?post=182531"}],"wp:featuredmedia":[{"embeddable":true,"href":"https:\/\/www.arosmarmitte.it\/en\/wp-json\/wp\/v2\/media\/173503"}],"wp:attachment":[{"href":"https:\/\/www.arosmarmitte.it\/en\/wp-json\/wp\/v2\/media?parent=182531"}],"wp:term":[{"taxonomy":"marca","embeddable":true,"href":"https:\/\/www.arosmarmitte.it\/en\/wp-json\/wp\/v2\/marca?post=182531"},{"taxonomy":"product_brand","embeddable":true,"href":"https:\/\/www.arosmarmitte.it\/en\/wp-json\/wp\/v2\/product_brand?post=182531"},{"taxonomy":"product_cat","embeddable":true,"href":"https:\/\/www.arosmarmitte.it\/en\/wp-json\/wp\/v2\/product_cat?post=182531"},{"taxonomy":"product_tag","embeddable":true,"href":"https:\/\/www.arosmarmitte.it\/en\/wp-json\/wp\/v2\/product_tag?post=182531"}],"curies":[{"name":"wp","href":"https:\/\/api.w.org\/{rel}","templated":true}]}}