{"id":168195,"date":"2024-12-12T10:59:15","date_gmt":"2024-12-12T09:59:15","guid":{"rendered":"https:\/\/www.arosmarmitte.it\/prodotto\/senza-categoria\/sezion-x-pipe-elimina-silenziatore\/"},"modified":"2025-11-03T09:06:15","modified_gmt":"2025-11-03T08:06:15","slug":"sezion-x-pipe-elimina-silenziatore-ferrari-456-1992-2003","status":"publish","type":"product","link":"https:\/\/www.arosmarmitte.it\/en\/prodotto\/exhaust-systems\/sezion-x-pipe-elimina-silenziatore-ferrari-456-1992-2003\/","title":{"rendered":"456 &#8211; Sezione X-pipe elimina silenziatore"},"content":{"rendered":"<h1>Sezione X-pipe elimina silenziatore per Ferrari 456<\/h1>\n<h2>Sezione X-pipe elimina silenziatore in acciaio Inox per Ferrari 456 | 1992-2003<\/h2>\n<p>&nbsp;<\/p>\n<p>&nbsp;<\/p>\n<p>La sezione X-pipe elimina silenziatore ha la funzione specifica di eliminare il silenziatore della tua Ferrari 456 permettendo di incrementare le prestazioni generali di deflusso dei gas di scarico.<\/p>\n<p>Il nostro X-pipe \u00e8 pensato per chi cerca la massima libert\u00e0 di sound e performance per il suo impianto di scarico.<\/p>\n<p>&nbsp;<\/p>\n<p>&nbsp;<\/p>\n<p>&nbsp;<\/p>\n<h3>Dettagli tecnici<\/h3>\n<ul>\n<li>realizzato in acciaio Inox AISI 304<\/li>\n<li>saldature a TIG<\/li>\n<li>tubo con spessore ridotto<\/li>\n<li>montaggio Plug&amp;play con modifica del sistema di gestione elettronica<\/li>\n<\/ul>\n<p>&nbsp;<\/p>\n<p><strong>Perch\u00e8 utilizziamo l\u2019acciaio Inox per i nostri prodotti?<\/strong><\/p>\n<p>Questo tipo di materiale \u00e8 noto per la sua durevolezza, resistenza meccanica e termica, versatilit\u00e0 ed affidabilit\u00e0. Tutti i nostri impianti di scarico standard sono realizzati in acciaio Inox AISI 304.<\/p>\n<p>&nbsp;<\/p>\n<p><strong>Perch\u00e8 le saldature a TIG?<\/strong><\/p>\n<p>La saldatura a TIG \u00e8 una tecnica fine e complicata eppure molto resistente. Questa, unita al ridotto spessore del tubo, garantisce un prodotto estremamente leggero con un tocco di classe estetico che porta ulteriore valore al tuo scarico.<\/p>\n<p>&nbsp;<\/p>\n<p><strong>Cosa vuol dire Plug&amp;play?<\/strong><\/p>\n<p>Significa che per montare l\u2019X-pipe sulla tua Ferrari 456 ti baster\u00e0 sfruttare tutti gli attacchi gi\u00e0 presenti in vettura senza effettuare lavori e modifiche grazie alla presenza di tutti gli innesti sonda e delle staffe necessarie.<\/p>\n<p>&nbsp;<\/p>\n<p>&nbsp;<\/p>\n<p>&nbsp;<\/p>\n<p>&nbsp;<\/p>\n<p><em>Infine ci teniamo a sottolineare che progettazione, sviluppo, realizzazione e produzione sono operazioni svolte esclusivamente all\u2019interno della nostra sede e che il prodotto gode di tutte le caratteristiche e cure della migliore tradizione artigianale italiana.<\/em><\/p>\n<p>&nbsp;<\/p>\n<p><em>Non trovi quello che cerchi?\u00a0<\/em>Visita la sezione\u00a0<a href=\"https:\/\/www.arosmarmitte.it\/contatti\/\" target=\"_blank\" rel=\"noopener\">contatti<\/a>\u00a0e chiamaci o scrivici via whatsapp.<\/p>\n<p>&nbsp;<\/p>\n<p>&nbsp;<\/p>\n<h5>Effettuiamo spedizioni in tutta Italia in tempi brevi. Ogni articolo Aros Marmitte ha una garanzia di recesso di 14 giorni.\u00a0<a href=\"https:\/\/www.arosmarmitte.it\/contatti\/\" target=\"_blank\" rel=\"noopener\">Consulta le norme di spedizione<\/a>.<br \/>\n________________________________________________________________________________________________________<\/h5>\n<h6>Visita anche la nostra\u00a0<a href=\"https:\/\/www.facebook.com\/arosmarmitte?locale=it_IT\" target=\"_blank\" rel=\"noopener\">pagina Facebook<\/a>\u00a0o il nostro\u00a0<a href=\"https:\/\/www.instagram.com\/arosmarmitte\/?next=https%3A%2F%2Fwww.instagram.com%2Farosmarmitte%2F\" target=\"_blank\" rel=\"noopener\">account Instagram<\/a>\u00a0per restare sempre aggiornato sui nostri prodotti!<\/h6>\n","protected":false},"excerpt":{"rendered":"<p>Sezione X-pipe elimina silenziatore per Ferrari 456 Sezione X-pipe elimina silenziatore in acciaio Inox per Ferrari 456 | 1992-2003 &nbsp; &nbsp; La sezione X-pipe elimina silenziatore ha la funzione specifica di eliminare il silenziatore della tua Ferrari 456 permettendo di incrementare le prestazioni generali di deflusso dei gas di scarico. Il nostro X-pipe \u00e8 pensato [&hellip;]<\/p>\n","protected":false},"featured_media":168193,"comment_status":"closed","ping_status":"closed","template":"","meta":{"_acf_changed":false},"marca":[],"product_brand":[],"product_cat":[15],"product_tag":[],"class_list":{"0":"post-168195","1":"product","2":"type-product","3":"status-publish","4":"has-post-thumbnail","6":"product_cat-impianti-di-scarico","8":"first","9":"instock","10":"taxable","11":"shipping-taxable","12":"purchasable","13":"product-type-simple"},"acf":[],"yoast_head":"<!-- This site is optimized with the Yoast SEO Premium plugin v24.8 (Yoast SEO v27.2) - https:\/\/yoast.com\/product\/yoast-seo-premium-wordpress\/ -->\n<title>Sezione X-pipe elimina silenziatore | Aros Marmitte<\/title>\n<meta name=\"description\" content=\"Aumenta il sound della tua Ferrari 456 con il nostro X-pipe elimina silenziatore! Scopri di pi\u00f9, visita subito il nostro sito!\" \/>\n<meta name=\"robots\" content=\"index, follow, max-snippet:-1, max-image-preview:large, max-video-preview:-1\" \/>\n<link rel=\"canonical\" href=\"https:\/\/www.arosmarmitte.it\/prodotto\/impianti-di-scarico\/sezion-x-pipe-elimina-silenziatore-ferrari-456-1992-2003\/\" \/>\n<meta property=\"og:locale\" content=\"en_US\" \/>\n<meta property=\"og:type\" content=\"article\" \/>\n<meta property=\"og:title\" content=\"456 - Sezione X-pipe elimina silenziatore\" \/>\n<meta property=\"og:description\" content=\"Aumenta il sound della tua Ferrari 456 con il nostro X-pipe elimina silenziatore! Scopri di pi\u00f9, visita subito il nostro sito!\" \/>\n<meta property=\"og:url\" content=\"https:\/\/www.arosmarmitte.it\/prodotto\/impianti-di-scarico\/sezion-x-pipe-elimina-silenziatore-ferrari-456-1992-2003\/\" \/>\n<meta property=\"og:site_name\" content=\"Aros Marmitte\" \/>\n<meta property=\"article:publisher\" content=\"https:\/\/www.facebook.com\/arosmarmitte\" \/>\n<meta property=\"article:modified_time\" content=\"2025-11-03T08:06:15+00:00\" \/>\n<meta property=\"og:image\" content=\"https:\/\/www.arosmarmitte.it\/wp-content\/uploads\/Ferrari-456-storica-classica-sezione-elimina-silenziatore-xpipe-exhaust-system-sound-echappement-marmitta-scarico-articianale-scaled-1.jpg\" \/>\n\t<meta property=\"og:image:width\" content=\"2560\" \/>\n\t<meta property=\"og:image:height\" content=\"1829\" \/>\n\t<meta property=\"og:image:type\" content=\"image\/jpeg\" \/>\n<meta name=\"twitter:card\" content=\"summary_large_image\" \/>\n<meta name=\"twitter:site\" content=\"@AROS_MARMITTE\" \/>\n<meta name=\"twitter:label1\" content=\"Est. reading time\" \/>\n\t<meta name=\"twitter:data1\" content=\"2 minutes\" \/>\n<script type=\"application\/ld+json\" class=\"yoast-schema-graph\">{\"@context\":\"https:\/\/schema.org\",\"@graph\":[{\"@type\":\"WebPage\",\"@id\":\"https:\/\/www.arosmarmitte.it\/prodotto\/impianti-di-scarico\/sezion-x-pipe-elimina-silenziatore-ferrari-456-1992-2003\/\",\"url\":\"https:\/\/www.arosmarmitte.it\/prodotto\/impianti-di-scarico\/sezion-x-pipe-elimina-silenziatore-ferrari-456-1992-2003\/\",\"name\":\"Sezione X-pipe elimina silenziatore | Aros Marmitte\",\"isPartOf\":{\"@id\":\"https:\/\/www.arosmarmitte.it\/en\/#website\"},\"primaryImageOfPage\":{\"@id\":\"https:\/\/www.arosmarmitte.it\/prodotto\/impianti-di-scarico\/sezion-x-pipe-elimina-silenziatore-ferrari-456-1992-2003\/#primaryimage\"},\"image\":{\"@id\":\"https:\/\/www.arosmarmitte.it\/prodotto\/impianti-di-scarico\/sezion-x-pipe-elimina-silenziatore-ferrari-456-1992-2003\/#primaryimage\"},\"thumbnailUrl\":\"https:\/\/www.arosmarmitte.it\/wp-content\/uploads\/Ferrari-456-storica-classica-sezione-elimina-silenziatore-xpipe-exhaust-system-sound-echappement-marmitta-scarico-articianale-scaled-1.jpg\",\"datePublished\":\"2024-12-12T09:59:15+00:00\",\"dateModified\":\"2025-11-03T08:06:15+00:00\",\"description\":\"Aumenta il sound della tua Ferrari 456 con il nostro X-pipe elimina silenziatore! Scopri di pi\u00f9, visita subito il nostro sito!\",\"breadcrumb\":{\"@id\":\"https:\/\/www.arosmarmitte.it\/prodotto\/impianti-di-scarico\/sezion-x-pipe-elimina-silenziatore-ferrari-456-1992-2003\/#breadcrumb\"},\"inLanguage\":\"en-US\",\"potentialAction\":[{\"@type\":\"ReadAction\",\"target\":[\"https:\/\/www.arosmarmitte.it\/prodotto\/impianti-di-scarico\/sezion-x-pipe-elimina-silenziatore-ferrari-456-1992-2003\/\"]}]},{\"@type\":\"ImageObject\",\"inLanguage\":\"en-US\",\"@id\":\"https:\/\/www.arosmarmitte.it\/prodotto\/impianti-di-scarico\/sezion-x-pipe-elimina-silenziatore-ferrari-456-1992-2003\/#primaryimage\",\"url\":\"https:\/\/www.arosmarmitte.it\/wp-content\/uploads\/Ferrari-456-storica-classica-sezione-elimina-silenziatore-xpipe-exhaust-system-sound-echappement-marmitta-scarico-articianale-scaled-1.jpg\",\"contentUrl\":\"https:\/\/www.arosmarmitte.it\/wp-content\/uploads\/Ferrari-456-storica-classica-sezione-elimina-silenziatore-xpipe-exhaust-system-sound-echappement-marmitta-scarico-articianale-scaled-1.jpg\",\"width\":2560,\"height\":1829,\"caption\":\"X-pipe elimina silenziatore per ferrari 456 1992-2003\"},{\"@type\":\"BreadcrumbList\",\"@id\":\"https:\/\/www.arosmarmitte.it\/prodotto\/impianti-di-scarico\/sezion-x-pipe-elimina-silenziatore-ferrari-456-1992-2003\/#breadcrumb\",\"itemListElement\":[{\"@type\":\"ListItem\",\"position\":1,\"name\":\"Home\",\"item\":\"https:\/\/www.arosmarmitte.it\/en\/\"},{\"@type\":\"ListItem\",\"position\":2,\"name\":\"Shop\",\"item\":\"https:\/\/www.arosmarmitte.it\/shop\/\"},{\"@type\":\"ListItem\",\"position\":3,\"name\":\"456 &#8211; Sezione X-pipe elimina silenziatore\"}]},{\"@type\":\"WebSite\",\"@id\":\"https:\/\/www.arosmarmitte.it\/en\/#website\",\"url\":\"https:\/\/www.arosmarmitte.it\/en\/\",\"name\":\"Aros Marmitte\",\"description\":\"\",\"publisher\":{\"@id\":\"https:\/\/www.arosmarmitte.it\/en\/#organization\"},\"potentialAction\":[{\"@type\":\"SearchAction\",\"target\":{\"@type\":\"EntryPoint\",\"urlTemplate\":\"https:\/\/www.arosmarmitte.it\/en\/?s={search_term_string}\"},\"query-input\":{\"@type\":\"PropertyValueSpecification\",\"valueRequired\":true,\"valueName\":\"search_term_string\"}}],\"inLanguage\":\"en-US\"},{\"@type\":\"Organization\",\"@id\":\"https:\/\/www.arosmarmitte.it\/en\/#organization\",\"name\":\"AROS Marmitte\",\"alternateName\":\"AROS SRL\",\"url\":\"https:\/\/www.arosmarmitte.it\/en\/\",\"logo\":{\"@type\":\"ImageObject\",\"inLanguage\":\"en-US\",\"@id\":\"https:\/\/www.arosmarmitte.it\/en\/#\/schema\/logo\/image\/\",\"url\":\"https:\/\/www.arosmarmitte.it\/wp-content\/uploads\/AROS_MARMITTE_LOGO_2016-EXHAUST-SYSTEMS-ECHAPPEMENT-SCARICO-ARTIGIANALE-MARMITTA-1-1.jpg\",\"contentUrl\":\"https:\/\/www.arosmarmitte.it\/wp-content\/uploads\/AROS_MARMITTE_LOGO_2016-EXHAUST-SYSTEMS-ECHAPPEMENT-SCARICO-ARTIGIANALE-MARMITTA-1-1.jpg\",\"width\":1000,\"height\":875,\"caption\":\"AROS Marmitte\"},\"image\":{\"@id\":\"https:\/\/www.arosmarmitte.it\/en\/#\/schema\/logo\/image\/\"},\"sameAs\":[\"https:\/\/www.facebook.com\/arosmarmitte\",\"https:\/\/x.com\/AROS_MARMITTE\",\"https:\/\/www.instagram.com\/arosmarmitte\/\",\"https:\/\/www.tiktok.com\/@aros_marmitte\"],\"email\":\"info@arosmarmitte.it\",\"telephone\":\"3401417652\"}]}<\/script>\n<!-- \/ Yoast SEO Premium plugin. -->","yoast_head_json":{"title":"Sezione X-pipe elimina silenziatore | Aros Marmitte","description":"Aumenta il sound della tua Ferrari 456 con il nostro X-pipe elimina silenziatore! Scopri di pi\u00f9, visita subito il nostro sito!","robots":{"index":"index","follow":"follow","max-snippet":"max-snippet:-1","max-image-preview":"max-image-preview:large","max-video-preview":"max-video-preview:-1"},"canonical":"https:\/\/www.arosmarmitte.it\/prodotto\/impianti-di-scarico\/sezion-x-pipe-elimina-silenziatore-ferrari-456-1992-2003\/","og_locale":"en_US","og_type":"article","og_title":"456 - Sezione X-pipe elimina silenziatore","og_description":"Aumenta il sound della tua Ferrari 456 con il nostro X-pipe elimina silenziatore! Scopri di pi\u00f9, visita subito il nostro sito!","og_url":"https:\/\/www.arosmarmitte.it\/prodotto\/impianti-di-scarico\/sezion-x-pipe-elimina-silenziatore-ferrari-456-1992-2003\/","og_site_name":"Aros Marmitte","article_publisher":"https:\/\/www.facebook.com\/arosmarmitte","article_modified_time":"2025-11-03T08:06:15+00:00","og_image":[{"width":2560,"height":1829,"url":"https:\/\/www.arosmarmitte.it\/wp-content\/uploads\/Ferrari-456-storica-classica-sezione-elimina-silenziatore-xpipe-exhaust-system-sound-echappement-marmitta-scarico-articianale-scaled-1.jpg","type":"image\/jpeg"}],"twitter_card":"summary_large_image","twitter_site":"@AROS_MARMITTE","twitter_misc":{"Est. reading time":"2 minutes"},"schema":{"@context":"https:\/\/schema.org","@graph":[{"@type":"WebPage","@id":"https:\/\/www.arosmarmitte.it\/prodotto\/impianti-di-scarico\/sezion-x-pipe-elimina-silenziatore-ferrari-456-1992-2003\/","url":"https:\/\/www.arosmarmitte.it\/prodotto\/impianti-di-scarico\/sezion-x-pipe-elimina-silenziatore-ferrari-456-1992-2003\/","name":"Sezione X-pipe elimina silenziatore | Aros Marmitte","isPartOf":{"@id":"https:\/\/www.arosmarmitte.it\/en\/#website"},"primaryImageOfPage":{"@id":"https:\/\/www.arosmarmitte.it\/prodotto\/impianti-di-scarico\/sezion-x-pipe-elimina-silenziatore-ferrari-456-1992-2003\/#primaryimage"},"image":{"@id":"https:\/\/www.arosmarmitte.it\/prodotto\/impianti-di-scarico\/sezion-x-pipe-elimina-silenziatore-ferrari-456-1992-2003\/#primaryimage"},"thumbnailUrl":"https:\/\/www.arosmarmitte.it\/wp-content\/uploads\/Ferrari-456-storica-classica-sezione-elimina-silenziatore-xpipe-exhaust-system-sound-echappement-marmitta-scarico-articianale-scaled-1.jpg","datePublished":"2024-12-12T09:59:15+00:00","dateModified":"2025-11-03T08:06:15+00:00","description":"Aumenta il sound della tua Ferrari 456 con il nostro X-pipe elimina silenziatore! Scopri di pi\u00f9, visita subito il nostro sito!","breadcrumb":{"@id":"https:\/\/www.arosmarmitte.it\/prodotto\/impianti-di-scarico\/sezion-x-pipe-elimina-silenziatore-ferrari-456-1992-2003\/#breadcrumb"},"inLanguage":"en-US","potentialAction":[{"@type":"ReadAction","target":["https:\/\/www.arosmarmitte.it\/prodotto\/impianti-di-scarico\/sezion-x-pipe-elimina-silenziatore-ferrari-456-1992-2003\/"]}]},{"@type":"ImageObject","inLanguage":"en-US","@id":"https:\/\/www.arosmarmitte.it\/prodotto\/impianti-di-scarico\/sezion-x-pipe-elimina-silenziatore-ferrari-456-1992-2003\/#primaryimage","url":"https:\/\/www.arosmarmitte.it\/wp-content\/uploads\/Ferrari-456-storica-classica-sezione-elimina-silenziatore-xpipe-exhaust-system-sound-echappement-marmitta-scarico-articianale-scaled-1.jpg","contentUrl":"https:\/\/www.arosmarmitte.it\/wp-content\/uploads\/Ferrari-456-storica-classica-sezione-elimina-silenziatore-xpipe-exhaust-system-sound-echappement-marmitta-scarico-articianale-scaled-1.jpg","width":2560,"height":1829,"caption":"X-pipe elimina silenziatore per ferrari 456 1992-2003"},{"@type":"BreadcrumbList","@id":"https:\/\/www.arosmarmitte.it\/prodotto\/impianti-di-scarico\/sezion-x-pipe-elimina-silenziatore-ferrari-456-1992-2003\/#breadcrumb","itemListElement":[{"@type":"ListItem","position":1,"name":"Home","item":"https:\/\/www.arosmarmitte.it\/en\/"},{"@type":"ListItem","position":2,"name":"Shop","item":"https:\/\/www.arosmarmitte.it\/shop\/"},{"@type":"ListItem","position":3,"name":"456 &#8211; Sezione X-pipe elimina silenziatore"}]},{"@type":"WebSite","@id":"https:\/\/www.arosmarmitte.it\/en\/#website","url":"https:\/\/www.arosmarmitte.it\/en\/","name":"Aros Marmitte","description":"","publisher":{"@id":"https:\/\/www.arosmarmitte.it\/en\/#organization"},"potentialAction":[{"@type":"SearchAction","target":{"@type":"EntryPoint","urlTemplate":"https:\/\/www.arosmarmitte.it\/en\/?s={search_term_string}"},"query-input":{"@type":"PropertyValueSpecification","valueRequired":true,"valueName":"search_term_string"}}],"inLanguage":"en-US"},{"@type":"Organization","@id":"https:\/\/www.arosmarmitte.it\/en\/#organization","name":"AROS Marmitte","alternateName":"AROS SRL","url":"https:\/\/www.arosmarmitte.it\/en\/","logo":{"@type":"ImageObject","inLanguage":"en-US","@id":"https:\/\/www.arosmarmitte.it\/en\/#\/schema\/logo\/image\/","url":"https:\/\/www.arosmarmitte.it\/wp-content\/uploads\/AROS_MARMITTE_LOGO_2016-EXHAUST-SYSTEMS-ECHAPPEMENT-SCARICO-ARTIGIANALE-MARMITTA-1-1.jpg","contentUrl":"https:\/\/www.arosmarmitte.it\/wp-content\/uploads\/AROS_MARMITTE_LOGO_2016-EXHAUST-SYSTEMS-ECHAPPEMENT-SCARICO-ARTIGIANALE-MARMITTA-1-1.jpg","width":1000,"height":875,"caption":"AROS Marmitte"},"image":{"@id":"https:\/\/www.arosmarmitte.it\/en\/#\/schema\/logo\/image\/"},"sameAs":["https:\/\/www.facebook.com\/arosmarmitte","https:\/\/x.com\/AROS_MARMITTE","https:\/\/www.instagram.com\/arosmarmitte\/","https:\/\/www.tiktok.com\/@aros_marmitte"],"email":"info@arosmarmitte.it","telephone":"3401417652"}]}},"_links":{"self":[{"href":"https:\/\/www.arosmarmitte.it\/en\/wp-json\/wp\/v2\/product\/168195","targetHints":{"allow":["GET"]}}],"collection":[{"href":"https:\/\/www.arosmarmitte.it\/en\/wp-json\/wp\/v2\/product"}],"about":[{"href":"https:\/\/www.arosmarmitte.it\/en\/wp-json\/wp\/v2\/types\/product"}],"replies":[{"embeddable":true,"href":"https:\/\/www.arosmarmitte.it\/en\/wp-json\/wp\/v2\/comments?post=168195"}],"wp:featuredmedia":[{"embeddable":true,"href":"https:\/\/www.arosmarmitte.it\/en\/wp-json\/wp\/v2\/media\/168193"}],"wp:attachment":[{"href":"https:\/\/www.arosmarmitte.it\/en\/wp-json\/wp\/v2\/media?parent=168195"}],"wp:term":[{"taxonomy":"marca","embeddable":true,"href":"https:\/\/www.arosmarmitte.it\/en\/wp-json\/wp\/v2\/marca?post=168195"},{"taxonomy":"product_brand","embeddable":true,"href":"https:\/\/www.arosmarmitte.it\/en\/wp-json\/wp\/v2\/product_brand?post=168195"},{"taxonomy":"product_cat","embeddable":true,"href":"https:\/\/www.arosmarmitte.it\/en\/wp-json\/wp\/v2\/product_cat?post=168195"},{"taxonomy":"product_tag","embeddable":true,"href":"https:\/\/www.arosmarmitte.it\/en\/wp-json\/wp\/v2\/product_tag?post=168195"}],"curies":[{"name":"wp","href":"https:\/\/api.w.org\/{rel}","templated":true}]}}