{"id":136730,"date":"2023-11-21T16:38:39","date_gmt":"2023-11-21T15:38:39","guid":{"rendered":"https:\/\/www.arosmarmitte.it\/prodotto\/senza-categoria\/innesto-per-sonda-lambda-m18x1-5\/"},"modified":"2026-01-14T10:39:53","modified_gmt":"2026-01-14T09:39:53","slug":"innesto-per-sonda-lambda","status":"publish","type":"product","link":"https:\/\/www.arosmarmitte.it\/en\/prodotto\/spare-parts\/o2-sensor-bungs\/innesto-per-sonda-lambda\/","title":{"rendered":"Innesto sonda lambda | Raccordo sensore ossigeno"},"content":{"rendered":"<h1>Innesto per sonda lambda in acciaio inox<\/h1>\n<h2>Raccordo sensore ossigeno per impianti di scarico<\/h2>\n<p>&nbsp;<\/p>\n<p>&nbsp;<\/p>\n<p>L&#8217;innesto per sonda lambda in acciaio, anche conosciuto come raccordo sonda lambda (o sensore per l&#8217;ossigeno), \u00e8 un componente critico in una marmitta.<\/p>\n<p>I nostri innesti per sonda lambda sono realizzati in acciaio inox di tipo AISI304. Devono essere saldati sul tubo dell&#8217;impianto di scarico.<\/p>\n<p>&nbsp;<\/p>\n<p>&nbsp;<\/p>\n<p>&nbsp;<\/p>\n<h3>Cos&#8217;\u00e8 la sonda lambda e a cosa serve?<\/h3>\n<p>&nbsp;<\/p>\n<p><img loading=\"lazy\" decoding=\"async\" class=\"aligncenter size-medium wp-image-180194\" src=\"https:\/\/www.arosmarmitte.it\/wp-content\/uploads\/Oxygen_sensor_IMG_0488-300x210.jpg\" alt=\"Sonda lambda o sensore per l'ossigeno per impianti di scarico e marmitte \" width=\"300\" height=\"210\" srcset=\"https:\/\/www.arosmarmitte.it\/wp-content\/uploads\/Oxygen_sensor_IMG_0488-300x210.jpg 300w, https:\/\/www.arosmarmitte.it\/wp-content\/uploads\/Oxygen_sensor_IMG_0488-1024x718.jpg 1024w, https:\/\/www.arosmarmitte.it\/wp-content\/uploads\/Oxygen_sensor_IMG_0488-768x539.jpg 768w, https:\/\/www.arosmarmitte.it\/wp-content\/uploads\/Oxygen_sensor_IMG_0488-1536x1078.jpg 1536w, https:\/\/www.arosmarmitte.it\/wp-content\/uploads\/Oxygen_sensor_IMG_0488-600x421.jpg 600w, https:\/\/www.arosmarmitte.it\/wp-content\/uploads\/Oxygen_sensor_IMG_0488-200x140.jpg 200w, https:\/\/www.arosmarmitte.it\/wp-content\/uploads\/Oxygen_sensor_IMG_0488.jpg 1830w\" sizes=\"auto, (max-width: 300px) 100vw, 300px\" \/><\/p>\n<p>&nbsp;<\/p>\n<p>La sonda lambda \u00e8 fondamentale per rilevare la quantit\u00e0 di ossigeno nei gas di scarico. Per questo motivo \u00e8 anche detta\u00a0<em>sensore per l&#8217;ossigeno.\u00a0 <\/em>Questo sensore fornisce informazioni in tempo reale alla centralina elettronica (ECU), che regola la quantit\u00e0 di carburante iniettato nel motore, ottimizzando cos\u00ec la miscela aria-carburante.<\/p>\n<p>Quando il motore \u00e8 in funzione, la sonda lambda misura la concentrazione di ossigeno nei gas di scarico, permettendo alla centralina di modificare il mix aria-carburante per ottenere una combustione ottimale. Se la miscela \u00e8 troppo ricca (troppo carburante), la sonda segnala alla centralina di ridurre la quantit\u00e0 di carburante. Se \u00e8 troppo magra (troppo aria), la centralina aumenter\u00e0 l&#8217;iniezione di carburante.<\/p>\n<p>L&#8217;innesto per sonda lambda \u00e8 quindi fondamentale per le prestazioni della tua marmitta.<\/p>\n<p>&nbsp;<\/p>\n<p>&nbsp;<\/p>\n<p>&nbsp;<\/p>\n<h3>Perch\u00e9 utilizziamo l&#8217;acciaio inox AISI304?<\/h3>\n<ul>\n<li><strong>Resistenza alla corrosione:\u00a0<\/strong>l\u2019AISI304 \u00e8 altamente resistente alla corrosione causata da agenti atmosferici quali acqua, acidi organici e inorganici.<\/li>\n<li><strong>Igiene:\u00a0<\/strong>la superficia liscia e non porosa, microscopicamente parlando, rende difficile l\u2019adesione di sporco e batteri facilitandone la manutenzion.<\/li>\n<li><strong>Durata:\u00a0<\/strong>l\u2019inossidabilit\u00e0 lo rende un materiale eccellente per chi necessita di prodotti duraturi e affidabili.<\/li>\n<li><strong>Estetica:\u00a0<\/strong>l\u2019aspetto lucido tipico dell\u2019acciaio lo rende molto apprezzato anche visivamente<\/li>\n<li><strong>Versatilit\u00e0:\u00a0<\/strong>noi utilizziamo l\u2019acciaio inossidabile AISI304 nel settore automotive, ma sappiamo che che pu\u00f2 essere facilmente lavorato, saldato e formato in una vasta gamma di prodotti.<\/li>\n<li><strong>Termoresistenza:\u00a0<\/strong>\u00a0l\u2019AISI304 pu\u00f2 resistere a temperature elevate senza perdere le sue propriet\u00e0 meccaniche.<\/li>\n<\/ul>\n<p>&nbsp;<\/p>\n<p>&nbsp;<\/p>\n<p>&nbsp;<\/p>\n<h3>Come utilizzare il raccordo per sensore ossigeno sulla marmitta?<\/h3>\n<ol>\n<li>Applicare un foro sul tubo del proprio impianto di scarico dove deve esserci l&#8217;innesto per sonda lambda<\/li>\n<li>Saldare<\/li>\n<li>Verificare la compatibilit\u00e0<\/li>\n<\/ol>\n<p>&nbsp;<\/p>\n<p>&nbsp;<\/p>\n<p>&nbsp;<\/p>\n<h3>Cosa significa M18x1,5?<\/h3>\n<p>I nostri innesti per sonda lambda hanno il diametro maggiore di 18 millimetri. Il passo filetto \u00e8 1,5 millimetri. Per\u00a0<em>passo filetto\u00a0<\/em>si intende la distanza che intercorre tra due filetti consecutivi in un&#8217;elica.<\/p>\n<p>&nbsp;<\/p>\n<p>&nbsp;<\/p>\n<p>&nbsp;<\/p>\n<p>Acquista ora il tuo raccordo per sensore ossigeno!<\/p>\n<p>&nbsp;<\/p>\n<p>&nbsp;<\/p>\n<p>Non trovi quel che ti serve? <a href=\"https:\/\/www.arosmarmitte.it\/contatti\/\" target=\"_blank\" rel=\"noopener\">Contattaci<\/a>.<\/p>\n<p>&nbsp;<\/p>\n<p>&nbsp;<\/p>\n<p>&nbsp;<\/p>\n<p>&nbsp;<\/p>\n<h6><strong><em>N.B. Per procedere alla spedizione c\u2019\u00e8 un minimo fatturabile di 85,00 \u20ac iva inclusa \u2013 spedizione esclusa.<\/em><\/strong><\/h6>\n<h6><strong>Effettuiamo spedizioni in tutta Italia in tempi brevi. Ogni articolo Aros Marmitte ha una garanzia di recesso di 14 giorni.\u00a0<a href=\"https:\/\/www.arosmarmitte.it\/contatti\/\" target=\"_blank\" rel=\"noopener\">Consulta le norme di spedizione<\/a>.<\/strong><\/h6>\n<p>&nbsp;<\/p>\n<hr \/>\n<h6>Visita anche la nostra\u00a0<a href=\"https:\/\/www.facebook.com\/arosmarmitte?locale=it_IT\" target=\"_blank\" rel=\"noopener\">pagina Facebook<\/a>\u00a0o il nostro\u00a0<a href=\"https:\/\/www.instagram.com\/arosmarmitte\/?next=https%3A%2F%2Fwww.instagram.com%2Farosmarmitte%2F\" target=\"_blank\" rel=\"noopener\">account Instagram<\/a>\u00a0per restare sempre aggiornato sui nostri prodotti!<\/h6>\n","protected":false},"excerpt":{"rendered":"<p>L\u2019innesto della sonda lambda \u00e8 un componente critico nel sistema di scarico di un veicolo che ospita la sonda lambda, anche conosciuta come sensore di ossigeno.<br \/>\nI nostri innesti sono M18x1.5, realizzati in acciaio inox sono pratici da saldare sulla tua marmitta.<\/p>\n","protected":false},"featured_media":180178,"comment_status":"closed","ping_status":"closed","template":"","meta":{"_acf_changed":false},"marca":[],"product_brand":[],"product_cat":[542,332],"product_tag":[],"class_list":{"0":"post-136730","1":"product","2":"type-product","3":"status-publish","4":"has-post-thumbnail","6":"product_cat-innesti-e-raccordi-filettati","7":"product_cat-ricambi","9":"first","10":"instock","11":"taxable","12":"shipping-taxable","13":"purchasable","14":"product-type-variable"},"acf":[],"yoast_head":"<!-- This site is optimized with the Yoast SEO Premium plugin v24.8 (Yoast SEO v27.2) - https:\/\/yoast.com\/product\/yoast-seo-premium-wordpress\/ -->\n<title>Innesto sonda lambda | Raccordo sensore ossigeno | Acquista ora! | Aros Marmitte<\/title>\n<meta name=\"description\" content=\"Innesti raccordi per sonda lambda o sensore ossigeno per marmitte e impianti di scarico. In acciaio inox! Spedizioni veloci in tutta Italia! Approfitta ora!\" \/>\n<meta name=\"robots\" content=\"index, follow, max-snippet:-1, max-image-preview:large, max-video-preview:-1\" \/>\n<link rel=\"canonical\" href=\"https:\/\/www.arosmarmitte.it\/prodotto\/ricambi\/innesti-per-sonda\/innesto-per-sonda-lambda\/\" \/>\n<meta property=\"og:locale\" content=\"en_US\" \/>\n<meta property=\"og:type\" content=\"article\" \/>\n<meta property=\"og:title\" content=\"Innesto sonda lambda | Raccordo sensore ossigeno\" \/>\n<meta property=\"og:description\" content=\"Innesti raccordi per sonda lambda o sensore ossigeno per marmitte e impianti di scarico. In acciaio inox! Spedizioni veloci in tutta Italia! Approfitta ora!\" \/>\n<meta property=\"og:url\" content=\"https:\/\/www.arosmarmitte.it\/prodotto\/ricambi\/innesti-per-sonda\/innesto-per-sonda-lambda\/\" \/>\n<meta property=\"og:site_name\" content=\"Aros Marmitte\" \/>\n<meta property=\"article:publisher\" content=\"https:\/\/www.facebook.com\/arosmarmitte\" \/>\n<meta property=\"article:modified_time\" content=\"2026-01-14T09:39:53+00:00\" \/>\n<meta property=\"og:image\" content=\"https:\/\/www.arosmarmitte.it\/wp-content\/uploads\/6AE03725-DE29-4171-BD44-2A28DA857F7B-scaled.jpeg\" \/>\n\t<meta property=\"og:image:width\" content=\"2560\" \/>\n\t<meta property=\"og:image:height\" content=\"1920\" \/>\n\t<meta property=\"og:image:type\" content=\"image\/jpeg\" \/>\n<meta name=\"twitter:card\" content=\"summary_large_image\" \/>\n<meta name=\"twitter:site\" content=\"@AROS_MARMITTE\" \/>\n<meta name=\"twitter:label1\" content=\"Est. reading time\" \/>\n\t<meta name=\"twitter:data1\" content=\"3 minutes\" \/>\n<script type=\"application\/ld+json\" class=\"yoast-schema-graph\">{\"@context\":\"https:\/\/schema.org\",\"@graph\":[{\"@type\":\"WebPage\",\"@id\":\"https:\/\/www.arosmarmitte.it\/prodotto\/ricambi\/innesti-e-raccordi-filettati\/innesto-per-sonda-lambda\/\",\"url\":\"https:\/\/www.arosmarmitte.it\/prodotto\/ricambi\/innesti-per-sonda\/innesto-per-sonda-lambda\/\",\"name\":\"Innesto sonda lambda | Raccordo sensore ossigeno | Acquista ora! | Aros Marmitte\",\"isPartOf\":{\"@id\":\"https:\/\/www.arosmarmitte.it\/en\/#website\"},\"primaryImageOfPage\":{\"@id\":\"https:\/\/www.arosmarmitte.it\/prodotto\/ricambi\/innesti-per-sonda\/innesto-per-sonda-lambda\/#primaryimage\"},\"image\":{\"@id\":\"https:\/\/www.arosmarmitte.it\/prodotto\/ricambi\/innesti-per-sonda\/innesto-per-sonda-lambda\/#primaryimage\"},\"thumbnailUrl\":\"https:\/\/www.arosmarmitte.it\/wp-content\/uploads\/6AE03725-DE29-4171-BD44-2A28DA857F7B-scaled.jpeg\",\"datePublished\":\"2023-11-21T15:38:39+00:00\",\"dateModified\":\"2026-01-14T09:39:53+00:00\",\"description\":\"Innesti raccordi per sonda lambda o sensore ossigeno per marmitte e impianti di scarico. In acciaio inox! Spedizioni veloci in tutta Italia! Approfitta ora!\",\"breadcrumb\":{\"@id\":\"https:\/\/www.arosmarmitte.it\/prodotto\/ricambi\/innesti-per-sonda\/innesto-per-sonda-lambda\/#breadcrumb\"},\"inLanguage\":\"en-US\",\"potentialAction\":[{\"@type\":\"ReadAction\",\"target\":[\"https:\/\/www.arosmarmitte.it\/prodotto\/ricambi\/innesti-per-sonda\/innesto-per-sonda-lambda\/\"]}]},{\"@type\":\"ImageObject\",\"inLanguage\":\"en-US\",\"@id\":\"https:\/\/www.arosmarmitte.it\/prodotto\/ricambi\/innesti-per-sonda\/innesto-per-sonda-lambda\/#primaryimage\",\"url\":\"https:\/\/www.arosmarmitte.it\/wp-content\/uploads\/6AE03725-DE29-4171-BD44-2A28DA857F7B-scaled.jpeg\",\"contentUrl\":\"https:\/\/www.arosmarmitte.it\/wp-content\/uploads\/6AE03725-DE29-4171-BD44-2A28DA857F7B-scaled.jpeg\",\"width\":2560,\"height\":1920,\"caption\":\"Innesto o raccordo in acciaio inossidabile inox per sensore dell'ossigeno. Detto anche innesto per sonda lambda, da saldare per impianti di scarico e marmitte\"},{\"@type\":\"BreadcrumbList\",\"@id\":\"https:\/\/www.arosmarmitte.it\/prodotto\/ricambi\/innesti-per-sonda\/innesto-per-sonda-lambda\/#breadcrumb\",\"itemListElement\":[{\"@type\":\"ListItem\",\"position\":1,\"name\":\"Home\",\"item\":\"https:\/\/www.arosmarmitte.it\/en\/\"},{\"@type\":\"ListItem\",\"position\":2,\"name\":\"Shop\",\"item\":\"https:\/\/www.arosmarmitte.it\/shop\/\"},{\"@type\":\"ListItem\",\"position\":3,\"name\":\"Innesto per sonda lambda in acciaio inox\"}]},{\"@type\":\"WebSite\",\"@id\":\"https:\/\/www.arosmarmitte.it\/en\/#website\",\"url\":\"https:\/\/www.arosmarmitte.it\/en\/\",\"name\":\"Aros Marmitte\",\"description\":\"\",\"publisher\":{\"@id\":\"https:\/\/www.arosmarmitte.it\/en\/#organization\"},\"potentialAction\":[{\"@type\":\"SearchAction\",\"target\":{\"@type\":\"EntryPoint\",\"urlTemplate\":\"https:\/\/www.arosmarmitte.it\/en\/?s={search_term_string}\"},\"query-input\":{\"@type\":\"PropertyValueSpecification\",\"valueRequired\":true,\"valueName\":\"search_term_string\"}}],\"inLanguage\":\"en-US\"},{\"@type\":\"Organization\",\"@id\":\"https:\/\/www.arosmarmitte.it\/en\/#organization\",\"name\":\"AROS Marmitte\",\"alternateName\":\"AROS SRL\",\"url\":\"https:\/\/www.arosmarmitte.it\/en\/\",\"logo\":{\"@type\":\"ImageObject\",\"inLanguage\":\"en-US\",\"@id\":\"https:\/\/www.arosmarmitte.it\/en\/#\/schema\/logo\/image\/\",\"url\":\"https:\/\/www.arosmarmitte.it\/wp-content\/uploads\/AROS_MARMITTE_LOGO_2016-EXHAUST-SYSTEMS-ECHAPPEMENT-SCARICO-ARTIGIANALE-MARMITTA-1-1.jpg\",\"contentUrl\":\"https:\/\/www.arosmarmitte.it\/wp-content\/uploads\/AROS_MARMITTE_LOGO_2016-EXHAUST-SYSTEMS-ECHAPPEMENT-SCARICO-ARTIGIANALE-MARMITTA-1-1.jpg\",\"width\":1000,\"height\":875,\"caption\":\"AROS Marmitte\"},\"image\":{\"@id\":\"https:\/\/www.arosmarmitte.it\/en\/#\/schema\/logo\/image\/\"},\"sameAs\":[\"https:\/\/www.facebook.com\/arosmarmitte\",\"https:\/\/x.com\/AROS_MARMITTE\",\"https:\/\/www.instagram.com\/arosmarmitte\/\",\"https:\/\/www.tiktok.com\/@aros_marmitte\"],\"email\":\"info@arosmarmitte.it\",\"telephone\":\"3401417652\"}]}<\/script>\n<!-- \/ Yoast SEO Premium plugin. -->","yoast_head_json":{"title":"Innesto sonda lambda | Raccordo sensore ossigeno | Acquista ora! | Aros Marmitte","description":"Innesti raccordi per sonda lambda o sensore ossigeno per marmitte e impianti di scarico. In acciaio inox! Spedizioni veloci in tutta Italia! Approfitta ora!","robots":{"index":"index","follow":"follow","max-snippet":"max-snippet:-1","max-image-preview":"max-image-preview:large","max-video-preview":"max-video-preview:-1"},"canonical":"https:\/\/www.arosmarmitte.it\/prodotto\/ricambi\/innesti-per-sonda\/innesto-per-sonda-lambda\/","og_locale":"en_US","og_type":"article","og_title":"Innesto sonda lambda | Raccordo sensore ossigeno","og_description":"Innesti raccordi per sonda lambda o sensore ossigeno per marmitte e impianti di scarico. In acciaio inox! Spedizioni veloci in tutta Italia! Approfitta ora!","og_url":"https:\/\/www.arosmarmitte.it\/prodotto\/ricambi\/innesti-per-sonda\/innesto-per-sonda-lambda\/","og_site_name":"Aros Marmitte","article_publisher":"https:\/\/www.facebook.com\/arosmarmitte","article_modified_time":"2026-01-14T09:39:53+00:00","og_image":[{"width":2560,"height":1920,"url":"https:\/\/www.arosmarmitte.it\/wp-content\/uploads\/6AE03725-DE29-4171-BD44-2A28DA857F7B-scaled.jpeg","type":"image\/jpeg"}],"twitter_card":"summary_large_image","twitter_site":"@AROS_MARMITTE","twitter_misc":{"Est. reading time":"3 minutes"},"schema":{"@context":"https:\/\/schema.org","@graph":[{"@type":"WebPage","@id":"https:\/\/www.arosmarmitte.it\/prodotto\/ricambi\/innesti-e-raccordi-filettati\/innesto-per-sonda-lambda\/","url":"https:\/\/www.arosmarmitte.it\/prodotto\/ricambi\/innesti-per-sonda\/innesto-per-sonda-lambda\/","name":"Innesto sonda lambda | Raccordo sensore ossigeno | Acquista ora! | Aros Marmitte","isPartOf":{"@id":"https:\/\/www.arosmarmitte.it\/en\/#website"},"primaryImageOfPage":{"@id":"https:\/\/www.arosmarmitte.it\/prodotto\/ricambi\/innesti-per-sonda\/innesto-per-sonda-lambda\/#primaryimage"},"image":{"@id":"https:\/\/www.arosmarmitte.it\/prodotto\/ricambi\/innesti-per-sonda\/innesto-per-sonda-lambda\/#primaryimage"},"thumbnailUrl":"https:\/\/www.arosmarmitte.it\/wp-content\/uploads\/6AE03725-DE29-4171-BD44-2A28DA857F7B-scaled.jpeg","datePublished":"2023-11-21T15:38:39+00:00","dateModified":"2026-01-14T09:39:53+00:00","description":"Innesti raccordi per sonda lambda o sensore ossigeno per marmitte e impianti di scarico. In acciaio inox! Spedizioni veloci in tutta Italia! Approfitta ora!","breadcrumb":{"@id":"https:\/\/www.arosmarmitte.it\/prodotto\/ricambi\/innesti-per-sonda\/innesto-per-sonda-lambda\/#breadcrumb"},"inLanguage":"en-US","potentialAction":[{"@type":"ReadAction","target":["https:\/\/www.arosmarmitte.it\/prodotto\/ricambi\/innesti-per-sonda\/innesto-per-sonda-lambda\/"]}]},{"@type":"ImageObject","inLanguage":"en-US","@id":"https:\/\/www.arosmarmitte.it\/prodotto\/ricambi\/innesti-per-sonda\/innesto-per-sonda-lambda\/#primaryimage","url":"https:\/\/www.arosmarmitte.it\/wp-content\/uploads\/6AE03725-DE29-4171-BD44-2A28DA857F7B-scaled.jpeg","contentUrl":"https:\/\/www.arosmarmitte.it\/wp-content\/uploads\/6AE03725-DE29-4171-BD44-2A28DA857F7B-scaled.jpeg","width":2560,"height":1920,"caption":"Innesto o raccordo in acciaio inossidabile inox per sensore dell'ossigeno. Detto anche innesto per sonda lambda, da saldare per impianti di scarico e marmitte"},{"@type":"BreadcrumbList","@id":"https:\/\/www.arosmarmitte.it\/prodotto\/ricambi\/innesti-per-sonda\/innesto-per-sonda-lambda\/#breadcrumb","itemListElement":[{"@type":"ListItem","position":1,"name":"Home","item":"https:\/\/www.arosmarmitte.it\/en\/"},{"@type":"ListItem","position":2,"name":"Shop","item":"https:\/\/www.arosmarmitte.it\/shop\/"},{"@type":"ListItem","position":3,"name":"Innesto per sonda lambda in acciaio inox"}]},{"@type":"WebSite","@id":"https:\/\/www.arosmarmitte.it\/en\/#website","url":"https:\/\/www.arosmarmitte.it\/en\/","name":"Aros Marmitte","description":"","publisher":{"@id":"https:\/\/www.arosmarmitte.it\/en\/#organization"},"potentialAction":[{"@type":"SearchAction","target":{"@type":"EntryPoint","urlTemplate":"https:\/\/www.arosmarmitte.it\/en\/?s={search_term_string}"},"query-input":{"@type":"PropertyValueSpecification","valueRequired":true,"valueName":"search_term_string"}}],"inLanguage":"en-US"},{"@type":"Organization","@id":"https:\/\/www.arosmarmitte.it\/en\/#organization","name":"AROS Marmitte","alternateName":"AROS SRL","url":"https:\/\/www.arosmarmitte.it\/en\/","logo":{"@type":"ImageObject","inLanguage":"en-US","@id":"https:\/\/www.arosmarmitte.it\/en\/#\/schema\/logo\/image\/","url":"https:\/\/www.arosmarmitte.it\/wp-content\/uploads\/AROS_MARMITTE_LOGO_2016-EXHAUST-SYSTEMS-ECHAPPEMENT-SCARICO-ARTIGIANALE-MARMITTA-1-1.jpg","contentUrl":"https:\/\/www.arosmarmitte.it\/wp-content\/uploads\/AROS_MARMITTE_LOGO_2016-EXHAUST-SYSTEMS-ECHAPPEMENT-SCARICO-ARTIGIANALE-MARMITTA-1-1.jpg","width":1000,"height":875,"caption":"AROS Marmitte"},"image":{"@id":"https:\/\/www.arosmarmitte.it\/en\/#\/schema\/logo\/image\/"},"sameAs":["https:\/\/www.facebook.com\/arosmarmitte","https:\/\/x.com\/AROS_MARMITTE","https:\/\/www.instagram.com\/arosmarmitte\/","https:\/\/www.tiktok.com\/@aros_marmitte"],"email":"info@arosmarmitte.it","telephone":"3401417652"}]}},"_links":{"self":[{"href":"https:\/\/www.arosmarmitte.it\/en\/wp-json\/wp\/v2\/product\/136730","targetHints":{"allow":["GET"]}}],"collection":[{"href":"https:\/\/www.arosmarmitte.it\/en\/wp-json\/wp\/v2\/product"}],"about":[{"href":"https:\/\/www.arosmarmitte.it\/en\/wp-json\/wp\/v2\/types\/product"}],"replies":[{"embeddable":true,"href":"https:\/\/www.arosmarmitte.it\/en\/wp-json\/wp\/v2\/comments?post=136730"}],"wp:featuredmedia":[{"embeddable":true,"href":"https:\/\/www.arosmarmitte.it\/en\/wp-json\/wp\/v2\/media\/180178"}],"wp:attachment":[{"href":"https:\/\/www.arosmarmitte.it\/en\/wp-json\/wp\/v2\/media?parent=136730"}],"wp:term":[{"taxonomy":"marca","embeddable":true,"href":"https:\/\/www.arosmarmitte.it\/en\/wp-json\/wp\/v2\/marca?post=136730"},{"taxonomy":"product_brand","embeddable":true,"href":"https:\/\/www.arosmarmitte.it\/en\/wp-json\/wp\/v2\/product_brand?post=136730"},{"taxonomy":"product_cat","embeddable":true,"href":"https:\/\/www.arosmarmitte.it\/en\/wp-json\/wp\/v2\/product_cat?post=136730"},{"taxonomy":"product_tag","embeddable":true,"href":"https:\/\/www.arosmarmitte.it\/en\/wp-json\/wp\/v2\/product_tag?post=136730"}],"curies":[{"name":"wp","href":"https:\/\/api.w.org\/{rel}","templated":true}]}}