{"id":135433,"date":"2023-11-21T16:22:55","date_gmt":"2023-11-21T15:22:55","guid":{"rendered":"https:\/\/www.arosmarmitte.it\/prodotto\/senza-categoria\/catalizzatore-sportivo-200-celle\/"},"modified":"2026-01-15T10:54:46","modified_gmt":"2026-01-15T09:54:46","slug":"catalizzatore-sportivo-200-celle","status":"publish","type":"product","link":"https:\/\/www.arosmarmitte.it\/en\/prodotto\/spare-parts\/sport-catalytic-converters\/catalizzatore-sportivo-200-celle\/","title":{"rendered":"Catalizzatore sportivo 200 celle"},"content":{"rendered":"<h1>Catalizzatore sportivo 200 celle<\/h1>\n<p>&nbsp;<\/p>\n<p>&nbsp;<\/p>\n<p>I nostri catalizzatori sportivi e metallici permettono di migliorare nettamente le prestazioni della tua auto, grazie al miglioramento del flusso dei gas di scarico.<\/p>\n<p>L&#8217;articolo \u00e8 composto da un corpo a cui saldiamo a TIG due coni, uno di uscita ed uno di entrata, con diametro personalizzabile &#8211; da 50 a 70 mm.<\/p>\n<p>&nbsp;<\/p>\n<p>&nbsp;<\/p>\n<p>&nbsp;<\/p>\n<h3>Cos&#8217;\u00e8 un catalizzatore e a cosa serve?<\/h3>\n<p>Il catalizzatore di base \u00e8 un componente che serve a convertire i gas di scarico tossici, gli inquinanti, in gas meno inquinanti catalizzando, appunto, una reazione chimica.<\/p>\n<p>&nbsp;<\/p>\n<p>&nbsp;<\/p>\n<p>&nbsp;<\/p>\n<h3>Come funziona?<\/h3>\n<p>Al suo interno il convertitore catalitico contiene un corpo, o matrice, composta essenzialmente da fibre di ceramica o metalliche imbevute in metalli preziosi (es. platino, palladio etc.). Quando i gas di scarico passano attraverso la matrice i metalli favoriscono la conversione in gas meno tossici.<\/p>\n<p>&nbsp;<\/p>\n<p>&nbsp;<\/p>\n<p>&nbsp;<\/p>\n<h3>Quali sono gli svantaggi?<\/h3>\n<p>La presenza di un catalizzatore nello scarico aumenta notevolmente la contropressione dei gas, rendendo il motore meno reattivo e meno performante. Questo \u00e8 evidente soprattutto in accelerazione e ad alti RPM (giri\/minuto). La rimozione pu\u00f2 essere una soluzione per chi chiede il massimo dal proprio veicolo, ecco perch\u00e9 noi offriamo anche una vasta gamma di scarichi che rimuovono completamente il convertitore catalitico: <a href=\"https:\/\/www.instagram.com\/p\/C6eU31OL54a\/?next=https%3A%2F%2Fwww.instagram.com%2Farosmarmitte%2F&amp;img_index=1\">downpipe senza catalizzatore per Audi S3 8y<\/a><\/p>\n<p>&nbsp;<\/p>\n<p>In alcuni casi per\u00f2, pu\u00f2 essere necessario o pi\u00f9 conveniente in termini di prestazioni del motore, mantenere il catalizzatore. Noi, grazie alla nostra esperienza nel mondo racing, offriamo esclusivamente catalizzatori ad alto rendimento, ideali per chi pretende il meglio dal proprio veicolo.<\/p>\n<p>&nbsp;<\/p>\n<p>&nbsp;<\/p>\n<hr \/>\n<p>&nbsp;<\/p>\n<h3>Caratteristiche dei catalizzatori sportivi Aros Marmitte<\/h3>\n<ul>\n<li><strong>performance migliorata:\u00a0<\/strong>la riduzione della contropressione permette di migliorare i cavalli motore e la coppia<\/li>\n<li><strong>accelerazione pi\u00f9 rapida:\u00a0<\/strong>il motore riesce a rispondere pi\u00f9 velocemnte<\/li>\n<li><strong>sound pi\u00f9 aggressivo:\u00a0<\/strong>uno scarico meno restrittivo ottiene un sound pi\u00f9 sportivo, dovuto alla performance ottimizzata<\/li>\n<\/ul>\n<p>&nbsp;<\/p>\n<p>&nbsp;<\/p>\n<p><span style=\"color: #f73b3b;\"><strong>Un catalizzatore racing \u00e8 il perfetto compromesso fra performance e restrizioni delle emissioni.<\/strong><\/span><\/p>\n<p>Per info visita la sezione <a href=\"https:\/\/www.arosmarmitte.it\/contatti\/\">contatti<\/a>.<\/p>\n<p>&nbsp;<\/p>\n<p>&nbsp;<\/p>\n<p>&nbsp;<\/p>\n<h3>Montaggio e regolamentazioni<\/h3>\n<p>Il montaggio richiede un intervento sullo scarico originale: tagli e saldature; per questo <span style=\"text-decoration: underline;\">\u00e8 importante che il lavoro venga svolto da officine specializzate<\/span>.<\/p>\n<p>Infine i nostri catalizzatori rispettano le regolamentazioni per <strong>Euro2 <\/strong>o <strong>Euro4<\/strong>, a seconda dell&#8217;articolo selezionato.<\/p>\n<p>&nbsp;<\/p>\n<p>&nbsp;<\/p>\n<p>&nbsp;<\/p>\n<p>&nbsp;<\/p>\n<h6><strong><em>N.B. Per procedere alla spedizione c\u2019\u00e8 un minimo fatturabile di 85,00 \u20ac iva inclusa \u2013 spedizione esclusa.<\/em><\/strong><\/h6>\n<h6><strong>Effettuiamo spedizioni in tutta Italia in tempi brevi. Ogni articolo Aros Marmitte ha una garanzia di recesso di 14 giorni.\u00a0<a href=\"https:\/\/www.arosmarmitte.it\/contatti\/\" target=\"_blank\" rel=\"noopener\">Consulta le norme di spedizione<\/a>.<\/strong><\/h6>\n<p>&nbsp;<\/p>\n<hr \/>\n<h6>Visita anche la nostra\u00a0<a href=\"https:\/\/www.facebook.com\/arosmarmitte?locale=it_IT\" target=\"_blank\" rel=\"noopener\">pagina Facebook<\/a>\u00a0o il nostro\u00a0<a href=\"https:\/\/www.instagram.com\/arosmarmitte\/?next=https%3A%2F%2Fwww.instagram.com%2Farosmarmitte%2F\" target=\"_blank\" rel=\"noopener\">account Instagram<\/a>\u00a0per restare sempre aggiornato sui nostri prodotti!<\/h6>\n","protected":false},"excerpt":{"rendered":"<p>Catalizzatore sportivo 200 celle &nbsp; &nbsp; I nostri catalizzatori sportivi e metallici permettono di migliorare nettamente le prestazioni della tua auto, grazie al miglioramento del flusso dei gas di scarico. L&#8217;articolo \u00e8 composto da un corpo a cui saldiamo a TIG due coni, uno di uscita ed uno di entrata, con diametro personalizzabile &#8211; da [&hellip;]<\/p>\n","protected":false},"featured_media":132877,"comment_status":"closed","ping_status":"closed","template":"","meta":{"_acf_changed":false},"marca":[],"product_brand":[],"product_cat":[535,332],"product_tag":[],"class_list":{"0":"post-135433","1":"product","2":"type-product","3":"status-publish","4":"has-post-thumbnail","6":"product_cat-catalizzatori-sportivi","7":"product_cat-ricambi","8":"pa_diametro-interno-imbocco-coni-o50","9":"pa_diametro-interno-imbocco-coni-o52","10":"pa_diametro-interno-imbocco-coni-o54","11":"pa_diametro-interno-imbocco-coni-o57","12":"pa_diametro-interno-imbocco-coni-o60","13":"pa_diametro-interno-imbocco-coni-o635","14":"pa_diametro-interno-imbocco-coni-o65","15":"pa_diametro-interno-imbocco-coni-o70","17":"first","18":"instock","19":"taxable","20":"shipping-taxable","21":"purchasable","22":"product-type-variable"},"acf":[],"yoast_head":"<!-- This site is optimized with the Yoast SEO Premium plugin v24.8 (Yoast SEO v27.2) - https:\/\/yoast.com\/product\/yoast-seo-premium-wordpress\/ -->\n<title>Catalizzatore sportivo 200 celle | Acquista ora | Spedizioni veloci | Aros Marmitte<\/title>\n<meta name=\"description\" content=\"Acquista subito i nostri catalizzatori sportivi! Flusso dei gas migliorato per una potenza da gara! Approfitta subito delle offerte per rivenditori!\" \/>\n<meta name=\"robots\" content=\"index, follow, max-snippet:-1, max-image-preview:large, max-video-preview:-1\" \/>\n<link rel=\"canonical\" href=\"https:\/\/www.arosmarmitte.it\/prodotto\/ricambi\/catalizzatori-sportivi\/catalizzatore-sportivo-200-celle\/\" \/>\n<meta property=\"og:locale\" content=\"en_US\" \/>\n<meta property=\"og:type\" content=\"article\" \/>\n<meta property=\"og:title\" content=\"Catalizzatore sportivo 200 celle\" \/>\n<meta property=\"og:description\" content=\"Acquista subito i nostri catalizzatori sportivi! Flusso dei gas migliorato per una potenza da gara! Approfitta subito delle offerte per rivenditori!\" \/>\n<meta property=\"og:url\" content=\"https:\/\/www.arosmarmitte.it\/prodotto\/ricambi\/catalizzatori-sportivi\/catalizzatore-sportivo-200-celle\/\" \/>\n<meta property=\"og:site_name\" content=\"Aros Marmitte\" \/>\n<meta property=\"article:publisher\" content=\"https:\/\/www.facebook.com\/arosmarmitte\" \/>\n<meta property=\"article:modified_time\" content=\"2026-01-15T09:54:46+00:00\" \/>\n<meta property=\"og:image\" content=\"https:\/\/www.arosmarmitte.it\/wp-content\/uploads\/Catalizzatore-sportivo-per-impianti-di-scarico-200-300-celle-con-coni-2-1-54.jpg\" \/>\n\t<meta property=\"og:image:width\" content=\"700\" \/>\n\t<meta property=\"og:image:height\" content=\"490\" \/>\n\t<meta property=\"og:image:type\" content=\"image\/jpeg\" \/>\n<meta name=\"twitter:card\" content=\"summary_large_image\" \/>\n<meta name=\"twitter:site\" content=\"@AROS_MARMITTE\" \/>\n<meta name=\"twitter:label1\" content=\"Est. reading time\" \/>\n\t<meta name=\"twitter:data1\" content=\"3 minutes\" \/>\n<script type=\"application\/ld+json\" class=\"yoast-schema-graph\">{\"@context\":\"https:\/\/schema.org\",\"@graph\":[{\"@type\":\"WebPage\",\"@id\":\"https:\/\/www.arosmarmitte.it\/prodotto\/ricambi\/catalizzatori-sportivi\/catalizzatore-sportivo-200-celle\/\",\"url\":\"https:\/\/www.arosmarmitte.it\/prodotto\/ricambi\/catalizzatori-sportivi\/catalizzatore-sportivo-200-celle\/\",\"name\":\"Catalizzatore sportivo 200 celle | Acquista ora | Spedizioni veloci | Aros Marmitte\",\"isPartOf\":{\"@id\":\"https:\/\/www.arosmarmitte.it\/en\/#website\"},\"primaryImageOfPage\":{\"@id\":\"https:\/\/www.arosmarmitte.it\/prodotto\/ricambi\/catalizzatori-sportivi\/catalizzatore-sportivo-200-celle\/#primaryimage\"},\"image\":{\"@id\":\"https:\/\/www.arosmarmitte.it\/prodotto\/ricambi\/catalizzatori-sportivi\/catalizzatore-sportivo-200-celle\/#primaryimage\"},\"thumbnailUrl\":\"https:\/\/www.arosmarmitte.it\/wp-content\/uploads\/Catalizzatore-sportivo-per-impianti-di-scarico-200-300-celle-con-coni-2-1-54.jpg\",\"datePublished\":\"2023-11-21T15:22:55+00:00\",\"dateModified\":\"2026-01-15T09:54:46+00:00\",\"description\":\"Acquista subito i nostri catalizzatori sportivi! Flusso dei gas migliorato per una potenza da gara! Approfitta subito delle offerte per rivenditori!\",\"breadcrumb\":{\"@id\":\"https:\/\/www.arosmarmitte.it\/prodotto\/ricambi\/catalizzatori-sportivi\/catalizzatore-sportivo-200-celle\/#breadcrumb\"},\"inLanguage\":\"en-US\",\"potentialAction\":[{\"@type\":\"ReadAction\",\"target\":[\"https:\/\/www.arosmarmitte.it\/prodotto\/ricambi\/catalizzatori-sportivi\/catalizzatore-sportivo-200-celle\/\"]}]},{\"@type\":\"ImageObject\",\"inLanguage\":\"en-US\",\"@id\":\"https:\/\/www.arosmarmitte.it\/prodotto\/ricambi\/catalizzatori-sportivi\/catalizzatore-sportivo-200-celle\/#primaryimage\",\"url\":\"https:\/\/www.arosmarmitte.it\/wp-content\/uploads\/Catalizzatore-sportivo-per-impianti-di-scarico-200-300-celle-con-coni-2-1-54.jpg\",\"contentUrl\":\"https:\/\/www.arosmarmitte.it\/wp-content\/uploads\/Catalizzatore-sportivo-per-impianti-di-scarico-200-300-celle-con-coni-2-1-54.jpg\",\"width\":700,\"height\":490,\"caption\":\"Catalizzatore sportivo 200 celle per euro2 e euro4 in metallo e con coni\"},{\"@type\":\"BreadcrumbList\",\"@id\":\"https:\/\/www.arosmarmitte.it\/prodotto\/ricambi\/catalizzatori-sportivi\/catalizzatore-sportivo-200-celle\/#breadcrumb\",\"itemListElement\":[{\"@type\":\"ListItem\",\"position\":1,\"name\":\"Home\",\"item\":\"https:\/\/www.arosmarmitte.it\/en\/\"},{\"@type\":\"ListItem\",\"position\":2,\"name\":\"Shop\",\"item\":\"https:\/\/www.arosmarmitte.it\/shop\/\"},{\"@type\":\"ListItem\",\"position\":3,\"name\":\"Catalizzatore sportivo 200 celle\"}]},{\"@type\":\"WebSite\",\"@id\":\"https:\/\/www.arosmarmitte.it\/en\/#website\",\"url\":\"https:\/\/www.arosmarmitte.it\/en\/\",\"name\":\"Aros Marmitte\",\"description\":\"\",\"publisher\":{\"@id\":\"https:\/\/www.arosmarmitte.it\/en\/#organization\"},\"potentialAction\":[{\"@type\":\"SearchAction\",\"target\":{\"@type\":\"EntryPoint\",\"urlTemplate\":\"https:\/\/www.arosmarmitte.it\/en\/?s={search_term_string}\"},\"query-input\":{\"@type\":\"PropertyValueSpecification\",\"valueRequired\":true,\"valueName\":\"search_term_string\"}}],\"inLanguage\":\"en-US\"},{\"@type\":\"Organization\",\"@id\":\"https:\/\/www.arosmarmitte.it\/en\/#organization\",\"name\":\"AROS Marmitte\",\"alternateName\":\"AROS SRL\",\"url\":\"https:\/\/www.arosmarmitte.it\/en\/\",\"logo\":{\"@type\":\"ImageObject\",\"inLanguage\":\"en-US\",\"@id\":\"https:\/\/www.arosmarmitte.it\/en\/#\/schema\/logo\/image\/\",\"url\":\"https:\/\/www.arosmarmitte.it\/wp-content\/uploads\/AROS_MARMITTE_LOGO_2016-EXHAUST-SYSTEMS-ECHAPPEMENT-SCARICO-ARTIGIANALE-MARMITTA-1-1.jpg\",\"contentUrl\":\"https:\/\/www.arosmarmitte.it\/wp-content\/uploads\/AROS_MARMITTE_LOGO_2016-EXHAUST-SYSTEMS-ECHAPPEMENT-SCARICO-ARTIGIANALE-MARMITTA-1-1.jpg\",\"width\":1000,\"height\":875,\"caption\":\"AROS Marmitte\"},\"image\":{\"@id\":\"https:\/\/www.arosmarmitte.it\/en\/#\/schema\/logo\/image\/\"},\"sameAs\":[\"https:\/\/www.facebook.com\/arosmarmitte\",\"https:\/\/x.com\/AROS_MARMITTE\",\"https:\/\/www.instagram.com\/arosmarmitte\/\",\"https:\/\/www.tiktok.com\/@aros_marmitte\"],\"email\":\"info@arosmarmitte.it\",\"telephone\":\"3401417652\"}]}<\/script>\n<!-- \/ Yoast SEO Premium plugin. -->","yoast_head_json":{"title":"Catalizzatore sportivo 200 celle | Acquista ora | Spedizioni veloci | Aros Marmitte","description":"Acquista subito i nostri catalizzatori sportivi! Flusso dei gas migliorato per una potenza da gara! Approfitta subito delle offerte per rivenditori!","robots":{"index":"index","follow":"follow","max-snippet":"max-snippet:-1","max-image-preview":"max-image-preview:large","max-video-preview":"max-video-preview:-1"},"canonical":"https:\/\/www.arosmarmitte.it\/prodotto\/ricambi\/catalizzatori-sportivi\/catalizzatore-sportivo-200-celle\/","og_locale":"en_US","og_type":"article","og_title":"Catalizzatore sportivo 200 celle","og_description":"Acquista subito i nostri catalizzatori sportivi! Flusso dei gas migliorato per una potenza da gara! Approfitta subito delle offerte per rivenditori!","og_url":"https:\/\/www.arosmarmitte.it\/prodotto\/ricambi\/catalizzatori-sportivi\/catalizzatore-sportivo-200-celle\/","og_site_name":"Aros Marmitte","article_publisher":"https:\/\/www.facebook.com\/arosmarmitte","article_modified_time":"2026-01-15T09:54:46+00:00","og_image":[{"width":700,"height":490,"url":"https:\/\/www.arosmarmitte.it\/wp-content\/uploads\/Catalizzatore-sportivo-per-impianti-di-scarico-200-300-celle-con-coni-2-1-54.jpg","type":"image\/jpeg"}],"twitter_card":"summary_large_image","twitter_site":"@AROS_MARMITTE","twitter_misc":{"Est. reading time":"3 minutes"},"schema":{"@context":"https:\/\/schema.org","@graph":[{"@type":"WebPage","@id":"https:\/\/www.arosmarmitte.it\/prodotto\/ricambi\/catalizzatori-sportivi\/catalizzatore-sportivo-200-celle\/","url":"https:\/\/www.arosmarmitte.it\/prodotto\/ricambi\/catalizzatori-sportivi\/catalizzatore-sportivo-200-celle\/","name":"Catalizzatore sportivo 200 celle | Acquista ora | Spedizioni veloci | Aros Marmitte","isPartOf":{"@id":"https:\/\/www.arosmarmitte.it\/en\/#website"},"primaryImageOfPage":{"@id":"https:\/\/www.arosmarmitte.it\/prodotto\/ricambi\/catalizzatori-sportivi\/catalizzatore-sportivo-200-celle\/#primaryimage"},"image":{"@id":"https:\/\/www.arosmarmitte.it\/prodotto\/ricambi\/catalizzatori-sportivi\/catalizzatore-sportivo-200-celle\/#primaryimage"},"thumbnailUrl":"https:\/\/www.arosmarmitte.it\/wp-content\/uploads\/Catalizzatore-sportivo-per-impianti-di-scarico-200-300-celle-con-coni-2-1-54.jpg","datePublished":"2023-11-21T15:22:55+00:00","dateModified":"2026-01-15T09:54:46+00:00","description":"Acquista subito i nostri catalizzatori sportivi! Flusso dei gas migliorato per una potenza da gara! Approfitta subito delle offerte per rivenditori!","breadcrumb":{"@id":"https:\/\/www.arosmarmitte.it\/prodotto\/ricambi\/catalizzatori-sportivi\/catalizzatore-sportivo-200-celle\/#breadcrumb"},"inLanguage":"en-US","potentialAction":[{"@type":"ReadAction","target":["https:\/\/www.arosmarmitte.it\/prodotto\/ricambi\/catalizzatori-sportivi\/catalizzatore-sportivo-200-celle\/"]}]},{"@type":"ImageObject","inLanguage":"en-US","@id":"https:\/\/www.arosmarmitte.it\/prodotto\/ricambi\/catalizzatori-sportivi\/catalizzatore-sportivo-200-celle\/#primaryimage","url":"https:\/\/www.arosmarmitte.it\/wp-content\/uploads\/Catalizzatore-sportivo-per-impianti-di-scarico-200-300-celle-con-coni-2-1-54.jpg","contentUrl":"https:\/\/www.arosmarmitte.it\/wp-content\/uploads\/Catalizzatore-sportivo-per-impianti-di-scarico-200-300-celle-con-coni-2-1-54.jpg","width":700,"height":490,"caption":"Catalizzatore sportivo 200 celle per euro2 e euro4 in metallo e con coni"},{"@type":"BreadcrumbList","@id":"https:\/\/www.arosmarmitte.it\/prodotto\/ricambi\/catalizzatori-sportivi\/catalizzatore-sportivo-200-celle\/#breadcrumb","itemListElement":[{"@type":"ListItem","position":1,"name":"Home","item":"https:\/\/www.arosmarmitte.it\/en\/"},{"@type":"ListItem","position":2,"name":"Shop","item":"https:\/\/www.arosmarmitte.it\/shop\/"},{"@type":"ListItem","position":3,"name":"Catalizzatore sportivo 200 celle"}]},{"@type":"WebSite","@id":"https:\/\/www.arosmarmitte.it\/en\/#website","url":"https:\/\/www.arosmarmitte.it\/en\/","name":"Aros Marmitte","description":"","publisher":{"@id":"https:\/\/www.arosmarmitte.it\/en\/#organization"},"potentialAction":[{"@type":"SearchAction","target":{"@type":"EntryPoint","urlTemplate":"https:\/\/www.arosmarmitte.it\/en\/?s={search_term_string}"},"query-input":{"@type":"PropertyValueSpecification","valueRequired":true,"valueName":"search_term_string"}}],"inLanguage":"en-US"},{"@type":"Organization","@id":"https:\/\/www.arosmarmitte.it\/en\/#organization","name":"AROS Marmitte","alternateName":"AROS SRL","url":"https:\/\/www.arosmarmitte.it\/en\/","logo":{"@type":"ImageObject","inLanguage":"en-US","@id":"https:\/\/www.arosmarmitte.it\/en\/#\/schema\/logo\/image\/","url":"https:\/\/www.arosmarmitte.it\/wp-content\/uploads\/AROS_MARMITTE_LOGO_2016-EXHAUST-SYSTEMS-ECHAPPEMENT-SCARICO-ARTIGIANALE-MARMITTA-1-1.jpg","contentUrl":"https:\/\/www.arosmarmitte.it\/wp-content\/uploads\/AROS_MARMITTE_LOGO_2016-EXHAUST-SYSTEMS-ECHAPPEMENT-SCARICO-ARTIGIANALE-MARMITTA-1-1.jpg","width":1000,"height":875,"caption":"AROS Marmitte"},"image":{"@id":"https:\/\/www.arosmarmitte.it\/en\/#\/schema\/logo\/image\/"},"sameAs":["https:\/\/www.facebook.com\/arosmarmitte","https:\/\/x.com\/AROS_MARMITTE","https:\/\/www.instagram.com\/arosmarmitte\/","https:\/\/www.tiktok.com\/@aros_marmitte"],"email":"info@arosmarmitte.it","telephone":"3401417652"}]}},"_links":{"self":[{"href":"https:\/\/www.arosmarmitte.it\/en\/wp-json\/wp\/v2\/product\/135433","targetHints":{"allow":["GET"]}}],"collection":[{"href":"https:\/\/www.arosmarmitte.it\/en\/wp-json\/wp\/v2\/product"}],"about":[{"href":"https:\/\/www.arosmarmitte.it\/en\/wp-json\/wp\/v2\/types\/product"}],"replies":[{"embeddable":true,"href":"https:\/\/www.arosmarmitte.it\/en\/wp-json\/wp\/v2\/comments?post=135433"}],"wp:featuredmedia":[{"embeddable":true,"href":"https:\/\/www.arosmarmitte.it\/en\/wp-json\/wp\/v2\/media\/132877"}],"wp:attachment":[{"href":"https:\/\/www.arosmarmitte.it\/en\/wp-json\/wp\/v2\/media?parent=135433"}],"wp:term":[{"taxonomy":"marca","embeddable":true,"href":"https:\/\/www.arosmarmitte.it\/en\/wp-json\/wp\/v2\/marca?post=135433"},{"taxonomy":"product_brand","embeddable":true,"href":"https:\/\/www.arosmarmitte.it\/en\/wp-json\/wp\/v2\/product_brand?post=135433"},{"taxonomy":"product_cat","embeddable":true,"href":"https:\/\/www.arosmarmitte.it\/en\/wp-json\/wp\/v2\/product_cat?post=135433"},{"taxonomy":"product_tag","embeddable":true,"href":"https:\/\/www.arosmarmitte.it\/en\/wp-json\/wp\/v2\/product_tag?post=135433"}],"curies":[{"name":"wp","href":"https:\/\/api.w.org\/{rel}","templated":true}]}}