{"id":135364,"date":"2023-11-21T16:22:35","date_gmt":"2023-11-21T15:22:35","guid":{"rendered":"https:\/\/www.arosmarmitte.it\/prodotto\/senza-categoria\/canna-forata\/"},"modified":"2026-01-14T10:08:15","modified_gmt":"2026-01-14T09:08:15","slug":"canna-forata","status":"publish","type":"product","link":"https:\/\/www.arosmarmitte.it\/en\/prodotto\/spare-parts\/perforated-tubes\/canna-forata\/","title":{"rendered":"Canna forata"},"content":{"rendered":"<h1>Canna forata in acciaio inox AISI 304 &#8211; ideale per silenziatori!<\/h1>\n<p>&nbsp;<\/p>\n<p>&nbsp;<\/p>\n<p>La nostra canna forata, anche detta tubo forato o tubo mitragliato, \u00e8 realizzata in acciaio inossidabile di tipo AISI304 e lunga 500 millimetri.<\/p>\n<p>Compatibile con ogni tipo di scarico racing e non solo, la canna forata \u00e8 l&#8217;essenziale per chi vuole realizzare un silenziatore per marmitte auto. Il tubo forato infatti rappresenta il core, ovvero il centro o anima, di un silenziatore con caratteristiche sportive.<\/p>\n<p>&nbsp;<\/p>\n<p>Realizzata con l&#8217;utilizzo di una calandra di ultima generazione (macchinario che permette di &#8220;arrotolare&#8221; &#8211; o calandrare- una lamiera), il passo fori del tubo forato \u00e8 studiato per permettere il passaggio dei gas di scarico senza compromettere significativamente la performance del veicolo. Il silenziatore di uno scarico infatti aumenta in ogni caso la contropressione dei gas.<\/p>\n<p>&nbsp;<\/p>\n<p>Insieme al tubo forato sul nostro shop puoi trovare tutto il necessario per realizzare il tuo impianto di scarico su misura: consulta il nostro <a href=\"https:\/\/www.arosmarmitte.it\/ricambi-aros\/\" target=\"_blank\" rel=\"noopener\">catalogo ricambi<\/a>.<\/p>\n<p>&nbsp;<\/p>\n<p>&nbsp;<\/p>\n<hr \/>\n<h2><\/h2>\n<h2>Dettagli tecnici tubo forato \/ canna forata<\/h2>\n<ul>\n<li><strong>diametro fori:\u00a0<\/strong>4 millimetri<\/li>\n<li><strong>passo fori:\u00a0<\/strong>6 millimetri<\/li>\n<li><strong>lunghezza standard:\u00a0<\/strong>500 millimetri<\/li>\n<li><strong>spessore:\u00a0<\/strong>1,0 millimetri<\/li>\n<li><strong>rapporto vuoto\/pieno:\u00a0<\/strong>40%<\/li>\n<\/ul>\n<p>&nbsp;<\/p>\n<p>Il materiale scelto per il nostro tubo forato \u00e8 acciaio inox di tipo AISI304, la scelta d&#8217;elezione per chi vuole durabili\u00e0, resistenza meccanica e termica e versatilit\u00e0.<\/p>\n<p>&nbsp;<\/p>\n<p>&nbsp;<\/p>\n<hr \/>\n<h2><\/h2>\n<h2>Come si compone un silenziatore?<\/h2>\n<p>La canna forata \u00e8 l&#8217;anima o parte centrale del silenziatore: la presenza dei fori sulla lamiera permette il passaggio dei gas di scarico all&#8217;interno del silenziatore, questo \u00e8 riempito con <a href=\"https:\/\/www.arosmarmitte.it\/categoria-prodotto\/ricambi\/lana-di-vetro-per-silenziatori\/\" target=\"_blank\" rel=\"noopener\">lana di vetro<\/a> (il materiale perfetto per chi cerca la giusta fonoassorbenza).<\/p>\n<p>Risulta troppo difficile da fare? Scopri anche i nostri <a href=\"https:\/\/www.arosmarmitte.it\/categoria-prodotto\/ricambi\/silenziatori\/\" target=\"_blank\" rel=\"noopener\">silenziatori universali<\/a> con imbocchi personalizzati per le tue necessit\u00e0!<\/p>\n<p>&nbsp;<\/p>\n<p>Spedizioni in tutta Italia. Per info o contatti consultare <a href=\"https:\/\/www.arosmarmitte.it\/contatti\/\" target=\"_blank\" rel=\"noopener\">questa pagina<\/a>.<\/p>\n<p>&nbsp;<\/p>\n<p><strong>Questo tubo forato \u00e8 realizzato completamente in Italia da Aros Marmitte, azienda specializzata in produzione di scarichi racing per veicoli e velivoli; professionisti del settore automotive sin dal 2005.<\/strong><\/p>\n<p>&nbsp;<\/p>\n<p>&nbsp;<\/p>\n<p>&nbsp;<\/p>\n<p>&nbsp;<\/p>\n<h6><strong><em>N.B. Per procedere alla spedizione c\u2019\u00e8 un minimo fatturabile di 85,00 \u20ac iva inclusa \u2013 spedizione esclusa.<\/em><\/strong><\/h6>\n<h6><strong>Effettuiamo spedizioni in tutta Italia in tempi brevi. Ogni articolo Aros Marmitte ha una garanzia di recesso di 14 giorni.\u00a0<a href=\"https:\/\/www.arosmarmitte.it\/contatti\/\" target=\"_blank\" rel=\"noopener\">Consulta le norme di spedizione<\/a>.<\/strong><\/h6>\n<p>&nbsp;<\/p>\n<hr \/>\n<h6>Visita anche la nostra\u00a0<a href=\"https:\/\/www.facebook.com\/arosmarmitte?locale=it_IT\" target=\"_blank\" rel=\"noopener\">pagina Facebook<\/a>\u00a0o il nostro\u00a0<a href=\"https:\/\/www.instagram.com\/arosmarmitte\/?next=https%3A%2F%2Fwww.instagram.com%2Farosmarmitte%2F\" target=\"_blank\" rel=\"noopener\">account Instagram<\/a>\u00a0per restare sempre aggiornato sui nostri prodotti!<\/h6>\n","protected":false},"excerpt":{"rendered":"<p>Canna forata in acciaio inox AISI 304 &#8211; ideale per silenziatori! &nbsp; &nbsp; La nostra canna forata, anche detta tubo forato o tubo mitragliato, \u00e8 realizzata in acciaio inossidabile di tipo AISI304 e lunga 500 millimetri. Compatibile con ogni tipo di scarico racing e non solo, la canna forata \u00e8 l&#8217;essenziale per chi vuole realizzare [&hellip;]<\/p>\n","protected":false},"featured_media":132763,"comment_status":"closed","ping_status":"closed","template":"","meta":{"_acf_changed":false},"marca":[],"product_brand":[],"product_cat":[534,332],"product_tag":[],"class_list":{"0":"post-135364","1":"product","2":"type-product","3":"status-publish","4":"has-post-thumbnail","6":"product_cat-canne-forate","7":"product_cat-ricambi","9":"first","10":"instock","11":"taxable","12":"shipping-taxable","13":"purchasable","14":"product-type-variable"},"acf":[],"yoast_head":"<!-- This site is optimized with the Yoast SEO Premium plugin v24.8 (Yoast SEO v27.2) - https:\/\/yoast.com\/product\/yoast-seo-premium-wordpress\/ -->\n<title>Canna forata - Tubo forato - Tubo mitragliato - AISI304 | Acquista ora | Aros Marmitte<\/title>\n<meta name=\"description\" content=\"Canna forata o tubo mitragliato \/ forato in acciaio inossidabile AISI304. Spedizioni in tutta Italia! Sconti esclusivi per aziende! Acquista ora!\" \/>\n<meta name=\"robots\" content=\"index, follow, max-snippet:-1, max-image-preview:large, max-video-preview:-1\" \/>\n<link rel=\"canonical\" href=\"https:\/\/www.arosmarmitte.it\/prodotto\/ricambi\/canne-forate\/canna-forata\/\" \/>\n<meta property=\"og:locale\" content=\"en_US\" \/>\n<meta property=\"og:type\" content=\"article\" \/>\n<meta property=\"og:title\" content=\"Canna forata\" \/>\n<meta property=\"og:description\" content=\"Canna forata o tubo mitragliato \/ forato in acciaio inossidabile AISI304. Spedizioni in tutta Italia! Sconti esclusivi per aziende! Acquista ora!\" \/>\n<meta property=\"og:url\" content=\"https:\/\/www.arosmarmitte.it\/prodotto\/ricambi\/canne-forate\/canna-forata\/\" \/>\n<meta property=\"og:site_name\" content=\"Aros Marmitte\" \/>\n<meta property=\"article:publisher\" content=\"https:\/\/www.facebook.com\/arosmarmitte\" \/>\n<meta property=\"article:modified_time\" content=\"2026-01-14T09:08:15+00:00\" \/>\n<meta property=\"og:image\" content=\"https:\/\/www.arosmarmitte.it\/wp-content\/uploads\/Canna-Forata-perfored-tube-pipe-tubo-forato-canna-mitrata-3-6.jpg\" \/>\n\t<meta property=\"og:image:width\" content=\"1000\" \/>\n\t<meta property=\"og:image:height\" content=\"756\" \/>\n\t<meta property=\"og:image:type\" content=\"image\/jpeg\" \/>\n<meta name=\"twitter:card\" content=\"summary_large_image\" \/>\n<meta name=\"twitter:site\" content=\"@AROS_MARMITTE\" \/>\n<meta name=\"twitter:label1\" content=\"Est. reading time\" \/>\n\t<meta name=\"twitter:data1\" content=\"3 minutes\" \/>\n<script type=\"application\/ld+json\" class=\"yoast-schema-graph\">{\"@context\":\"https:\/\/schema.org\",\"@graph\":[{\"@type\":\"WebPage\",\"@id\":\"https:\/\/www.arosmarmitte.it\/prodotto\/ricambi\/canne-forate\/canna-forata\/\",\"url\":\"https:\/\/www.arosmarmitte.it\/prodotto\/ricambi\/canne-forate\/canna-forata\/\",\"name\":\"Canna forata - Tubo forato - Tubo mitragliato - AISI304 | Acquista ora | Aros Marmitte\",\"isPartOf\":{\"@id\":\"https:\/\/www.arosmarmitte.it\/en\/#website\"},\"primaryImageOfPage\":{\"@id\":\"https:\/\/www.arosmarmitte.it\/prodotto\/ricambi\/canne-forate\/canna-forata\/#primaryimage\"},\"image\":{\"@id\":\"https:\/\/www.arosmarmitte.it\/prodotto\/ricambi\/canne-forate\/canna-forata\/#primaryimage\"},\"thumbnailUrl\":\"https:\/\/www.arosmarmitte.it\/wp-content\/uploads\/Canna-Forata-perfored-tube-pipe-tubo-forato-canna-mitrata-3-6.jpg\",\"datePublished\":\"2023-11-21T15:22:35+00:00\",\"dateModified\":\"2026-01-14T09:08:15+00:00\",\"description\":\"Canna forata o tubo mitragliato \/ forato in acciaio inossidabile AISI304. Spedizioni in tutta Italia! Sconti esclusivi per aziende! Acquista ora!\",\"breadcrumb\":{\"@id\":\"https:\/\/www.arosmarmitte.it\/prodotto\/ricambi\/canne-forate\/canna-forata\/#breadcrumb\"},\"inLanguage\":\"en-US\",\"potentialAction\":[{\"@type\":\"ReadAction\",\"target\":[\"https:\/\/www.arosmarmitte.it\/prodotto\/ricambi\/canne-forate\/canna-forata\/\"]}]},{\"@type\":\"ImageObject\",\"inLanguage\":\"en-US\",\"@id\":\"https:\/\/www.arosmarmitte.it\/prodotto\/ricambi\/canne-forate\/canna-forata\/#primaryimage\",\"url\":\"https:\/\/www.arosmarmitte.it\/wp-content\/uploads\/Canna-Forata-perfored-tube-pipe-tubo-forato-canna-mitrata-3-6.jpg\",\"contentUrl\":\"https:\/\/www.arosmarmitte.it\/wp-content\/uploads\/Canna-Forata-perfored-tube-pipe-tubo-forato-canna-mitrata-3-6.jpg\",\"width\":1000,\"height\":756,\"caption\":\"Canna forata\"},{\"@type\":\"BreadcrumbList\",\"@id\":\"https:\/\/www.arosmarmitte.it\/prodotto\/ricambi\/canne-forate\/canna-forata\/#breadcrumb\",\"itemListElement\":[{\"@type\":\"ListItem\",\"position\":1,\"name\":\"Home\",\"item\":\"https:\/\/www.arosmarmitte.it\/en\/\"},{\"@type\":\"ListItem\",\"position\":2,\"name\":\"Shop\",\"item\":\"https:\/\/www.arosmarmitte.it\/shop\/\"},{\"@type\":\"ListItem\",\"position\":3,\"name\":\"Canna forata\"}]},{\"@type\":\"WebSite\",\"@id\":\"https:\/\/www.arosmarmitte.it\/en\/#website\",\"url\":\"https:\/\/www.arosmarmitte.it\/en\/\",\"name\":\"Aros Marmitte\",\"description\":\"\",\"publisher\":{\"@id\":\"https:\/\/www.arosmarmitte.it\/en\/#organization\"},\"potentialAction\":[{\"@type\":\"SearchAction\",\"target\":{\"@type\":\"EntryPoint\",\"urlTemplate\":\"https:\/\/www.arosmarmitte.it\/en\/?s={search_term_string}\"},\"query-input\":{\"@type\":\"PropertyValueSpecification\",\"valueRequired\":true,\"valueName\":\"search_term_string\"}}],\"inLanguage\":\"en-US\"},{\"@type\":\"Organization\",\"@id\":\"https:\/\/www.arosmarmitte.it\/en\/#organization\",\"name\":\"AROS Marmitte\",\"alternateName\":\"AROS SRL\",\"url\":\"https:\/\/www.arosmarmitte.it\/en\/\",\"logo\":{\"@type\":\"ImageObject\",\"inLanguage\":\"en-US\",\"@id\":\"https:\/\/www.arosmarmitte.it\/en\/#\/schema\/logo\/image\/\",\"url\":\"https:\/\/www.arosmarmitte.it\/wp-content\/uploads\/AROS_MARMITTE_LOGO_2016-EXHAUST-SYSTEMS-ECHAPPEMENT-SCARICO-ARTIGIANALE-MARMITTA-1-1.jpg\",\"contentUrl\":\"https:\/\/www.arosmarmitte.it\/wp-content\/uploads\/AROS_MARMITTE_LOGO_2016-EXHAUST-SYSTEMS-ECHAPPEMENT-SCARICO-ARTIGIANALE-MARMITTA-1-1.jpg\",\"width\":1000,\"height\":875,\"caption\":\"AROS Marmitte\"},\"image\":{\"@id\":\"https:\/\/www.arosmarmitte.it\/en\/#\/schema\/logo\/image\/\"},\"sameAs\":[\"https:\/\/www.facebook.com\/arosmarmitte\",\"https:\/\/x.com\/AROS_MARMITTE\",\"https:\/\/www.instagram.com\/arosmarmitte\/\",\"https:\/\/www.tiktok.com\/@aros_marmitte\"],\"email\":\"info@arosmarmitte.it\",\"telephone\":\"3401417652\"}]}<\/script>\n<!-- \/ Yoast SEO Premium plugin. -->","yoast_head_json":{"title":"Canna forata - Tubo forato - Tubo mitragliato - AISI304 | Acquista ora | Aros Marmitte","description":"Canna forata o tubo mitragliato \/ forato in acciaio inossidabile AISI304. Spedizioni in tutta Italia! Sconti esclusivi per aziende! Acquista ora!","robots":{"index":"index","follow":"follow","max-snippet":"max-snippet:-1","max-image-preview":"max-image-preview:large","max-video-preview":"max-video-preview:-1"},"canonical":"https:\/\/www.arosmarmitte.it\/prodotto\/ricambi\/canne-forate\/canna-forata\/","og_locale":"en_US","og_type":"article","og_title":"Canna forata","og_description":"Canna forata o tubo mitragliato \/ forato in acciaio inossidabile AISI304. Spedizioni in tutta Italia! Sconti esclusivi per aziende! Acquista ora!","og_url":"https:\/\/www.arosmarmitte.it\/prodotto\/ricambi\/canne-forate\/canna-forata\/","og_site_name":"Aros Marmitte","article_publisher":"https:\/\/www.facebook.com\/arosmarmitte","article_modified_time":"2026-01-14T09:08:15+00:00","og_image":[{"width":1000,"height":756,"url":"https:\/\/www.arosmarmitte.it\/wp-content\/uploads\/Canna-Forata-perfored-tube-pipe-tubo-forato-canna-mitrata-3-6.jpg","type":"image\/jpeg"}],"twitter_card":"summary_large_image","twitter_site":"@AROS_MARMITTE","twitter_misc":{"Est. reading time":"3 minutes"},"schema":{"@context":"https:\/\/schema.org","@graph":[{"@type":"WebPage","@id":"https:\/\/www.arosmarmitte.it\/prodotto\/ricambi\/canne-forate\/canna-forata\/","url":"https:\/\/www.arosmarmitte.it\/prodotto\/ricambi\/canne-forate\/canna-forata\/","name":"Canna forata - Tubo forato - Tubo mitragliato - AISI304 | Acquista ora | Aros Marmitte","isPartOf":{"@id":"https:\/\/www.arosmarmitte.it\/en\/#website"},"primaryImageOfPage":{"@id":"https:\/\/www.arosmarmitte.it\/prodotto\/ricambi\/canne-forate\/canna-forata\/#primaryimage"},"image":{"@id":"https:\/\/www.arosmarmitte.it\/prodotto\/ricambi\/canne-forate\/canna-forata\/#primaryimage"},"thumbnailUrl":"https:\/\/www.arosmarmitte.it\/wp-content\/uploads\/Canna-Forata-perfored-tube-pipe-tubo-forato-canna-mitrata-3-6.jpg","datePublished":"2023-11-21T15:22:35+00:00","dateModified":"2026-01-14T09:08:15+00:00","description":"Canna forata o tubo mitragliato \/ forato in acciaio inossidabile AISI304. Spedizioni in tutta Italia! Sconti esclusivi per aziende! Acquista ora!","breadcrumb":{"@id":"https:\/\/www.arosmarmitte.it\/prodotto\/ricambi\/canne-forate\/canna-forata\/#breadcrumb"},"inLanguage":"en-US","potentialAction":[{"@type":"ReadAction","target":["https:\/\/www.arosmarmitte.it\/prodotto\/ricambi\/canne-forate\/canna-forata\/"]}]},{"@type":"ImageObject","inLanguage":"en-US","@id":"https:\/\/www.arosmarmitte.it\/prodotto\/ricambi\/canne-forate\/canna-forata\/#primaryimage","url":"https:\/\/www.arosmarmitte.it\/wp-content\/uploads\/Canna-Forata-perfored-tube-pipe-tubo-forato-canna-mitrata-3-6.jpg","contentUrl":"https:\/\/www.arosmarmitte.it\/wp-content\/uploads\/Canna-Forata-perfored-tube-pipe-tubo-forato-canna-mitrata-3-6.jpg","width":1000,"height":756,"caption":"Canna forata"},{"@type":"BreadcrumbList","@id":"https:\/\/www.arosmarmitte.it\/prodotto\/ricambi\/canne-forate\/canna-forata\/#breadcrumb","itemListElement":[{"@type":"ListItem","position":1,"name":"Home","item":"https:\/\/www.arosmarmitte.it\/en\/"},{"@type":"ListItem","position":2,"name":"Shop","item":"https:\/\/www.arosmarmitte.it\/shop\/"},{"@type":"ListItem","position":3,"name":"Canna forata"}]},{"@type":"WebSite","@id":"https:\/\/www.arosmarmitte.it\/en\/#website","url":"https:\/\/www.arosmarmitte.it\/en\/","name":"Aros Marmitte","description":"","publisher":{"@id":"https:\/\/www.arosmarmitte.it\/en\/#organization"},"potentialAction":[{"@type":"SearchAction","target":{"@type":"EntryPoint","urlTemplate":"https:\/\/www.arosmarmitte.it\/en\/?s={search_term_string}"},"query-input":{"@type":"PropertyValueSpecification","valueRequired":true,"valueName":"search_term_string"}}],"inLanguage":"en-US"},{"@type":"Organization","@id":"https:\/\/www.arosmarmitte.it\/en\/#organization","name":"AROS Marmitte","alternateName":"AROS SRL","url":"https:\/\/www.arosmarmitte.it\/en\/","logo":{"@type":"ImageObject","inLanguage":"en-US","@id":"https:\/\/www.arosmarmitte.it\/en\/#\/schema\/logo\/image\/","url":"https:\/\/www.arosmarmitte.it\/wp-content\/uploads\/AROS_MARMITTE_LOGO_2016-EXHAUST-SYSTEMS-ECHAPPEMENT-SCARICO-ARTIGIANALE-MARMITTA-1-1.jpg","contentUrl":"https:\/\/www.arosmarmitte.it\/wp-content\/uploads\/AROS_MARMITTE_LOGO_2016-EXHAUST-SYSTEMS-ECHAPPEMENT-SCARICO-ARTIGIANALE-MARMITTA-1-1.jpg","width":1000,"height":875,"caption":"AROS Marmitte"},"image":{"@id":"https:\/\/www.arosmarmitte.it\/en\/#\/schema\/logo\/image\/"},"sameAs":["https:\/\/www.facebook.com\/arosmarmitte","https:\/\/x.com\/AROS_MARMITTE","https:\/\/www.instagram.com\/arosmarmitte\/","https:\/\/www.tiktok.com\/@aros_marmitte"],"email":"info@arosmarmitte.it","telephone":"3401417652"}]}},"_links":{"self":[{"href":"https:\/\/www.arosmarmitte.it\/en\/wp-json\/wp\/v2\/product\/135364","targetHints":{"allow":["GET"]}}],"collection":[{"href":"https:\/\/www.arosmarmitte.it\/en\/wp-json\/wp\/v2\/product"}],"about":[{"href":"https:\/\/www.arosmarmitte.it\/en\/wp-json\/wp\/v2\/types\/product"}],"replies":[{"embeddable":true,"href":"https:\/\/www.arosmarmitte.it\/en\/wp-json\/wp\/v2\/comments?post=135364"}],"wp:featuredmedia":[{"embeddable":true,"href":"https:\/\/www.arosmarmitte.it\/en\/wp-json\/wp\/v2\/media\/132763"}],"wp:attachment":[{"href":"https:\/\/www.arosmarmitte.it\/en\/wp-json\/wp\/v2\/media?parent=135364"}],"wp:term":[{"taxonomy":"marca","embeddable":true,"href":"https:\/\/www.arosmarmitte.it\/en\/wp-json\/wp\/v2\/marca?post=135364"},{"taxonomy":"product_brand","embeddable":true,"href":"https:\/\/www.arosmarmitte.it\/en\/wp-json\/wp\/v2\/product_brand?post=135364"},{"taxonomy":"product_cat","embeddable":true,"href":"https:\/\/www.arosmarmitte.it\/en\/wp-json\/wp\/v2\/product_cat?post=135364"},{"taxonomy":"product_tag","embeddable":true,"href":"https:\/\/www.arosmarmitte.it\/en\/wp-json\/wp\/v2\/product_tag?post=135364"}],"curies":[{"name":"wp","href":"https:\/\/api.w.org\/{rel}","templated":true}]}}