{"id":127985,"date":"2024-10-02T22:25:08","date_gmt":"2024-10-02T20:25:08","guid":{"rendered":"http:\/\/arosmarmitte.it\/prodotto\/uncategorized\/downpipe-con-catalizzatore-e-con-silenziatore-o76-motore-dkt-3\/"},"modified":"2024-10-02T22:25:10","modified_gmt":"2024-10-02T20:25:10","slug":"downpipe-con-catalizzatore-e-con-silenziatore-o76-motore-dkt-3","status":"publish","type":"product","link":"https:\/\/www.arosmarmitte.it\/en\/prodotto\/exhaust-systems\/downpipe-con-catalizzatore-e-con-silenziatore-o76-motore-dkt-3\/","title":{"rendered":"Downpipe con catalizzatore e con silenziatore &#8211; \u00d876 (MOTORE DKT)"},"content":{"rendered":"<p>Tubo turbina o Downpipe con\/senza catalizzatore metallico 200 cpsi. Il prodotto \u00e8 di tipo plug&#038;play quindi sostituisce senza alcuna modifica il componente originale. Il downpipe viene realizzato in acciaio AISI 304 e saldato interamente a TIG dalle mani esperte dei nostri operatori. Grazie a un migliore flusso dei gas ed alle contropressioni generate questo articolo permette un incremento delle prestazioni del motore ed un migliore rendimento. Il pezzo \u00e8 dotato degli attacchi per le sonde lambda e delle staffe necessarie al montaggio in vettura. L\u2019<\/p>\n","protected":false},"excerpt":{"rendered":"<p>Tubo turbina o Downpipe con\/senza catalizzatore metallico 200 cpsi. Il prodotto \u00e8 di tipo plug&#038;play quindi sostituisce senza alcuna modifica il componente originale. Il downpipe viene realizzato in acciaio AISI 304 e saldato interamente a TIG dalle mani esperte dei nostri operatori. Grazie a un migliore flusso dei gas ed alle contropressioni generate questo articolo [&hellip;]<\/p>\n","protected":false},"featured_media":113874,"comment_status":"closed","ping_status":"closed","template":"","meta":{"_acf_changed":false},"marca":[],"product_brand":[],"product_cat":[655],"product_tag":[],"class_list":{"0":"post-127985","1":"product","2":"type-product","3":"status-publish","4":"has-post-thumbnail","6":"product_cat-exhaust-systems","8":"first","9":"instock","10":"taxable","11":"shipping-taxable","12":"purchasable","13":"product-type-simple"},"acf":[],"yoast_head":"<!-- This site is optimized with the Yoast SEO Premium plugin v24.8 (Yoast SEO v27.2) - https:\/\/yoast.com\/product\/yoast-seo-premium-wordpress\/ -->\n<title>Downpipe con catalizzatore e con silenziatore - \u00d876 (MOTORE DKT) | Aros Marmitte<\/title>\n<meta name=\"robots\" content=\"index, follow, max-snippet:-1, max-image-preview:large, max-video-preview:-1\" \/>\n<link rel=\"canonical\" href=\"https:\/\/www.arosmarmitte.it\/en\/prodotto\/exhaust-systems\/downpipe-con-catalizzatore-e-con-silenziatore-o76-motore-dkt-3\/\" \/>\n<meta property=\"og:locale\" content=\"en_US\" \/>\n<meta property=\"og:type\" content=\"article\" \/>\n<meta property=\"og:title\" content=\"Downpipe con catalizzatore e con silenziatore - \u00d876 (MOTORE DKT)\" \/>\n<meta property=\"og:description\" content=\"Tubo turbina o Downpipe con\/senza catalizzatore metallico 200 cpsi. Il prodotto \u00e8 di tipo plug&#038;play quindi sostituisce senza alcuna modifica il componente originale. Il downpipe viene realizzato in acciaio AISI 304 e saldato interamente a TIG dalle mani esperte dei nostri operatori. Grazie a un migliore flusso dei gas ed alle contropressioni generate questo articolo [&hellip;]\" \/>\n<meta property=\"og:url\" content=\"https:\/\/www.arosmarmitte.it\/en\/prodotto\/exhaust-systems\/downpipe-con-catalizzatore-e-con-silenziatore-o76-motore-dkt-3\/\" \/>\n<meta property=\"og:site_name\" content=\"Aros Marmitte\" \/>\n<meta property=\"article:publisher\" content=\"https:\/\/www.facebook.com\/arosmarmitte\" \/>\n<meta property=\"article:modified_time\" content=\"2024-10-02T20:25:10+00:00\" \/>\n<meta property=\"og:image\" content=\"https:\/\/www.arosmarmitte.it\/wp-content\/uploads\/AUDI-TT-QUATTRO-MK3-245-TFSI-DOWNPIPE-CON-CATALIZZATORE-E-SILENZIATORE-EXHAUST-SYSTEM-SOUND-ECHAPPEMENT-MARMITTA-SCARICO-ARTIGIANALE-1-1.jpg\" \/>\n\t<meta property=\"og:image:width\" content=\"1200\" \/>\n\t<meta property=\"og:image:height\" content=\"1000\" \/>\n\t<meta property=\"og:image:type\" content=\"image\/jpeg\" \/>\n<meta name=\"twitter:card\" content=\"summary_large_image\" \/>\n<meta name=\"twitter:site\" content=\"@AROS_MARMITTE\" \/>\n<script type=\"application\/ld+json\" class=\"yoast-schema-graph\">{\"@context\":\"https:\/\/schema.org\",\"@graph\":[{\"@type\":\"WebPage\",\"@id\":\"https:\/\/www.arosmarmitte.it\/en\/prodotto\/exhaust-systems\/downpipe-con-catalizzatore-e-con-silenziatore-o76-motore-dkt-3\/\",\"url\":\"https:\/\/www.arosmarmitte.it\/en\/prodotto\/exhaust-systems\/downpipe-con-catalizzatore-e-con-silenziatore-o76-motore-dkt-3\/\",\"name\":\"Downpipe con catalizzatore e con silenziatore - \u00d876 (MOTORE DKT) | Aros Marmitte\",\"isPartOf\":{\"@id\":\"https:\/\/www.arosmarmitte.it\/en\/#website\"},\"primaryImageOfPage\":{\"@id\":\"https:\/\/www.arosmarmitte.it\/en\/prodotto\/exhaust-systems\/downpipe-con-catalizzatore-e-con-silenziatore-o76-motore-dkt-3\/#primaryimage\"},\"image\":{\"@id\":\"https:\/\/www.arosmarmitte.it\/en\/prodotto\/exhaust-systems\/downpipe-con-catalizzatore-e-con-silenziatore-o76-motore-dkt-3\/#primaryimage\"},\"thumbnailUrl\":\"https:\/\/www.arosmarmitte.it\/wp-content\/uploads\/AUDI-TT-QUATTRO-MK3-245-TFSI-DOWNPIPE-CON-CATALIZZATORE-E-SILENZIATORE-EXHAUST-SYSTEM-SOUND-ECHAPPEMENT-MARMITTA-SCARICO-ARTIGIANALE-1-1.jpg\",\"datePublished\":\"2024-10-02T20:25:08+00:00\",\"dateModified\":\"2024-10-02T20:25:10+00:00\",\"breadcrumb\":{\"@id\":\"https:\/\/www.arosmarmitte.it\/en\/prodotto\/exhaust-systems\/downpipe-con-catalizzatore-e-con-silenziatore-o76-motore-dkt-3\/#breadcrumb\"},\"inLanguage\":\"en-US\",\"potentialAction\":[{\"@type\":\"ReadAction\",\"target\":[\"https:\/\/www.arosmarmitte.it\/en\/prodotto\/exhaust-systems\/downpipe-con-catalizzatore-e-con-silenziatore-o76-motore-dkt-3\/\"]}]},{\"@type\":\"ImageObject\",\"inLanguage\":\"en-US\",\"@id\":\"https:\/\/www.arosmarmitte.it\/en\/prodotto\/exhaust-systems\/downpipe-con-catalizzatore-e-con-silenziatore-o76-motore-dkt-3\/#primaryimage\",\"url\":\"https:\/\/www.arosmarmitte.it\/wp-content\/uploads\/AUDI-TT-QUATTRO-MK3-245-TFSI-DOWNPIPE-CON-CATALIZZATORE-E-SILENZIATORE-EXHAUST-SYSTEM-SOUND-ECHAPPEMENT-MARMITTA-SCARICO-ARTIGIANALE-1-1.jpg\",\"contentUrl\":\"https:\/\/www.arosmarmitte.it\/wp-content\/uploads\/AUDI-TT-QUATTRO-MK3-245-TFSI-DOWNPIPE-CON-CATALIZZATORE-E-SILENZIATORE-EXHAUST-SYSTEM-SOUND-ECHAPPEMENT-MARMITTA-SCARICO-ARTIGIANALE-1-1.jpg\",\"width\":1200,\"height\":1000,\"caption\":\"Downpipe con catalizzaotre e silenziatore \u00d870 \u00d876 per Audi TT QUATTRO MK3 Coup\u00e9\/Roadster 2.0 45 TFSI 245 Hp 2019-2023\"},{\"@type\":\"BreadcrumbList\",\"@id\":\"https:\/\/www.arosmarmitte.it\/en\/prodotto\/exhaust-systems\/downpipe-con-catalizzatore-e-con-silenziatore-o76-motore-dkt-3\/#breadcrumb\",\"itemListElement\":[{\"@type\":\"ListItem\",\"position\":1,\"name\":\"Home\",\"item\":\"https:\/\/www.arosmarmitte.it\/en\/\"},{\"@type\":\"ListItem\",\"position\":2,\"name\":\"Shop\",\"item\":\"https:\/\/www.arosmarmitte.it\/shop\/\"},{\"@type\":\"ListItem\",\"position\":3,\"name\":\"Downpipe con catalizzatore e con silenziatore &#8211; \u00d876 (MOTORE DKT)\"}]},{\"@type\":\"WebSite\",\"@id\":\"https:\/\/www.arosmarmitte.it\/en\/#website\",\"url\":\"https:\/\/www.arosmarmitte.it\/en\/\",\"name\":\"Aros Marmitte\",\"description\":\"\",\"publisher\":{\"@id\":\"https:\/\/www.arosmarmitte.it\/en\/#organization\"},\"potentialAction\":[{\"@type\":\"SearchAction\",\"target\":{\"@type\":\"EntryPoint\",\"urlTemplate\":\"https:\/\/www.arosmarmitte.it\/en\/?s={search_term_string}\"},\"query-input\":{\"@type\":\"PropertyValueSpecification\",\"valueRequired\":true,\"valueName\":\"search_term_string\"}}],\"inLanguage\":\"en-US\"},{\"@type\":\"Organization\",\"@id\":\"https:\/\/www.arosmarmitte.it\/en\/#organization\",\"name\":\"AROS Marmitte\",\"alternateName\":\"AROS SRL\",\"url\":\"https:\/\/www.arosmarmitte.it\/en\/\",\"logo\":{\"@type\":\"ImageObject\",\"inLanguage\":\"en-US\",\"@id\":\"https:\/\/www.arosmarmitte.it\/en\/#\/schema\/logo\/image\/\",\"url\":\"https:\/\/www.arosmarmitte.it\/wp-content\/uploads\/AROS_MARMITTE_LOGO_2016-EXHAUST-SYSTEMS-ECHAPPEMENT-SCARICO-ARTIGIANALE-MARMITTA-1-1.jpg\",\"contentUrl\":\"https:\/\/www.arosmarmitte.it\/wp-content\/uploads\/AROS_MARMITTE_LOGO_2016-EXHAUST-SYSTEMS-ECHAPPEMENT-SCARICO-ARTIGIANALE-MARMITTA-1-1.jpg\",\"width\":1000,\"height\":875,\"caption\":\"AROS Marmitte\"},\"image\":{\"@id\":\"https:\/\/www.arosmarmitte.it\/en\/#\/schema\/logo\/image\/\"},\"sameAs\":[\"https:\/\/www.facebook.com\/arosmarmitte\",\"https:\/\/x.com\/AROS_MARMITTE\",\"https:\/\/www.instagram.com\/arosmarmitte\/\",\"https:\/\/www.tiktok.com\/@aros_marmitte\"],\"email\":\"info@arosmarmitte.it\",\"telephone\":\"3401417652\"}]}<\/script>\n<!-- \/ Yoast SEO Premium plugin. -->","yoast_head_json":{"title":"Downpipe con catalizzatore e con silenziatore - \u00d876 (MOTORE DKT) | Aros Marmitte","robots":{"index":"index","follow":"follow","max-snippet":"max-snippet:-1","max-image-preview":"max-image-preview:large","max-video-preview":"max-video-preview:-1"},"canonical":"https:\/\/www.arosmarmitte.it\/en\/prodotto\/exhaust-systems\/downpipe-con-catalizzatore-e-con-silenziatore-o76-motore-dkt-3\/","og_locale":"en_US","og_type":"article","og_title":"Downpipe con catalizzatore e con silenziatore - \u00d876 (MOTORE DKT)","og_description":"Tubo turbina o Downpipe con\/senza catalizzatore metallico 200 cpsi. Il prodotto \u00e8 di tipo plug&#038;play quindi sostituisce senza alcuna modifica il componente originale. Il downpipe viene realizzato in acciaio AISI 304 e saldato interamente a TIG dalle mani esperte dei nostri operatori. Grazie a un migliore flusso dei gas ed alle contropressioni generate questo articolo [&hellip;]","og_url":"https:\/\/www.arosmarmitte.it\/en\/prodotto\/exhaust-systems\/downpipe-con-catalizzatore-e-con-silenziatore-o76-motore-dkt-3\/","og_site_name":"Aros Marmitte","article_publisher":"https:\/\/www.facebook.com\/arosmarmitte","article_modified_time":"2024-10-02T20:25:10+00:00","og_image":[{"width":1200,"height":1000,"url":"https:\/\/www.arosmarmitte.it\/wp-content\/uploads\/AUDI-TT-QUATTRO-MK3-245-TFSI-DOWNPIPE-CON-CATALIZZATORE-E-SILENZIATORE-EXHAUST-SYSTEM-SOUND-ECHAPPEMENT-MARMITTA-SCARICO-ARTIGIANALE-1-1.jpg","type":"image\/jpeg"}],"twitter_card":"summary_large_image","twitter_site":"@AROS_MARMITTE","schema":{"@context":"https:\/\/schema.org","@graph":[{"@type":"WebPage","@id":"https:\/\/www.arosmarmitte.it\/en\/prodotto\/exhaust-systems\/downpipe-con-catalizzatore-e-con-silenziatore-o76-motore-dkt-3\/","url":"https:\/\/www.arosmarmitte.it\/en\/prodotto\/exhaust-systems\/downpipe-con-catalizzatore-e-con-silenziatore-o76-motore-dkt-3\/","name":"Downpipe con catalizzatore e con silenziatore - \u00d876 (MOTORE DKT) | Aros Marmitte","isPartOf":{"@id":"https:\/\/www.arosmarmitte.it\/en\/#website"},"primaryImageOfPage":{"@id":"https:\/\/www.arosmarmitte.it\/en\/prodotto\/exhaust-systems\/downpipe-con-catalizzatore-e-con-silenziatore-o76-motore-dkt-3\/#primaryimage"},"image":{"@id":"https:\/\/www.arosmarmitte.it\/en\/prodotto\/exhaust-systems\/downpipe-con-catalizzatore-e-con-silenziatore-o76-motore-dkt-3\/#primaryimage"},"thumbnailUrl":"https:\/\/www.arosmarmitte.it\/wp-content\/uploads\/AUDI-TT-QUATTRO-MK3-245-TFSI-DOWNPIPE-CON-CATALIZZATORE-E-SILENZIATORE-EXHAUST-SYSTEM-SOUND-ECHAPPEMENT-MARMITTA-SCARICO-ARTIGIANALE-1-1.jpg","datePublished":"2024-10-02T20:25:08+00:00","dateModified":"2024-10-02T20:25:10+00:00","breadcrumb":{"@id":"https:\/\/www.arosmarmitte.it\/en\/prodotto\/exhaust-systems\/downpipe-con-catalizzatore-e-con-silenziatore-o76-motore-dkt-3\/#breadcrumb"},"inLanguage":"en-US","potentialAction":[{"@type":"ReadAction","target":["https:\/\/www.arosmarmitte.it\/en\/prodotto\/exhaust-systems\/downpipe-con-catalizzatore-e-con-silenziatore-o76-motore-dkt-3\/"]}]},{"@type":"ImageObject","inLanguage":"en-US","@id":"https:\/\/www.arosmarmitte.it\/en\/prodotto\/exhaust-systems\/downpipe-con-catalizzatore-e-con-silenziatore-o76-motore-dkt-3\/#primaryimage","url":"https:\/\/www.arosmarmitte.it\/wp-content\/uploads\/AUDI-TT-QUATTRO-MK3-245-TFSI-DOWNPIPE-CON-CATALIZZATORE-E-SILENZIATORE-EXHAUST-SYSTEM-SOUND-ECHAPPEMENT-MARMITTA-SCARICO-ARTIGIANALE-1-1.jpg","contentUrl":"https:\/\/www.arosmarmitte.it\/wp-content\/uploads\/AUDI-TT-QUATTRO-MK3-245-TFSI-DOWNPIPE-CON-CATALIZZATORE-E-SILENZIATORE-EXHAUST-SYSTEM-SOUND-ECHAPPEMENT-MARMITTA-SCARICO-ARTIGIANALE-1-1.jpg","width":1200,"height":1000,"caption":"Downpipe con catalizzaotre e silenziatore \u00d870 \u00d876 per Audi TT QUATTRO MK3 Coup\u00e9\/Roadster 2.0 45 TFSI 245 Hp 2019-2023"},{"@type":"BreadcrumbList","@id":"https:\/\/www.arosmarmitte.it\/en\/prodotto\/exhaust-systems\/downpipe-con-catalizzatore-e-con-silenziatore-o76-motore-dkt-3\/#breadcrumb","itemListElement":[{"@type":"ListItem","position":1,"name":"Home","item":"https:\/\/www.arosmarmitte.it\/en\/"},{"@type":"ListItem","position":2,"name":"Shop","item":"https:\/\/www.arosmarmitte.it\/shop\/"},{"@type":"ListItem","position":3,"name":"Downpipe con catalizzatore e con silenziatore &#8211; \u00d876 (MOTORE DKT)"}]},{"@type":"WebSite","@id":"https:\/\/www.arosmarmitte.it\/en\/#website","url":"https:\/\/www.arosmarmitte.it\/en\/","name":"Aros Marmitte","description":"","publisher":{"@id":"https:\/\/www.arosmarmitte.it\/en\/#organization"},"potentialAction":[{"@type":"SearchAction","target":{"@type":"EntryPoint","urlTemplate":"https:\/\/www.arosmarmitte.it\/en\/?s={search_term_string}"},"query-input":{"@type":"PropertyValueSpecification","valueRequired":true,"valueName":"search_term_string"}}],"inLanguage":"en-US"},{"@type":"Organization","@id":"https:\/\/www.arosmarmitte.it\/en\/#organization","name":"AROS Marmitte","alternateName":"AROS SRL","url":"https:\/\/www.arosmarmitte.it\/en\/","logo":{"@type":"ImageObject","inLanguage":"en-US","@id":"https:\/\/www.arosmarmitte.it\/en\/#\/schema\/logo\/image\/","url":"https:\/\/www.arosmarmitte.it\/wp-content\/uploads\/AROS_MARMITTE_LOGO_2016-EXHAUST-SYSTEMS-ECHAPPEMENT-SCARICO-ARTIGIANALE-MARMITTA-1-1.jpg","contentUrl":"https:\/\/www.arosmarmitte.it\/wp-content\/uploads\/AROS_MARMITTE_LOGO_2016-EXHAUST-SYSTEMS-ECHAPPEMENT-SCARICO-ARTIGIANALE-MARMITTA-1-1.jpg","width":1000,"height":875,"caption":"AROS Marmitte"},"image":{"@id":"https:\/\/www.arosmarmitte.it\/en\/#\/schema\/logo\/image\/"},"sameAs":["https:\/\/www.facebook.com\/arosmarmitte","https:\/\/x.com\/AROS_MARMITTE","https:\/\/www.instagram.com\/arosmarmitte\/","https:\/\/www.tiktok.com\/@aros_marmitte"],"email":"info@arosmarmitte.it","telephone":"3401417652"}]}},"_links":{"self":[{"href":"https:\/\/www.arosmarmitte.it\/en\/wp-json\/wp\/v2\/product\/127985","targetHints":{"allow":["GET"]}}],"collection":[{"href":"https:\/\/www.arosmarmitte.it\/en\/wp-json\/wp\/v2\/product"}],"about":[{"href":"https:\/\/www.arosmarmitte.it\/en\/wp-json\/wp\/v2\/types\/product"}],"replies":[{"embeddable":true,"href":"https:\/\/www.arosmarmitte.it\/en\/wp-json\/wp\/v2\/comments?post=127985"}],"wp:featuredmedia":[{"embeddable":true,"href":"https:\/\/www.arosmarmitte.it\/en\/wp-json\/wp\/v2\/media\/113874"}],"wp:attachment":[{"href":"https:\/\/www.arosmarmitte.it\/en\/wp-json\/wp\/v2\/media?parent=127985"}],"wp:term":[{"taxonomy":"marca","embeddable":true,"href":"https:\/\/www.arosmarmitte.it\/en\/wp-json\/wp\/v2\/marca?post=127985"},{"taxonomy":"product_brand","embeddable":true,"href":"https:\/\/www.arosmarmitte.it\/en\/wp-json\/wp\/v2\/product_brand?post=127985"},{"taxonomy":"product_cat","embeddable":true,"href":"https:\/\/www.arosmarmitte.it\/en\/wp-json\/wp\/v2\/product_cat?post=127985"},{"taxonomy":"product_tag","embeddable":true,"href":"https:\/\/www.arosmarmitte.it\/en\/wp-json\/wp\/v2\/product_tag?post=127985"}],"curies":[{"name":"wp","href":"https:\/\/api.w.org\/{rel}","templated":true}]}}