{"id":126777,"date":"2024-10-02T22:01:13","date_gmt":"2024-10-02T20:01:13","guid":{"rendered":"http:\/\/arosmarmitte.it\/prodotto\/uncategorized\/centrale-silenziato-finale-con-doppio-silenziatore-e-valvola-elettronica-senza-terminali-18\/"},"modified":"2024-10-02T22:01:17","modified_gmt":"2024-10-02T20:01:17","slug":"centrale-silenziato-finale-con-doppio-silenziatore-e-valvola-elettronica-senza-terminali-18","status":"publish","type":"product","link":"https:\/\/www.arosmarmitte.it\/en\/prodotto\/exhaust-systems\/centrale-silenziato-finale-con-doppio-silenziatore-e-valvola-elettronica-senza-terminali-18\/","title":{"rendered":"Centrale silenziato + finale con doppio silenziatore e valvola elettronica (senza terminali)"},"content":{"rendered":"<p>La parte centrale silenziata dello scarico unitamente al finale con doppio silenziatore sono indubbiamente i componenti che caratterizzano maggiormente la vettura per stile e sound.<br \/>\nL\u2019intera sezione \u00e8 progettata per garantire un deflusso ottimale dei gas di scarico ed un sound assolutamente unico, corposo, grintoso e al tempo stesso \u00e8 assicurato un confort di marcia gradevole e senza risonanze fastidiose sia ai bassi regimi che a velocit\u00e0 di crociera sostenute. Dal punto di vista estetico il finale \u00e8 strutturato con un silenziatore dove, per personalizzare ulteriormente la vettura, \u00e8 possibile applicare la valvola elettronica comandabile attraverso un telecomando wireless. La compatibilit\u00e0 con i terminali originali \u00e8 mantenuta e in nessun caso sono necessarie modifiche alla carrozzeria della vettura.<\/p>\n<p>Il materiale impiegato \u00e8 acciaio AISI 304 e le saldature, al fine di assicurare la massima tenuta e resistenza, sono realizzate solamente a TIG dalle mani esperte dei nostri operatori mentre lo spessore ridotto del tubo contribuisce a mantenere un livello di peso basso. Le flange sono prodotte tramite macchinari a controllo numerico\/taglio a laser, con forature di assoluta precisione, per assicurare un montaggio perfetto.<\/p>\n<p>Il montaggio \u00e8 facile e veloce e si sfruttano tutti gli attacchi presenti in vettura. Il kit viene fornito di tutto il necessario per il montaggio.<br \/>\nInfine ci teniamo a sottolineare che progettazione, sviluppo, realizzazione e produzione sono operazioni svolte esclusivamente all&#8217;interno della nostra sede e il prodotto gode di tutte le caratteristiche e cure della migliore tradizione artigianale italiana.<\/p>\n","protected":false},"excerpt":{"rendered":"<p>La parte centrale silenziata dello scarico unitamente al finale con doppio silenziatore sono indubbiamente i componenti che caratterizzano maggiormente la vettura per stile e sound. L\u2019intera sezione \u00e8 progettata per garantire un deflusso ottimale dei gas di scarico ed un sound assolutamente unico, corposo, grintoso e al tempo stesso \u00e8 assicurato un confort di marcia [&hellip;]<\/p>\n","protected":false},"featured_media":112021,"comment_status":"closed","ping_status":"closed","template":"","meta":{"_acf_changed":false},"marca":[],"product_brand":[],"product_cat":[655],"product_tag":[],"class_list":{"0":"post-126777","1":"product","2":"type-product","3":"status-publish","4":"has-post-thumbnail","6":"product_cat-exhaust-systems","8":"first","9":"instock","10":"taxable","11":"shipping-taxable","12":"purchasable","13":"product-type-simple"},"acf":[],"yoast_head":"<!-- This site is optimized with the Yoast SEO Premium plugin v24.8 (Yoast SEO v27.2) - https:\/\/yoast.com\/product\/yoast-seo-premium-wordpress\/ -->\n<title>Centrale silenziato + finale con doppio silenziatore e valvola elettronica (senza terminali) | Aros Marmitte<\/title>\n<meta name=\"robots\" content=\"index, follow, max-snippet:-1, max-image-preview:large, max-video-preview:-1\" \/>\n<link rel=\"canonical\" href=\"https:\/\/www.arosmarmitte.it\/en\/prodotto\/exhaust-systems\/centrale-silenziato-finale-con-doppio-silenziatore-e-valvola-elettronica-senza-terminali-18\/\" \/>\n<meta property=\"og:locale\" content=\"en_US\" \/>\n<meta property=\"og:type\" content=\"article\" \/>\n<meta property=\"og:title\" content=\"Centrale silenziato + finale con doppio silenziatore e valvola elettronica (senza terminali)\" \/>\n<meta property=\"og:description\" content=\"La parte centrale silenziata dello scarico unitamente al finale con doppio silenziatore sono indubbiamente i componenti che caratterizzano maggiormente la vettura per stile e sound. L\u2019intera sezione \u00e8 progettata per garantire un deflusso ottimale dei gas di scarico ed un sound assolutamente unico, corposo, grintoso e al tempo stesso \u00e8 assicurato un confort di marcia [&hellip;]\" \/>\n<meta property=\"og:url\" content=\"https:\/\/www.arosmarmitte.it\/en\/prodotto\/exhaust-systems\/centrale-silenziato-finale-con-doppio-silenziatore-e-valvola-elettronica-senza-terminali-18\/\" \/>\n<meta property=\"og:site_name\" content=\"Aros Marmitte\" \/>\n<meta property=\"article:publisher\" content=\"https:\/\/www.facebook.com\/arosmarmitte\" \/>\n<meta property=\"article:modified_time\" content=\"2024-10-02T20:01:17+00:00\" \/>\n<meta property=\"og:image\" content=\"https:\/\/www.arosmarmitte.it\/wp-content\/uploads\/Subaru-BRZ-BRZII-Toyota-GT86-GR86-finale-silenziato-di-scarico-con-valvola-elettronica-valve-exhaust-system-sound-echappement-marmitta-scarico-artigianale-1.jpg\" \/>\n\t<meta property=\"og:image:width\" content=\"1200\" \/>\n\t<meta property=\"og:image:height\" content=\"1064\" \/>\n\t<meta property=\"og:image:type\" content=\"image\/jpeg\" \/>\n<meta name=\"twitter:card\" content=\"summary_large_image\" \/>\n<meta name=\"twitter:site\" content=\"@AROS_MARMITTE\" \/>\n<meta name=\"twitter:label1\" content=\"Est. reading time\" \/>\n\t<meta name=\"twitter:data1\" content=\"1 minute\" \/>\n<script type=\"application\/ld+json\" class=\"yoast-schema-graph\">{\"@context\":\"https:\/\/schema.org\",\"@graph\":[{\"@type\":\"WebPage\",\"@id\":\"https:\/\/www.arosmarmitte.it\/en\/prodotto\/exhaust-systems\/centrale-silenziato-finale-con-doppio-silenziatore-e-valvola-elettronica-senza-terminali-18\/\",\"url\":\"https:\/\/www.arosmarmitte.it\/en\/prodotto\/exhaust-systems\/centrale-silenziato-finale-con-doppio-silenziatore-e-valvola-elettronica-senza-terminali-18\/\",\"name\":\"Centrale silenziato + finale con doppio silenziatore e valvola elettronica (senza terminali) | Aros Marmitte\",\"isPartOf\":{\"@id\":\"https:\/\/www.arosmarmitte.it\/en\/#website\"},\"primaryImageOfPage\":{\"@id\":\"https:\/\/www.arosmarmitte.it\/en\/prodotto\/exhaust-systems\/centrale-silenziato-finale-con-doppio-silenziatore-e-valvola-elettronica-senza-terminali-18\/#primaryimage\"},\"image\":{\"@id\":\"https:\/\/www.arosmarmitte.it\/en\/prodotto\/exhaust-systems\/centrale-silenziato-finale-con-doppio-silenziatore-e-valvola-elettronica-senza-terminali-18\/#primaryimage\"},\"thumbnailUrl\":\"https:\/\/www.arosmarmitte.it\/wp-content\/uploads\/Subaru-BRZ-BRZII-Toyota-GT86-GR86-finale-silenziato-di-scarico-con-valvola-elettronica-valve-exhaust-system-sound-echappement-marmitta-scarico-artigianale-1.jpg\",\"datePublished\":\"2024-10-02T20:01:13+00:00\",\"dateModified\":\"2024-10-02T20:01:17+00:00\",\"breadcrumb\":{\"@id\":\"https:\/\/www.arosmarmitte.it\/en\/prodotto\/exhaust-systems\/centrale-silenziato-finale-con-doppio-silenziatore-e-valvola-elettronica-senza-terminali-18\/#breadcrumb\"},\"inLanguage\":\"en-US\",\"potentialAction\":[{\"@type\":\"ReadAction\",\"target\":[\"https:\/\/www.arosmarmitte.it\/en\/prodotto\/exhaust-systems\/centrale-silenziato-finale-con-doppio-silenziatore-e-valvola-elettronica-senza-terminali-18\/\"]}]},{\"@type\":\"ImageObject\",\"inLanguage\":\"en-US\",\"@id\":\"https:\/\/www.arosmarmitte.it\/en\/prodotto\/exhaust-systems\/centrale-silenziato-finale-con-doppio-silenziatore-e-valvola-elettronica-senza-terminali-18\/#primaryimage\",\"url\":\"https:\/\/www.arosmarmitte.it\/wp-content\/uploads\/Subaru-BRZ-BRZII-Toyota-GT86-GR86-finale-silenziato-di-scarico-con-valvola-elettronica-valve-exhaust-system-sound-echappement-marmitta-scarico-artigianale-1.jpg\",\"contentUrl\":\"https:\/\/www.arosmarmitte.it\/wp-content\/uploads\/Subaru-BRZ-BRZII-Toyota-GT86-GR86-finale-silenziato-di-scarico-con-valvola-elettronica-valve-exhaust-system-sound-echappement-marmitta-scarico-artigianale-1.jpg\",\"width\":1200,\"height\":1064},{\"@type\":\"BreadcrumbList\",\"@id\":\"https:\/\/www.arosmarmitte.it\/en\/prodotto\/exhaust-systems\/centrale-silenziato-finale-con-doppio-silenziatore-e-valvola-elettronica-senza-terminali-18\/#breadcrumb\",\"itemListElement\":[{\"@type\":\"ListItem\",\"position\":1,\"name\":\"Home\",\"item\":\"https:\/\/www.arosmarmitte.it\/en\/\"},{\"@type\":\"ListItem\",\"position\":2,\"name\":\"Shop\",\"item\":\"https:\/\/www.arosmarmitte.it\/shop\/\"},{\"@type\":\"ListItem\",\"position\":3,\"name\":\"Centrale silenziato + finale con doppio silenziatore e valvola elettronica (senza terminali)\"}]},{\"@type\":\"WebSite\",\"@id\":\"https:\/\/www.arosmarmitte.it\/en\/#website\",\"url\":\"https:\/\/www.arosmarmitte.it\/en\/\",\"name\":\"Aros Marmitte\",\"description\":\"\",\"publisher\":{\"@id\":\"https:\/\/www.arosmarmitte.it\/en\/#organization\"},\"potentialAction\":[{\"@type\":\"SearchAction\",\"target\":{\"@type\":\"EntryPoint\",\"urlTemplate\":\"https:\/\/www.arosmarmitte.it\/en\/?s={search_term_string}\"},\"query-input\":{\"@type\":\"PropertyValueSpecification\",\"valueRequired\":true,\"valueName\":\"search_term_string\"}}],\"inLanguage\":\"en-US\"},{\"@type\":\"Organization\",\"@id\":\"https:\/\/www.arosmarmitte.it\/en\/#organization\",\"name\":\"AROS Marmitte\",\"alternateName\":\"AROS SRL\",\"url\":\"https:\/\/www.arosmarmitte.it\/en\/\",\"logo\":{\"@type\":\"ImageObject\",\"inLanguage\":\"en-US\",\"@id\":\"https:\/\/www.arosmarmitte.it\/en\/#\/schema\/logo\/image\/\",\"url\":\"https:\/\/www.arosmarmitte.it\/wp-content\/uploads\/AROS_MARMITTE_LOGO_2016-EXHAUST-SYSTEMS-ECHAPPEMENT-SCARICO-ARTIGIANALE-MARMITTA-1-1.jpg\",\"contentUrl\":\"https:\/\/www.arosmarmitte.it\/wp-content\/uploads\/AROS_MARMITTE_LOGO_2016-EXHAUST-SYSTEMS-ECHAPPEMENT-SCARICO-ARTIGIANALE-MARMITTA-1-1.jpg\",\"width\":1000,\"height\":875,\"caption\":\"AROS Marmitte\"},\"image\":{\"@id\":\"https:\/\/www.arosmarmitte.it\/en\/#\/schema\/logo\/image\/\"},\"sameAs\":[\"https:\/\/www.facebook.com\/arosmarmitte\",\"https:\/\/x.com\/AROS_MARMITTE\",\"https:\/\/www.instagram.com\/arosmarmitte\/\",\"https:\/\/www.tiktok.com\/@aros_marmitte\"],\"email\":\"info@arosmarmitte.it\",\"telephone\":\"3401417652\"}]}<\/script>\n<!-- \/ Yoast SEO Premium plugin. -->","yoast_head_json":{"title":"Centrale silenziato + finale con doppio silenziatore e valvola elettronica (senza terminali) | Aros Marmitte","robots":{"index":"index","follow":"follow","max-snippet":"max-snippet:-1","max-image-preview":"max-image-preview:large","max-video-preview":"max-video-preview:-1"},"canonical":"https:\/\/www.arosmarmitte.it\/en\/prodotto\/exhaust-systems\/centrale-silenziato-finale-con-doppio-silenziatore-e-valvola-elettronica-senza-terminali-18\/","og_locale":"en_US","og_type":"article","og_title":"Centrale silenziato + finale con doppio silenziatore e valvola elettronica (senza terminali)","og_description":"La parte centrale silenziata dello scarico unitamente al finale con doppio silenziatore sono indubbiamente i componenti che caratterizzano maggiormente la vettura per stile e sound. L\u2019intera sezione \u00e8 progettata per garantire un deflusso ottimale dei gas di scarico ed un sound assolutamente unico, corposo, grintoso e al tempo stesso \u00e8 assicurato un confort di marcia [&hellip;]","og_url":"https:\/\/www.arosmarmitte.it\/en\/prodotto\/exhaust-systems\/centrale-silenziato-finale-con-doppio-silenziatore-e-valvola-elettronica-senza-terminali-18\/","og_site_name":"Aros Marmitte","article_publisher":"https:\/\/www.facebook.com\/arosmarmitte","article_modified_time":"2024-10-02T20:01:17+00:00","og_image":[{"width":1200,"height":1064,"url":"https:\/\/www.arosmarmitte.it\/wp-content\/uploads\/Subaru-BRZ-BRZII-Toyota-GT86-GR86-finale-silenziato-di-scarico-con-valvola-elettronica-valve-exhaust-system-sound-echappement-marmitta-scarico-artigianale-1.jpg","type":"image\/jpeg"}],"twitter_card":"summary_large_image","twitter_site":"@AROS_MARMITTE","twitter_misc":{"Est. reading time":"1 minute"},"schema":{"@context":"https:\/\/schema.org","@graph":[{"@type":"WebPage","@id":"https:\/\/www.arosmarmitte.it\/en\/prodotto\/exhaust-systems\/centrale-silenziato-finale-con-doppio-silenziatore-e-valvola-elettronica-senza-terminali-18\/","url":"https:\/\/www.arosmarmitte.it\/en\/prodotto\/exhaust-systems\/centrale-silenziato-finale-con-doppio-silenziatore-e-valvola-elettronica-senza-terminali-18\/","name":"Centrale silenziato + finale con doppio silenziatore e valvola elettronica (senza terminali) | Aros Marmitte","isPartOf":{"@id":"https:\/\/www.arosmarmitte.it\/en\/#website"},"primaryImageOfPage":{"@id":"https:\/\/www.arosmarmitte.it\/en\/prodotto\/exhaust-systems\/centrale-silenziato-finale-con-doppio-silenziatore-e-valvola-elettronica-senza-terminali-18\/#primaryimage"},"image":{"@id":"https:\/\/www.arosmarmitte.it\/en\/prodotto\/exhaust-systems\/centrale-silenziato-finale-con-doppio-silenziatore-e-valvola-elettronica-senza-terminali-18\/#primaryimage"},"thumbnailUrl":"https:\/\/www.arosmarmitte.it\/wp-content\/uploads\/Subaru-BRZ-BRZII-Toyota-GT86-GR86-finale-silenziato-di-scarico-con-valvola-elettronica-valve-exhaust-system-sound-echappement-marmitta-scarico-artigianale-1.jpg","datePublished":"2024-10-02T20:01:13+00:00","dateModified":"2024-10-02T20:01:17+00:00","breadcrumb":{"@id":"https:\/\/www.arosmarmitte.it\/en\/prodotto\/exhaust-systems\/centrale-silenziato-finale-con-doppio-silenziatore-e-valvola-elettronica-senza-terminali-18\/#breadcrumb"},"inLanguage":"en-US","potentialAction":[{"@type":"ReadAction","target":["https:\/\/www.arosmarmitte.it\/en\/prodotto\/exhaust-systems\/centrale-silenziato-finale-con-doppio-silenziatore-e-valvola-elettronica-senza-terminali-18\/"]}]},{"@type":"ImageObject","inLanguage":"en-US","@id":"https:\/\/www.arosmarmitte.it\/en\/prodotto\/exhaust-systems\/centrale-silenziato-finale-con-doppio-silenziatore-e-valvola-elettronica-senza-terminali-18\/#primaryimage","url":"https:\/\/www.arosmarmitte.it\/wp-content\/uploads\/Subaru-BRZ-BRZII-Toyota-GT86-GR86-finale-silenziato-di-scarico-con-valvola-elettronica-valve-exhaust-system-sound-echappement-marmitta-scarico-artigianale-1.jpg","contentUrl":"https:\/\/www.arosmarmitte.it\/wp-content\/uploads\/Subaru-BRZ-BRZII-Toyota-GT86-GR86-finale-silenziato-di-scarico-con-valvola-elettronica-valve-exhaust-system-sound-echappement-marmitta-scarico-artigianale-1.jpg","width":1200,"height":1064},{"@type":"BreadcrumbList","@id":"https:\/\/www.arosmarmitte.it\/en\/prodotto\/exhaust-systems\/centrale-silenziato-finale-con-doppio-silenziatore-e-valvola-elettronica-senza-terminali-18\/#breadcrumb","itemListElement":[{"@type":"ListItem","position":1,"name":"Home","item":"https:\/\/www.arosmarmitte.it\/en\/"},{"@type":"ListItem","position":2,"name":"Shop","item":"https:\/\/www.arosmarmitte.it\/shop\/"},{"@type":"ListItem","position":3,"name":"Centrale silenziato + finale con doppio silenziatore e valvola elettronica (senza terminali)"}]},{"@type":"WebSite","@id":"https:\/\/www.arosmarmitte.it\/en\/#website","url":"https:\/\/www.arosmarmitte.it\/en\/","name":"Aros Marmitte","description":"","publisher":{"@id":"https:\/\/www.arosmarmitte.it\/en\/#organization"},"potentialAction":[{"@type":"SearchAction","target":{"@type":"EntryPoint","urlTemplate":"https:\/\/www.arosmarmitte.it\/en\/?s={search_term_string}"},"query-input":{"@type":"PropertyValueSpecification","valueRequired":true,"valueName":"search_term_string"}}],"inLanguage":"en-US"},{"@type":"Organization","@id":"https:\/\/www.arosmarmitte.it\/en\/#organization","name":"AROS Marmitte","alternateName":"AROS SRL","url":"https:\/\/www.arosmarmitte.it\/en\/","logo":{"@type":"ImageObject","inLanguage":"en-US","@id":"https:\/\/www.arosmarmitte.it\/en\/#\/schema\/logo\/image\/","url":"https:\/\/www.arosmarmitte.it\/wp-content\/uploads\/AROS_MARMITTE_LOGO_2016-EXHAUST-SYSTEMS-ECHAPPEMENT-SCARICO-ARTIGIANALE-MARMITTA-1-1.jpg","contentUrl":"https:\/\/www.arosmarmitte.it\/wp-content\/uploads\/AROS_MARMITTE_LOGO_2016-EXHAUST-SYSTEMS-ECHAPPEMENT-SCARICO-ARTIGIANALE-MARMITTA-1-1.jpg","width":1000,"height":875,"caption":"AROS Marmitte"},"image":{"@id":"https:\/\/www.arosmarmitte.it\/en\/#\/schema\/logo\/image\/"},"sameAs":["https:\/\/www.facebook.com\/arosmarmitte","https:\/\/x.com\/AROS_MARMITTE","https:\/\/www.instagram.com\/arosmarmitte\/","https:\/\/www.tiktok.com\/@aros_marmitte"],"email":"info@arosmarmitte.it","telephone":"3401417652"}]}},"_links":{"self":[{"href":"https:\/\/www.arosmarmitte.it\/en\/wp-json\/wp\/v2\/product\/126777","targetHints":{"allow":["GET"]}}],"collection":[{"href":"https:\/\/www.arosmarmitte.it\/en\/wp-json\/wp\/v2\/product"}],"about":[{"href":"https:\/\/www.arosmarmitte.it\/en\/wp-json\/wp\/v2\/types\/product"}],"replies":[{"embeddable":true,"href":"https:\/\/www.arosmarmitte.it\/en\/wp-json\/wp\/v2\/comments?post=126777"}],"wp:featuredmedia":[{"embeddable":true,"href":"https:\/\/www.arosmarmitte.it\/en\/wp-json\/wp\/v2\/media\/112021"}],"wp:attachment":[{"href":"https:\/\/www.arosmarmitte.it\/en\/wp-json\/wp\/v2\/media?parent=126777"}],"wp:term":[{"taxonomy":"marca","embeddable":true,"href":"https:\/\/www.arosmarmitte.it\/en\/wp-json\/wp\/v2\/marca?post=126777"},{"taxonomy":"product_brand","embeddable":true,"href":"https:\/\/www.arosmarmitte.it\/en\/wp-json\/wp\/v2\/product_brand?post=126777"},{"taxonomy":"product_cat","embeddable":true,"href":"https:\/\/www.arosmarmitte.it\/en\/wp-json\/wp\/v2\/product_cat?post=126777"},{"taxonomy":"product_tag","embeddable":true,"href":"https:\/\/www.arosmarmitte.it\/en\/wp-json\/wp\/v2\/product_tag?post=126777"}],"curies":[{"name":"wp","href":"https:\/\/api.w.org\/{rel}","templated":true}]}}