{"id":126272,"date":"2024-10-02T21:51:16","date_gmt":"2024-10-02T19:51:16","guid":{"rendered":"http:\/\/arosmarmitte.it\/prodotto\/uncategorized\/centrale-con-un-silenziatore-finale-senza-silenziatore-o70\/"},"modified":"2024-10-02T21:51:17","modified_gmt":"2024-10-02T19:51:17","slug":"centrale-con-un-silenziatore-finale-senza-silenziatore-o70","status":"publish","type":"product","link":"https:\/\/www.arosmarmitte.it\/en\/prodotto\/exhaust-systems\/centrale-con-un-silenziatore-finale-senza-silenziatore-o70\/","title":{"rendered":"Centrale con un silenziatore + finale senza silenziatore &#8211; \u00d870"},"content":{"rendered":"<p>Le sezioni centrale e finale dello scarico sono state progettate appositamente per garantire un deflusso ottimale dei fluidi, un confort di marcia gradevole e l&#8217;assenza di risonanze fastidiose sia ai bassi regimi che a velocit\u00e0 di crociera sostenute. Per garantire un sound accattivante ma non fastidioso si \u00e8 optato di utilizzare un silenziatore tondo e uno ovale sulla sezione centrale. Se si volesse ulteriormente accentuare il sound \u00e8 possibile eliminare un silenziatore sulla sezione centrale. L&#8217;estetica grintosa \u00e8 garantita dalla scelta di adottare due terminali in acciaio lucido in diametro 100 mm. Il materiale impiegato \u00e8 acciaio AISI 304 e le saldature, al fine di assicurare la massima tenuta e resistenza, sono realizzate solamente a TIG dalle mani esperte dei nostri operatori mentre lo spessore ridotto dei tubi contribuisce a mantenere un livello di peso basso. Il montaggio \u00e8 facile e veloce e si sfruttano tutti gli attacchi presenti in vettura. Ci teniamo infine a sottolineare che progettazione, sviluppo, realizzazione e produzione sono operazioni svolte esclusivamente all&#8217;interno della nostra sede e il prodotto gode di tutte le caratteristiche e cure della migliore tradizione artigianale italiana.<\/p>\n","protected":false},"excerpt":{"rendered":"<p>Le sezioni centrale e finale dello scarico sono state progettate appositamente per garantire un deflusso ottimale dei fluidi, un confort di marcia gradevole e l&#8217;assenza di risonanze fastidiose sia ai bassi regimi che a velocit\u00e0 di crociera sostenute. Per garantire un sound accattivante ma non fastidioso si \u00e8 optato di utilizzare un silenziatore tondo e [&hellip;]<\/p>\n","protected":false},"featured_media":111898,"comment_status":"closed","ping_status":"closed","template":"","meta":{"_acf_changed":false},"marca":[],"product_brand":[],"product_cat":[655],"product_tag":[],"class_list":{"0":"post-126272","1":"product","2":"type-product","3":"status-publish","4":"has-post-thumbnail","6":"product_cat-exhaust-systems","8":"first","9":"instock","10":"taxable","11":"shipping-taxable","12":"purchasable","13":"product-type-simple"},"acf":[],"yoast_head":"<!-- This site is optimized with the Yoast SEO Premium plugin v24.8 (Yoast SEO v27.2) - https:\/\/yoast.com\/product\/yoast-seo-premium-wordpress\/ -->\n<title>Centrale con un silenziatore + finale senza silenziatore - \u00d870 | Aros Marmitte<\/title>\n<meta name=\"robots\" content=\"index, follow, max-snippet:-1, max-image-preview:large, max-video-preview:-1\" \/>\n<link rel=\"canonical\" href=\"https:\/\/www.arosmarmitte.it\/en\/prodotto\/exhaust-systems\/centrale-con-un-silenziatore-finale-senza-silenziatore-o70\/\" \/>\n<meta property=\"og:locale\" content=\"en_US\" \/>\n<meta property=\"og:type\" content=\"article\" \/>\n<meta property=\"og:title\" content=\"Centrale con un silenziatore + finale senza silenziatore - \u00d870\" \/>\n<meta property=\"og:description\" content=\"Le sezioni centrale e finale dello scarico sono state progettate appositamente per garantire un deflusso ottimale dei fluidi, un confort di marcia gradevole e l&#8217;assenza di risonanze fastidiose sia ai bassi regimi che a velocit\u00e0 di crociera sostenute. Per garantire un sound accattivante ma non fastidioso si \u00e8 optato di utilizzare un silenziatore tondo e [&hellip;]\" \/>\n<meta property=\"og:url\" content=\"https:\/\/www.arosmarmitte.it\/en\/prodotto\/exhaust-systems\/centrale-con-un-silenziatore-finale-senza-silenziatore-o70\/\" \/>\n<meta property=\"og:site_name\" content=\"Aros Marmitte\" \/>\n<meta property=\"article:publisher\" content=\"https:\/\/www.facebook.com\/arosmarmitte\" \/>\n<meta property=\"article:modified_time\" content=\"2024-10-02T19:51:17+00:00\" \/>\n<meta property=\"og:image\" content=\"https:\/\/www.arosmarmitte.it\/wp-content\/uploads\/VW-SEZIONE-CENTRALE-CON-UN-SILENZIATORE-E-FINALE-CON-DUE-TERMINALI-DIAMETRO-100-PER-VOLKSWAGEN-GOLF-7-GTI_EXHAUST-SYSTEM-SOUND-MARMITTA-SCARICO-ARTIGIANALE-REAR-PIPE-1-1.jpg\" \/>\n\t<meta property=\"og:image:width\" content=\"1200\" \/>\n\t<meta property=\"og:image:height\" content=\"1020\" \/>\n\t<meta property=\"og:image:type\" content=\"image\/jpeg\" \/>\n<meta name=\"twitter:card\" content=\"summary_large_image\" \/>\n<meta name=\"twitter:site\" content=\"@AROS_MARMITTE\" \/>\n<meta name=\"twitter:label1\" content=\"Est. reading time\" \/>\n\t<meta name=\"twitter:data1\" content=\"1 minute\" \/>\n<script type=\"application\/ld+json\" class=\"yoast-schema-graph\">{\"@context\":\"https:\/\/schema.org\",\"@graph\":[{\"@type\":\"WebPage\",\"@id\":\"https:\/\/www.arosmarmitte.it\/en\/prodotto\/exhaust-systems\/centrale-con-un-silenziatore-finale-senza-silenziatore-o70\/\",\"url\":\"https:\/\/www.arosmarmitte.it\/en\/prodotto\/exhaust-systems\/centrale-con-un-silenziatore-finale-senza-silenziatore-o70\/\",\"name\":\"Centrale con un silenziatore + finale senza silenziatore - \u00d870 | Aros Marmitte\",\"isPartOf\":{\"@id\":\"https:\/\/www.arosmarmitte.it\/en\/#website\"},\"primaryImageOfPage\":{\"@id\":\"https:\/\/www.arosmarmitte.it\/en\/prodotto\/exhaust-systems\/centrale-con-un-silenziatore-finale-senza-silenziatore-o70\/#primaryimage\"},\"image\":{\"@id\":\"https:\/\/www.arosmarmitte.it\/en\/prodotto\/exhaust-systems\/centrale-con-un-silenziatore-finale-senza-silenziatore-o70\/#primaryimage\"},\"thumbnailUrl\":\"https:\/\/www.arosmarmitte.it\/wp-content\/uploads\/VW-SEZIONE-CENTRALE-CON-UN-SILENZIATORE-E-FINALE-CON-DUE-TERMINALI-DIAMETRO-100-PER-VOLKSWAGEN-GOLF-7-GTI_EXHAUST-SYSTEM-SOUND-MARMITTA-SCARICO-ARTIGIANALE-REAR-PIPE-1-1.jpg\",\"datePublished\":\"2024-10-02T19:51:16+00:00\",\"dateModified\":\"2024-10-02T19:51:17+00:00\",\"breadcrumb\":{\"@id\":\"https:\/\/www.arosmarmitte.it\/en\/prodotto\/exhaust-systems\/centrale-con-un-silenziatore-finale-senza-silenziatore-o70\/#breadcrumb\"},\"inLanguage\":\"en-US\",\"potentialAction\":[{\"@type\":\"ReadAction\",\"target\":[\"https:\/\/www.arosmarmitte.it\/en\/prodotto\/exhaust-systems\/centrale-con-un-silenziatore-finale-senza-silenziatore-o70\/\"]}]},{\"@type\":\"ImageObject\",\"inLanguage\":\"en-US\",\"@id\":\"https:\/\/www.arosmarmitte.it\/en\/prodotto\/exhaust-systems\/centrale-con-un-silenziatore-finale-senza-silenziatore-o70\/#primaryimage\",\"url\":\"https:\/\/www.arosmarmitte.it\/wp-content\/uploads\/VW-SEZIONE-CENTRALE-CON-UN-SILENZIATORE-E-FINALE-CON-DUE-TERMINALI-DIAMETRO-100-PER-VOLKSWAGEN-GOLF-7-GTI_EXHAUST-SYSTEM-SOUND-MARMITTA-SCARICO-ARTIGIANALE-REAR-PIPE-1-1.jpg\",\"contentUrl\":\"https:\/\/www.arosmarmitte.it\/wp-content\/uploads\/VW-SEZIONE-CENTRALE-CON-UN-SILENZIATORE-E-FINALE-CON-DUE-TERMINALI-DIAMETRO-100-PER-VOLKSWAGEN-GOLF-7-GTI_EXHAUST-SYSTEM-SOUND-MARMITTA-SCARICO-ARTIGIANALE-REAR-PIPE-1-1.jpg\",\"width\":1200,\"height\":1020,\"caption\":\"Leon Cupra 5F 2.0 TSI 265\/280 Hp 2013-2015 - Centrale con un silenziatore e finale senza silenziatore \u00d870\"},{\"@type\":\"BreadcrumbList\",\"@id\":\"https:\/\/www.arosmarmitte.it\/en\/prodotto\/exhaust-systems\/centrale-con-un-silenziatore-finale-senza-silenziatore-o70\/#breadcrumb\",\"itemListElement\":[{\"@type\":\"ListItem\",\"position\":1,\"name\":\"Home\",\"item\":\"https:\/\/www.arosmarmitte.it\/en\/\"},{\"@type\":\"ListItem\",\"position\":2,\"name\":\"Shop\",\"item\":\"https:\/\/www.arosmarmitte.it\/shop\/\"},{\"@type\":\"ListItem\",\"position\":3,\"name\":\"Centrale con un silenziatore + finale senza silenziatore &#8211; \u00d870\"}]},{\"@type\":\"WebSite\",\"@id\":\"https:\/\/www.arosmarmitte.it\/en\/#website\",\"url\":\"https:\/\/www.arosmarmitte.it\/en\/\",\"name\":\"Aros Marmitte\",\"description\":\"\",\"publisher\":{\"@id\":\"https:\/\/www.arosmarmitte.it\/en\/#organization\"},\"potentialAction\":[{\"@type\":\"SearchAction\",\"target\":{\"@type\":\"EntryPoint\",\"urlTemplate\":\"https:\/\/www.arosmarmitte.it\/en\/?s={search_term_string}\"},\"query-input\":{\"@type\":\"PropertyValueSpecification\",\"valueRequired\":true,\"valueName\":\"search_term_string\"}}],\"inLanguage\":\"en-US\"},{\"@type\":\"Organization\",\"@id\":\"https:\/\/www.arosmarmitte.it\/en\/#organization\",\"name\":\"AROS Marmitte\",\"alternateName\":\"AROS SRL\",\"url\":\"https:\/\/www.arosmarmitte.it\/en\/\",\"logo\":{\"@type\":\"ImageObject\",\"inLanguage\":\"en-US\",\"@id\":\"https:\/\/www.arosmarmitte.it\/en\/#\/schema\/logo\/image\/\",\"url\":\"https:\/\/www.arosmarmitte.it\/wp-content\/uploads\/AROS_MARMITTE_LOGO_2016-EXHAUST-SYSTEMS-ECHAPPEMENT-SCARICO-ARTIGIANALE-MARMITTA-1-1.jpg\",\"contentUrl\":\"https:\/\/www.arosmarmitte.it\/wp-content\/uploads\/AROS_MARMITTE_LOGO_2016-EXHAUST-SYSTEMS-ECHAPPEMENT-SCARICO-ARTIGIANALE-MARMITTA-1-1.jpg\",\"width\":1000,\"height\":875,\"caption\":\"AROS Marmitte\"},\"image\":{\"@id\":\"https:\/\/www.arosmarmitte.it\/en\/#\/schema\/logo\/image\/\"},\"sameAs\":[\"https:\/\/www.facebook.com\/arosmarmitte\",\"https:\/\/x.com\/AROS_MARMITTE\",\"https:\/\/www.instagram.com\/arosmarmitte\/\",\"https:\/\/www.tiktok.com\/@aros_marmitte\"],\"email\":\"info@arosmarmitte.it\",\"telephone\":\"3401417652\"}]}<\/script>\n<!-- \/ Yoast SEO Premium plugin. -->","yoast_head_json":{"title":"Centrale con un silenziatore + finale senza silenziatore - \u00d870 | Aros Marmitte","robots":{"index":"index","follow":"follow","max-snippet":"max-snippet:-1","max-image-preview":"max-image-preview:large","max-video-preview":"max-video-preview:-1"},"canonical":"https:\/\/www.arosmarmitte.it\/en\/prodotto\/exhaust-systems\/centrale-con-un-silenziatore-finale-senza-silenziatore-o70\/","og_locale":"en_US","og_type":"article","og_title":"Centrale con un silenziatore + finale senza silenziatore - \u00d870","og_description":"Le sezioni centrale e finale dello scarico sono state progettate appositamente per garantire un deflusso ottimale dei fluidi, un confort di marcia gradevole e l&#8217;assenza di risonanze fastidiose sia ai bassi regimi che a velocit\u00e0 di crociera sostenute. Per garantire un sound accattivante ma non fastidioso si \u00e8 optato di utilizzare un silenziatore tondo e [&hellip;]","og_url":"https:\/\/www.arosmarmitte.it\/en\/prodotto\/exhaust-systems\/centrale-con-un-silenziatore-finale-senza-silenziatore-o70\/","og_site_name":"Aros Marmitte","article_publisher":"https:\/\/www.facebook.com\/arosmarmitte","article_modified_time":"2024-10-02T19:51:17+00:00","og_image":[{"width":1200,"height":1020,"url":"https:\/\/www.arosmarmitte.it\/wp-content\/uploads\/VW-SEZIONE-CENTRALE-CON-UN-SILENZIATORE-E-FINALE-CON-DUE-TERMINALI-DIAMETRO-100-PER-VOLKSWAGEN-GOLF-7-GTI_EXHAUST-SYSTEM-SOUND-MARMITTA-SCARICO-ARTIGIANALE-REAR-PIPE-1-1.jpg","type":"image\/jpeg"}],"twitter_card":"summary_large_image","twitter_site":"@AROS_MARMITTE","twitter_misc":{"Est. reading time":"1 minute"},"schema":{"@context":"https:\/\/schema.org","@graph":[{"@type":"WebPage","@id":"https:\/\/www.arosmarmitte.it\/en\/prodotto\/exhaust-systems\/centrale-con-un-silenziatore-finale-senza-silenziatore-o70\/","url":"https:\/\/www.arosmarmitte.it\/en\/prodotto\/exhaust-systems\/centrale-con-un-silenziatore-finale-senza-silenziatore-o70\/","name":"Centrale con un silenziatore + finale senza silenziatore - \u00d870 | Aros Marmitte","isPartOf":{"@id":"https:\/\/www.arosmarmitte.it\/en\/#website"},"primaryImageOfPage":{"@id":"https:\/\/www.arosmarmitte.it\/en\/prodotto\/exhaust-systems\/centrale-con-un-silenziatore-finale-senza-silenziatore-o70\/#primaryimage"},"image":{"@id":"https:\/\/www.arosmarmitte.it\/en\/prodotto\/exhaust-systems\/centrale-con-un-silenziatore-finale-senza-silenziatore-o70\/#primaryimage"},"thumbnailUrl":"https:\/\/www.arosmarmitte.it\/wp-content\/uploads\/VW-SEZIONE-CENTRALE-CON-UN-SILENZIATORE-E-FINALE-CON-DUE-TERMINALI-DIAMETRO-100-PER-VOLKSWAGEN-GOLF-7-GTI_EXHAUST-SYSTEM-SOUND-MARMITTA-SCARICO-ARTIGIANALE-REAR-PIPE-1-1.jpg","datePublished":"2024-10-02T19:51:16+00:00","dateModified":"2024-10-02T19:51:17+00:00","breadcrumb":{"@id":"https:\/\/www.arosmarmitte.it\/en\/prodotto\/exhaust-systems\/centrale-con-un-silenziatore-finale-senza-silenziatore-o70\/#breadcrumb"},"inLanguage":"en-US","potentialAction":[{"@type":"ReadAction","target":["https:\/\/www.arosmarmitte.it\/en\/prodotto\/exhaust-systems\/centrale-con-un-silenziatore-finale-senza-silenziatore-o70\/"]}]},{"@type":"ImageObject","inLanguage":"en-US","@id":"https:\/\/www.arosmarmitte.it\/en\/prodotto\/exhaust-systems\/centrale-con-un-silenziatore-finale-senza-silenziatore-o70\/#primaryimage","url":"https:\/\/www.arosmarmitte.it\/wp-content\/uploads\/VW-SEZIONE-CENTRALE-CON-UN-SILENZIATORE-E-FINALE-CON-DUE-TERMINALI-DIAMETRO-100-PER-VOLKSWAGEN-GOLF-7-GTI_EXHAUST-SYSTEM-SOUND-MARMITTA-SCARICO-ARTIGIANALE-REAR-PIPE-1-1.jpg","contentUrl":"https:\/\/www.arosmarmitte.it\/wp-content\/uploads\/VW-SEZIONE-CENTRALE-CON-UN-SILENZIATORE-E-FINALE-CON-DUE-TERMINALI-DIAMETRO-100-PER-VOLKSWAGEN-GOLF-7-GTI_EXHAUST-SYSTEM-SOUND-MARMITTA-SCARICO-ARTIGIANALE-REAR-PIPE-1-1.jpg","width":1200,"height":1020,"caption":"Leon Cupra 5F 2.0 TSI 265\/280 Hp 2013-2015 - Centrale con un silenziatore e finale senza silenziatore \u00d870"},{"@type":"BreadcrumbList","@id":"https:\/\/www.arosmarmitte.it\/en\/prodotto\/exhaust-systems\/centrale-con-un-silenziatore-finale-senza-silenziatore-o70\/#breadcrumb","itemListElement":[{"@type":"ListItem","position":1,"name":"Home","item":"https:\/\/www.arosmarmitte.it\/en\/"},{"@type":"ListItem","position":2,"name":"Shop","item":"https:\/\/www.arosmarmitte.it\/shop\/"},{"@type":"ListItem","position":3,"name":"Centrale con un silenziatore + finale senza silenziatore &#8211; \u00d870"}]},{"@type":"WebSite","@id":"https:\/\/www.arosmarmitte.it\/en\/#website","url":"https:\/\/www.arosmarmitte.it\/en\/","name":"Aros Marmitte","description":"","publisher":{"@id":"https:\/\/www.arosmarmitte.it\/en\/#organization"},"potentialAction":[{"@type":"SearchAction","target":{"@type":"EntryPoint","urlTemplate":"https:\/\/www.arosmarmitte.it\/en\/?s={search_term_string}"},"query-input":{"@type":"PropertyValueSpecification","valueRequired":true,"valueName":"search_term_string"}}],"inLanguage":"en-US"},{"@type":"Organization","@id":"https:\/\/www.arosmarmitte.it\/en\/#organization","name":"AROS Marmitte","alternateName":"AROS SRL","url":"https:\/\/www.arosmarmitte.it\/en\/","logo":{"@type":"ImageObject","inLanguage":"en-US","@id":"https:\/\/www.arosmarmitte.it\/en\/#\/schema\/logo\/image\/","url":"https:\/\/www.arosmarmitte.it\/wp-content\/uploads\/AROS_MARMITTE_LOGO_2016-EXHAUST-SYSTEMS-ECHAPPEMENT-SCARICO-ARTIGIANALE-MARMITTA-1-1.jpg","contentUrl":"https:\/\/www.arosmarmitte.it\/wp-content\/uploads\/AROS_MARMITTE_LOGO_2016-EXHAUST-SYSTEMS-ECHAPPEMENT-SCARICO-ARTIGIANALE-MARMITTA-1-1.jpg","width":1000,"height":875,"caption":"AROS Marmitte"},"image":{"@id":"https:\/\/www.arosmarmitte.it\/en\/#\/schema\/logo\/image\/"},"sameAs":["https:\/\/www.facebook.com\/arosmarmitte","https:\/\/x.com\/AROS_MARMITTE","https:\/\/www.instagram.com\/arosmarmitte\/","https:\/\/www.tiktok.com\/@aros_marmitte"],"email":"info@arosmarmitte.it","telephone":"3401417652"}]}},"_links":{"self":[{"href":"https:\/\/www.arosmarmitte.it\/en\/wp-json\/wp\/v2\/product\/126272","targetHints":{"allow":["GET"]}}],"collection":[{"href":"https:\/\/www.arosmarmitte.it\/en\/wp-json\/wp\/v2\/product"}],"about":[{"href":"https:\/\/www.arosmarmitte.it\/en\/wp-json\/wp\/v2\/types\/product"}],"replies":[{"embeddable":true,"href":"https:\/\/www.arosmarmitte.it\/en\/wp-json\/wp\/v2\/comments?post=126272"}],"wp:featuredmedia":[{"embeddable":true,"href":"https:\/\/www.arosmarmitte.it\/en\/wp-json\/wp\/v2\/media\/111898"}],"wp:attachment":[{"href":"https:\/\/www.arosmarmitte.it\/en\/wp-json\/wp\/v2\/media?parent=126272"}],"wp:term":[{"taxonomy":"marca","embeddable":true,"href":"https:\/\/www.arosmarmitte.it\/en\/wp-json\/wp\/v2\/marca?post=126272"},{"taxonomy":"product_brand","embeddable":true,"href":"https:\/\/www.arosmarmitte.it\/en\/wp-json\/wp\/v2\/product_brand?post=126272"},{"taxonomy":"product_cat","embeddable":true,"href":"https:\/\/www.arosmarmitte.it\/en\/wp-json\/wp\/v2\/product_cat?post=126272"},{"taxonomy":"product_tag","embeddable":true,"href":"https:\/\/www.arosmarmitte.it\/en\/wp-json\/wp\/v2\/product_tag?post=126272"}],"curies":[{"name":"wp","href":"https:\/\/api.w.org\/{rel}","templated":true}]}}