{"id":125671,"date":"2024-10-02T21:39:10","date_gmt":"2024-10-02T19:39:10","guid":{"rendered":"http:\/\/arosmarmitte.it\/prodotto\/uncategorized\/downpipe-con-catalizzatore-242\/"},"modified":"2024-10-02T21:39:14","modified_gmt":"2024-10-02T19:39:14","slug":"downpipe-con-catalizzatore-242","status":"publish","type":"product","link":"https:\/\/www.arosmarmitte.it\/en\/prodotto\/exhaust-systems\/downpipe-con-catalizzatore-242\/","title":{"rendered":"Downpipe con catalizzatore"},"content":{"rendered":"<p>Il downpipe con catalizzatore \u00e8 un particolare che permette di incrementare notevolmente le prestazione del motore grazie al deflusso maggiorato dei gas. Il componente viene realizzato in acciaio AISI 304 e saldato interamente a TIG dalle mani esperte dei nostri operatori, inoltre \u00e8 dotato di prese per sonde lambda e delle staffe necessarie al montaggio in vettura. La sostituzione del catalizzatore migliora anche il sound della vettura incrementando il tono dello scarico. Per la realizzazione del downpipe vengono impiegati tubi con spessori ridotti, generalmente 1.2 mm, ci\u00f2 per rimarcare l\u2019elevato livello di qualit\u00e0 e un\u2019attenzione oculata ai pesi, inoltre il diametro, le geometrie dei raccordi e i volumi sono studiati appositamente per far rendere al meglio lo specifico tipo di motore sul quale \u00e8 montato il downpipe. Il prodotto \u00e8 plug&#038;play e non \u00e8 necessaria la modifica del sistema di gestione elettronica. Infine ci teniamo a sottolineare che tutti gli articoli vengono progettati e realizzati nella nostra sede operativa e il prodotto gode di tutte le caratteristiche e cure della migliore tradizione artigianale italiana.<\/p>\n","protected":false},"excerpt":{"rendered":"<p>Il downpipe con catalizzatore \u00e8 un particolare che permette di incrementare notevolmente le prestazione del motore grazie al deflusso maggiorato dei gas. Il componente viene realizzato in acciaio AISI 304 e saldato interamente a TIG dalle mani esperte dei nostri operatori, inoltre \u00e8 dotato di prese per sonde lambda e delle staffe necessarie al montaggio [&hellip;]<\/p>\n","protected":false},"featured_media":76229,"comment_status":"closed","ping_status":"closed","template":"","meta":{"_acf_changed":false},"marca":[],"product_brand":[],"product_cat":[655],"product_tag":[],"class_list":{"0":"post-125671","1":"product","2":"type-product","3":"status-publish","4":"has-post-thumbnail","6":"product_cat-exhaust-systems","8":"first","9":"instock","10":"taxable","11":"shipping-taxable","12":"purchasable","13":"product-type-simple"},"acf":[],"yoast_head":"<!-- This site is optimized with the Yoast SEO Premium plugin v24.8 (Yoast SEO v27.2) - https:\/\/yoast.com\/product\/yoast-seo-premium-wordpress\/ -->\n<title>Downpipe con catalizzatore | Aros Marmitte<\/title>\n<meta name=\"robots\" content=\"index, follow, max-snippet:-1, max-image-preview:large, max-video-preview:-1\" \/>\n<link rel=\"canonical\" href=\"https:\/\/www.arosmarmitte.it\/en\/prodotto\/exhaust-systems\/downpipe-con-catalizzatore-242\/\" \/>\n<meta property=\"og:locale\" content=\"en_US\" \/>\n<meta property=\"og:type\" content=\"article\" \/>\n<meta property=\"og:title\" content=\"Downpipe con catalizzatore\" \/>\n<meta property=\"og:description\" content=\"Il downpipe con catalizzatore \u00e8 un particolare che permette di incrementare notevolmente le prestazione del motore grazie al deflusso maggiorato dei gas. Il componente viene realizzato in acciaio AISI 304 e saldato interamente a TIG dalle mani esperte dei nostri operatori, inoltre \u00e8 dotato di prese per sonde lambda e delle staffe necessarie al montaggio [&hellip;]\" \/>\n<meta property=\"og:url\" content=\"https:\/\/www.arosmarmitte.it\/en\/prodotto\/exhaust-systems\/downpipe-con-catalizzatore-242\/\" \/>\n<meta property=\"og:site_name\" content=\"Aros Marmitte\" \/>\n<meta property=\"article:publisher\" content=\"https:\/\/www.facebook.com\/arosmarmitte\" \/>\n<meta property=\"article:modified_time\" content=\"2024-10-02T19:39:14+00:00\" \/>\n<meta property=\"og:image\" content=\"https:\/\/www.arosmarmitte.it\/wp-content\/uploads\/DOWNPIPE-CON-CATALIZZATORE-PER-BMW-MINI-COOPER-S-R56-46.jpg\" \/>\n\t<meta property=\"og:image:width\" content=\"1600\" \/>\n\t<meta property=\"og:image:height\" content=\"1600\" \/>\n\t<meta property=\"og:image:type\" content=\"image\/jpeg\" \/>\n<meta name=\"twitter:card\" content=\"summary_large_image\" \/>\n<meta name=\"twitter:site\" content=\"@AROS_MARMITTE\" \/>\n<meta name=\"twitter:label1\" content=\"Est. reading time\" \/>\n\t<meta name=\"twitter:data1\" content=\"1 minute\" \/>\n<script type=\"application\/ld+json\" class=\"yoast-schema-graph\">{\"@context\":\"https:\/\/schema.org\",\"@graph\":[{\"@type\":\"WebPage\",\"@id\":\"https:\/\/www.arosmarmitte.it\/en\/prodotto\/exhaust-systems\/downpipe-con-catalizzatore-242\/\",\"url\":\"https:\/\/www.arosmarmitte.it\/en\/prodotto\/exhaust-systems\/downpipe-con-catalizzatore-242\/\",\"name\":\"Downpipe con catalizzatore | Aros Marmitte\",\"isPartOf\":{\"@id\":\"https:\/\/www.arosmarmitte.it\/en\/#website\"},\"primaryImageOfPage\":{\"@id\":\"https:\/\/www.arosmarmitte.it\/en\/prodotto\/exhaust-systems\/downpipe-con-catalizzatore-242\/#primaryimage\"},\"image\":{\"@id\":\"https:\/\/www.arosmarmitte.it\/en\/prodotto\/exhaust-systems\/downpipe-con-catalizzatore-242\/#primaryimage\"},\"thumbnailUrl\":\"https:\/\/www.arosmarmitte.it\/wp-content\/uploads\/DOWNPIPE-CON-CATALIZZATORE-PER-BMW-MINI-COOPER-S-R56-46.jpg\",\"datePublished\":\"2024-10-02T19:39:10+00:00\",\"dateModified\":\"2024-10-02T19:39:14+00:00\",\"breadcrumb\":{\"@id\":\"https:\/\/www.arosmarmitte.it\/en\/prodotto\/exhaust-systems\/downpipe-con-catalizzatore-242\/#breadcrumb\"},\"inLanguage\":\"en-US\",\"potentialAction\":[{\"@type\":\"ReadAction\",\"target\":[\"https:\/\/www.arosmarmitte.it\/en\/prodotto\/exhaust-systems\/downpipe-con-catalizzatore-242\/\"]}]},{\"@type\":\"ImageObject\",\"inLanguage\":\"en-US\",\"@id\":\"https:\/\/www.arosmarmitte.it\/en\/prodotto\/exhaust-systems\/downpipe-con-catalizzatore-242\/#primaryimage\",\"url\":\"https:\/\/www.arosmarmitte.it\/wp-content\/uploads\/DOWNPIPE-CON-CATALIZZATORE-PER-BMW-MINI-COOPER-S-R56-46.jpg\",\"contentUrl\":\"https:\/\/www.arosmarmitte.it\/wp-content\/uploads\/DOWNPIPE-CON-CATALIZZATORE-PER-BMW-MINI-COOPER-S-R56-46.jpg\",\"width\":1600,\"height\":1600,\"caption\":\"Citrone DS3 THP 1.6i 16v (155 Hp) - downpipe con catalizzatore sportivo 200 celle\"},{\"@type\":\"BreadcrumbList\",\"@id\":\"https:\/\/www.arosmarmitte.it\/en\/prodotto\/exhaust-systems\/downpipe-con-catalizzatore-242\/#breadcrumb\",\"itemListElement\":[{\"@type\":\"ListItem\",\"position\":1,\"name\":\"Home\",\"item\":\"https:\/\/www.arosmarmitte.it\/en\/\"},{\"@type\":\"ListItem\",\"position\":2,\"name\":\"Shop\",\"item\":\"https:\/\/www.arosmarmitte.it\/shop\/\"},{\"@type\":\"ListItem\",\"position\":3,\"name\":\"Downpipe con catalizzatore\"}]},{\"@type\":\"WebSite\",\"@id\":\"https:\/\/www.arosmarmitte.it\/en\/#website\",\"url\":\"https:\/\/www.arosmarmitte.it\/en\/\",\"name\":\"Aros Marmitte\",\"description\":\"\",\"publisher\":{\"@id\":\"https:\/\/www.arosmarmitte.it\/en\/#organization\"},\"potentialAction\":[{\"@type\":\"SearchAction\",\"target\":{\"@type\":\"EntryPoint\",\"urlTemplate\":\"https:\/\/www.arosmarmitte.it\/en\/?s={search_term_string}\"},\"query-input\":{\"@type\":\"PropertyValueSpecification\",\"valueRequired\":true,\"valueName\":\"search_term_string\"}}],\"inLanguage\":\"en-US\"},{\"@type\":\"Organization\",\"@id\":\"https:\/\/www.arosmarmitte.it\/en\/#organization\",\"name\":\"AROS Marmitte\",\"alternateName\":\"AROS SRL\",\"url\":\"https:\/\/www.arosmarmitte.it\/en\/\",\"logo\":{\"@type\":\"ImageObject\",\"inLanguage\":\"en-US\",\"@id\":\"https:\/\/www.arosmarmitte.it\/en\/#\/schema\/logo\/image\/\",\"url\":\"https:\/\/www.arosmarmitte.it\/wp-content\/uploads\/AROS_MARMITTE_LOGO_2016-EXHAUST-SYSTEMS-ECHAPPEMENT-SCARICO-ARTIGIANALE-MARMITTA-1-1.jpg\",\"contentUrl\":\"https:\/\/www.arosmarmitte.it\/wp-content\/uploads\/AROS_MARMITTE_LOGO_2016-EXHAUST-SYSTEMS-ECHAPPEMENT-SCARICO-ARTIGIANALE-MARMITTA-1-1.jpg\",\"width\":1000,\"height\":875,\"caption\":\"AROS Marmitte\"},\"image\":{\"@id\":\"https:\/\/www.arosmarmitte.it\/en\/#\/schema\/logo\/image\/\"},\"sameAs\":[\"https:\/\/www.facebook.com\/arosmarmitte\",\"https:\/\/x.com\/AROS_MARMITTE\",\"https:\/\/www.instagram.com\/arosmarmitte\/\",\"https:\/\/www.tiktok.com\/@aros_marmitte\"],\"email\":\"info@arosmarmitte.it\",\"telephone\":\"3401417652\"}]}<\/script>\n<!-- \/ Yoast SEO Premium plugin. -->","yoast_head_json":{"title":"Downpipe con catalizzatore | Aros Marmitte","robots":{"index":"index","follow":"follow","max-snippet":"max-snippet:-1","max-image-preview":"max-image-preview:large","max-video-preview":"max-video-preview:-1"},"canonical":"https:\/\/www.arosmarmitte.it\/en\/prodotto\/exhaust-systems\/downpipe-con-catalizzatore-242\/","og_locale":"en_US","og_type":"article","og_title":"Downpipe con catalizzatore","og_description":"Il downpipe con catalizzatore \u00e8 un particolare che permette di incrementare notevolmente le prestazione del motore grazie al deflusso maggiorato dei gas. Il componente viene realizzato in acciaio AISI 304 e saldato interamente a TIG dalle mani esperte dei nostri operatori, inoltre \u00e8 dotato di prese per sonde lambda e delle staffe necessarie al montaggio [&hellip;]","og_url":"https:\/\/www.arosmarmitte.it\/en\/prodotto\/exhaust-systems\/downpipe-con-catalizzatore-242\/","og_site_name":"Aros Marmitte","article_publisher":"https:\/\/www.facebook.com\/arosmarmitte","article_modified_time":"2024-10-02T19:39:14+00:00","og_image":[{"width":1600,"height":1600,"url":"https:\/\/www.arosmarmitte.it\/wp-content\/uploads\/DOWNPIPE-CON-CATALIZZATORE-PER-BMW-MINI-COOPER-S-R56-46.jpg","type":"image\/jpeg"}],"twitter_card":"summary_large_image","twitter_site":"@AROS_MARMITTE","twitter_misc":{"Est. reading time":"1 minute"},"schema":{"@context":"https:\/\/schema.org","@graph":[{"@type":"WebPage","@id":"https:\/\/www.arosmarmitte.it\/en\/prodotto\/exhaust-systems\/downpipe-con-catalizzatore-242\/","url":"https:\/\/www.arosmarmitte.it\/en\/prodotto\/exhaust-systems\/downpipe-con-catalizzatore-242\/","name":"Downpipe con catalizzatore | Aros Marmitte","isPartOf":{"@id":"https:\/\/www.arosmarmitte.it\/en\/#website"},"primaryImageOfPage":{"@id":"https:\/\/www.arosmarmitte.it\/en\/prodotto\/exhaust-systems\/downpipe-con-catalizzatore-242\/#primaryimage"},"image":{"@id":"https:\/\/www.arosmarmitte.it\/en\/prodotto\/exhaust-systems\/downpipe-con-catalizzatore-242\/#primaryimage"},"thumbnailUrl":"https:\/\/www.arosmarmitte.it\/wp-content\/uploads\/DOWNPIPE-CON-CATALIZZATORE-PER-BMW-MINI-COOPER-S-R56-46.jpg","datePublished":"2024-10-02T19:39:10+00:00","dateModified":"2024-10-02T19:39:14+00:00","breadcrumb":{"@id":"https:\/\/www.arosmarmitte.it\/en\/prodotto\/exhaust-systems\/downpipe-con-catalizzatore-242\/#breadcrumb"},"inLanguage":"en-US","potentialAction":[{"@type":"ReadAction","target":["https:\/\/www.arosmarmitte.it\/en\/prodotto\/exhaust-systems\/downpipe-con-catalizzatore-242\/"]}]},{"@type":"ImageObject","inLanguage":"en-US","@id":"https:\/\/www.arosmarmitte.it\/en\/prodotto\/exhaust-systems\/downpipe-con-catalizzatore-242\/#primaryimage","url":"https:\/\/www.arosmarmitte.it\/wp-content\/uploads\/DOWNPIPE-CON-CATALIZZATORE-PER-BMW-MINI-COOPER-S-R56-46.jpg","contentUrl":"https:\/\/www.arosmarmitte.it\/wp-content\/uploads\/DOWNPIPE-CON-CATALIZZATORE-PER-BMW-MINI-COOPER-S-R56-46.jpg","width":1600,"height":1600,"caption":"Citrone DS3 THP 1.6i 16v (155 Hp) - downpipe con catalizzatore sportivo 200 celle"},{"@type":"BreadcrumbList","@id":"https:\/\/www.arosmarmitte.it\/en\/prodotto\/exhaust-systems\/downpipe-con-catalizzatore-242\/#breadcrumb","itemListElement":[{"@type":"ListItem","position":1,"name":"Home","item":"https:\/\/www.arosmarmitte.it\/en\/"},{"@type":"ListItem","position":2,"name":"Shop","item":"https:\/\/www.arosmarmitte.it\/shop\/"},{"@type":"ListItem","position":3,"name":"Downpipe con catalizzatore"}]},{"@type":"WebSite","@id":"https:\/\/www.arosmarmitte.it\/en\/#website","url":"https:\/\/www.arosmarmitte.it\/en\/","name":"Aros Marmitte","description":"","publisher":{"@id":"https:\/\/www.arosmarmitte.it\/en\/#organization"},"potentialAction":[{"@type":"SearchAction","target":{"@type":"EntryPoint","urlTemplate":"https:\/\/www.arosmarmitte.it\/en\/?s={search_term_string}"},"query-input":{"@type":"PropertyValueSpecification","valueRequired":true,"valueName":"search_term_string"}}],"inLanguage":"en-US"},{"@type":"Organization","@id":"https:\/\/www.arosmarmitte.it\/en\/#organization","name":"AROS Marmitte","alternateName":"AROS SRL","url":"https:\/\/www.arosmarmitte.it\/en\/","logo":{"@type":"ImageObject","inLanguage":"en-US","@id":"https:\/\/www.arosmarmitte.it\/en\/#\/schema\/logo\/image\/","url":"https:\/\/www.arosmarmitte.it\/wp-content\/uploads\/AROS_MARMITTE_LOGO_2016-EXHAUST-SYSTEMS-ECHAPPEMENT-SCARICO-ARTIGIANALE-MARMITTA-1-1.jpg","contentUrl":"https:\/\/www.arosmarmitte.it\/wp-content\/uploads\/AROS_MARMITTE_LOGO_2016-EXHAUST-SYSTEMS-ECHAPPEMENT-SCARICO-ARTIGIANALE-MARMITTA-1-1.jpg","width":1000,"height":875,"caption":"AROS Marmitte"},"image":{"@id":"https:\/\/www.arosmarmitte.it\/en\/#\/schema\/logo\/image\/"},"sameAs":["https:\/\/www.facebook.com\/arosmarmitte","https:\/\/x.com\/AROS_MARMITTE","https:\/\/www.instagram.com\/arosmarmitte\/","https:\/\/www.tiktok.com\/@aros_marmitte"],"email":"info@arosmarmitte.it","telephone":"3401417652"}]}},"_links":{"self":[{"href":"https:\/\/www.arosmarmitte.it\/en\/wp-json\/wp\/v2\/product\/125671","targetHints":{"allow":["GET"]}}],"collection":[{"href":"https:\/\/www.arosmarmitte.it\/en\/wp-json\/wp\/v2\/product"}],"about":[{"href":"https:\/\/www.arosmarmitte.it\/en\/wp-json\/wp\/v2\/types\/product"}],"replies":[{"embeddable":true,"href":"https:\/\/www.arosmarmitte.it\/en\/wp-json\/wp\/v2\/comments?post=125671"}],"wp:featuredmedia":[{"embeddable":true,"href":"https:\/\/www.arosmarmitte.it\/en\/wp-json\/wp\/v2\/media\/76229"}],"wp:attachment":[{"href":"https:\/\/www.arosmarmitte.it\/en\/wp-json\/wp\/v2\/media?parent=125671"}],"wp:term":[{"taxonomy":"marca","embeddable":true,"href":"https:\/\/www.arosmarmitte.it\/en\/wp-json\/wp\/v2\/marca?post=125671"},{"taxonomy":"product_brand","embeddable":true,"href":"https:\/\/www.arosmarmitte.it\/en\/wp-json\/wp\/v2\/product_brand?post=125671"},{"taxonomy":"product_cat","embeddable":true,"href":"https:\/\/www.arosmarmitte.it\/en\/wp-json\/wp\/v2\/product_cat?post=125671"},{"taxonomy":"product_tag","embeddable":true,"href":"https:\/\/www.arosmarmitte.it\/en\/wp-json\/wp\/v2\/product_tag?post=125671"}],"curies":[{"name":"wp","href":"https:\/\/api.w.org\/{rel}","templated":true}]}}