{"id":124756,"date":"2024-10-02T21:21:03","date_gmt":"2024-10-02T19:21:03","guid":{"rendered":"http:\/\/arosmarmitte.it\/prodotto\/uncategorized\/sezione-centrale-senza-catalizzatore-e-senza-silenziatore-5\/"},"modified":"2024-10-02T21:21:04","modified_gmt":"2024-10-02T19:21:04","slug":"sezione-centrale-senza-catalizzatore-e-senza-silenziatore-5","status":"publish","type":"product","link":"https:\/\/www.arosmarmitte.it\/en\/prodotto\/exhaust-systems\/sezione-centrale-senza-catalizzatore-e-senza-silenziatore-5\/","title":{"rendered":"Sezione centrale senza catalizzatore e senza silenziatore"},"content":{"rendered":"<p>Il tratto centrale per questa vettura \u00e8 stato sviluppato in due sezioni perfettamente modulabili sia con il collettore che con il silenziatore originale. Il vantaggio di questa soluzione \u00e8 la possibilit\u00e0 per il cliente di scegliere la configurazione che pi\u00f9 si adatta ai suoi gusti, infatti \u00e8 possibile avere il catalizzatore 200 celle con o senza silenziatore oppure avere il silenziatore e scegliere se montare o meno il catalizzatore. Insomma una gamma completa di scelte per soddisfare tutti i gusti. La sezione centrale \u00e8 in acciaio inox e le saldature, al fine di assicurare la massima tenuta e resistenza, sono realizzate solamente a TIG. L\u2019impiego di tubi con spessori ridotti, generalmente 1.2 mm, danno al pezzo finito la caratteristica fondamentale di essere notevolmente leggero e resistente alle sollecitazioni oltre che estremamente performante dal punto di vista prestazionale. Le flange sono prodotte tramite macchinari a controllo numerico\/taglio a laser, con forature di assoluta precisione, per assicurare un montaggio perfetto e garantire la resistenza ottimale alle elevate temperature a cui sono sottoposte. Il prodotto \u00e8 plug&#038;play e il posizionamento e la sequenza dei sensori \u00e8 compatibile con gli originali. Infine ci teniamo a sottolineare che progettazione, sviluppo, realizzazione e produzione sono operazioni svolte esclusivamente all&#8217;interno della nostra sede e il prodotto gode di tutte le caratteristiche e cure della migliore tradizione artigianale italiana.<\/p>\n","protected":false},"excerpt":{"rendered":"<p>Il tratto centrale per questa vettura \u00e8 stato sviluppato in due sezioni perfettamente modulabili sia con il collettore che con il silenziatore originale. Il vantaggio di questa soluzione \u00e8 la possibilit\u00e0 per il cliente di scegliere la configurazione che pi\u00f9 si adatta ai suoi gusti, infatti \u00e8 possibile avere il catalizzatore 200 celle con o [&hellip;]<\/p>\n","protected":false},"featured_media":110834,"comment_status":"closed","ping_status":"closed","template":"","meta":{"_acf_changed":false},"marca":[],"product_brand":[],"product_cat":[655],"product_tag":[],"class_list":{"0":"post-124756","1":"product","2":"type-product","3":"status-publish","4":"has-post-thumbnail","6":"product_cat-exhaust-systems","8":"first","9":"instock","10":"taxable","11":"shipping-taxable","12":"purchasable","13":"product-type-simple"},"acf":[],"yoast_head":"<!-- This site is optimized with the Yoast SEO Premium plugin v24.8 (Yoast SEO v27.2) - https:\/\/yoast.com\/product\/yoast-seo-premium-wordpress\/ -->\n<title>Sezione centrale senza catalizzatore e senza silenziatore | Aros Marmitte<\/title>\n<meta name=\"robots\" content=\"index, follow, max-snippet:-1, max-image-preview:large, max-video-preview:-1\" \/>\n<link rel=\"canonical\" href=\"https:\/\/www.arosmarmitte.it\/en\/prodotto\/exhaust-systems\/sezione-centrale-senza-catalizzatore-e-senza-silenziatore-5\/\" \/>\n<meta property=\"og:locale\" content=\"en_US\" \/>\n<meta property=\"og:type\" content=\"article\" \/>\n<meta property=\"og:title\" content=\"Sezione centrale senza catalizzatore e senza silenziatore\" \/>\n<meta property=\"og:description\" content=\"Il tratto centrale per questa vettura \u00e8 stato sviluppato in due sezioni perfettamente modulabili sia con il collettore che con il silenziatore originale. Il vantaggio di questa soluzione \u00e8 la possibilit\u00e0 per il cliente di scegliere la configurazione che pi\u00f9 si adatta ai suoi gusti, infatti \u00e8 possibile avere il catalizzatore 200 celle con o [&hellip;]\" \/>\n<meta property=\"og:url\" content=\"https:\/\/www.arosmarmitte.it\/en\/prodotto\/exhaust-systems\/sezione-centrale-senza-catalizzatore-e-senza-silenziatore-5\/\" \/>\n<meta property=\"og:site_name\" content=\"Aros Marmitte\" \/>\n<meta property=\"article:publisher\" content=\"https:\/\/www.facebook.com\/arosmarmitte\" \/>\n<meta property=\"article:modified_time\" content=\"2024-10-02T19:21:04+00:00\" \/>\n<meta property=\"og:image\" content=\"https:\/\/www.arosmarmitte.it\/wp-content\/uploads\/SEZIONE-CENTRALE-DIRETTO-LIBERO-PER-MAZDA-MX-5-SERIE-NC-MK3-EXHAUST-SYSTEM-SOUND-ECHAPPEMENT-MANIFOLD-HEADERS-SCARICO-MARMITTA-ARTIGIANALE-1.jpg\" \/>\n\t<meta property=\"og:image:width\" content=\"1200\" \/>\n\t<meta property=\"og:image:height\" content=\"1031\" \/>\n\t<meta property=\"og:image:type\" content=\"image\/jpeg\" \/>\n<meta name=\"twitter:card\" content=\"summary_large_image\" \/>\n<meta name=\"twitter:site\" content=\"@AROS_MARMITTE\" \/>\n<meta name=\"twitter:label1\" content=\"Est. reading time\" \/>\n\t<meta name=\"twitter:data1\" content=\"1 minute\" \/>\n<script type=\"application\/ld+json\" class=\"yoast-schema-graph\">{\"@context\":\"https:\/\/schema.org\",\"@graph\":[{\"@type\":\"WebPage\",\"@id\":\"https:\/\/www.arosmarmitte.it\/en\/prodotto\/exhaust-systems\/sezione-centrale-senza-catalizzatore-e-senza-silenziatore-5\/\",\"url\":\"https:\/\/www.arosmarmitte.it\/en\/prodotto\/exhaust-systems\/sezione-centrale-senza-catalizzatore-e-senza-silenziatore-5\/\",\"name\":\"Sezione centrale senza catalizzatore e senza silenziatore | Aros Marmitte\",\"isPartOf\":{\"@id\":\"https:\/\/www.arosmarmitte.it\/en\/#website\"},\"primaryImageOfPage\":{\"@id\":\"https:\/\/www.arosmarmitte.it\/en\/prodotto\/exhaust-systems\/sezione-centrale-senza-catalizzatore-e-senza-silenziatore-5\/#primaryimage\"},\"image\":{\"@id\":\"https:\/\/www.arosmarmitte.it\/en\/prodotto\/exhaust-systems\/sezione-centrale-senza-catalizzatore-e-senza-silenziatore-5\/#primaryimage\"},\"thumbnailUrl\":\"https:\/\/www.arosmarmitte.it\/wp-content\/uploads\/SEZIONE-CENTRALE-DIRETTO-LIBERO-PER-MAZDA-MX-5-SERIE-NC-MK3-EXHAUST-SYSTEM-SOUND-ECHAPPEMENT-MANIFOLD-HEADERS-SCARICO-MARMITTA-ARTIGIANALE-1.jpg\",\"datePublished\":\"2024-10-02T19:21:03+00:00\",\"dateModified\":\"2024-10-02T19:21:04+00:00\",\"breadcrumb\":{\"@id\":\"https:\/\/www.arosmarmitte.it\/en\/prodotto\/exhaust-systems\/sezione-centrale-senza-catalizzatore-e-senza-silenziatore-5\/#breadcrumb\"},\"inLanguage\":\"en-US\",\"potentialAction\":[{\"@type\":\"ReadAction\",\"target\":[\"https:\/\/www.arosmarmitte.it\/en\/prodotto\/exhaust-systems\/sezione-centrale-senza-catalizzatore-e-senza-silenziatore-5\/\"]}]},{\"@type\":\"ImageObject\",\"inLanguage\":\"en-US\",\"@id\":\"https:\/\/www.arosmarmitte.it\/en\/prodotto\/exhaust-systems\/sezione-centrale-senza-catalizzatore-e-senza-silenziatore-5\/#primaryimage\",\"url\":\"https:\/\/www.arosmarmitte.it\/wp-content\/uploads\/SEZIONE-CENTRALE-DIRETTO-LIBERO-PER-MAZDA-MX-5-SERIE-NC-MK3-EXHAUST-SYSTEM-SOUND-ECHAPPEMENT-MANIFOLD-HEADERS-SCARICO-MARMITTA-ARTIGIANALE-1.jpg\",\"contentUrl\":\"https:\/\/www.arosmarmitte.it\/wp-content\/uploads\/SEZIONE-CENTRALE-DIRETTO-LIBERO-PER-MAZDA-MX-5-SERIE-NC-MK3-EXHAUST-SYSTEM-SOUND-ECHAPPEMENT-MANIFOLD-HEADERS-SCARICO-MARMITTA-ARTIGIANALE-1.jpg\",\"width\":1200,\"height\":1031},{\"@type\":\"BreadcrumbList\",\"@id\":\"https:\/\/www.arosmarmitte.it\/en\/prodotto\/exhaust-systems\/sezione-centrale-senza-catalizzatore-e-senza-silenziatore-5\/#breadcrumb\",\"itemListElement\":[{\"@type\":\"ListItem\",\"position\":1,\"name\":\"Home\",\"item\":\"https:\/\/www.arosmarmitte.it\/en\/\"},{\"@type\":\"ListItem\",\"position\":2,\"name\":\"Shop\",\"item\":\"https:\/\/www.arosmarmitte.it\/shop\/\"},{\"@type\":\"ListItem\",\"position\":3,\"name\":\"Sezione centrale senza catalizzatore e senza silenziatore\"}]},{\"@type\":\"WebSite\",\"@id\":\"https:\/\/www.arosmarmitte.it\/en\/#website\",\"url\":\"https:\/\/www.arosmarmitte.it\/en\/\",\"name\":\"Aros Marmitte\",\"description\":\"\",\"publisher\":{\"@id\":\"https:\/\/www.arosmarmitte.it\/en\/#organization\"},\"potentialAction\":[{\"@type\":\"SearchAction\",\"target\":{\"@type\":\"EntryPoint\",\"urlTemplate\":\"https:\/\/www.arosmarmitte.it\/en\/?s={search_term_string}\"},\"query-input\":{\"@type\":\"PropertyValueSpecification\",\"valueRequired\":true,\"valueName\":\"search_term_string\"}}],\"inLanguage\":\"en-US\"},{\"@type\":\"Organization\",\"@id\":\"https:\/\/www.arosmarmitte.it\/en\/#organization\",\"name\":\"AROS Marmitte\",\"alternateName\":\"AROS SRL\",\"url\":\"https:\/\/www.arosmarmitte.it\/en\/\",\"logo\":{\"@type\":\"ImageObject\",\"inLanguage\":\"en-US\",\"@id\":\"https:\/\/www.arosmarmitte.it\/en\/#\/schema\/logo\/image\/\",\"url\":\"https:\/\/www.arosmarmitte.it\/wp-content\/uploads\/AROS_MARMITTE_LOGO_2016-EXHAUST-SYSTEMS-ECHAPPEMENT-SCARICO-ARTIGIANALE-MARMITTA-1-1.jpg\",\"contentUrl\":\"https:\/\/www.arosmarmitte.it\/wp-content\/uploads\/AROS_MARMITTE_LOGO_2016-EXHAUST-SYSTEMS-ECHAPPEMENT-SCARICO-ARTIGIANALE-MARMITTA-1-1.jpg\",\"width\":1000,\"height\":875,\"caption\":\"AROS Marmitte\"},\"image\":{\"@id\":\"https:\/\/www.arosmarmitte.it\/en\/#\/schema\/logo\/image\/\"},\"sameAs\":[\"https:\/\/www.facebook.com\/arosmarmitte\",\"https:\/\/x.com\/AROS_MARMITTE\",\"https:\/\/www.instagram.com\/arosmarmitte\/\",\"https:\/\/www.tiktok.com\/@aros_marmitte\"],\"email\":\"info@arosmarmitte.it\",\"telephone\":\"3401417652\"}]}<\/script>\n<!-- \/ Yoast SEO Premium plugin. -->","yoast_head_json":{"title":"Sezione centrale senza catalizzatore e senza silenziatore | Aros Marmitte","robots":{"index":"index","follow":"follow","max-snippet":"max-snippet:-1","max-image-preview":"max-image-preview:large","max-video-preview":"max-video-preview:-1"},"canonical":"https:\/\/www.arosmarmitte.it\/en\/prodotto\/exhaust-systems\/sezione-centrale-senza-catalizzatore-e-senza-silenziatore-5\/","og_locale":"en_US","og_type":"article","og_title":"Sezione centrale senza catalizzatore e senza silenziatore","og_description":"Il tratto centrale per questa vettura \u00e8 stato sviluppato in due sezioni perfettamente modulabili sia con il collettore che con il silenziatore originale. Il vantaggio di questa soluzione \u00e8 la possibilit\u00e0 per il cliente di scegliere la configurazione che pi\u00f9 si adatta ai suoi gusti, infatti \u00e8 possibile avere il catalizzatore 200 celle con o [&hellip;]","og_url":"https:\/\/www.arosmarmitte.it\/en\/prodotto\/exhaust-systems\/sezione-centrale-senza-catalizzatore-e-senza-silenziatore-5\/","og_site_name":"Aros Marmitte","article_publisher":"https:\/\/www.facebook.com\/arosmarmitte","article_modified_time":"2024-10-02T19:21:04+00:00","og_image":[{"width":1200,"height":1031,"url":"https:\/\/www.arosmarmitte.it\/wp-content\/uploads\/SEZIONE-CENTRALE-DIRETTO-LIBERO-PER-MAZDA-MX-5-SERIE-NC-MK3-EXHAUST-SYSTEM-SOUND-ECHAPPEMENT-MANIFOLD-HEADERS-SCARICO-MARMITTA-ARTIGIANALE-1.jpg","type":"image\/jpeg"}],"twitter_card":"summary_large_image","twitter_site":"@AROS_MARMITTE","twitter_misc":{"Est. reading time":"1 minute"},"schema":{"@context":"https:\/\/schema.org","@graph":[{"@type":"WebPage","@id":"https:\/\/www.arosmarmitte.it\/en\/prodotto\/exhaust-systems\/sezione-centrale-senza-catalizzatore-e-senza-silenziatore-5\/","url":"https:\/\/www.arosmarmitte.it\/en\/prodotto\/exhaust-systems\/sezione-centrale-senza-catalizzatore-e-senza-silenziatore-5\/","name":"Sezione centrale senza catalizzatore e senza silenziatore | Aros Marmitte","isPartOf":{"@id":"https:\/\/www.arosmarmitte.it\/en\/#website"},"primaryImageOfPage":{"@id":"https:\/\/www.arosmarmitte.it\/en\/prodotto\/exhaust-systems\/sezione-centrale-senza-catalizzatore-e-senza-silenziatore-5\/#primaryimage"},"image":{"@id":"https:\/\/www.arosmarmitte.it\/en\/prodotto\/exhaust-systems\/sezione-centrale-senza-catalizzatore-e-senza-silenziatore-5\/#primaryimage"},"thumbnailUrl":"https:\/\/www.arosmarmitte.it\/wp-content\/uploads\/SEZIONE-CENTRALE-DIRETTO-LIBERO-PER-MAZDA-MX-5-SERIE-NC-MK3-EXHAUST-SYSTEM-SOUND-ECHAPPEMENT-MANIFOLD-HEADERS-SCARICO-MARMITTA-ARTIGIANALE-1.jpg","datePublished":"2024-10-02T19:21:03+00:00","dateModified":"2024-10-02T19:21:04+00:00","breadcrumb":{"@id":"https:\/\/www.arosmarmitte.it\/en\/prodotto\/exhaust-systems\/sezione-centrale-senza-catalizzatore-e-senza-silenziatore-5\/#breadcrumb"},"inLanguage":"en-US","potentialAction":[{"@type":"ReadAction","target":["https:\/\/www.arosmarmitte.it\/en\/prodotto\/exhaust-systems\/sezione-centrale-senza-catalizzatore-e-senza-silenziatore-5\/"]}]},{"@type":"ImageObject","inLanguage":"en-US","@id":"https:\/\/www.arosmarmitte.it\/en\/prodotto\/exhaust-systems\/sezione-centrale-senza-catalizzatore-e-senza-silenziatore-5\/#primaryimage","url":"https:\/\/www.arosmarmitte.it\/wp-content\/uploads\/SEZIONE-CENTRALE-DIRETTO-LIBERO-PER-MAZDA-MX-5-SERIE-NC-MK3-EXHAUST-SYSTEM-SOUND-ECHAPPEMENT-MANIFOLD-HEADERS-SCARICO-MARMITTA-ARTIGIANALE-1.jpg","contentUrl":"https:\/\/www.arosmarmitte.it\/wp-content\/uploads\/SEZIONE-CENTRALE-DIRETTO-LIBERO-PER-MAZDA-MX-5-SERIE-NC-MK3-EXHAUST-SYSTEM-SOUND-ECHAPPEMENT-MANIFOLD-HEADERS-SCARICO-MARMITTA-ARTIGIANALE-1.jpg","width":1200,"height":1031},{"@type":"BreadcrumbList","@id":"https:\/\/www.arosmarmitte.it\/en\/prodotto\/exhaust-systems\/sezione-centrale-senza-catalizzatore-e-senza-silenziatore-5\/#breadcrumb","itemListElement":[{"@type":"ListItem","position":1,"name":"Home","item":"https:\/\/www.arosmarmitte.it\/en\/"},{"@type":"ListItem","position":2,"name":"Shop","item":"https:\/\/www.arosmarmitte.it\/shop\/"},{"@type":"ListItem","position":3,"name":"Sezione centrale senza catalizzatore e senza silenziatore"}]},{"@type":"WebSite","@id":"https:\/\/www.arosmarmitte.it\/en\/#website","url":"https:\/\/www.arosmarmitte.it\/en\/","name":"Aros Marmitte","description":"","publisher":{"@id":"https:\/\/www.arosmarmitte.it\/en\/#organization"},"potentialAction":[{"@type":"SearchAction","target":{"@type":"EntryPoint","urlTemplate":"https:\/\/www.arosmarmitte.it\/en\/?s={search_term_string}"},"query-input":{"@type":"PropertyValueSpecification","valueRequired":true,"valueName":"search_term_string"}}],"inLanguage":"en-US"},{"@type":"Organization","@id":"https:\/\/www.arosmarmitte.it\/en\/#organization","name":"AROS Marmitte","alternateName":"AROS SRL","url":"https:\/\/www.arosmarmitte.it\/en\/","logo":{"@type":"ImageObject","inLanguage":"en-US","@id":"https:\/\/www.arosmarmitte.it\/en\/#\/schema\/logo\/image\/","url":"https:\/\/www.arosmarmitte.it\/wp-content\/uploads\/AROS_MARMITTE_LOGO_2016-EXHAUST-SYSTEMS-ECHAPPEMENT-SCARICO-ARTIGIANALE-MARMITTA-1-1.jpg","contentUrl":"https:\/\/www.arosmarmitte.it\/wp-content\/uploads\/AROS_MARMITTE_LOGO_2016-EXHAUST-SYSTEMS-ECHAPPEMENT-SCARICO-ARTIGIANALE-MARMITTA-1-1.jpg","width":1000,"height":875,"caption":"AROS Marmitte"},"image":{"@id":"https:\/\/www.arosmarmitte.it\/en\/#\/schema\/logo\/image\/"},"sameAs":["https:\/\/www.facebook.com\/arosmarmitte","https:\/\/x.com\/AROS_MARMITTE","https:\/\/www.instagram.com\/arosmarmitte\/","https:\/\/www.tiktok.com\/@aros_marmitte"],"email":"info@arosmarmitte.it","telephone":"3401417652"}]}},"_links":{"self":[{"href":"https:\/\/www.arosmarmitte.it\/en\/wp-json\/wp\/v2\/product\/124756","targetHints":{"allow":["GET"]}}],"collection":[{"href":"https:\/\/www.arosmarmitte.it\/en\/wp-json\/wp\/v2\/product"}],"about":[{"href":"https:\/\/www.arosmarmitte.it\/en\/wp-json\/wp\/v2\/types\/product"}],"replies":[{"embeddable":true,"href":"https:\/\/www.arosmarmitte.it\/en\/wp-json\/wp\/v2\/comments?post=124756"}],"wp:featuredmedia":[{"embeddable":true,"href":"https:\/\/www.arosmarmitte.it\/en\/wp-json\/wp\/v2\/media\/110834"}],"wp:attachment":[{"href":"https:\/\/www.arosmarmitte.it\/en\/wp-json\/wp\/v2\/media?parent=124756"}],"wp:term":[{"taxonomy":"marca","embeddable":true,"href":"https:\/\/www.arosmarmitte.it\/en\/wp-json\/wp\/v2\/marca?post=124756"},{"taxonomy":"product_brand","embeddable":true,"href":"https:\/\/www.arosmarmitte.it\/en\/wp-json\/wp\/v2\/product_brand?post=124756"},{"taxonomy":"product_cat","embeddable":true,"href":"https:\/\/www.arosmarmitte.it\/en\/wp-json\/wp\/v2\/product_cat?post=124756"},{"taxonomy":"product_tag","embeddable":true,"href":"https:\/\/www.arosmarmitte.it\/en\/wp-json\/wp\/v2\/product_tag?post=124756"}],"curies":[{"name":"wp","href":"https:\/\/api.w.org\/{rel}","templated":true}]}}