{"id":123069,"date":"2024-10-02T20:45:56","date_gmt":"2024-10-02T18:45:56","guid":{"rendered":"http:\/\/arosmarmitte.it\/prodotto\/uncategorized\/linea-di-scarico-completa-silenziatore-nero-5\/"},"modified":"2024-10-02T20:45:59","modified_gmt":"2024-10-02T18:45:59","slug":"linea-di-scarico-completa-silenziatore-nero-5","status":"publish","type":"product","link":"https:\/\/www.arosmarmitte.it\/en\/prodotto\/exhaust-systems\/linea-di-scarico-completa-silenziatore-nero-5\/","title":{"rendered":"Linea di scarico completa &#8211; silenziatore nero"},"content":{"rendered":"<p>L\u2019intera linea \u00e8 stata pensata per massimizzare le prestazioni della vettura oltre che a personalizzarla in maniera univoca ed inconfondibile. Il collettore e lo scarico infatti sono stati progettati per garantire un deflusso ottimale dei gas senza compromettere il confort di marcia. Date le caratteristiche della vettura il collettore \u00e8 modulato ad un silenziatore che \u00e8 a vista sul lato vettura ed \u00e8 personalizzabile nella finitura. Infatti \u00e8 possibile scegliere tra tre alternative quali: finitura a spazzola che da un aspetto opaco, finitura lucida oppure \u00e8 possibile realizzare il silenziatore in Poppy (acciaio con aspetto simil carbonio). Dal punto di vista tecnico per mantenere basso il peso dello scarico si sono impiegati solamente tubi in acciaio inox AISI304 con spessore di 1.2 mm mentre le saldature eseguite solamente a Tig aumentano notevolmente il livello di qualit\u00e0 del prodotto. Le flange sono prodotte tramite macchinari a controllo numerico\/taglio a laser, con forature di assoluta precisione, per assicurare un montaggio perfetto. Il kit viene fornito di tutto il necessario, il montaggio \u00e8 facile e veloce e si sfruttano tutti gli attacchi presenti in vettura. Infine ci teniamo ad evidenziare che tutti gli articoli vengono progettati e realizzati nella nostra sede operativa ed il prodotto gode di tutte le caratteristiche e cure della migliore tradizione artigianale italiana.<\/p>\n","protected":false},"excerpt":{"rendered":"<p>L\u2019intera linea \u00e8 stata pensata per massimizzare le prestazioni della vettura oltre che a personalizzarla in maniera univoca ed inconfondibile. Il collettore e lo scarico infatti sono stati progettati per garantire un deflusso ottimale dei gas senza compromettere il confort di marcia. Date le caratteristiche della vettura il collettore \u00e8 modulato ad un silenziatore che [&hellip;]<\/p>\n","protected":false},"featured_media":110205,"comment_status":"closed","ping_status":"closed","template":"","meta":{"_acf_changed":false},"marca":[],"product_brand":[],"product_cat":[655],"product_tag":[],"class_list":{"0":"post-123069","1":"product","2":"type-product","3":"status-publish","4":"has-post-thumbnail","6":"product_cat-exhaust-systems","8":"first","9":"instock","10":"taxable","11":"shipping-taxable","12":"purchasable","13":"product-type-simple"},"acf":[],"yoast_head":"<!-- This site is optimized with the Yoast SEO Premium plugin v24.8 (Yoast SEO v27.2) - https:\/\/yoast.com\/product\/yoast-seo-premium-wordpress\/ -->\n<title>Linea di scarico completa - silenziatore nero | Aros Marmitte<\/title>\n<meta name=\"robots\" content=\"index, follow, max-snippet:-1, max-image-preview:large, max-video-preview:-1\" \/>\n<link rel=\"canonical\" href=\"https:\/\/www.arosmarmitte.it\/en\/prodotto\/exhaust-systems\/linea-di-scarico-completa-silenziatore-nero-5\/\" \/>\n<meta property=\"og:locale\" content=\"en_US\" \/>\n<meta property=\"og:type\" content=\"article\" \/>\n<meta property=\"og:title\" content=\"Linea di scarico completa - silenziatore nero\" \/>\n<meta property=\"og:description\" content=\"L\u2019intera linea \u00e8 stata pensata per massimizzare le prestazioni della vettura oltre che a personalizzarla in maniera univoca ed inconfondibile. Il collettore e lo scarico infatti sono stati progettati per garantire un deflusso ottimale dei gas senza compromettere il confort di marcia. Date le caratteristiche della vettura il collettore \u00e8 modulato ad un silenziatore che [&hellip;]\" \/>\n<meta property=\"og:url\" content=\"https:\/\/www.arosmarmitte.it\/en\/prodotto\/exhaust-systems\/linea-di-scarico-completa-silenziatore-nero-5\/\" \/>\n<meta property=\"og:site_name\" content=\"Aros Marmitte\" \/>\n<meta property=\"article:publisher\" content=\"https:\/\/www.facebook.com\/arosmarmitte\" \/>\n<meta property=\"article:modified_time\" content=\"2024-10-02T18:45:59+00:00\" \/>\n<meta property=\"og:image\" content=\"https:\/\/www.arosmarmitte.it\/wp-content\/uploads\/LINEA-DI-SCARICO-COMPLETA-CON-SILENZIATORE-PER-CATERHAM-SUPERLIGHT-R300-EXHAUST-SYSTEM-SOUND-ECHAPPEMENT-MARMITTA-SCARICO-ARTIGIANALE-2-1.jpg\" \/>\n\t<meta property=\"og:image:width\" content=\"1200\" \/>\n\t<meta property=\"og:image:height\" content=\"1050\" \/>\n\t<meta property=\"og:image:type\" content=\"image\/jpeg\" \/>\n<meta name=\"twitter:card\" content=\"summary_large_image\" \/>\n<meta name=\"twitter:site\" content=\"@AROS_MARMITTE\" \/>\n<meta name=\"twitter:label1\" content=\"Est. reading time\" \/>\n\t<meta name=\"twitter:data1\" content=\"1 minute\" \/>\n<script type=\"application\/ld+json\" class=\"yoast-schema-graph\">{\"@context\":\"https:\/\/schema.org\",\"@graph\":[{\"@type\":\"WebPage\",\"@id\":\"https:\/\/www.arosmarmitte.it\/en\/prodotto\/exhaust-systems\/linea-di-scarico-completa-silenziatore-nero-5\/\",\"url\":\"https:\/\/www.arosmarmitte.it\/en\/prodotto\/exhaust-systems\/linea-di-scarico-completa-silenziatore-nero-5\/\",\"name\":\"Linea di scarico completa - silenziatore nero | Aros Marmitte\",\"isPartOf\":{\"@id\":\"https:\/\/www.arosmarmitte.it\/en\/#website\"},\"primaryImageOfPage\":{\"@id\":\"https:\/\/www.arosmarmitte.it\/en\/prodotto\/exhaust-systems\/linea-di-scarico-completa-silenziatore-nero-5\/#primaryimage\"},\"image\":{\"@id\":\"https:\/\/www.arosmarmitte.it\/en\/prodotto\/exhaust-systems\/linea-di-scarico-completa-silenziatore-nero-5\/#primaryimage\"},\"thumbnailUrl\":\"https:\/\/www.arosmarmitte.it\/wp-content\/uploads\/LINEA-DI-SCARICO-COMPLETA-CON-SILENZIATORE-PER-CATERHAM-SUPERLIGHT-R300-EXHAUST-SYSTEM-SOUND-ECHAPPEMENT-MARMITTA-SCARICO-ARTIGIANALE-2-1.jpg\",\"datePublished\":\"2024-10-02T18:45:56+00:00\",\"dateModified\":\"2024-10-02T18:45:59+00:00\",\"breadcrumb\":{\"@id\":\"https:\/\/www.arosmarmitte.it\/en\/prodotto\/exhaust-systems\/linea-di-scarico-completa-silenziatore-nero-5\/#breadcrumb\"},\"inLanguage\":\"en-US\",\"potentialAction\":[{\"@type\":\"ReadAction\",\"target\":[\"https:\/\/www.arosmarmitte.it\/en\/prodotto\/exhaust-systems\/linea-di-scarico-completa-silenziatore-nero-5\/\"]}]},{\"@type\":\"ImageObject\",\"inLanguage\":\"en-US\",\"@id\":\"https:\/\/www.arosmarmitte.it\/en\/prodotto\/exhaust-systems\/linea-di-scarico-completa-silenziatore-nero-5\/#primaryimage\",\"url\":\"https:\/\/www.arosmarmitte.it\/wp-content\/uploads\/LINEA-DI-SCARICO-COMPLETA-CON-SILENZIATORE-PER-CATERHAM-SUPERLIGHT-R300-EXHAUST-SYSTEM-SOUND-ECHAPPEMENT-MARMITTA-SCARICO-ARTIGIANALE-2-1.jpg\",\"contentUrl\":\"https:\/\/www.arosmarmitte.it\/wp-content\/uploads\/LINEA-DI-SCARICO-COMPLETA-CON-SILENZIATORE-PER-CATERHAM-SUPERLIGHT-R300-EXHAUST-SYSTEM-SOUND-ECHAPPEMENT-MARMITTA-SCARICO-ARTIGIANALE-2-1.jpg\",\"width\":1200,\"height\":1050,\"caption\":\"Caterham Superlight R300 - linea di scarico completa con silenziatore nero\"},{\"@type\":\"BreadcrumbList\",\"@id\":\"https:\/\/www.arosmarmitte.it\/en\/prodotto\/exhaust-systems\/linea-di-scarico-completa-silenziatore-nero-5\/#breadcrumb\",\"itemListElement\":[{\"@type\":\"ListItem\",\"position\":1,\"name\":\"Home\",\"item\":\"https:\/\/www.arosmarmitte.it\/en\/\"},{\"@type\":\"ListItem\",\"position\":2,\"name\":\"Shop\",\"item\":\"https:\/\/www.arosmarmitte.it\/shop\/\"},{\"@type\":\"ListItem\",\"position\":3,\"name\":\"Linea di scarico completa &#8211; silenziatore nero\"}]},{\"@type\":\"WebSite\",\"@id\":\"https:\/\/www.arosmarmitte.it\/en\/#website\",\"url\":\"https:\/\/www.arosmarmitte.it\/en\/\",\"name\":\"Aros Marmitte\",\"description\":\"\",\"publisher\":{\"@id\":\"https:\/\/www.arosmarmitte.it\/en\/#organization\"},\"potentialAction\":[{\"@type\":\"SearchAction\",\"target\":{\"@type\":\"EntryPoint\",\"urlTemplate\":\"https:\/\/www.arosmarmitte.it\/en\/?s={search_term_string}\"},\"query-input\":{\"@type\":\"PropertyValueSpecification\",\"valueRequired\":true,\"valueName\":\"search_term_string\"}}],\"inLanguage\":\"en-US\"},{\"@type\":\"Organization\",\"@id\":\"https:\/\/www.arosmarmitte.it\/en\/#organization\",\"name\":\"AROS Marmitte\",\"alternateName\":\"AROS SRL\",\"url\":\"https:\/\/www.arosmarmitte.it\/en\/\",\"logo\":{\"@type\":\"ImageObject\",\"inLanguage\":\"en-US\",\"@id\":\"https:\/\/www.arosmarmitte.it\/en\/#\/schema\/logo\/image\/\",\"url\":\"https:\/\/www.arosmarmitte.it\/wp-content\/uploads\/AROS_MARMITTE_LOGO_2016-EXHAUST-SYSTEMS-ECHAPPEMENT-SCARICO-ARTIGIANALE-MARMITTA-1-1.jpg\",\"contentUrl\":\"https:\/\/www.arosmarmitte.it\/wp-content\/uploads\/AROS_MARMITTE_LOGO_2016-EXHAUST-SYSTEMS-ECHAPPEMENT-SCARICO-ARTIGIANALE-MARMITTA-1-1.jpg\",\"width\":1000,\"height\":875,\"caption\":\"AROS Marmitte\"},\"image\":{\"@id\":\"https:\/\/www.arosmarmitte.it\/en\/#\/schema\/logo\/image\/\"},\"sameAs\":[\"https:\/\/www.facebook.com\/arosmarmitte\",\"https:\/\/x.com\/AROS_MARMITTE\",\"https:\/\/www.instagram.com\/arosmarmitte\/\",\"https:\/\/www.tiktok.com\/@aros_marmitte\"],\"email\":\"info@arosmarmitte.it\",\"telephone\":\"3401417652\"}]}<\/script>\n<!-- \/ Yoast SEO Premium plugin. -->","yoast_head_json":{"title":"Linea di scarico completa - silenziatore nero | Aros Marmitte","robots":{"index":"index","follow":"follow","max-snippet":"max-snippet:-1","max-image-preview":"max-image-preview:large","max-video-preview":"max-video-preview:-1"},"canonical":"https:\/\/www.arosmarmitte.it\/en\/prodotto\/exhaust-systems\/linea-di-scarico-completa-silenziatore-nero-5\/","og_locale":"en_US","og_type":"article","og_title":"Linea di scarico completa - silenziatore nero","og_description":"L\u2019intera linea \u00e8 stata pensata per massimizzare le prestazioni della vettura oltre che a personalizzarla in maniera univoca ed inconfondibile. Il collettore e lo scarico infatti sono stati progettati per garantire un deflusso ottimale dei gas senza compromettere il confort di marcia. Date le caratteristiche della vettura il collettore \u00e8 modulato ad un silenziatore che [&hellip;]","og_url":"https:\/\/www.arosmarmitte.it\/en\/prodotto\/exhaust-systems\/linea-di-scarico-completa-silenziatore-nero-5\/","og_site_name":"Aros Marmitte","article_publisher":"https:\/\/www.facebook.com\/arosmarmitte","article_modified_time":"2024-10-02T18:45:59+00:00","og_image":[{"width":1200,"height":1050,"url":"https:\/\/www.arosmarmitte.it\/wp-content\/uploads\/LINEA-DI-SCARICO-COMPLETA-CON-SILENZIATORE-PER-CATERHAM-SUPERLIGHT-R300-EXHAUST-SYSTEM-SOUND-ECHAPPEMENT-MARMITTA-SCARICO-ARTIGIANALE-2-1.jpg","type":"image\/jpeg"}],"twitter_card":"summary_large_image","twitter_site":"@AROS_MARMITTE","twitter_misc":{"Est. reading time":"1 minute"},"schema":{"@context":"https:\/\/schema.org","@graph":[{"@type":"WebPage","@id":"https:\/\/www.arosmarmitte.it\/en\/prodotto\/exhaust-systems\/linea-di-scarico-completa-silenziatore-nero-5\/","url":"https:\/\/www.arosmarmitte.it\/en\/prodotto\/exhaust-systems\/linea-di-scarico-completa-silenziatore-nero-5\/","name":"Linea di scarico completa - silenziatore nero | Aros Marmitte","isPartOf":{"@id":"https:\/\/www.arosmarmitte.it\/en\/#website"},"primaryImageOfPage":{"@id":"https:\/\/www.arosmarmitte.it\/en\/prodotto\/exhaust-systems\/linea-di-scarico-completa-silenziatore-nero-5\/#primaryimage"},"image":{"@id":"https:\/\/www.arosmarmitte.it\/en\/prodotto\/exhaust-systems\/linea-di-scarico-completa-silenziatore-nero-5\/#primaryimage"},"thumbnailUrl":"https:\/\/www.arosmarmitte.it\/wp-content\/uploads\/LINEA-DI-SCARICO-COMPLETA-CON-SILENZIATORE-PER-CATERHAM-SUPERLIGHT-R300-EXHAUST-SYSTEM-SOUND-ECHAPPEMENT-MARMITTA-SCARICO-ARTIGIANALE-2-1.jpg","datePublished":"2024-10-02T18:45:56+00:00","dateModified":"2024-10-02T18:45:59+00:00","breadcrumb":{"@id":"https:\/\/www.arosmarmitte.it\/en\/prodotto\/exhaust-systems\/linea-di-scarico-completa-silenziatore-nero-5\/#breadcrumb"},"inLanguage":"en-US","potentialAction":[{"@type":"ReadAction","target":["https:\/\/www.arosmarmitte.it\/en\/prodotto\/exhaust-systems\/linea-di-scarico-completa-silenziatore-nero-5\/"]}]},{"@type":"ImageObject","inLanguage":"en-US","@id":"https:\/\/www.arosmarmitte.it\/en\/prodotto\/exhaust-systems\/linea-di-scarico-completa-silenziatore-nero-5\/#primaryimage","url":"https:\/\/www.arosmarmitte.it\/wp-content\/uploads\/LINEA-DI-SCARICO-COMPLETA-CON-SILENZIATORE-PER-CATERHAM-SUPERLIGHT-R300-EXHAUST-SYSTEM-SOUND-ECHAPPEMENT-MARMITTA-SCARICO-ARTIGIANALE-2-1.jpg","contentUrl":"https:\/\/www.arosmarmitte.it\/wp-content\/uploads\/LINEA-DI-SCARICO-COMPLETA-CON-SILENZIATORE-PER-CATERHAM-SUPERLIGHT-R300-EXHAUST-SYSTEM-SOUND-ECHAPPEMENT-MARMITTA-SCARICO-ARTIGIANALE-2-1.jpg","width":1200,"height":1050,"caption":"Caterham Superlight R300 - linea di scarico completa con silenziatore nero"},{"@type":"BreadcrumbList","@id":"https:\/\/www.arosmarmitte.it\/en\/prodotto\/exhaust-systems\/linea-di-scarico-completa-silenziatore-nero-5\/#breadcrumb","itemListElement":[{"@type":"ListItem","position":1,"name":"Home","item":"https:\/\/www.arosmarmitte.it\/en\/"},{"@type":"ListItem","position":2,"name":"Shop","item":"https:\/\/www.arosmarmitte.it\/shop\/"},{"@type":"ListItem","position":3,"name":"Linea di scarico completa &#8211; silenziatore nero"}]},{"@type":"WebSite","@id":"https:\/\/www.arosmarmitte.it\/en\/#website","url":"https:\/\/www.arosmarmitte.it\/en\/","name":"Aros Marmitte","description":"","publisher":{"@id":"https:\/\/www.arosmarmitte.it\/en\/#organization"},"potentialAction":[{"@type":"SearchAction","target":{"@type":"EntryPoint","urlTemplate":"https:\/\/www.arosmarmitte.it\/en\/?s={search_term_string}"},"query-input":{"@type":"PropertyValueSpecification","valueRequired":true,"valueName":"search_term_string"}}],"inLanguage":"en-US"},{"@type":"Organization","@id":"https:\/\/www.arosmarmitte.it\/en\/#organization","name":"AROS Marmitte","alternateName":"AROS SRL","url":"https:\/\/www.arosmarmitte.it\/en\/","logo":{"@type":"ImageObject","inLanguage":"en-US","@id":"https:\/\/www.arosmarmitte.it\/en\/#\/schema\/logo\/image\/","url":"https:\/\/www.arosmarmitte.it\/wp-content\/uploads\/AROS_MARMITTE_LOGO_2016-EXHAUST-SYSTEMS-ECHAPPEMENT-SCARICO-ARTIGIANALE-MARMITTA-1-1.jpg","contentUrl":"https:\/\/www.arosmarmitte.it\/wp-content\/uploads\/AROS_MARMITTE_LOGO_2016-EXHAUST-SYSTEMS-ECHAPPEMENT-SCARICO-ARTIGIANALE-MARMITTA-1-1.jpg","width":1000,"height":875,"caption":"AROS Marmitte"},"image":{"@id":"https:\/\/www.arosmarmitte.it\/en\/#\/schema\/logo\/image\/"},"sameAs":["https:\/\/www.facebook.com\/arosmarmitte","https:\/\/x.com\/AROS_MARMITTE","https:\/\/www.instagram.com\/arosmarmitte\/","https:\/\/www.tiktok.com\/@aros_marmitte"],"email":"info@arosmarmitte.it","telephone":"3401417652"}]}},"_links":{"self":[{"href":"https:\/\/www.arosmarmitte.it\/en\/wp-json\/wp\/v2\/product\/123069","targetHints":{"allow":["GET"]}}],"collection":[{"href":"https:\/\/www.arosmarmitte.it\/en\/wp-json\/wp\/v2\/product"}],"about":[{"href":"https:\/\/www.arosmarmitte.it\/en\/wp-json\/wp\/v2\/types\/product"}],"replies":[{"embeddable":true,"href":"https:\/\/www.arosmarmitte.it\/en\/wp-json\/wp\/v2\/comments?post=123069"}],"wp:featuredmedia":[{"embeddable":true,"href":"https:\/\/www.arosmarmitte.it\/en\/wp-json\/wp\/v2\/media\/110205"}],"wp:attachment":[{"href":"https:\/\/www.arosmarmitte.it\/en\/wp-json\/wp\/v2\/media?parent=123069"}],"wp:term":[{"taxonomy":"marca","embeddable":true,"href":"https:\/\/www.arosmarmitte.it\/en\/wp-json\/wp\/v2\/marca?post=123069"},{"taxonomy":"product_brand","embeddable":true,"href":"https:\/\/www.arosmarmitte.it\/en\/wp-json\/wp\/v2\/product_brand?post=123069"},{"taxonomy":"product_cat","embeddable":true,"href":"https:\/\/www.arosmarmitte.it\/en\/wp-json\/wp\/v2\/product_cat?post=123069"},{"taxonomy":"product_tag","embeddable":true,"href":"https:\/\/www.arosmarmitte.it\/en\/wp-json\/wp\/v2\/product_tag?post=123069"}],"curies":[{"name":"wp","href":"https:\/\/api.w.org\/{rel}","templated":true}]}}