{"id":122142,"date":"2024-10-02T20:31:13","date_gmt":"2024-10-02T18:31:13","guid":{"rendered":"http:\/\/arosmarmitte.it\/prodotto\/uncategorized\/coppia-downpipe-con-catalizzatori-17\/"},"modified":"2024-10-02T20:31:15","modified_gmt":"2024-10-02T18:31:15","slug":"coppia-downpipe-con-catalizzatori-17","status":"publish","type":"product","link":"https:\/\/www.arosmarmitte.it\/en\/prodotto\/exhaust-systems\/coppia-downpipe-con-catalizzatori-17\/","title":{"rendered":"Coppia downpipe con catalizzatori"},"content":{"rendered":"<p>Il downpipe con catalizzatore metallico 200 celle \u00e8 un particolare che permette di incrementare notevolmente le prestazione del motore grazie al deflusso diretto dei gas. Il componente viene realizzato in acciaio AISI 304 e saldato interamente a TIG dalle mani esperte dei nostri operatori, inoltre \u00e8 dotato di prese per sonde lambda e delle staffe necessarie al montaggio in vettura. Anche in questo caso il prodotto \u00e8 plug&#038;play ma \u00e8 importante sottolineare che viene consigliata la modifica del sistema di gestione elettronica. L\u2019<\/p>\n","protected":false},"excerpt":{"rendered":"<p>Il downpipe con catalizzatore metallico 200 celle \u00e8 un particolare che permette di incrementare notevolmente le prestazione del motore grazie al deflusso diretto dei gas. Il componente viene realizzato in acciaio AISI 304 e saldato interamente a TIG dalle mani esperte dei nostri operatori, inoltre \u00e8 dotato di prese per sonde lambda e delle staffe [&hellip;]<\/p>\n","protected":false},"featured_media":109351,"comment_status":"closed","ping_status":"closed","template":"","meta":{"_acf_changed":false},"marca":[],"product_brand":[],"product_cat":[655],"product_tag":[],"class_list":{"0":"post-122142","1":"product","2":"type-product","3":"status-publish","4":"has-post-thumbnail","6":"product_cat-exhaust-systems","8":"first","9":"instock","10":"taxable","11":"shipping-taxable","12":"purchasable","13":"product-type-simple"},"acf":[],"yoast_head":"<!-- This site is optimized with the Yoast SEO Premium plugin v24.8 (Yoast SEO v27.2) - https:\/\/yoast.com\/product\/yoast-seo-premium-wordpress\/ -->\n<title>Coppia downpipe con catalizzatori | Aros Marmitte<\/title>\n<meta name=\"robots\" content=\"index, follow, max-snippet:-1, max-image-preview:large, max-video-preview:-1\" \/>\n<link rel=\"canonical\" href=\"https:\/\/www.arosmarmitte.it\/en\/prodotto\/exhaust-systems\/coppia-downpipe-con-catalizzatori-17\/\" \/>\n<meta property=\"og:locale\" content=\"en_US\" \/>\n<meta property=\"og:type\" content=\"article\" \/>\n<meta property=\"og:title\" content=\"Coppia downpipe con catalizzatori\" \/>\n<meta property=\"og:description\" content=\"Il downpipe con catalizzatore metallico 200 celle \u00e8 un particolare che permette di incrementare notevolmente le prestazione del motore grazie al deflusso diretto dei gas. Il componente viene realizzato in acciaio AISI 304 e saldato interamente a TIG dalle mani esperte dei nostri operatori, inoltre \u00e8 dotato di prese per sonde lambda e delle staffe [&hellip;]\" \/>\n<meta property=\"og:url\" content=\"https:\/\/www.arosmarmitte.it\/en\/prodotto\/exhaust-systems\/coppia-downpipe-con-catalizzatori-17\/\" \/>\n<meta property=\"og:site_name\" content=\"Aros Marmitte\" \/>\n<meta property=\"article:publisher\" content=\"https:\/\/www.facebook.com\/arosmarmitte\" \/>\n<meta property=\"article:modified_time\" content=\"2024-10-02T18:31:15+00:00\" \/>\n<meta property=\"og:image\" content=\"https:\/\/www.arosmarmitte.it\/wp-content\/uploads\/Alfa-Romeo-Stelvio-Quadrifoglio-2900-510-520-Hp-downpipe-marmitta-scarico-exhaust-system-sound-echappament-pipe-catalizzatori-1-1.jpg\" \/>\n\t<meta property=\"og:image:width\" content=\"1049\" \/>\n\t<meta property=\"og:image:height\" content=\"907\" \/>\n\t<meta property=\"og:image:type\" content=\"image\/jpeg\" \/>\n<meta name=\"twitter:card\" content=\"summary_large_image\" \/>\n<meta name=\"twitter:site\" content=\"@AROS_MARMITTE\" \/>\n<script type=\"application\/ld+json\" class=\"yoast-schema-graph\">{\"@context\":\"https:\/\/schema.org\",\"@graph\":[{\"@type\":\"WebPage\",\"@id\":\"https:\/\/www.arosmarmitte.it\/en\/prodotto\/exhaust-systems\/coppia-downpipe-con-catalizzatori-17\/\",\"url\":\"https:\/\/www.arosmarmitte.it\/en\/prodotto\/exhaust-systems\/coppia-downpipe-con-catalizzatori-17\/\",\"name\":\"Coppia downpipe con catalizzatori | Aros Marmitte\",\"isPartOf\":{\"@id\":\"https:\/\/www.arosmarmitte.it\/en\/#website\"},\"primaryImageOfPage\":{\"@id\":\"https:\/\/www.arosmarmitte.it\/en\/prodotto\/exhaust-systems\/coppia-downpipe-con-catalizzatori-17\/#primaryimage\"},\"image\":{\"@id\":\"https:\/\/www.arosmarmitte.it\/en\/prodotto\/exhaust-systems\/coppia-downpipe-con-catalizzatori-17\/#primaryimage\"},\"thumbnailUrl\":\"https:\/\/www.arosmarmitte.it\/wp-content\/uploads\/Alfa-Romeo-Stelvio-Quadrifoglio-2900-510-520-Hp-downpipe-marmitta-scarico-exhaust-system-sound-echappament-pipe-catalizzatori-1-1.jpg\",\"datePublished\":\"2024-10-02T18:31:13+00:00\",\"dateModified\":\"2024-10-02T18:31:15+00:00\",\"breadcrumb\":{\"@id\":\"https:\/\/www.arosmarmitte.it\/en\/prodotto\/exhaust-systems\/coppia-downpipe-con-catalizzatori-17\/#breadcrumb\"},\"inLanguage\":\"en-US\",\"potentialAction\":[{\"@type\":\"ReadAction\",\"target\":[\"https:\/\/www.arosmarmitte.it\/en\/prodotto\/exhaust-systems\/coppia-downpipe-con-catalizzatori-17\/\"]}]},{\"@type\":\"ImageObject\",\"inLanguage\":\"en-US\",\"@id\":\"https:\/\/www.arosmarmitte.it\/en\/prodotto\/exhaust-systems\/coppia-downpipe-con-catalizzatori-17\/#primaryimage\",\"url\":\"https:\/\/www.arosmarmitte.it\/wp-content\/uploads\/Alfa-Romeo-Stelvio-Quadrifoglio-2900-510-520-Hp-downpipe-marmitta-scarico-exhaust-system-sound-echappament-pipe-catalizzatori-1-1.jpg\",\"contentUrl\":\"https:\/\/www.arosmarmitte.it\/wp-content\/uploads\/Alfa-Romeo-Stelvio-Quadrifoglio-2900-510-520-Hp-downpipe-marmitta-scarico-exhaust-system-sound-echappament-pipe-catalizzatori-1-1.jpg\",\"width\":1049,\"height\":907,\"caption\":\"Coppia downpipe con catalizzatori per Alfa Romeo Stelvio Quadrifoglio 2.9i 510 Hp\"},{\"@type\":\"BreadcrumbList\",\"@id\":\"https:\/\/www.arosmarmitte.it\/en\/prodotto\/exhaust-systems\/coppia-downpipe-con-catalizzatori-17\/#breadcrumb\",\"itemListElement\":[{\"@type\":\"ListItem\",\"position\":1,\"name\":\"Home\",\"item\":\"https:\/\/www.arosmarmitte.it\/en\/\"},{\"@type\":\"ListItem\",\"position\":2,\"name\":\"Shop\",\"item\":\"https:\/\/www.arosmarmitte.it\/shop\/\"},{\"@type\":\"ListItem\",\"position\":3,\"name\":\"Coppia downpipe con catalizzatori\"}]},{\"@type\":\"WebSite\",\"@id\":\"https:\/\/www.arosmarmitte.it\/en\/#website\",\"url\":\"https:\/\/www.arosmarmitte.it\/en\/\",\"name\":\"Aros Marmitte\",\"description\":\"\",\"publisher\":{\"@id\":\"https:\/\/www.arosmarmitte.it\/en\/#organization\"},\"potentialAction\":[{\"@type\":\"SearchAction\",\"target\":{\"@type\":\"EntryPoint\",\"urlTemplate\":\"https:\/\/www.arosmarmitte.it\/en\/?s={search_term_string}\"},\"query-input\":{\"@type\":\"PropertyValueSpecification\",\"valueRequired\":true,\"valueName\":\"search_term_string\"}}],\"inLanguage\":\"en-US\"},{\"@type\":\"Organization\",\"@id\":\"https:\/\/www.arosmarmitte.it\/en\/#organization\",\"name\":\"AROS Marmitte\",\"alternateName\":\"AROS SRL\",\"url\":\"https:\/\/www.arosmarmitte.it\/en\/\",\"logo\":{\"@type\":\"ImageObject\",\"inLanguage\":\"en-US\",\"@id\":\"https:\/\/www.arosmarmitte.it\/en\/#\/schema\/logo\/image\/\",\"url\":\"https:\/\/www.arosmarmitte.it\/wp-content\/uploads\/AROS_MARMITTE_LOGO_2016-EXHAUST-SYSTEMS-ECHAPPEMENT-SCARICO-ARTIGIANALE-MARMITTA-1-1.jpg\",\"contentUrl\":\"https:\/\/www.arosmarmitte.it\/wp-content\/uploads\/AROS_MARMITTE_LOGO_2016-EXHAUST-SYSTEMS-ECHAPPEMENT-SCARICO-ARTIGIANALE-MARMITTA-1-1.jpg\",\"width\":1000,\"height\":875,\"caption\":\"AROS Marmitte\"},\"image\":{\"@id\":\"https:\/\/www.arosmarmitte.it\/en\/#\/schema\/logo\/image\/\"},\"sameAs\":[\"https:\/\/www.facebook.com\/arosmarmitte\",\"https:\/\/x.com\/AROS_MARMITTE\",\"https:\/\/www.instagram.com\/arosmarmitte\/\",\"https:\/\/www.tiktok.com\/@aros_marmitte\"],\"email\":\"info@arosmarmitte.it\",\"telephone\":\"3401417652\"}]}<\/script>\n<!-- \/ Yoast SEO Premium plugin. -->","yoast_head_json":{"title":"Coppia downpipe con catalizzatori | Aros Marmitte","robots":{"index":"index","follow":"follow","max-snippet":"max-snippet:-1","max-image-preview":"max-image-preview:large","max-video-preview":"max-video-preview:-1"},"canonical":"https:\/\/www.arosmarmitte.it\/en\/prodotto\/exhaust-systems\/coppia-downpipe-con-catalizzatori-17\/","og_locale":"en_US","og_type":"article","og_title":"Coppia downpipe con catalizzatori","og_description":"Il downpipe con catalizzatore metallico 200 celle \u00e8 un particolare che permette di incrementare notevolmente le prestazione del motore grazie al deflusso diretto dei gas. Il componente viene realizzato in acciaio AISI 304 e saldato interamente a TIG dalle mani esperte dei nostri operatori, inoltre \u00e8 dotato di prese per sonde lambda e delle staffe [&hellip;]","og_url":"https:\/\/www.arosmarmitte.it\/en\/prodotto\/exhaust-systems\/coppia-downpipe-con-catalizzatori-17\/","og_site_name":"Aros Marmitte","article_publisher":"https:\/\/www.facebook.com\/arosmarmitte","article_modified_time":"2024-10-02T18:31:15+00:00","og_image":[{"width":1049,"height":907,"url":"https:\/\/www.arosmarmitte.it\/wp-content\/uploads\/Alfa-Romeo-Stelvio-Quadrifoglio-2900-510-520-Hp-downpipe-marmitta-scarico-exhaust-system-sound-echappament-pipe-catalizzatori-1-1.jpg","type":"image\/jpeg"}],"twitter_card":"summary_large_image","twitter_site":"@AROS_MARMITTE","schema":{"@context":"https:\/\/schema.org","@graph":[{"@type":"WebPage","@id":"https:\/\/www.arosmarmitte.it\/en\/prodotto\/exhaust-systems\/coppia-downpipe-con-catalizzatori-17\/","url":"https:\/\/www.arosmarmitte.it\/en\/prodotto\/exhaust-systems\/coppia-downpipe-con-catalizzatori-17\/","name":"Coppia downpipe con catalizzatori | Aros Marmitte","isPartOf":{"@id":"https:\/\/www.arosmarmitte.it\/en\/#website"},"primaryImageOfPage":{"@id":"https:\/\/www.arosmarmitte.it\/en\/prodotto\/exhaust-systems\/coppia-downpipe-con-catalizzatori-17\/#primaryimage"},"image":{"@id":"https:\/\/www.arosmarmitte.it\/en\/prodotto\/exhaust-systems\/coppia-downpipe-con-catalizzatori-17\/#primaryimage"},"thumbnailUrl":"https:\/\/www.arosmarmitte.it\/wp-content\/uploads\/Alfa-Romeo-Stelvio-Quadrifoglio-2900-510-520-Hp-downpipe-marmitta-scarico-exhaust-system-sound-echappament-pipe-catalizzatori-1-1.jpg","datePublished":"2024-10-02T18:31:13+00:00","dateModified":"2024-10-02T18:31:15+00:00","breadcrumb":{"@id":"https:\/\/www.arosmarmitte.it\/en\/prodotto\/exhaust-systems\/coppia-downpipe-con-catalizzatori-17\/#breadcrumb"},"inLanguage":"en-US","potentialAction":[{"@type":"ReadAction","target":["https:\/\/www.arosmarmitte.it\/en\/prodotto\/exhaust-systems\/coppia-downpipe-con-catalizzatori-17\/"]}]},{"@type":"ImageObject","inLanguage":"en-US","@id":"https:\/\/www.arosmarmitte.it\/en\/prodotto\/exhaust-systems\/coppia-downpipe-con-catalizzatori-17\/#primaryimage","url":"https:\/\/www.arosmarmitte.it\/wp-content\/uploads\/Alfa-Romeo-Stelvio-Quadrifoglio-2900-510-520-Hp-downpipe-marmitta-scarico-exhaust-system-sound-echappament-pipe-catalizzatori-1-1.jpg","contentUrl":"https:\/\/www.arosmarmitte.it\/wp-content\/uploads\/Alfa-Romeo-Stelvio-Quadrifoglio-2900-510-520-Hp-downpipe-marmitta-scarico-exhaust-system-sound-echappament-pipe-catalizzatori-1-1.jpg","width":1049,"height":907,"caption":"Coppia downpipe con catalizzatori per Alfa Romeo Stelvio Quadrifoglio 2.9i 510 Hp"},{"@type":"BreadcrumbList","@id":"https:\/\/www.arosmarmitte.it\/en\/prodotto\/exhaust-systems\/coppia-downpipe-con-catalizzatori-17\/#breadcrumb","itemListElement":[{"@type":"ListItem","position":1,"name":"Home","item":"https:\/\/www.arosmarmitte.it\/en\/"},{"@type":"ListItem","position":2,"name":"Shop","item":"https:\/\/www.arosmarmitte.it\/shop\/"},{"@type":"ListItem","position":3,"name":"Coppia downpipe con catalizzatori"}]},{"@type":"WebSite","@id":"https:\/\/www.arosmarmitte.it\/en\/#website","url":"https:\/\/www.arosmarmitte.it\/en\/","name":"Aros Marmitte","description":"","publisher":{"@id":"https:\/\/www.arosmarmitte.it\/en\/#organization"},"potentialAction":[{"@type":"SearchAction","target":{"@type":"EntryPoint","urlTemplate":"https:\/\/www.arosmarmitte.it\/en\/?s={search_term_string}"},"query-input":{"@type":"PropertyValueSpecification","valueRequired":true,"valueName":"search_term_string"}}],"inLanguage":"en-US"},{"@type":"Organization","@id":"https:\/\/www.arosmarmitte.it\/en\/#organization","name":"AROS Marmitte","alternateName":"AROS SRL","url":"https:\/\/www.arosmarmitte.it\/en\/","logo":{"@type":"ImageObject","inLanguage":"en-US","@id":"https:\/\/www.arosmarmitte.it\/en\/#\/schema\/logo\/image\/","url":"https:\/\/www.arosmarmitte.it\/wp-content\/uploads\/AROS_MARMITTE_LOGO_2016-EXHAUST-SYSTEMS-ECHAPPEMENT-SCARICO-ARTIGIANALE-MARMITTA-1-1.jpg","contentUrl":"https:\/\/www.arosmarmitte.it\/wp-content\/uploads\/AROS_MARMITTE_LOGO_2016-EXHAUST-SYSTEMS-ECHAPPEMENT-SCARICO-ARTIGIANALE-MARMITTA-1-1.jpg","width":1000,"height":875,"caption":"AROS Marmitte"},"image":{"@id":"https:\/\/www.arosmarmitte.it\/en\/#\/schema\/logo\/image\/"},"sameAs":["https:\/\/www.facebook.com\/arosmarmitte","https:\/\/x.com\/AROS_MARMITTE","https:\/\/www.instagram.com\/arosmarmitte\/","https:\/\/www.tiktok.com\/@aros_marmitte"],"email":"info@arosmarmitte.it","telephone":"3401417652"}]}},"_links":{"self":[{"href":"https:\/\/www.arosmarmitte.it\/en\/wp-json\/wp\/v2\/product\/122142","targetHints":{"allow":["GET"]}}],"collection":[{"href":"https:\/\/www.arosmarmitte.it\/en\/wp-json\/wp\/v2\/product"}],"about":[{"href":"https:\/\/www.arosmarmitte.it\/en\/wp-json\/wp\/v2\/types\/product"}],"replies":[{"embeddable":true,"href":"https:\/\/www.arosmarmitte.it\/en\/wp-json\/wp\/v2\/comments?post=122142"}],"wp:featuredmedia":[{"embeddable":true,"href":"https:\/\/www.arosmarmitte.it\/en\/wp-json\/wp\/v2\/media\/109351"}],"wp:attachment":[{"href":"https:\/\/www.arosmarmitte.it\/en\/wp-json\/wp\/v2\/media?parent=122142"}],"wp:term":[{"taxonomy":"marca","embeddable":true,"href":"https:\/\/www.arosmarmitte.it\/en\/wp-json\/wp\/v2\/marca?post=122142"},{"taxonomy":"product_brand","embeddable":true,"href":"https:\/\/www.arosmarmitte.it\/en\/wp-json\/wp\/v2\/product_brand?post=122142"},{"taxonomy":"product_cat","embeddable":true,"href":"https:\/\/www.arosmarmitte.it\/en\/wp-json\/wp\/v2\/product_cat?post=122142"},{"taxonomy":"product_tag","embeddable":true,"href":"https:\/\/www.arosmarmitte.it\/en\/wp-json\/wp\/v2\/product_tag?post=122142"}],"curies":[{"name":"wp","href":"https:\/\/api.w.org\/{rel}","templated":true}]}}