{"id":121615,"date":"2024-09-28T15:40:35","date_gmt":"2024-09-28T13:40:35","guid":{"rendered":"http:\/\/arosmarmitte.it\/?post_type=product&#038;p=121615"},"modified":"2025-11-06T10:25:40","modified_gmt":"2025-11-06T09:25:40","slug":"collettori-in-acciaio-inox-finale-silenziato-in-acciaio-inox-e-valvole-linea-completa-ferrari-512-428-440-hp-1992-1996","status":"publish","type":"product","link":"https:\/\/www.arosmarmitte.it\/en\/prodotto\/exhaust-systems\/collettori-in-acciaio-inox-finale-silenziato-in-acciaio-inox-e-valvole-linea-completa-ferrari-512-428-440-hp-1992-1996\/","title":{"rendered":"512 (428\/440 Hp) &#8211; Collettori  in acciaio inox + finale silenziato in acciaio inox e valvole (linea completa)"},"content":{"rendered":"<h1>Collettori in acciaio Inox + finale silenziato in acciaio Inox e valvole (linea completa) per Ferrari 512<\/h1>\n<h2>Collettori in acciaio Inox + finale silenziato in acciaio Inox e valvole (linea completa) per Ferrari 512 (428\/440 Hp) | 1992-1996<\/h2>\n<p>&nbsp;<\/p>\n<p>&nbsp;<\/p>\n<p>I 4 collettori sono una parte fondamentale del sistema di scarico della tua Ferrari 512 perch\u00e8 sono il primo elemento che permette ai gas di evacuare dalla camera di scoppio. L\u2019installazione in vettura di collettori dimensionati ad hoc e con spirito sportivo, consente quindi di incrementare agevolmente le prestazioni del motore.<\/p>\n<p>Il finale dello scarico, invece, \u00e8 stato progettato appositamente per assicurare un deflusso ottimale dei gas, un comfort di guida piacevole e l\u2019eliminazione di risonanze fastidiose sia a bassi regimi che a velocit\u00e0 di crociera elevate. Per ottenere un sound coinvolgente ma mai invadente \u00e8 stato adottato un sistema silenziante con valvole.<\/p>\n<p>&nbsp;<\/p>\n<p>&nbsp;<\/p>\n<p>&nbsp;<\/p>\n<h3>Detttagli tecnici<\/h3>\n<ul>\n<li>collettori realizzati in acciaio Inox AISI 304<\/li>\n<li>finale silenziato realizzato in acciaio Inox AISI 304<\/li>\n<li>saldature a TIG<\/li>\n<li>tubi di spessore ridotto<\/li>\n<li>flange prodotte con macchinari a controllo numerico\/taglio a laser<\/li>\n<li>montaggio Plug&amp;play con modifica del sistema di gestione elettronica<\/li>\n<\/ul>\n<p>&nbsp;<\/p>\n<p>&nbsp;<\/p>\n<p><strong>Perch\u00e8 utilizziamo l\u2019acciaio Inox per i nostri prodotti?<\/strong><\/p>\n<p>L\u2019acciaio \u00e8 un materiale noto per la sua durezza, resistenza meccanica e termica, versatilit\u00e0 ed affidabilit\u00e0. Tutti i nostri prodotti standard sono realizzati in acciaio Inox AISI 304.<\/p>\n<p>&nbsp;<\/p>\n<p><strong>Perch\u00e8 le saldature a TIG?<\/strong><\/p>\n<p>La saldatura a TIG \u00e8 una tecnica fine e complicata eppure molto resistente. Questa, unita al ridotto spessore del tubo, garantisce un prodotto estremamente leggero ed esteticamente raffinato.<\/p>\n<p>&nbsp;<\/p>\n<p><strong>Cosa vuol dire Plug&amp;play?<\/strong><\/p>\n<p>Significa che per montare i collettori ed il finale sulla tua Ferrari 512 ti baster\u00e0 sfruttare tutti gli attacchi gi\u00e0 presenti in vettura senza effettuare lavori e modifiche grazie alla presenza di tutti gli innesti sonda e delle staffe necessarie. Al termine del montaggio si dovr\u00e0 procedere con la modifica del sistema di gestione elettronica.<\/p>\n<p>&nbsp;<\/p>\n<p>&nbsp;<\/p>\n<p>&nbsp;<\/p>\n<p>&nbsp;<\/p>\n<p><em>Infine ci teniamo a sottolineare che progettazione, sviluppo, realizzazione e produzione sono operazioni svolte esclusivamente all\u2019interno della nostra sede e che il prodotto gode di tutte le caratteristiche e cure della migliore tradizione artigianale italiana.<\/em><\/p>\n<p>&nbsp;<\/p>\n<p><em>Non trovi quello che cerchi?\u00a0<\/em>Visita la sezione\u00a0<a href=\"https:\/\/www.arosmarmitte.it\/contatti\/\" target=\"_blank\" rel=\"noopener\">contatti<\/a>\u00a0e chiamaci o scrivici via whatsapp.<\/p>\n<p>&nbsp;<\/p>\n<h5>Effettuiamo spedizioni in tutta Italia in tempi brevi. Ogni articolo Aros Marmitte ha una garanzia di recesso di 14 giorni.\u00a0<a href=\"https:\/\/www.arosmarmitte.it\/contatti\/\" target=\"_blank\" rel=\"noopener\">Consulta le norme di spedizione<\/a>.<br \/>\n________________________________________________________________________________________________________<\/h5>\n<h6>Visita anche la nostra\u00a0<a href=\"https:\/\/www.facebook.com\/arosmarmitte?locale=it_IT\" target=\"_blank\" rel=\"noopener\">pagina Facebook<\/a>\u00a0o il nostro\u00a0<a href=\"https:\/\/www.instagram.com\/arosmarmitte\/?next=https%3A%2F%2Fwww.instagram.com%2Farosmarmitte%2F\" target=\"_blank\" rel=\"noopener\">account Instagram<\/a>\u00a0per restare sempre aggiornato sui nostri prodotti!<\/h6>\n","protected":false},"excerpt":{"rendered":"<p>Collettori in acciaio Inox + finale silenziato in acciaio Inox e valvole (linea completa) per Ferrari 512 Collettori in acciaio Inox + finale silenziato in acciaio Inox e valvole (linea completa) per Ferrari 512 (428\/440 Hp) | 1992-1996 &nbsp; &nbsp; I 4 collettori sono una parte fondamentale del sistema di scarico della tua Ferrari 512 [&hellip;]<\/p>\n","protected":false},"featured_media":114227,"comment_status":"closed","ping_status":"closed","template":"","meta":{"_acf_changed":false},"marca":[],"product_brand":[],"product_cat":[15],"product_tag":[],"class_list":{"0":"post-121615","1":"product","2":"type-product","3":"status-publish","4":"has-post-thumbnail","6":"product_cat-impianti-di-scarico","8":"first","9":"instock","10":"taxable","11":"shipping-taxable","12":"purchasable","13":"product-type-simple"},"acf":[],"yoast_head":"<!-- This site is optimized with the Yoast SEO Premium plugin v24.8 (Yoast SEO v27.2) - https:\/\/yoast.com\/product\/yoast-seo-premium-wordpress\/ -->\n<title>Ferrari 512 - Collettori e finale silenziato in acciaio Inox e valvole | Aros Marmitte<\/title>\n<meta name=\"description\" content=\"Stravolgi la tua Ferrari 512 con i nostri collettori + finale silenziato in acciaio Inox e valvole (linea completa)! Contattaci ora!\" \/>\n<meta name=\"robots\" content=\"index, follow, max-snippet:-1, max-image-preview:large, max-video-preview:-1\" \/>\n<link rel=\"canonical\" href=\"https:\/\/www.arosmarmitte.it\/prodotto\/impianti-di-scarico\/collettori-in-acciaio-inox-finale-silenziato-in-acciaio-inox-e-valvole-linea-completa-ferrari-512-428-440-hp-1992-1996\/\" \/>\n<meta property=\"og:locale\" content=\"en_US\" \/>\n<meta property=\"og:type\" content=\"article\" \/>\n<meta property=\"og:title\" content=\"512 (428\/440 Hp) - Collettori in acciaio inox + finale silenziato in acciaio inox e valvole (linea completa)\" \/>\n<meta property=\"og:description\" content=\"Stravolgi la tua Ferrari 512 con i nostri collettori + finale silenziato in acciaio Inox e valvole (linea completa)! Contattaci ora!\" \/>\n<meta property=\"og:url\" content=\"https:\/\/www.arosmarmitte.it\/prodotto\/impianti-di-scarico\/collettori-in-acciaio-inox-finale-silenziato-in-acciaio-inox-e-valvole-linea-completa-ferrari-512-428-440-hp-1992-1996\/\" \/>\n<meta property=\"og:site_name\" content=\"Aros Marmitte\" \/>\n<meta property=\"article:publisher\" content=\"https:\/\/www.facebook.com\/arosmarmitte\" \/>\n<meta property=\"article:modified_time\" content=\"2025-11-06T09:25:40+00:00\" \/>\n<meta property=\"og:image\" content=\"https:\/\/www.arosmarmitte.it\/wp-content\/uploads\/FERRARI-TESTAROSSA-LINEA-DI-SCARICO-EXHAUST-SYSTEM-ECHAPPEMENT-MANIFOLDS-HEADERS-MARMITTA-ARTIGIANALE-TITANIUM-INCONEL-1.jpg\" \/>\n\t<meta property=\"og:image:width\" content=\"1200\" \/>\n\t<meta property=\"og:image:height\" content=\"1111\" \/>\n\t<meta property=\"og:image:type\" content=\"image\/jpeg\" \/>\n<meta name=\"twitter:card\" content=\"summary_large_image\" \/>\n<meta name=\"twitter:site\" content=\"@AROS_MARMITTE\" \/>\n<meta name=\"twitter:label1\" content=\"Est. reading time\" \/>\n\t<meta name=\"twitter:data1\" content=\"3 minutes\" \/>\n<script type=\"application\/ld+json\" class=\"yoast-schema-graph\">{\"@context\":\"https:\/\/schema.org\",\"@graph\":[{\"@type\":\"WebPage\",\"@id\":\"https:\/\/www.arosmarmitte.it\/prodotto\/impianti-di-scarico\/collettori-in-acciaio-inox-finale-silenziato-in-acciaio-inox-e-valvole-linea-completa-ferrari-512-428-440-hp-1992-1996\/\",\"url\":\"https:\/\/www.arosmarmitte.it\/prodotto\/impianti-di-scarico\/collettori-in-acciaio-inox-finale-silenziato-in-acciaio-inox-e-valvole-linea-completa-ferrari-512-428-440-hp-1992-1996\/\",\"name\":\"Ferrari 512 - Collettori e finale silenziato in acciaio Inox e valvole | Aros Marmitte\",\"isPartOf\":{\"@id\":\"https:\/\/www.arosmarmitte.it\/en\/#website\"},\"primaryImageOfPage\":{\"@id\":\"https:\/\/www.arosmarmitte.it\/prodotto\/impianti-di-scarico\/collettori-in-acciaio-inox-finale-silenziato-in-acciaio-inox-e-valvole-linea-completa-ferrari-512-428-440-hp-1992-1996\/#primaryimage\"},\"image\":{\"@id\":\"https:\/\/www.arosmarmitte.it\/prodotto\/impianti-di-scarico\/collettori-in-acciaio-inox-finale-silenziato-in-acciaio-inox-e-valvole-linea-completa-ferrari-512-428-440-hp-1992-1996\/#primaryimage\"},\"thumbnailUrl\":\"https:\/\/www.arosmarmitte.it\/wp-content\/uploads\/FERRARI-TESTAROSSA-LINEA-DI-SCARICO-EXHAUST-SYSTEM-ECHAPPEMENT-MANIFOLDS-HEADERS-MARMITTA-ARTIGIANALE-TITANIUM-INCONEL-1.jpg\",\"datePublished\":\"2024-09-28T13:40:35+00:00\",\"dateModified\":\"2025-11-06T09:25:40+00:00\",\"description\":\"Stravolgi la tua Ferrari 512 con i nostri collettori + finale silenziato in acciaio Inox e valvole (linea completa)! Contattaci ora!\",\"breadcrumb\":{\"@id\":\"https:\/\/www.arosmarmitte.it\/prodotto\/impianti-di-scarico\/collettori-in-acciaio-inox-finale-silenziato-in-acciaio-inox-e-valvole-linea-completa-ferrari-512-428-440-hp-1992-1996\/#breadcrumb\"},\"inLanguage\":\"en-US\",\"potentialAction\":[{\"@type\":\"ReadAction\",\"target\":[\"https:\/\/www.arosmarmitte.it\/prodotto\/impianti-di-scarico\/collettori-in-acciaio-inox-finale-silenziato-in-acciaio-inox-e-valvole-linea-completa-ferrari-512-428-440-hp-1992-1996\/\"]}]},{\"@type\":\"ImageObject\",\"inLanguage\":\"en-US\",\"@id\":\"https:\/\/www.arosmarmitte.it\/prodotto\/impianti-di-scarico\/collettori-in-acciaio-inox-finale-silenziato-in-acciaio-inox-e-valvole-linea-completa-ferrari-512-428-440-hp-1992-1996\/#primaryimage\",\"url\":\"https:\/\/www.arosmarmitte.it\/wp-content\/uploads\/FERRARI-TESTAROSSA-LINEA-DI-SCARICO-EXHAUST-SYSTEM-ECHAPPEMENT-MANIFOLDS-HEADERS-MARMITTA-ARTIGIANALE-TITANIUM-INCONEL-1.jpg\",\"contentUrl\":\"https:\/\/www.arosmarmitte.it\/wp-content\/uploads\/FERRARI-TESTAROSSA-LINEA-DI-SCARICO-EXHAUST-SYSTEM-ECHAPPEMENT-MANIFOLDS-HEADERS-MARMITTA-ARTIGIANALE-TITANIUM-INCONEL-1.jpg\",\"width\":1200,\"height\":1111,\"caption\":\"Marmitta artigianale con collettori in Inconel e Finale silenziato in Titanio, saldata a TIG\"},{\"@type\":\"BreadcrumbList\",\"@id\":\"https:\/\/www.arosmarmitte.it\/prodotto\/impianti-di-scarico\/collettori-in-acciaio-inox-finale-silenziato-in-acciaio-inox-e-valvole-linea-completa-ferrari-512-428-440-hp-1992-1996\/#breadcrumb\",\"itemListElement\":[{\"@type\":\"ListItem\",\"position\":1,\"name\":\"Home\",\"item\":\"https:\/\/www.arosmarmitte.it\/en\/\"},{\"@type\":\"ListItem\",\"position\":2,\"name\":\"Shop\",\"item\":\"https:\/\/www.arosmarmitte.it\/shop\/\"},{\"@type\":\"ListItem\",\"position\":3,\"name\":\"512 (428\/440 Hp) &#8211; Collettori in acciaio inox + finale silenziato in acciaio inox e valvole (linea completa)\"}]},{\"@type\":\"WebSite\",\"@id\":\"https:\/\/www.arosmarmitte.it\/en\/#website\",\"url\":\"https:\/\/www.arosmarmitte.it\/en\/\",\"name\":\"Aros Marmitte\",\"description\":\"\",\"publisher\":{\"@id\":\"https:\/\/www.arosmarmitte.it\/en\/#organization\"},\"potentialAction\":[{\"@type\":\"SearchAction\",\"target\":{\"@type\":\"EntryPoint\",\"urlTemplate\":\"https:\/\/www.arosmarmitte.it\/en\/?s={search_term_string}\"},\"query-input\":{\"@type\":\"PropertyValueSpecification\",\"valueRequired\":true,\"valueName\":\"search_term_string\"}}],\"inLanguage\":\"en-US\"},{\"@type\":\"Organization\",\"@id\":\"https:\/\/www.arosmarmitte.it\/en\/#organization\",\"name\":\"AROS Marmitte\",\"alternateName\":\"AROS SRL\",\"url\":\"https:\/\/www.arosmarmitte.it\/en\/\",\"logo\":{\"@type\":\"ImageObject\",\"inLanguage\":\"en-US\",\"@id\":\"https:\/\/www.arosmarmitte.it\/en\/#\/schema\/logo\/image\/\",\"url\":\"https:\/\/www.arosmarmitte.it\/wp-content\/uploads\/AROS_MARMITTE_LOGO_2016-EXHAUST-SYSTEMS-ECHAPPEMENT-SCARICO-ARTIGIANALE-MARMITTA-1-1.jpg\",\"contentUrl\":\"https:\/\/www.arosmarmitte.it\/wp-content\/uploads\/AROS_MARMITTE_LOGO_2016-EXHAUST-SYSTEMS-ECHAPPEMENT-SCARICO-ARTIGIANALE-MARMITTA-1-1.jpg\",\"width\":1000,\"height\":875,\"caption\":\"AROS Marmitte\"},\"image\":{\"@id\":\"https:\/\/www.arosmarmitte.it\/en\/#\/schema\/logo\/image\/\"},\"sameAs\":[\"https:\/\/www.facebook.com\/arosmarmitte\",\"https:\/\/x.com\/AROS_MARMITTE\",\"https:\/\/www.instagram.com\/arosmarmitte\/\",\"https:\/\/www.tiktok.com\/@aros_marmitte\"],\"email\":\"info@arosmarmitte.it\",\"telephone\":\"3401417652\"}]}<\/script>\n<!-- \/ Yoast SEO Premium plugin. -->","yoast_head_json":{"title":"Ferrari 512 - Collettori e finale silenziato in acciaio Inox e valvole | Aros Marmitte","description":"Stravolgi la tua Ferrari 512 con i nostri collettori + finale silenziato in acciaio Inox e valvole (linea completa)! Contattaci ora!","robots":{"index":"index","follow":"follow","max-snippet":"max-snippet:-1","max-image-preview":"max-image-preview:large","max-video-preview":"max-video-preview:-1"},"canonical":"https:\/\/www.arosmarmitte.it\/prodotto\/impianti-di-scarico\/collettori-in-acciaio-inox-finale-silenziato-in-acciaio-inox-e-valvole-linea-completa-ferrari-512-428-440-hp-1992-1996\/","og_locale":"en_US","og_type":"article","og_title":"512 (428\/440 Hp) - Collettori in acciaio inox + finale silenziato in acciaio inox e valvole (linea completa)","og_description":"Stravolgi la tua Ferrari 512 con i nostri collettori + finale silenziato in acciaio Inox e valvole (linea completa)! Contattaci ora!","og_url":"https:\/\/www.arosmarmitte.it\/prodotto\/impianti-di-scarico\/collettori-in-acciaio-inox-finale-silenziato-in-acciaio-inox-e-valvole-linea-completa-ferrari-512-428-440-hp-1992-1996\/","og_site_name":"Aros Marmitte","article_publisher":"https:\/\/www.facebook.com\/arosmarmitte","article_modified_time":"2025-11-06T09:25:40+00:00","og_image":[{"width":1200,"height":1111,"url":"https:\/\/www.arosmarmitte.it\/wp-content\/uploads\/FERRARI-TESTAROSSA-LINEA-DI-SCARICO-EXHAUST-SYSTEM-ECHAPPEMENT-MANIFOLDS-HEADERS-MARMITTA-ARTIGIANALE-TITANIUM-INCONEL-1.jpg","type":"image\/jpeg"}],"twitter_card":"summary_large_image","twitter_site":"@AROS_MARMITTE","twitter_misc":{"Est. reading time":"3 minutes"},"schema":{"@context":"https:\/\/schema.org","@graph":[{"@type":"WebPage","@id":"https:\/\/www.arosmarmitte.it\/prodotto\/impianti-di-scarico\/collettori-in-acciaio-inox-finale-silenziato-in-acciaio-inox-e-valvole-linea-completa-ferrari-512-428-440-hp-1992-1996\/","url":"https:\/\/www.arosmarmitte.it\/prodotto\/impianti-di-scarico\/collettori-in-acciaio-inox-finale-silenziato-in-acciaio-inox-e-valvole-linea-completa-ferrari-512-428-440-hp-1992-1996\/","name":"Ferrari 512 - Collettori e finale silenziato in acciaio Inox e valvole | Aros Marmitte","isPartOf":{"@id":"https:\/\/www.arosmarmitte.it\/en\/#website"},"primaryImageOfPage":{"@id":"https:\/\/www.arosmarmitte.it\/prodotto\/impianti-di-scarico\/collettori-in-acciaio-inox-finale-silenziato-in-acciaio-inox-e-valvole-linea-completa-ferrari-512-428-440-hp-1992-1996\/#primaryimage"},"image":{"@id":"https:\/\/www.arosmarmitte.it\/prodotto\/impianti-di-scarico\/collettori-in-acciaio-inox-finale-silenziato-in-acciaio-inox-e-valvole-linea-completa-ferrari-512-428-440-hp-1992-1996\/#primaryimage"},"thumbnailUrl":"https:\/\/www.arosmarmitte.it\/wp-content\/uploads\/FERRARI-TESTAROSSA-LINEA-DI-SCARICO-EXHAUST-SYSTEM-ECHAPPEMENT-MANIFOLDS-HEADERS-MARMITTA-ARTIGIANALE-TITANIUM-INCONEL-1.jpg","datePublished":"2024-09-28T13:40:35+00:00","dateModified":"2025-11-06T09:25:40+00:00","description":"Stravolgi la tua Ferrari 512 con i nostri collettori + finale silenziato in acciaio Inox e valvole (linea completa)! Contattaci ora!","breadcrumb":{"@id":"https:\/\/www.arosmarmitte.it\/prodotto\/impianti-di-scarico\/collettori-in-acciaio-inox-finale-silenziato-in-acciaio-inox-e-valvole-linea-completa-ferrari-512-428-440-hp-1992-1996\/#breadcrumb"},"inLanguage":"en-US","potentialAction":[{"@type":"ReadAction","target":["https:\/\/www.arosmarmitte.it\/prodotto\/impianti-di-scarico\/collettori-in-acciaio-inox-finale-silenziato-in-acciaio-inox-e-valvole-linea-completa-ferrari-512-428-440-hp-1992-1996\/"]}]},{"@type":"ImageObject","inLanguage":"en-US","@id":"https:\/\/www.arosmarmitte.it\/prodotto\/impianti-di-scarico\/collettori-in-acciaio-inox-finale-silenziato-in-acciaio-inox-e-valvole-linea-completa-ferrari-512-428-440-hp-1992-1996\/#primaryimage","url":"https:\/\/www.arosmarmitte.it\/wp-content\/uploads\/FERRARI-TESTAROSSA-LINEA-DI-SCARICO-EXHAUST-SYSTEM-ECHAPPEMENT-MANIFOLDS-HEADERS-MARMITTA-ARTIGIANALE-TITANIUM-INCONEL-1.jpg","contentUrl":"https:\/\/www.arosmarmitte.it\/wp-content\/uploads\/FERRARI-TESTAROSSA-LINEA-DI-SCARICO-EXHAUST-SYSTEM-ECHAPPEMENT-MANIFOLDS-HEADERS-MARMITTA-ARTIGIANALE-TITANIUM-INCONEL-1.jpg","width":1200,"height":1111,"caption":"Marmitta artigianale con collettori in Inconel e Finale silenziato in Titanio, saldata a TIG"},{"@type":"BreadcrumbList","@id":"https:\/\/www.arosmarmitte.it\/prodotto\/impianti-di-scarico\/collettori-in-acciaio-inox-finale-silenziato-in-acciaio-inox-e-valvole-linea-completa-ferrari-512-428-440-hp-1992-1996\/#breadcrumb","itemListElement":[{"@type":"ListItem","position":1,"name":"Home","item":"https:\/\/www.arosmarmitte.it\/en\/"},{"@type":"ListItem","position":2,"name":"Shop","item":"https:\/\/www.arosmarmitte.it\/shop\/"},{"@type":"ListItem","position":3,"name":"512 (428\/440 Hp) &#8211; Collettori in acciaio inox + finale silenziato in acciaio inox e valvole (linea completa)"}]},{"@type":"WebSite","@id":"https:\/\/www.arosmarmitte.it\/en\/#website","url":"https:\/\/www.arosmarmitte.it\/en\/","name":"Aros Marmitte","description":"","publisher":{"@id":"https:\/\/www.arosmarmitte.it\/en\/#organization"},"potentialAction":[{"@type":"SearchAction","target":{"@type":"EntryPoint","urlTemplate":"https:\/\/www.arosmarmitte.it\/en\/?s={search_term_string}"},"query-input":{"@type":"PropertyValueSpecification","valueRequired":true,"valueName":"search_term_string"}}],"inLanguage":"en-US"},{"@type":"Organization","@id":"https:\/\/www.arosmarmitte.it\/en\/#organization","name":"AROS Marmitte","alternateName":"AROS SRL","url":"https:\/\/www.arosmarmitte.it\/en\/","logo":{"@type":"ImageObject","inLanguage":"en-US","@id":"https:\/\/www.arosmarmitte.it\/en\/#\/schema\/logo\/image\/","url":"https:\/\/www.arosmarmitte.it\/wp-content\/uploads\/AROS_MARMITTE_LOGO_2016-EXHAUST-SYSTEMS-ECHAPPEMENT-SCARICO-ARTIGIANALE-MARMITTA-1-1.jpg","contentUrl":"https:\/\/www.arosmarmitte.it\/wp-content\/uploads\/AROS_MARMITTE_LOGO_2016-EXHAUST-SYSTEMS-ECHAPPEMENT-SCARICO-ARTIGIANALE-MARMITTA-1-1.jpg","width":1000,"height":875,"caption":"AROS Marmitte"},"image":{"@id":"https:\/\/www.arosmarmitte.it\/en\/#\/schema\/logo\/image\/"},"sameAs":["https:\/\/www.facebook.com\/arosmarmitte","https:\/\/x.com\/AROS_MARMITTE","https:\/\/www.instagram.com\/arosmarmitte\/","https:\/\/www.tiktok.com\/@aros_marmitte"],"email":"info@arosmarmitte.it","telephone":"3401417652"}]}},"_links":{"self":[{"href":"https:\/\/www.arosmarmitte.it\/en\/wp-json\/wp\/v2\/product\/121615","targetHints":{"allow":["GET"]}}],"collection":[{"href":"https:\/\/www.arosmarmitte.it\/en\/wp-json\/wp\/v2\/product"}],"about":[{"href":"https:\/\/www.arosmarmitte.it\/en\/wp-json\/wp\/v2\/types\/product"}],"replies":[{"embeddable":true,"href":"https:\/\/www.arosmarmitte.it\/en\/wp-json\/wp\/v2\/comments?post=121615"}],"wp:featuredmedia":[{"embeddable":true,"href":"https:\/\/www.arosmarmitte.it\/en\/wp-json\/wp\/v2\/media\/114227"}],"wp:attachment":[{"href":"https:\/\/www.arosmarmitte.it\/en\/wp-json\/wp\/v2\/media?parent=121615"}],"wp:term":[{"taxonomy":"marca","embeddable":true,"href":"https:\/\/www.arosmarmitte.it\/en\/wp-json\/wp\/v2\/marca?post=121615"},{"taxonomy":"product_brand","embeddable":true,"href":"https:\/\/www.arosmarmitte.it\/en\/wp-json\/wp\/v2\/product_brand?post=121615"},{"taxonomy":"product_cat","embeddable":true,"href":"https:\/\/www.arosmarmitte.it\/en\/wp-json\/wp\/v2\/product_cat?post=121615"},{"taxonomy":"product_tag","embeddable":true,"href":"https:\/\/www.arosmarmitte.it\/en\/wp-json\/wp\/v2\/product_tag?post=121615"}],"curies":[{"name":"wp","href":"https:\/\/api.w.org\/{rel}","templated":true}]}}