{"id":121286,"date":"2024-09-28T15:34:53","date_gmt":"2024-09-28T13:34:53","guid":{"rendered":"http:\/\/arosmarmitte.it\/?post_type=product&#038;p=121286"},"modified":"2026-02-20T11:00:40","modified_gmt":"2026-02-20T10:00:40","slug":"coppia-downpipe-senza-catalizzatori-tubo-anteriore-bmw-m4-g82-480-hp-2021-2024","status":"publish","type":"product","link":"https:\/\/www.arosmarmitte.it\/en\/prodotto\/exhaust-systems\/coppia-downpipe-senza-catalizzatori-tubo-anteriore-bmw-m4-g82-480-hp-2021-2024\/","title":{"rendered":"M4 G82\/G83 (480 Hp) &#8211; Coppia downpipe senza catalizzatori + tubo anteriore"},"content":{"rendered":"<h1>Coppia downpipe senza catalizzatori + tubo anteriore per BMW M4 G82\/G83<\/h1>\n<h2>Coppia downpipe senza catalizzatori + tubo anteriore in acciaio Inox per BMW M4 G82\/G83 (480 Hp) | 2021-2024<\/h2>\n<p>&nbsp;<\/p>\n<p>&nbsp;<\/p>\n<p>I downpipe senza catalizzatori permettono di incrementare notevolmente le prestazioni del motore della tua BMW M4 G82\/G83 ed offrire un miglior rendimento grazie al deflusso maggiorato dei gas ed alle contropressioni generate. L\u2019intera sezione \u00e8 progettata per garantire un sound pi\u00f9 grintoso senza penalizzare il comfort di marcia che rimane piacevole e privo di risonanze fastidiose sia ai bassi regimi che a velocit\u00e0 di crociera sostenute.<\/p>\n<p>I nostri downpipe sono pensati per chi cerca massima libert\u00e0 di sound e performance per il suo impianto di scarico.<\/p>\n<p>&nbsp;<\/p>\n<p>&nbsp;<\/p>\n<p>&nbsp;<\/p>\n<h3>Dettagli tecnici<\/h3>\n<ul>\n<li><strong>materiale:<\/strong>\u00a0realizzati in acciaio Inox AISI 304<\/li>\n<li><strong>saldature:<\/strong>\u00a0realizzati con tecnica di saldatura a TIG<\/li>\n<li><strong>montaggio:<\/strong>\u00a0plug&amp;play con modifica del sistema di gestione elettronica<\/li>\n<\/ul>\n<p>&nbsp;<\/p>\n<p><strong>Perch\u00e8 utilizziamo l\u2019acciaio Inox per i nostri prodotti?<\/strong><\/p>\n<p>L\u2019acciaio \u00e8 un materiale noto per la sua durezza, resistenza meccanica e termica, versatilit\u00e0 ed affidabilit\u00e0. Tutti i nostri prodotti standard sono realizzati in acciaio Inox AISI 304.<\/p>\n<p>&nbsp;<\/p>\n<p><strong>Perch\u00e8 le saldature a TIG?<\/strong><\/p>\n<p>La saldatura a TIG \u00e8 una tecnica fine e complicata eppure molto resistente. Questa, unita al ridotto spessore del tubo, garantisce un prodotto estremamente leggero ed esteticamente raffinato.<\/p>\n<p>&nbsp;<\/p>\n<p><strong>Cosa vuol dire Plug&amp;play?<\/strong><\/p>\n<p>Significa che per montare i downpipe sulla tua BMW M4 G82\/G83 baster\u00e0 sfruttare tutti gli attacchi gi\u00e0 presenti in vettura senza effettuare lavori e modifiche grazie alla presenza di tutti gli innesti sonda e delle staffe necessarie. Una volta effettuata l\u2019installazione si dovr\u00e0 procedere con la modifica del sistema di gestione elettronica.<\/p>\n<p>&nbsp;<\/p>\n<p>&nbsp;<\/p>\n<p>&nbsp;<\/p>\n<p>&nbsp;<\/p>\n<p><em>Infine ci teniamo a sottolineare che progettazione, sviluppo, realizzazione e produzione sono operazioni svolte esclusivamente all\u2019interno della nostra sede e che il prodotto gode di tutte le caratteristiche e cure della migliore tradizione artigianale italiana.<\/em><\/p>\n<p>&nbsp;<\/p>\n<p>&nbsp;<\/p>\n<p><em>Non trovi quello che cerchi?\u00a0\u00a0<\/em>Visita la sezione\u00a0<a href=\"https:\/\/www.arosmarmitte.it\/contatti\/\" target=\"_blank\" rel=\"noopener\">contatti<\/a>\u00a0e chiamaci o scrivici via whatsapp.<\/p>\n<p>&nbsp;<\/p>\n<p>&nbsp;<\/p>\n<p>&nbsp;<\/p>\n<h5>Effettuiamo spedizioni in tutta Italia in tempi brevi. Ogni articolo Aros Marmitte ha una garanzia di recesso di 14 giorni.\u00a0<a href=\"https:\/\/www.arosmarmitte.it\/contatti\/\" target=\"_blank\" rel=\"noopener\">Consulta le norme di spedizione<\/a>.<br \/>\n________________________________________________________________________________________________________<\/h5>\n<h6>Visita anche la nostra\u00a0<a href=\"https:\/\/www.facebook.com\/arosmarmitte?locale=it_IT\" target=\"_blank\" rel=\"noopener\">pagina Facebook<\/a>\u00a0o il nostro\u00a0<a href=\"https:\/\/www.instagram.com\/arosmarmitte\/?next=https%3A%2F%2Fwww.instagram.com%2Farosmarmitte%2F\" target=\"_blank\" rel=\"noopener\">account Instagram<\/a>\u00a0per restare sempre aggiornato sui nostri prodotti!<\/h6>\n","protected":false},"excerpt":{"rendered":"<p>Coppia downpipe senza catalizzatori + tubo anteriore per BMW M4 G82\/G83 Coppia downpipe senza catalizzatori + tubo anteriore in acciaio Inox per BMW M4 G82\/G83 (480 Hp) | 2021-2024 &nbsp; &nbsp; I downpipe senza catalizzatori permettono di incrementare notevolmente le prestazioni del motore della tua BMW M4 G82\/G83 ed offrire un miglior rendimento grazie al [&hellip;]<\/p>\n","protected":false},"featured_media":182167,"comment_status":"closed","ping_status":"closed","template":"","meta":{"_acf_changed":false},"marca":[],"product_brand":[],"product_cat":[15],"product_tag":[],"class_list":{"0":"post-121286","1":"product","2":"type-product","3":"status-publish","4":"has-post-thumbnail","6":"product_cat-impianti-di-scarico","8":"first","9":"instock","10":"taxable","11":"shipping-taxable","12":"purchasable","13":"product-type-simple"},"acf":[],"yoast_head":"<!-- This site is optimized with the Yoast SEO Premium plugin v24.8 (Yoast SEO v27.2) - https:\/\/yoast.com\/product\/yoast-seo-premium-wordpress\/ -->\n<title>BMW M4 - Coppia downpipe senza catalizzatori e tubo anteriore | Aros Marmitte<\/title>\n<meta name=\"description\" content=\"Stravolgi la tua BMW M4 G82\/G83 con la nostra coppia di downpipe senza catalizzatori + tubo anteriore! Scopri di pi\u00f9, visita il sito!\" \/>\n<meta name=\"robots\" content=\"index, follow, max-snippet:-1, max-image-preview:large, max-video-preview:-1\" \/>\n<link rel=\"canonical\" href=\"https:\/\/www.arosmarmitte.it\/prodotto\/impianti-di-scarico\/coppia-downpipe-senza-catalizzatori-tubo-anteriore-bmw-m4-g82-480-hp-2021-2024\/\" \/>\n<meta property=\"og:locale\" content=\"en_US\" \/>\n<meta property=\"og:type\" content=\"article\" \/>\n<meta property=\"og:title\" content=\"M4 G82\/G83 (480 Hp) - Coppia downpipe senza catalizzatori + tubo anteriore\" \/>\n<meta property=\"og:description\" content=\"Stravolgi la tua BMW M4 G82\/G83 con la nostra coppia di downpipe senza catalizzatori + tubo anteriore! Scopri di pi\u00f9, visita il sito!\" \/>\n<meta property=\"og:url\" content=\"https:\/\/www.arosmarmitte.it\/prodotto\/impianti-di-scarico\/coppia-downpipe-senza-catalizzatori-tubo-anteriore-bmw-m4-g82-480-hp-2021-2024\/\" \/>\n<meta property=\"og:site_name\" content=\"Aros Marmitte\" \/>\n<meta property=\"article:publisher\" content=\"https:\/\/www.facebook.com\/arosmarmitte\" \/>\n<meta property=\"article:modified_time\" content=\"2026-02-20T10:00:40+00:00\" \/>\n<meta property=\"og:image\" content=\"https:\/\/www.arosmarmitte.it\/wp-content\/uploads\/BMW-M3-G80-M4-G82-downpipe-senza-catalizzatori-exhaust-system-sound-echappement-scarico-artigianale-1.jpg\" \/>\n\t<meta property=\"og:image:width\" content=\"1200\" \/>\n\t<meta property=\"og:image:height\" content=\"992\" \/>\n\t<meta property=\"og:image:type\" content=\"image\/jpeg\" \/>\n<meta name=\"twitter:card\" content=\"summary_large_image\" \/>\n<meta name=\"twitter:site\" content=\"@AROS_MARMITTE\" \/>\n<meta name=\"twitter:label1\" content=\"Est. reading time\" \/>\n\t<meta name=\"twitter:data1\" content=\"3 minutes\" \/>\n<script type=\"application\/ld+json\" class=\"yoast-schema-graph\">{\"@context\":\"https:\/\/schema.org\",\"@graph\":[{\"@type\":\"WebPage\",\"@id\":\"https:\/\/www.arosmarmitte.it\/prodotto\/impianti-di-scarico\/coppia-downpipe-senza-catalizzatori-tubo-anteriore-bmw-m4-g82-480-hp-2021-2024\/\",\"url\":\"https:\/\/www.arosmarmitte.it\/prodotto\/impianti-di-scarico\/coppia-downpipe-senza-catalizzatori-tubo-anteriore-bmw-m4-g82-480-hp-2021-2024\/\",\"name\":\"BMW M4 - Coppia downpipe senza catalizzatori e tubo anteriore | Aros Marmitte\",\"isPartOf\":{\"@id\":\"https:\/\/www.arosmarmitte.it\/en\/#website\"},\"primaryImageOfPage\":{\"@id\":\"https:\/\/www.arosmarmitte.it\/prodotto\/impianti-di-scarico\/coppia-downpipe-senza-catalizzatori-tubo-anteriore-bmw-m4-g82-480-hp-2021-2024\/#primaryimage\"},\"image\":{\"@id\":\"https:\/\/www.arosmarmitte.it\/prodotto\/impianti-di-scarico\/coppia-downpipe-senza-catalizzatori-tubo-anteriore-bmw-m4-g82-480-hp-2021-2024\/#primaryimage\"},\"thumbnailUrl\":\"https:\/\/www.arosmarmitte.it\/wp-content\/uploads\/BMW-M3-G80-M4-G82-downpipe-senza-catalizzatori-exhaust-system-sound-echappement-scarico-artigianale-1.jpg\",\"datePublished\":\"2024-09-28T13:34:53+00:00\",\"dateModified\":\"2026-02-20T10:00:40+00:00\",\"description\":\"Stravolgi la tua BMW M4 G82\/G83 con la nostra coppia di downpipe senza catalizzatori + tubo anteriore! Scopri di pi\u00f9, visita il sito!\",\"breadcrumb\":{\"@id\":\"https:\/\/www.arosmarmitte.it\/prodotto\/impianti-di-scarico\/coppia-downpipe-senza-catalizzatori-tubo-anteriore-bmw-m4-g82-480-hp-2021-2024\/#breadcrumb\"},\"inLanguage\":\"en-US\",\"potentialAction\":[{\"@type\":\"ReadAction\",\"target\":[\"https:\/\/www.arosmarmitte.it\/prodotto\/impianti-di-scarico\/coppia-downpipe-senza-catalizzatori-tubo-anteriore-bmw-m4-g82-480-hp-2021-2024\/\"]}]},{\"@type\":\"ImageObject\",\"inLanguage\":\"en-US\",\"@id\":\"https:\/\/www.arosmarmitte.it\/prodotto\/impianti-di-scarico\/coppia-downpipe-senza-catalizzatori-tubo-anteriore-bmw-m4-g82-480-hp-2021-2024\/#primaryimage\",\"url\":\"https:\/\/www.arosmarmitte.it\/wp-content\/uploads\/BMW-M3-G80-M4-G82-downpipe-senza-catalizzatori-exhaust-system-sound-echappement-scarico-artigianale-1.jpg\",\"contentUrl\":\"https:\/\/www.arosmarmitte.it\/wp-content\/uploads\/BMW-M3-G80-M4-G82-downpipe-senza-catalizzatori-exhaust-system-sound-echappement-scarico-artigianale-1.jpg\",\"width\":1200,\"height\":992,\"caption\":\"BMW M3 G80 downpipe senza catalizzatori e tubo anteriore\"},{\"@type\":\"BreadcrumbList\",\"@id\":\"https:\/\/www.arosmarmitte.it\/prodotto\/impianti-di-scarico\/coppia-downpipe-senza-catalizzatori-tubo-anteriore-bmw-m4-g82-480-hp-2021-2024\/#breadcrumb\",\"itemListElement\":[{\"@type\":\"ListItem\",\"position\":1,\"name\":\"Home\",\"item\":\"https:\/\/www.arosmarmitte.it\/en\/\"},{\"@type\":\"ListItem\",\"position\":2,\"name\":\"Shop\",\"item\":\"https:\/\/www.arosmarmitte.it\/shop\/\"},{\"@type\":\"ListItem\",\"position\":3,\"name\":\"M4 G82\/G83 (480 Hp) &#8211; Coppia downpipe senza catalizzatori + tubo anteriore\"}]},{\"@type\":\"WebSite\",\"@id\":\"https:\/\/www.arosmarmitte.it\/en\/#website\",\"url\":\"https:\/\/www.arosmarmitte.it\/en\/\",\"name\":\"Aros Marmitte\",\"description\":\"\",\"publisher\":{\"@id\":\"https:\/\/www.arosmarmitte.it\/en\/#organization\"},\"potentialAction\":[{\"@type\":\"SearchAction\",\"target\":{\"@type\":\"EntryPoint\",\"urlTemplate\":\"https:\/\/www.arosmarmitte.it\/en\/?s={search_term_string}\"},\"query-input\":{\"@type\":\"PropertyValueSpecification\",\"valueRequired\":true,\"valueName\":\"search_term_string\"}}],\"inLanguage\":\"en-US\"},{\"@type\":\"Organization\",\"@id\":\"https:\/\/www.arosmarmitte.it\/en\/#organization\",\"name\":\"AROS Marmitte\",\"alternateName\":\"AROS SRL\",\"url\":\"https:\/\/www.arosmarmitte.it\/en\/\",\"logo\":{\"@type\":\"ImageObject\",\"inLanguage\":\"en-US\",\"@id\":\"https:\/\/www.arosmarmitte.it\/en\/#\/schema\/logo\/image\/\",\"url\":\"https:\/\/www.arosmarmitte.it\/wp-content\/uploads\/AROS_MARMITTE_LOGO_2016-EXHAUST-SYSTEMS-ECHAPPEMENT-SCARICO-ARTIGIANALE-MARMITTA-1-1.jpg\",\"contentUrl\":\"https:\/\/www.arosmarmitte.it\/wp-content\/uploads\/AROS_MARMITTE_LOGO_2016-EXHAUST-SYSTEMS-ECHAPPEMENT-SCARICO-ARTIGIANALE-MARMITTA-1-1.jpg\",\"width\":1000,\"height\":875,\"caption\":\"AROS Marmitte\"},\"image\":{\"@id\":\"https:\/\/www.arosmarmitte.it\/en\/#\/schema\/logo\/image\/\"},\"sameAs\":[\"https:\/\/www.facebook.com\/arosmarmitte\",\"https:\/\/x.com\/AROS_MARMITTE\",\"https:\/\/www.instagram.com\/arosmarmitte\/\",\"https:\/\/www.tiktok.com\/@aros_marmitte\"],\"email\":\"info@arosmarmitte.it\",\"telephone\":\"3401417652\"}]}<\/script>\n<!-- \/ Yoast SEO Premium plugin. -->","yoast_head_json":{"title":"BMW M4 - Coppia downpipe senza catalizzatori e tubo anteriore | Aros Marmitte","description":"Stravolgi la tua BMW M4 G82\/G83 con la nostra coppia di downpipe senza catalizzatori + tubo anteriore! Scopri di pi\u00f9, visita il sito!","robots":{"index":"index","follow":"follow","max-snippet":"max-snippet:-1","max-image-preview":"max-image-preview:large","max-video-preview":"max-video-preview:-1"},"canonical":"https:\/\/www.arosmarmitte.it\/prodotto\/impianti-di-scarico\/coppia-downpipe-senza-catalizzatori-tubo-anteriore-bmw-m4-g82-480-hp-2021-2024\/","og_locale":"en_US","og_type":"article","og_title":"M4 G82\/G83 (480 Hp) - Coppia downpipe senza catalizzatori + tubo anteriore","og_description":"Stravolgi la tua BMW M4 G82\/G83 con la nostra coppia di downpipe senza catalizzatori + tubo anteriore! Scopri di pi\u00f9, visita il sito!","og_url":"https:\/\/www.arosmarmitte.it\/prodotto\/impianti-di-scarico\/coppia-downpipe-senza-catalizzatori-tubo-anteriore-bmw-m4-g82-480-hp-2021-2024\/","og_site_name":"Aros Marmitte","article_publisher":"https:\/\/www.facebook.com\/arosmarmitte","article_modified_time":"2026-02-20T10:00:40+00:00","og_image":[{"width":1200,"height":992,"url":"https:\/\/www.arosmarmitte.it\/wp-content\/uploads\/BMW-M3-G80-M4-G82-downpipe-senza-catalizzatori-exhaust-system-sound-echappement-scarico-artigianale-1.jpg","type":"image\/jpeg"}],"twitter_card":"summary_large_image","twitter_site":"@AROS_MARMITTE","twitter_misc":{"Est. reading time":"3 minutes"},"schema":{"@context":"https:\/\/schema.org","@graph":[{"@type":"WebPage","@id":"https:\/\/www.arosmarmitte.it\/prodotto\/impianti-di-scarico\/coppia-downpipe-senza-catalizzatori-tubo-anteriore-bmw-m4-g82-480-hp-2021-2024\/","url":"https:\/\/www.arosmarmitte.it\/prodotto\/impianti-di-scarico\/coppia-downpipe-senza-catalizzatori-tubo-anteriore-bmw-m4-g82-480-hp-2021-2024\/","name":"BMW M4 - Coppia downpipe senza catalizzatori e tubo anteriore | Aros Marmitte","isPartOf":{"@id":"https:\/\/www.arosmarmitte.it\/en\/#website"},"primaryImageOfPage":{"@id":"https:\/\/www.arosmarmitte.it\/prodotto\/impianti-di-scarico\/coppia-downpipe-senza-catalizzatori-tubo-anteriore-bmw-m4-g82-480-hp-2021-2024\/#primaryimage"},"image":{"@id":"https:\/\/www.arosmarmitte.it\/prodotto\/impianti-di-scarico\/coppia-downpipe-senza-catalizzatori-tubo-anteriore-bmw-m4-g82-480-hp-2021-2024\/#primaryimage"},"thumbnailUrl":"https:\/\/www.arosmarmitte.it\/wp-content\/uploads\/BMW-M3-G80-M4-G82-downpipe-senza-catalizzatori-exhaust-system-sound-echappement-scarico-artigianale-1.jpg","datePublished":"2024-09-28T13:34:53+00:00","dateModified":"2026-02-20T10:00:40+00:00","description":"Stravolgi la tua BMW M4 G82\/G83 con la nostra coppia di downpipe senza catalizzatori + tubo anteriore! Scopri di pi\u00f9, visita il sito!","breadcrumb":{"@id":"https:\/\/www.arosmarmitte.it\/prodotto\/impianti-di-scarico\/coppia-downpipe-senza-catalizzatori-tubo-anteriore-bmw-m4-g82-480-hp-2021-2024\/#breadcrumb"},"inLanguage":"en-US","potentialAction":[{"@type":"ReadAction","target":["https:\/\/www.arosmarmitte.it\/prodotto\/impianti-di-scarico\/coppia-downpipe-senza-catalizzatori-tubo-anteriore-bmw-m4-g82-480-hp-2021-2024\/"]}]},{"@type":"ImageObject","inLanguage":"en-US","@id":"https:\/\/www.arosmarmitte.it\/prodotto\/impianti-di-scarico\/coppia-downpipe-senza-catalizzatori-tubo-anteriore-bmw-m4-g82-480-hp-2021-2024\/#primaryimage","url":"https:\/\/www.arosmarmitte.it\/wp-content\/uploads\/BMW-M3-G80-M4-G82-downpipe-senza-catalizzatori-exhaust-system-sound-echappement-scarico-artigianale-1.jpg","contentUrl":"https:\/\/www.arosmarmitte.it\/wp-content\/uploads\/BMW-M3-G80-M4-G82-downpipe-senza-catalizzatori-exhaust-system-sound-echappement-scarico-artigianale-1.jpg","width":1200,"height":992,"caption":"BMW M3 G80 downpipe senza catalizzatori e tubo anteriore"},{"@type":"BreadcrumbList","@id":"https:\/\/www.arosmarmitte.it\/prodotto\/impianti-di-scarico\/coppia-downpipe-senza-catalizzatori-tubo-anteriore-bmw-m4-g82-480-hp-2021-2024\/#breadcrumb","itemListElement":[{"@type":"ListItem","position":1,"name":"Home","item":"https:\/\/www.arosmarmitte.it\/en\/"},{"@type":"ListItem","position":2,"name":"Shop","item":"https:\/\/www.arosmarmitte.it\/shop\/"},{"@type":"ListItem","position":3,"name":"M4 G82\/G83 (480 Hp) &#8211; Coppia downpipe senza catalizzatori + tubo anteriore"}]},{"@type":"WebSite","@id":"https:\/\/www.arosmarmitte.it\/en\/#website","url":"https:\/\/www.arosmarmitte.it\/en\/","name":"Aros Marmitte","description":"","publisher":{"@id":"https:\/\/www.arosmarmitte.it\/en\/#organization"},"potentialAction":[{"@type":"SearchAction","target":{"@type":"EntryPoint","urlTemplate":"https:\/\/www.arosmarmitte.it\/en\/?s={search_term_string}"},"query-input":{"@type":"PropertyValueSpecification","valueRequired":true,"valueName":"search_term_string"}}],"inLanguage":"en-US"},{"@type":"Organization","@id":"https:\/\/www.arosmarmitte.it\/en\/#organization","name":"AROS Marmitte","alternateName":"AROS SRL","url":"https:\/\/www.arosmarmitte.it\/en\/","logo":{"@type":"ImageObject","inLanguage":"en-US","@id":"https:\/\/www.arosmarmitte.it\/en\/#\/schema\/logo\/image\/","url":"https:\/\/www.arosmarmitte.it\/wp-content\/uploads\/AROS_MARMITTE_LOGO_2016-EXHAUST-SYSTEMS-ECHAPPEMENT-SCARICO-ARTIGIANALE-MARMITTA-1-1.jpg","contentUrl":"https:\/\/www.arosmarmitte.it\/wp-content\/uploads\/AROS_MARMITTE_LOGO_2016-EXHAUST-SYSTEMS-ECHAPPEMENT-SCARICO-ARTIGIANALE-MARMITTA-1-1.jpg","width":1000,"height":875,"caption":"AROS Marmitte"},"image":{"@id":"https:\/\/www.arosmarmitte.it\/en\/#\/schema\/logo\/image\/"},"sameAs":["https:\/\/www.facebook.com\/arosmarmitte","https:\/\/x.com\/AROS_MARMITTE","https:\/\/www.instagram.com\/arosmarmitte\/","https:\/\/www.tiktok.com\/@aros_marmitte"],"email":"info@arosmarmitte.it","telephone":"3401417652"}]}},"_links":{"self":[{"href":"https:\/\/www.arosmarmitte.it\/en\/wp-json\/wp\/v2\/product\/121286","targetHints":{"allow":["GET"]}}],"collection":[{"href":"https:\/\/www.arosmarmitte.it\/en\/wp-json\/wp\/v2\/product"}],"about":[{"href":"https:\/\/www.arosmarmitte.it\/en\/wp-json\/wp\/v2\/types\/product"}],"replies":[{"embeddable":true,"href":"https:\/\/www.arosmarmitte.it\/en\/wp-json\/wp\/v2\/comments?post=121286"}],"wp:featuredmedia":[{"embeddable":true,"href":"https:\/\/www.arosmarmitte.it\/en\/wp-json\/wp\/v2\/media\/182167"}],"wp:attachment":[{"href":"https:\/\/www.arosmarmitte.it\/en\/wp-json\/wp\/v2\/media?parent=121286"}],"wp:term":[{"taxonomy":"marca","embeddable":true,"href":"https:\/\/www.arosmarmitte.it\/en\/wp-json\/wp\/v2\/marca?post=121286"},{"taxonomy":"product_brand","embeddable":true,"href":"https:\/\/www.arosmarmitte.it\/en\/wp-json\/wp\/v2\/product_brand?post=121286"},{"taxonomy":"product_cat","embeddable":true,"href":"https:\/\/www.arosmarmitte.it\/en\/wp-json\/wp\/v2\/product_cat?post=121286"},{"taxonomy":"product_tag","embeddable":true,"href":"https:\/\/www.arosmarmitte.it\/en\/wp-json\/wp\/v2\/product_tag?post=121286"}],"curies":[{"name":"wp","href":"https:\/\/api.w.org\/{rel}","templated":true}]}}