{"id":121059,"date":"2024-09-28T15:30:59","date_gmt":"2024-09-28T13:30:59","guid":{"rendered":"http:\/\/arosmarmitte.it\/?post_type=product&#038;p=121059"},"modified":"2025-10-27T08:15:55","modified_gmt":"2025-10-27T07:15:55","slug":"collettore-di-scarico-4-2-1-bmw-2002-gruppo-2","status":"publish","type":"product","link":"https:\/\/www.arosmarmitte.it\/en\/prodotto\/exhaust-systems\/collettore-di-scarico-4-2-1-bmw-2002-gruppo-2\/","title":{"rendered":"2002 GRUPPO 2 &#8211; Collettore di scarico 4-2-1"},"content":{"rendered":"<h1>Collettore di scarico 4-2-1 per BMW 2002 gruppo 2<\/h1>\n<h2>Collettore di scarico 4-2-1 in acciaio Inox per BMW 2002 gruppo 2<\/h2>\n<p>&nbsp;<\/p>\n<p>&nbsp;<\/p>\n<p>Il collettore di scarico \u00e8 una parte fondamentale del sistema di scarico della tua BMW 2002 perch\u00e8 \u00e8 il primo elemento che permette ai gas di evacuare dalla camera di scoppio. L\u2019installazione in vettura di un collettore dimensionato ad hoc e con spirito sportivo, consente quindi di incrementare agevolmente le prestazioni del motore.<\/p>\n<p>&nbsp;<\/p>\n<p>&nbsp;<\/p>\n<p>&nbsp;<\/p>\n<h3>Dettagli tecnici<\/h3>\n<ul>\n<li>realizzato in acciaio Inox AISI 304<\/li>\n<li>saldature a TIG<\/li>\n<li>tubi di spessore ridotto<\/li>\n<li>montaggio Plug&amp;play<\/li>\n<\/ul>\n<p>&nbsp;<\/p>\n<p><strong>Perch\u00e8 utilizziamo l\u2019acciaio Inox per i nostri prodotti?<\/strong><\/p>\n<p>L\u2019acciaio \u00e8 un materiale noto per la sua durezza, resistenza meccanica e termica, versatilit\u00e0 ed affidabilit\u00e0. Tutti i nostri prodotti standard sono realizzati in acciaio Inox AISI 304.<\/p>\n<p>&nbsp;<\/p>\n<p><strong>Perch\u00e8 le saldature a TIG?<\/strong><\/p>\n<p>La saldatura a TIG \u00e8 una tecnica fine e complicata eppure molto resistente. Questa, unita al ridotto spessore del tubo, garantisce un prodotto estremamente leggero ed esteticamente raffinato.<\/p>\n<p>&nbsp;<\/p>\n<p><strong>Cosa vuol dire Plug&amp;play?<\/strong><\/p>\n<p>Significa che per montare il collettore sulla tua BMW 2002 ti baster\u00e0 sfruttare tutti gli attacchi gi\u00e0 presenti in vettura senza effettuare lavori e modifiche grazie alla presenza di tutti gli innesti sonda e delle staffe necessarie.<\/p>\n<p>&nbsp;<\/p>\n<p>&nbsp;<\/p>\n<p>&nbsp;<\/p>\n<p>&nbsp;<\/p>\n<p><em>Infine ci teniamo a sottolineare che progettazione, sviluppo, realizzazione e produzione sono operazioni svolte esclusivamente all\u2019interno della nostra sede e che il prodotto gode di tutte le caratteristiche e cure della migliore tradizione artigianale italiana.<\/em><\/p>\n<p>&nbsp;<\/p>\n<p>&nbsp;<\/p>\n<p><em>Non trovi quello che cerchi?\u00a0<\/em>Visita la sezione\u00a0<a href=\"https:\/\/www.arosmarmitte.it\/contatti\/\" target=\"_blank\" rel=\"noopener\">contatti<\/a>\u00a0e chiamaci o scrivici via whatsapp.<\/p>\n<p>&nbsp;<\/p>\n<p>&nbsp;<\/p>\n<h5>Effettuiamo spedizioni in tutta Italia in tempi brevi. Ogni articolo Aros Marmitte ha una garanzia di recesso di 14 giorni.\u00a0<a href=\"https:\/\/www.arosmarmitte.it\/contatti\/\" target=\"_blank\" rel=\"noopener\">Consulta le norme di spedizione<\/a>.<br \/>\n________________________________________________________________________________________________________<\/h5>\n<h6>Visita anche la nostra\u00a0<a href=\"https:\/\/www.facebook.com\/arosmarmitte?locale=it_IT\" target=\"_blank\" rel=\"noopener\">pagina Facebook<\/a>\u00a0o il nostro\u00a0<a href=\"https:\/\/www.instagram.com\/arosmarmitte\/?next=https%3A%2F%2Fwww.instagram.com%2Farosmarmitte%2F\" target=\"_blank\" rel=\"noopener\">account Instagram<\/a>\u00a0per restare sempre aggiornato sui nostri prodotti!<\/h6>\n","protected":false},"excerpt":{"rendered":"<p>Collettore di scarico 4-2-1 per BMW 2002 gruppo 2 Collettore di scarico 4-2-1 in acciaio Inox per BMW 2002 gruppo 2 &nbsp; &nbsp; Il collettore di scarico \u00e8 una parte fondamentale del sistema di scarico della tua BMW 2002 perch\u00e8 \u00e8 il primo elemento che permette ai gas di evacuare dalla camera di scoppio. L\u2019installazione [&hellip;]<\/p>\n","protected":false},"featured_media":113652,"comment_status":"closed","ping_status":"closed","template":"","meta":{"_acf_changed":false},"marca":[],"product_brand":[],"product_cat":[15],"product_tag":[],"class_list":{"0":"post-121059","1":"product","2":"type-product","3":"status-publish","4":"has-post-thumbnail","6":"product_cat-impianti-di-scarico","8":"first","9":"instock","10":"taxable","11":"shipping-taxable","12":"purchasable","13":"product-type-simple"},"acf":[],"yoast_head":"<!-- This site is optimized with the Yoast SEO Premium plugin v24.8 (Yoast SEO v27.2) - https:\/\/yoast.com\/product\/yoast-seo-premium-wordpress\/ -->\n<title>BMW 2002 GRUPPO 2 - Collettore di scarico 4-2-1 | Aros Marmitte<\/title>\n<meta name=\"description\" content=\"Stravolgi la tua BMW 2002 (gruppo 2) con il nostro collettore di scarico 4-2-1! Contattaci subito per maggiori informazioni!\" \/>\n<meta name=\"robots\" content=\"index, follow, max-snippet:-1, max-image-preview:large, max-video-preview:-1\" \/>\n<link rel=\"canonical\" href=\"https:\/\/www.arosmarmitte.it\/prodotto\/impianti-di-scarico\/collettore-di-scarico-4-2-1-bmw-2002-gruppo-2\/\" \/>\n<meta property=\"og:locale\" content=\"en_US\" \/>\n<meta property=\"og:type\" content=\"article\" \/>\n<meta property=\"og:title\" content=\"2002 GRUPPO 2 - Collettore di scarico 4-2-1\" \/>\n<meta property=\"og:description\" content=\"Stravolgi la tua BMW 2002 (gruppo 2) con il nostro collettore di scarico 4-2-1! Contattaci subito per maggiori informazioni!\" \/>\n<meta property=\"og:url\" content=\"https:\/\/www.arosmarmitte.it\/prodotto\/impianti-di-scarico\/collettore-di-scarico-4-2-1-bmw-2002-gruppo-2\/\" \/>\n<meta property=\"og:site_name\" content=\"Aros Marmitte\" \/>\n<meta property=\"article:publisher\" content=\"https:\/\/www.facebook.com\/arosmarmitte\" \/>\n<meta property=\"article:modified_time\" content=\"2025-10-27T07:15:55+00:00\" \/>\n<meta property=\"og:image\" content=\"https:\/\/www.arosmarmitte.it\/wp-content\/uploads\/BMW-GRUPPO-2-MANIFOLD-HEADERS-COLLETTORE-4-2-1-MARMITTA-SCARICO-ARTIGIANALE-EXHAUST-SYSTEM-SOUND-ECHAPPEMENT-1.jpg\" \/>\n\t<meta property=\"og:image:width\" content=\"1200\" \/>\n\t<meta property=\"og:image:height\" content=\"1108\" \/>\n\t<meta property=\"og:image:type\" content=\"image\/jpeg\" \/>\n<meta name=\"twitter:card\" content=\"summary_large_image\" \/>\n<meta name=\"twitter:site\" content=\"@AROS_MARMITTE\" \/>\n<meta name=\"twitter:label1\" content=\"Est. reading time\" \/>\n\t<meta name=\"twitter:data1\" content=\"2 minutes\" \/>\n<script type=\"application\/ld+json\" class=\"yoast-schema-graph\">{\"@context\":\"https:\/\/schema.org\",\"@graph\":[{\"@type\":\"WebPage\",\"@id\":\"https:\/\/www.arosmarmitte.it\/prodotto\/impianti-di-scarico\/collettore-di-scarico-4-2-1-bmw-2002-gruppo-2\/\",\"url\":\"https:\/\/www.arosmarmitte.it\/prodotto\/impianti-di-scarico\/collettore-di-scarico-4-2-1-bmw-2002-gruppo-2\/\",\"name\":\"BMW 2002 GRUPPO 2 - Collettore di scarico 4-2-1 | Aros Marmitte\",\"isPartOf\":{\"@id\":\"https:\/\/www.arosmarmitte.it\/en\/#website\"},\"primaryImageOfPage\":{\"@id\":\"https:\/\/www.arosmarmitte.it\/prodotto\/impianti-di-scarico\/collettore-di-scarico-4-2-1-bmw-2002-gruppo-2\/#primaryimage\"},\"image\":{\"@id\":\"https:\/\/www.arosmarmitte.it\/prodotto\/impianti-di-scarico\/collettore-di-scarico-4-2-1-bmw-2002-gruppo-2\/#primaryimage\"},\"thumbnailUrl\":\"https:\/\/www.arosmarmitte.it\/wp-content\/uploads\/BMW-GRUPPO-2-MANIFOLD-HEADERS-COLLETTORE-4-2-1-MARMITTA-SCARICO-ARTIGIANALE-EXHAUST-SYSTEM-SOUND-ECHAPPEMENT-1.jpg\",\"datePublished\":\"2024-09-28T13:30:59+00:00\",\"dateModified\":\"2025-10-27T07:15:55+00:00\",\"description\":\"Stravolgi la tua BMW 2002 (gruppo 2) con il nostro collettore di scarico 4-2-1! Contattaci subito per maggiori informazioni!\",\"breadcrumb\":{\"@id\":\"https:\/\/www.arosmarmitte.it\/prodotto\/impianti-di-scarico\/collettore-di-scarico-4-2-1-bmw-2002-gruppo-2\/#breadcrumb\"},\"inLanguage\":\"en-US\",\"potentialAction\":[{\"@type\":\"ReadAction\",\"target\":[\"https:\/\/www.arosmarmitte.it\/prodotto\/impianti-di-scarico\/collettore-di-scarico-4-2-1-bmw-2002-gruppo-2\/\"]}]},{\"@type\":\"ImageObject\",\"inLanguage\":\"en-US\",\"@id\":\"https:\/\/www.arosmarmitte.it\/prodotto\/impianti-di-scarico\/collettore-di-scarico-4-2-1-bmw-2002-gruppo-2\/#primaryimage\",\"url\":\"https:\/\/www.arosmarmitte.it\/wp-content\/uploads\/BMW-GRUPPO-2-MANIFOLD-HEADERS-COLLETTORE-4-2-1-MARMITTA-SCARICO-ARTIGIANALE-EXHAUST-SYSTEM-SOUND-ECHAPPEMENT-1.jpg\",\"contentUrl\":\"https:\/\/www.arosmarmitte.it\/wp-content\/uploads\/BMW-GRUPPO-2-MANIFOLD-HEADERS-COLLETTORE-4-2-1-MARMITTA-SCARICO-ARTIGIANALE-EXHAUST-SYSTEM-SOUND-ECHAPPEMENT-1.jpg\",\"width\":1200,\"height\":1108,\"caption\":\"collettore di scarico 4-2-1 per BMW 2002 gruppo 2\"},{\"@type\":\"BreadcrumbList\",\"@id\":\"https:\/\/www.arosmarmitte.it\/prodotto\/impianti-di-scarico\/collettore-di-scarico-4-2-1-bmw-2002-gruppo-2\/#breadcrumb\",\"itemListElement\":[{\"@type\":\"ListItem\",\"position\":1,\"name\":\"Home\",\"item\":\"https:\/\/www.arosmarmitte.it\/en\/\"},{\"@type\":\"ListItem\",\"position\":2,\"name\":\"Shop\",\"item\":\"https:\/\/www.arosmarmitte.it\/shop\/\"},{\"@type\":\"ListItem\",\"position\":3,\"name\":\"2002 GRUPPO 2 &#8211; Collettore di scarico 4-2-1\"}]},{\"@type\":\"WebSite\",\"@id\":\"https:\/\/www.arosmarmitte.it\/en\/#website\",\"url\":\"https:\/\/www.arosmarmitte.it\/en\/\",\"name\":\"Aros Marmitte\",\"description\":\"\",\"publisher\":{\"@id\":\"https:\/\/www.arosmarmitte.it\/en\/#organization\"},\"potentialAction\":[{\"@type\":\"SearchAction\",\"target\":{\"@type\":\"EntryPoint\",\"urlTemplate\":\"https:\/\/www.arosmarmitte.it\/en\/?s={search_term_string}\"},\"query-input\":{\"@type\":\"PropertyValueSpecification\",\"valueRequired\":true,\"valueName\":\"search_term_string\"}}],\"inLanguage\":\"en-US\"},{\"@type\":\"Organization\",\"@id\":\"https:\/\/www.arosmarmitte.it\/en\/#organization\",\"name\":\"AROS Marmitte\",\"alternateName\":\"AROS SRL\",\"url\":\"https:\/\/www.arosmarmitte.it\/en\/\",\"logo\":{\"@type\":\"ImageObject\",\"inLanguage\":\"en-US\",\"@id\":\"https:\/\/www.arosmarmitte.it\/en\/#\/schema\/logo\/image\/\",\"url\":\"https:\/\/www.arosmarmitte.it\/wp-content\/uploads\/AROS_MARMITTE_LOGO_2016-EXHAUST-SYSTEMS-ECHAPPEMENT-SCARICO-ARTIGIANALE-MARMITTA-1-1.jpg\",\"contentUrl\":\"https:\/\/www.arosmarmitte.it\/wp-content\/uploads\/AROS_MARMITTE_LOGO_2016-EXHAUST-SYSTEMS-ECHAPPEMENT-SCARICO-ARTIGIANALE-MARMITTA-1-1.jpg\",\"width\":1000,\"height\":875,\"caption\":\"AROS Marmitte\"},\"image\":{\"@id\":\"https:\/\/www.arosmarmitte.it\/en\/#\/schema\/logo\/image\/\"},\"sameAs\":[\"https:\/\/www.facebook.com\/arosmarmitte\",\"https:\/\/x.com\/AROS_MARMITTE\",\"https:\/\/www.instagram.com\/arosmarmitte\/\",\"https:\/\/www.tiktok.com\/@aros_marmitte\"],\"email\":\"info@arosmarmitte.it\",\"telephone\":\"3401417652\"}]}<\/script>\n<!-- \/ Yoast SEO Premium plugin. -->","yoast_head_json":{"title":"BMW 2002 GRUPPO 2 - Collettore di scarico 4-2-1 | Aros Marmitte","description":"Stravolgi la tua BMW 2002 (gruppo 2) con il nostro collettore di scarico 4-2-1! Contattaci subito per maggiori informazioni!","robots":{"index":"index","follow":"follow","max-snippet":"max-snippet:-1","max-image-preview":"max-image-preview:large","max-video-preview":"max-video-preview:-1"},"canonical":"https:\/\/www.arosmarmitte.it\/prodotto\/impianti-di-scarico\/collettore-di-scarico-4-2-1-bmw-2002-gruppo-2\/","og_locale":"en_US","og_type":"article","og_title":"2002 GRUPPO 2 - Collettore di scarico 4-2-1","og_description":"Stravolgi la tua BMW 2002 (gruppo 2) con il nostro collettore di scarico 4-2-1! Contattaci subito per maggiori informazioni!","og_url":"https:\/\/www.arosmarmitte.it\/prodotto\/impianti-di-scarico\/collettore-di-scarico-4-2-1-bmw-2002-gruppo-2\/","og_site_name":"Aros Marmitte","article_publisher":"https:\/\/www.facebook.com\/arosmarmitte","article_modified_time":"2025-10-27T07:15:55+00:00","og_image":[{"width":1200,"height":1108,"url":"https:\/\/www.arosmarmitte.it\/wp-content\/uploads\/BMW-GRUPPO-2-MANIFOLD-HEADERS-COLLETTORE-4-2-1-MARMITTA-SCARICO-ARTIGIANALE-EXHAUST-SYSTEM-SOUND-ECHAPPEMENT-1.jpg","type":"image\/jpeg"}],"twitter_card":"summary_large_image","twitter_site":"@AROS_MARMITTE","twitter_misc":{"Est. reading time":"2 minutes"},"schema":{"@context":"https:\/\/schema.org","@graph":[{"@type":"WebPage","@id":"https:\/\/www.arosmarmitte.it\/prodotto\/impianti-di-scarico\/collettore-di-scarico-4-2-1-bmw-2002-gruppo-2\/","url":"https:\/\/www.arosmarmitte.it\/prodotto\/impianti-di-scarico\/collettore-di-scarico-4-2-1-bmw-2002-gruppo-2\/","name":"BMW 2002 GRUPPO 2 - Collettore di scarico 4-2-1 | Aros Marmitte","isPartOf":{"@id":"https:\/\/www.arosmarmitte.it\/en\/#website"},"primaryImageOfPage":{"@id":"https:\/\/www.arosmarmitte.it\/prodotto\/impianti-di-scarico\/collettore-di-scarico-4-2-1-bmw-2002-gruppo-2\/#primaryimage"},"image":{"@id":"https:\/\/www.arosmarmitte.it\/prodotto\/impianti-di-scarico\/collettore-di-scarico-4-2-1-bmw-2002-gruppo-2\/#primaryimage"},"thumbnailUrl":"https:\/\/www.arosmarmitte.it\/wp-content\/uploads\/BMW-GRUPPO-2-MANIFOLD-HEADERS-COLLETTORE-4-2-1-MARMITTA-SCARICO-ARTIGIANALE-EXHAUST-SYSTEM-SOUND-ECHAPPEMENT-1.jpg","datePublished":"2024-09-28T13:30:59+00:00","dateModified":"2025-10-27T07:15:55+00:00","description":"Stravolgi la tua BMW 2002 (gruppo 2) con il nostro collettore di scarico 4-2-1! Contattaci subito per maggiori informazioni!","breadcrumb":{"@id":"https:\/\/www.arosmarmitte.it\/prodotto\/impianti-di-scarico\/collettore-di-scarico-4-2-1-bmw-2002-gruppo-2\/#breadcrumb"},"inLanguage":"en-US","potentialAction":[{"@type":"ReadAction","target":["https:\/\/www.arosmarmitte.it\/prodotto\/impianti-di-scarico\/collettore-di-scarico-4-2-1-bmw-2002-gruppo-2\/"]}]},{"@type":"ImageObject","inLanguage":"en-US","@id":"https:\/\/www.arosmarmitte.it\/prodotto\/impianti-di-scarico\/collettore-di-scarico-4-2-1-bmw-2002-gruppo-2\/#primaryimage","url":"https:\/\/www.arosmarmitte.it\/wp-content\/uploads\/BMW-GRUPPO-2-MANIFOLD-HEADERS-COLLETTORE-4-2-1-MARMITTA-SCARICO-ARTIGIANALE-EXHAUST-SYSTEM-SOUND-ECHAPPEMENT-1.jpg","contentUrl":"https:\/\/www.arosmarmitte.it\/wp-content\/uploads\/BMW-GRUPPO-2-MANIFOLD-HEADERS-COLLETTORE-4-2-1-MARMITTA-SCARICO-ARTIGIANALE-EXHAUST-SYSTEM-SOUND-ECHAPPEMENT-1.jpg","width":1200,"height":1108,"caption":"collettore di scarico 4-2-1 per BMW 2002 gruppo 2"},{"@type":"BreadcrumbList","@id":"https:\/\/www.arosmarmitte.it\/prodotto\/impianti-di-scarico\/collettore-di-scarico-4-2-1-bmw-2002-gruppo-2\/#breadcrumb","itemListElement":[{"@type":"ListItem","position":1,"name":"Home","item":"https:\/\/www.arosmarmitte.it\/en\/"},{"@type":"ListItem","position":2,"name":"Shop","item":"https:\/\/www.arosmarmitte.it\/shop\/"},{"@type":"ListItem","position":3,"name":"2002 GRUPPO 2 &#8211; Collettore di scarico 4-2-1"}]},{"@type":"WebSite","@id":"https:\/\/www.arosmarmitte.it\/en\/#website","url":"https:\/\/www.arosmarmitte.it\/en\/","name":"Aros Marmitte","description":"","publisher":{"@id":"https:\/\/www.arosmarmitte.it\/en\/#organization"},"potentialAction":[{"@type":"SearchAction","target":{"@type":"EntryPoint","urlTemplate":"https:\/\/www.arosmarmitte.it\/en\/?s={search_term_string}"},"query-input":{"@type":"PropertyValueSpecification","valueRequired":true,"valueName":"search_term_string"}}],"inLanguage":"en-US"},{"@type":"Organization","@id":"https:\/\/www.arosmarmitte.it\/en\/#organization","name":"AROS Marmitte","alternateName":"AROS SRL","url":"https:\/\/www.arosmarmitte.it\/en\/","logo":{"@type":"ImageObject","inLanguage":"en-US","@id":"https:\/\/www.arosmarmitte.it\/en\/#\/schema\/logo\/image\/","url":"https:\/\/www.arosmarmitte.it\/wp-content\/uploads\/AROS_MARMITTE_LOGO_2016-EXHAUST-SYSTEMS-ECHAPPEMENT-SCARICO-ARTIGIANALE-MARMITTA-1-1.jpg","contentUrl":"https:\/\/www.arosmarmitte.it\/wp-content\/uploads\/AROS_MARMITTE_LOGO_2016-EXHAUST-SYSTEMS-ECHAPPEMENT-SCARICO-ARTIGIANALE-MARMITTA-1-1.jpg","width":1000,"height":875,"caption":"AROS Marmitte"},"image":{"@id":"https:\/\/www.arosmarmitte.it\/en\/#\/schema\/logo\/image\/"},"sameAs":["https:\/\/www.facebook.com\/arosmarmitte","https:\/\/x.com\/AROS_MARMITTE","https:\/\/www.instagram.com\/arosmarmitte\/","https:\/\/www.tiktok.com\/@aros_marmitte"],"email":"info@arosmarmitte.it","telephone":"3401417652"}]}},"_links":{"self":[{"href":"https:\/\/www.arosmarmitte.it\/en\/wp-json\/wp\/v2\/product\/121059","targetHints":{"allow":["GET"]}}],"collection":[{"href":"https:\/\/www.arosmarmitte.it\/en\/wp-json\/wp\/v2\/product"}],"about":[{"href":"https:\/\/www.arosmarmitte.it\/en\/wp-json\/wp\/v2\/types\/product"}],"replies":[{"embeddable":true,"href":"https:\/\/www.arosmarmitte.it\/en\/wp-json\/wp\/v2\/comments?post=121059"}],"wp:featuredmedia":[{"embeddable":true,"href":"https:\/\/www.arosmarmitte.it\/en\/wp-json\/wp\/v2\/media\/113652"}],"wp:attachment":[{"href":"https:\/\/www.arosmarmitte.it\/en\/wp-json\/wp\/v2\/media?parent=121059"}],"wp:term":[{"taxonomy":"marca","embeddable":true,"href":"https:\/\/www.arosmarmitte.it\/en\/wp-json\/wp\/v2\/marca?post=121059"},{"taxonomy":"product_brand","embeddable":true,"href":"https:\/\/www.arosmarmitte.it\/en\/wp-json\/wp\/v2\/product_brand?post=121059"},{"taxonomy":"product_cat","embeddable":true,"href":"https:\/\/www.arosmarmitte.it\/en\/wp-json\/wp\/v2\/product_cat?post=121059"},{"taxonomy":"product_tag","embeddable":true,"href":"https:\/\/www.arosmarmitte.it\/en\/wp-json\/wp\/v2\/product_tag?post=121059"}],"curies":[{"name":"wp","href":"https:\/\/api.w.org\/{rel}","templated":true}]}}