{"id":120737,"date":"2024-09-28T15:25:30","date_gmt":"2024-09-28T13:25:30","guid":{"rendered":"http:\/\/arosmarmitte.it\/?post_type=product&#038;p=120737"},"modified":"2026-04-15T11:21:40","modified_gmt":"2026-04-15T09:21:40","slug":"sezione-2-in-1-dopo-collettore-lancia-fulvia-1300-coupe-serie-1-1965-1970","status":"publish","type":"product","link":"https:\/\/www.arosmarmitte.it\/en\/prodotto\/exhaust-systems\/sezione-2-in-1-dopo-collettore-lancia-fulvia-1300-coupe-serie-1-1965-1970\/","title":{"rendered":"Fulvia 1300 Coup\u00e9 serie 1 &#8211; Sezione 2 in 1 dopo collettore"},"content":{"rendered":"<h1>Sezione 2 in 1 dopo collettore per Lancia Fulvia 1300 Coup\u00e9 serie 1<\/h1>\n<h2>Sezione 2 in 1 dopo collettore \u2013 Lancia Fulvia 1300 Coup\u00e9 serie 1 | 1965-1970<\/h2>\n<p>&nbsp;<\/p>\n<p>&nbsp;<\/p>\n<p>Sezione 2 in 1 dopo collettore per Lancia Fulvia 1300 Coup\u00e9 serie 1.<\/p>\n<p>&nbsp;<\/p>\n<p>&nbsp;<\/p>\n<p>&nbsp;<\/p>\n<h2>Dettagli tecnici<\/h2>\n<h3><strong>Perch\u00e9 AISI 304?<\/strong><\/h3>\n<ul>\n<li>Alta resistenza alla corrosione e alle alte temperature<\/li>\n<li>Durabilit\u00e0 superiore nel tempo<\/li>\n<li>Materiale versatile e affidabile<\/li>\n<li>Garantisce prestazioni costanti<\/li>\n<\/ul>\n<p>&nbsp;<\/p>\n<h3><strong>Cosa significa marmitta saldata a TIG?<\/strong><\/h3>\n<p><strong>Aros Marmitte utilizza solo saldature a TIG anche per la tua Lancia Fulvia 1300 Coup\u00e9 serie 1 <\/strong>\u2013 ovvero<em>\u00a0<\/em>si indica una tecnica piuttosto complessa e fine di saldatura. In questo modo i nostri impianti di scarico garantiscono sia resistenza, nonostante il peso ridotto, sia una qualit\u00e0 superiore. Soprattutto se paragonati a marmitte realizzate con saldatura MIG. Inoltre i punti di saldatura aumentano la raffinatezza dello scarico, realizzando un prodotto performante ed esteticamente gradevole.<\/p>\n<ul>\n<li>Maggiore resistenza alle sollecitazioni termiche<\/li>\n<li>Finitura impeccabile e design raffinato<\/li>\n<li>Affidabilit\u00e0 e lunga durata nel tempo<\/li>\n<\/ul>\n<p>&nbsp;<\/p>\n<h3>P&amp;P: montaggio plug&amp;play che non richiede modifiche alla tua Lancia Fulvia 1300 Coup\u00e9<\/h3>\n<p>I nostri scarichi sono stati tutti disegnati e montati sull\u2019auto originale per garantire un\u2019adattabilit\u00e0 perfetta al motore ed alla vettura.<\/p>\n<p>&nbsp;<\/p>\n<p>&nbsp;<\/p>\n<p>&nbsp;<\/p>\n<p>&nbsp;<\/p>\n<p><em>Infine ci teniamo ad evidenziare che tutti gli articoli vengono progettati e realizzati nella nostra sede operativa e il prodotto gode di tutte le caratteristiche e cure della migliore tradizione artigianale italiana.<\/em><\/p>\n<p>&nbsp;<\/p>\n<p>&nbsp;<\/p>\n<div class=\"flex items-center justify-center\">\n<p><em>Non trovi quel che ti serve?\u00a0\u00a0<\/em>Visita la sezione\u00a0<a href=\"https:\/\/www.arosmarmitte.it\/contatti\/\" target=\"_blank\" rel=\"noopener\">contatti<\/a>\u00a0e chiamaci o scrivici via whatsapp, ti risponderemo subito!<\/p>\n<p>&nbsp;<\/p>\n<\/div>\n<div class=\"flex items-center justify-center\">\n<h5>Effettuiamo spedizioni in tutta Italia in tempi brevi.\u00a0<a href=\"https:\/\/www.arosmarmitte.it\/contatti\/\" target=\"_blank\" rel=\"noopener\">Consulta le norme di spedizione<\/a>.<\/h5>\n<hr \/>\n<h6>Visita anche la nostra\u00a0<a href=\"https:\/\/www.facebook.com\/arosmarmitte?locale=it_IT\" target=\"_blank\" rel=\"noopener\">pagina Facebook<\/a>\u00a0o il nostro\u00a0<a href=\"https:\/\/www.instagram.com\/arosmarmitte\/?next=https%3A%2F%2Fwww.instagram.com%2Farosmarmitte%2F\" target=\"_blank\" rel=\"noopener\">account Instagram<\/a>\u00a0per restare sempre aggiornato sui nostri prodotti!<\/h6>\n<\/div>\n","protected":false},"excerpt":{"rendered":"<p>Sezione 2 in 1 dopo collettore per Lancia Fulvia 1300 Coup\u00e9 serie 1 Sezione 2 in 1 dopo collettore \u2013 Lancia Fulvia 1300 Coup\u00e9 serie 1 | 1965-1970 &nbsp; &nbsp; Sezione 2 in 1 dopo collettore per Lancia Fulvia 1300 Coup\u00e9 serie 1. &nbsp; &nbsp; &nbsp; Dettagli tecnici Perch\u00e9 AISI 304? Alta resistenza alla corrosione [&hellip;]<\/p>\n","protected":false},"featured_media":113272,"comment_status":"closed","ping_status":"closed","template":"","meta":{"_acf_changed":false},"marca":[],"product_brand":[],"product_cat":[15],"product_tag":[],"class_list":{"0":"post-120737","1":"product","2":"type-product","3":"status-publish","4":"has-post-thumbnail","6":"product_cat-impianti-di-scarico","8":"first","9":"instock","10":"taxable","11":"shipping-taxable","12":"purchasable","13":"product-type-simple"},"acf":[],"yoast_head":"<!-- This site is optimized with the Yoast SEO Premium plugin v24.8 (Yoast SEO v27.2) - https:\/\/yoast.com\/product\/yoast-seo-premium-wordpress\/ -->\n<title>Lancia Fulvia 1300 Coup\u00e9 serie 1 - Sezione 2 in 1 dopo collettore | Aros Marmitte<\/title>\n<meta name=\"description\" content=\"Stravolgi la tua Lancia Fulvia 1300 Coup\u00e9 serie 1 con la nostra sezione 2 in 1 dopo collettore! Scopri di pi\u00f9, visita il sito!\" \/>\n<meta name=\"robots\" content=\"index, follow, max-snippet:-1, max-image-preview:large, max-video-preview:-1\" \/>\n<link rel=\"canonical\" href=\"https:\/\/www.arosmarmitte.it\/prodotto\/impianti-di-scarico\/sezione-2-in-1-dopo-collettore-lancia-fulvia-1300-coupe-serie-1-1965-1970\/\" \/>\n<meta property=\"og:locale\" content=\"en_US\" \/>\n<meta property=\"og:type\" content=\"article\" \/>\n<meta property=\"og:title\" content=\"Fulvia 1300 Coup\u00e9 serie 1 - Sezione 2 in 1 dopo collettore\" \/>\n<meta property=\"og:description\" content=\"Stravolgi la tua Lancia Fulvia 1300 Coup\u00e9 serie 1 con la nostra sezione 2 in 1 dopo collettore! Scopri di pi\u00f9, visita il sito!\" \/>\n<meta property=\"og:url\" content=\"https:\/\/www.arosmarmitte.it\/prodotto\/impianti-di-scarico\/sezione-2-in-1-dopo-collettore-lancia-fulvia-1300-coupe-serie-1-1965-1970\/\" \/>\n<meta property=\"og:site_name\" content=\"Aros Marmitte\" \/>\n<meta property=\"article:publisher\" content=\"https:\/\/www.facebook.com\/arosmarmitte\" \/>\n<meta property=\"article:modified_time\" content=\"2026-04-15T09:21:40+00:00\" \/>\n<meta property=\"og:image\" content=\"https:\/\/www.arosmarmitte.it\/wp-content\/uploads\/Lancia-Fulvia-prima-serie-1-sezione-2-in-1-collettore-exhaust-system-sound-marmitta-scarico-echappament-manifold-headers-1.jpg\" \/>\n\t<meta property=\"og:image:width\" content=\"1200\" \/>\n\t<meta property=\"og:image:height\" content=\"992\" \/>\n\t<meta property=\"og:image:type\" content=\"image\/jpeg\" \/>\n<meta name=\"twitter:card\" content=\"summary_large_image\" \/>\n<meta name=\"twitter:site\" content=\"@AROS_MARMITTE\" \/>\n<meta name=\"twitter:label1\" content=\"Est. reading time\" \/>\n\t<meta name=\"twitter:data1\" content=\"2 minutes\" \/>\n<script type=\"application\/ld+json\" class=\"yoast-schema-graph\">{\"@context\":\"https:\/\/schema.org\",\"@graph\":[{\"@type\":\"WebPage\",\"@id\":\"https:\/\/www.arosmarmitte.it\/prodotto\/impianti-di-scarico\/sezione-2-in-1-dopo-collettore-lancia-fulvia-1300-coupe-serie-1-1965-1970\/\",\"url\":\"https:\/\/www.arosmarmitte.it\/prodotto\/impianti-di-scarico\/sezione-2-in-1-dopo-collettore-lancia-fulvia-1300-coupe-serie-1-1965-1970\/\",\"name\":\"Lancia Fulvia 1300 Coup\u00e9 serie 1 - Sezione 2 in 1 dopo collettore | Aros Marmitte\",\"isPartOf\":{\"@id\":\"https:\/\/www.arosmarmitte.it\/en\/#website\"},\"primaryImageOfPage\":{\"@id\":\"https:\/\/www.arosmarmitte.it\/prodotto\/impianti-di-scarico\/sezione-2-in-1-dopo-collettore-lancia-fulvia-1300-coupe-serie-1-1965-1970\/#primaryimage\"},\"image\":{\"@id\":\"https:\/\/www.arosmarmitte.it\/prodotto\/impianti-di-scarico\/sezione-2-in-1-dopo-collettore-lancia-fulvia-1300-coupe-serie-1-1965-1970\/#primaryimage\"},\"thumbnailUrl\":\"https:\/\/www.arosmarmitte.it\/wp-content\/uploads\/Lancia-Fulvia-prima-serie-1-sezione-2-in-1-collettore-exhaust-system-sound-marmitta-scarico-echappament-manifold-headers-1.jpg\",\"datePublished\":\"2024-09-28T13:25:30+00:00\",\"dateModified\":\"2026-04-15T09:21:40+00:00\",\"description\":\"Stravolgi la tua Lancia Fulvia 1300 Coup\u00e9 serie 1 con la nostra sezione 2 in 1 dopo collettore! Scopri di pi\u00f9, visita il sito!\",\"breadcrumb\":{\"@id\":\"https:\/\/www.arosmarmitte.it\/prodotto\/impianti-di-scarico\/sezione-2-in-1-dopo-collettore-lancia-fulvia-1300-coupe-serie-1-1965-1970\/#breadcrumb\"},\"inLanguage\":\"en-US\",\"potentialAction\":[{\"@type\":\"ReadAction\",\"target\":[\"https:\/\/www.arosmarmitte.it\/prodotto\/impianti-di-scarico\/sezione-2-in-1-dopo-collettore-lancia-fulvia-1300-coupe-serie-1-1965-1970\/\"]}]},{\"@type\":\"ImageObject\",\"inLanguage\":\"en-US\",\"@id\":\"https:\/\/www.arosmarmitte.it\/prodotto\/impianti-di-scarico\/sezione-2-in-1-dopo-collettore-lancia-fulvia-1300-coupe-serie-1-1965-1970\/#primaryimage\",\"url\":\"https:\/\/www.arosmarmitte.it\/wp-content\/uploads\/Lancia-Fulvia-prima-serie-1-sezione-2-in-1-collettore-exhaust-system-sound-marmitta-scarico-echappament-manifold-headers-1.jpg\",\"contentUrl\":\"https:\/\/www.arosmarmitte.it\/wp-content\/uploads\/Lancia-Fulvia-prima-serie-1-sezione-2-in-1-collettore-exhaust-system-sound-marmitta-scarico-echappament-manifold-headers-1.jpg\",\"width\":1200,\"height\":992,\"caption\":\"Lancia Fulvia 1300 Coup\u00e9 serie 1 - Sezione 2 in 1 dopo collettore\"},{\"@type\":\"BreadcrumbList\",\"@id\":\"https:\/\/www.arosmarmitte.it\/prodotto\/impianti-di-scarico\/sezione-2-in-1-dopo-collettore-lancia-fulvia-1300-coupe-serie-1-1965-1970\/#breadcrumb\",\"itemListElement\":[{\"@type\":\"ListItem\",\"position\":1,\"name\":\"Home\",\"item\":\"https:\/\/www.arosmarmitte.it\/en\/\"},{\"@type\":\"ListItem\",\"position\":2,\"name\":\"Shop\",\"item\":\"https:\/\/www.arosmarmitte.it\/shop\/\"},{\"@type\":\"ListItem\",\"position\":3,\"name\":\"Fulvia 1300 Coup\u00e9 serie 1 &#8211; Sezione 2 in 1 dopo collettore\"}]},{\"@type\":\"WebSite\",\"@id\":\"https:\/\/www.arosmarmitte.it\/en\/#website\",\"url\":\"https:\/\/www.arosmarmitte.it\/en\/\",\"name\":\"Aros Marmitte\",\"description\":\"\",\"publisher\":{\"@id\":\"https:\/\/www.arosmarmitte.it\/en\/#organization\"},\"potentialAction\":[{\"@type\":\"SearchAction\",\"target\":{\"@type\":\"EntryPoint\",\"urlTemplate\":\"https:\/\/www.arosmarmitte.it\/en\/?s={search_term_string}\"},\"query-input\":{\"@type\":\"PropertyValueSpecification\",\"valueRequired\":true,\"valueName\":\"search_term_string\"}}],\"inLanguage\":\"en-US\"},{\"@type\":\"Organization\",\"@id\":\"https:\/\/www.arosmarmitte.it\/en\/#organization\",\"name\":\"AROS Marmitte\",\"alternateName\":\"AROS SRL\",\"url\":\"https:\/\/www.arosmarmitte.it\/en\/\",\"logo\":{\"@type\":\"ImageObject\",\"inLanguage\":\"en-US\",\"@id\":\"https:\/\/www.arosmarmitte.it\/en\/#\/schema\/logo\/image\/\",\"url\":\"https:\/\/www.arosmarmitte.it\/wp-content\/uploads\/AROS_MARMITTE_LOGO_2016-EXHAUST-SYSTEMS-ECHAPPEMENT-SCARICO-ARTIGIANALE-MARMITTA-1-1.jpg\",\"contentUrl\":\"https:\/\/www.arosmarmitte.it\/wp-content\/uploads\/AROS_MARMITTE_LOGO_2016-EXHAUST-SYSTEMS-ECHAPPEMENT-SCARICO-ARTIGIANALE-MARMITTA-1-1.jpg\",\"width\":1000,\"height\":875,\"caption\":\"AROS Marmitte\"},\"image\":{\"@id\":\"https:\/\/www.arosmarmitte.it\/en\/#\/schema\/logo\/image\/\"},\"sameAs\":[\"https:\/\/www.facebook.com\/arosmarmitte\",\"https:\/\/x.com\/AROS_MARMITTE\",\"https:\/\/www.instagram.com\/arosmarmitte\/\",\"https:\/\/www.tiktok.com\/@aros_marmitte\"],\"email\":\"info@arosmarmitte.it\",\"telephone\":\"3401417652\"}]}<\/script>\n<!-- \/ Yoast SEO Premium plugin. -->","yoast_head_json":{"title":"Lancia Fulvia 1300 Coup\u00e9 serie 1 - Sezione 2 in 1 dopo collettore | Aros Marmitte","description":"Stravolgi la tua Lancia Fulvia 1300 Coup\u00e9 serie 1 con la nostra sezione 2 in 1 dopo collettore! Scopri di pi\u00f9, visita il sito!","robots":{"index":"index","follow":"follow","max-snippet":"max-snippet:-1","max-image-preview":"max-image-preview:large","max-video-preview":"max-video-preview:-1"},"canonical":"https:\/\/www.arosmarmitte.it\/prodotto\/impianti-di-scarico\/sezione-2-in-1-dopo-collettore-lancia-fulvia-1300-coupe-serie-1-1965-1970\/","og_locale":"en_US","og_type":"article","og_title":"Fulvia 1300 Coup\u00e9 serie 1 - Sezione 2 in 1 dopo collettore","og_description":"Stravolgi la tua Lancia Fulvia 1300 Coup\u00e9 serie 1 con la nostra sezione 2 in 1 dopo collettore! Scopri di pi\u00f9, visita il sito!","og_url":"https:\/\/www.arosmarmitte.it\/prodotto\/impianti-di-scarico\/sezione-2-in-1-dopo-collettore-lancia-fulvia-1300-coupe-serie-1-1965-1970\/","og_site_name":"Aros Marmitte","article_publisher":"https:\/\/www.facebook.com\/arosmarmitte","article_modified_time":"2026-04-15T09:21:40+00:00","og_image":[{"width":1200,"height":992,"url":"https:\/\/www.arosmarmitte.it\/wp-content\/uploads\/Lancia-Fulvia-prima-serie-1-sezione-2-in-1-collettore-exhaust-system-sound-marmitta-scarico-echappament-manifold-headers-1.jpg","type":"image\/jpeg"}],"twitter_card":"summary_large_image","twitter_site":"@AROS_MARMITTE","twitter_misc":{"Est. reading time":"2 minutes"},"schema":{"@context":"https:\/\/schema.org","@graph":[{"@type":"WebPage","@id":"https:\/\/www.arosmarmitte.it\/prodotto\/impianti-di-scarico\/sezione-2-in-1-dopo-collettore-lancia-fulvia-1300-coupe-serie-1-1965-1970\/","url":"https:\/\/www.arosmarmitte.it\/prodotto\/impianti-di-scarico\/sezione-2-in-1-dopo-collettore-lancia-fulvia-1300-coupe-serie-1-1965-1970\/","name":"Lancia Fulvia 1300 Coup\u00e9 serie 1 - Sezione 2 in 1 dopo collettore | Aros Marmitte","isPartOf":{"@id":"https:\/\/www.arosmarmitte.it\/en\/#website"},"primaryImageOfPage":{"@id":"https:\/\/www.arosmarmitte.it\/prodotto\/impianti-di-scarico\/sezione-2-in-1-dopo-collettore-lancia-fulvia-1300-coupe-serie-1-1965-1970\/#primaryimage"},"image":{"@id":"https:\/\/www.arosmarmitte.it\/prodotto\/impianti-di-scarico\/sezione-2-in-1-dopo-collettore-lancia-fulvia-1300-coupe-serie-1-1965-1970\/#primaryimage"},"thumbnailUrl":"https:\/\/www.arosmarmitte.it\/wp-content\/uploads\/Lancia-Fulvia-prima-serie-1-sezione-2-in-1-collettore-exhaust-system-sound-marmitta-scarico-echappament-manifold-headers-1.jpg","datePublished":"2024-09-28T13:25:30+00:00","dateModified":"2026-04-15T09:21:40+00:00","description":"Stravolgi la tua Lancia Fulvia 1300 Coup\u00e9 serie 1 con la nostra sezione 2 in 1 dopo collettore! Scopri di pi\u00f9, visita il sito!","breadcrumb":{"@id":"https:\/\/www.arosmarmitte.it\/prodotto\/impianti-di-scarico\/sezione-2-in-1-dopo-collettore-lancia-fulvia-1300-coupe-serie-1-1965-1970\/#breadcrumb"},"inLanguage":"en-US","potentialAction":[{"@type":"ReadAction","target":["https:\/\/www.arosmarmitte.it\/prodotto\/impianti-di-scarico\/sezione-2-in-1-dopo-collettore-lancia-fulvia-1300-coupe-serie-1-1965-1970\/"]}]},{"@type":"ImageObject","inLanguage":"en-US","@id":"https:\/\/www.arosmarmitte.it\/prodotto\/impianti-di-scarico\/sezione-2-in-1-dopo-collettore-lancia-fulvia-1300-coupe-serie-1-1965-1970\/#primaryimage","url":"https:\/\/www.arosmarmitte.it\/wp-content\/uploads\/Lancia-Fulvia-prima-serie-1-sezione-2-in-1-collettore-exhaust-system-sound-marmitta-scarico-echappament-manifold-headers-1.jpg","contentUrl":"https:\/\/www.arosmarmitte.it\/wp-content\/uploads\/Lancia-Fulvia-prima-serie-1-sezione-2-in-1-collettore-exhaust-system-sound-marmitta-scarico-echappament-manifold-headers-1.jpg","width":1200,"height":992,"caption":"Lancia Fulvia 1300 Coup\u00e9 serie 1 - Sezione 2 in 1 dopo collettore"},{"@type":"BreadcrumbList","@id":"https:\/\/www.arosmarmitte.it\/prodotto\/impianti-di-scarico\/sezione-2-in-1-dopo-collettore-lancia-fulvia-1300-coupe-serie-1-1965-1970\/#breadcrumb","itemListElement":[{"@type":"ListItem","position":1,"name":"Home","item":"https:\/\/www.arosmarmitte.it\/en\/"},{"@type":"ListItem","position":2,"name":"Shop","item":"https:\/\/www.arosmarmitte.it\/shop\/"},{"@type":"ListItem","position":3,"name":"Fulvia 1300 Coup\u00e9 serie 1 &#8211; Sezione 2 in 1 dopo collettore"}]},{"@type":"WebSite","@id":"https:\/\/www.arosmarmitte.it\/en\/#website","url":"https:\/\/www.arosmarmitte.it\/en\/","name":"Aros Marmitte","description":"","publisher":{"@id":"https:\/\/www.arosmarmitte.it\/en\/#organization"},"potentialAction":[{"@type":"SearchAction","target":{"@type":"EntryPoint","urlTemplate":"https:\/\/www.arosmarmitte.it\/en\/?s={search_term_string}"},"query-input":{"@type":"PropertyValueSpecification","valueRequired":true,"valueName":"search_term_string"}}],"inLanguage":"en-US"},{"@type":"Organization","@id":"https:\/\/www.arosmarmitte.it\/en\/#organization","name":"AROS Marmitte","alternateName":"AROS SRL","url":"https:\/\/www.arosmarmitte.it\/en\/","logo":{"@type":"ImageObject","inLanguage":"en-US","@id":"https:\/\/www.arosmarmitte.it\/en\/#\/schema\/logo\/image\/","url":"https:\/\/www.arosmarmitte.it\/wp-content\/uploads\/AROS_MARMITTE_LOGO_2016-EXHAUST-SYSTEMS-ECHAPPEMENT-SCARICO-ARTIGIANALE-MARMITTA-1-1.jpg","contentUrl":"https:\/\/www.arosmarmitte.it\/wp-content\/uploads\/AROS_MARMITTE_LOGO_2016-EXHAUST-SYSTEMS-ECHAPPEMENT-SCARICO-ARTIGIANALE-MARMITTA-1-1.jpg","width":1000,"height":875,"caption":"AROS Marmitte"},"image":{"@id":"https:\/\/www.arosmarmitte.it\/en\/#\/schema\/logo\/image\/"},"sameAs":["https:\/\/www.facebook.com\/arosmarmitte","https:\/\/x.com\/AROS_MARMITTE","https:\/\/www.instagram.com\/arosmarmitte\/","https:\/\/www.tiktok.com\/@aros_marmitte"],"email":"info@arosmarmitte.it","telephone":"3401417652"}]}},"_links":{"self":[{"href":"https:\/\/www.arosmarmitte.it\/en\/wp-json\/wp\/v2\/product\/120737","targetHints":{"allow":["GET"]}}],"collection":[{"href":"https:\/\/www.arosmarmitte.it\/en\/wp-json\/wp\/v2\/product"}],"about":[{"href":"https:\/\/www.arosmarmitte.it\/en\/wp-json\/wp\/v2\/types\/product"}],"replies":[{"embeddable":true,"href":"https:\/\/www.arosmarmitte.it\/en\/wp-json\/wp\/v2\/comments?post=120737"}],"wp:featuredmedia":[{"embeddable":true,"href":"https:\/\/www.arosmarmitte.it\/en\/wp-json\/wp\/v2\/media\/113272"}],"wp:attachment":[{"href":"https:\/\/www.arosmarmitte.it\/en\/wp-json\/wp\/v2\/media?parent=120737"}],"wp:term":[{"taxonomy":"marca","embeddable":true,"href":"https:\/\/www.arosmarmitte.it\/en\/wp-json\/wp\/v2\/marca?post=120737"},{"taxonomy":"product_brand","embeddable":true,"href":"https:\/\/www.arosmarmitte.it\/en\/wp-json\/wp\/v2\/product_brand?post=120737"},{"taxonomy":"product_cat","embeddable":true,"href":"https:\/\/www.arosmarmitte.it\/en\/wp-json\/wp\/v2\/product_cat?post=120737"},{"taxonomy":"product_tag","embeddable":true,"href":"https:\/\/www.arosmarmitte.it\/en\/wp-json\/wp\/v2\/product_tag?post=120737"}],"curies":[{"name":"wp","href":"https:\/\/api.w.org\/{rel}","templated":true}]}}