{"id":120661,"date":"2024-09-28T15:24:17","date_gmt":"2024-09-28T13:24:17","guid":{"rendered":"http:\/\/arosmarmitte.it\/?post_type=product&#038;p=120661"},"modified":"2026-03-11T10:06:23","modified_gmt":"2026-03-11T09:06:23","slug":"linea-di-scarico-completa-non-silenziata-fiat-600-abarth-motore-radiale-1955-1969","status":"publish","type":"product","link":"https:\/\/www.arosmarmitte.it\/en\/prodotto\/exhaust-systems\/linea-di-scarico-completa-non-silenziata-fiat-600-abarth-motore-radiale-1955-1969\/","title":{"rendered":"600 Abarth (motore radiale) &#8211; Linea di scarico completa non silenziata"},"content":{"rendered":"<h1 data-start=\"0\" data-end=\"98\"><strong data-start=\"0\" data-end=\"98\">Linea di scarico completa non silenziata per Fiat 600 Abarth (motore radiale)<\/strong><\/h1>\n<h2>Impianto di scarico con collettore, centrale e finale non silenziato | Acciaio inox | Saldatura a TIG<\/h2>\n<p>&nbsp;<\/p>\n<p>&nbsp;<\/p>\n<h3>Artigianalit\u00e0 italiana per una leggenda delle auto classiche<\/h3>\n<p>&nbsp;<\/p>\n<p data-start=\"100\" data-end=\"250\"><span class=\"relative -mx-px my-[-0.2rem] rounded px-px py-[0.2rem] transition-colors duration-100 ease-in-out\">La nostra linea di scarico completa \u00e8 progettata per la leggendaria\u00a0<strong data-start=\"68\" data-end=\"87\">Fiat 600 Abarth (motore radiale)<\/strong>, un\u2019icona tra le auto classiche.<\/span>\u00a0<span class=\"relative -mx-px my-[-0.2rem] rounded px-px py-[0.2rem] transition-colors duration-100 ease-in-out\">Realizzata interamente in\u00a0<strong data-start=\"26\" data-end=\"50\">acciaio inox AISI304<\/strong>, questa\u00a0<strong data-start=\"59\" data-end=\"71\">marmitta<\/strong>\u00a0offre prestazioni elevate sia su strada che in gara, grazie alla sua resistenza e durabilit\u00e0.<\/span><\/p>\n<p data-start=\"100\" data-end=\"250\"><span class=\"relative -mx-px my-[-0.2rem] rounded px-px py-[0.2rem] transition-colors duration-100 ease-in-out\">L\u2019<strong data-start=\"2\" data-end=\"25\">impianto di scarico<\/strong>\u00a0\u00e8 pensato per gli appassionati che cercano affidabilit\u00e0 e un tocco di artigianalit\u00e0 italiana.<\/span><\/p>\n<p>&nbsp;<\/p>\n<p>&nbsp;<\/p>\n<p>&nbsp;<\/p>\n<hr data-start=\"252\" data-end=\"255\" \/>\n<h3 data-start=\"257\" data-end=\"303\"><\/h3>\n<h3 data-start=\"257\" data-end=\"303\"><strong data-start=\"261\" data-end=\"303\">Dettagli tecnici linea di scarico per Fiat 600 Abarth (motore radiale)<\/strong><\/h3>\n<ul data-start=\"305\" data-end=\"694\">\n<li data-start=\"305\" data-end=\"451\">\n<p data-start=\"307\" data-end=\"451\"><strong data-start=\"307\" data-end=\"331\">Acciaio inox AISI304<\/strong>: u<span class=\"relative -mx-px my-[-0.2rem] rounded px-px py-[0.2rem] transition-colors duration-100 ease-in-out\">tilizziamo tubi con spessore di 1.2 mm, cos\u00ec si garantisce leggerezza senza compromettere la resistenza;<\/span><\/p>\n<\/li>\n<li data-start=\"453\" data-end=\"592\">\n<p data-start=\"455\" data-end=\"592\"><strong data-start=\"455\" data-end=\"472\">Saldature TIG<\/strong>: o<span class=\"relative -mx-px my-[-0.2rem] rounded px-px py-[0.2rem] transition-colors duration-100 ease-in-out\">gni giunzione \u00e8 saldata a TIG ovvero la tecnica preferita nel motorsport per la sua precisione e robustezza; inoltre dona un\u2019estetica unica allo scarico, aumentandone il valore;<\/span><\/p>\n<\/li>\n<li data-start=\"594\" data-end=\"694\">\n<p data-start=\"596\" data-end=\"694\"><strong data-start=\"596\" data-end=\"614\">Componenti CNC<\/strong>: f<span class=\"relative -mx-px my-[-0.2rem] rounded px-px py-[0.2rem] transition-colors duration-100 ease-in-out\">lange e supporti dell\u2019impianto di scarico sono realizzati con macchinari a controllo numerico e taglio laser, assicurando un montaggio preciso e senza stress.<\/span><\/p>\n<\/li>\n<\/ul>\n<p>&nbsp;<\/p>\n<p>&nbsp;<\/p>\n<p>&nbsp;<\/p>\n<hr data-start=\"696\" data-end=\"699\" \/>\n<h3><\/h3>\n<h3><strong data-start=\"705\" data-end=\"742\">Componenti della linea di scarico per Fiat 600 Abarth (motore radiale)<\/strong><\/h3>\n<ul data-start=\"744\" data-end=\"1070\">\n<li data-start=\"744\" data-end=\"852\">\n<p data-start=\"746\" data-end=\"852\"><strong data-start=\"746\" data-end=\"772\">Collettore ottimizzato<\/strong><\/p>\n<\/li>\n<\/ul>\n<p><span class=\"relative -mx-px my-[-0.2rem] rounded px-px py-[0.2rem] transition-colors duration-100 ease-in-out\">Progettato per migliorare il flusso dei gas di scarico, aumentando la reattivit\u00e0 del motore.<\/span><\/p>\n<p>&nbsp;<\/p>\n<p>&nbsp;<\/p>\n<p>&nbsp;<\/p>\n<hr data-start=\"1072\" data-end=\"1075\" \/>\n<h3 data-start=\"1077\" data-end=\"1119\"><\/h3>\n<h3 data-start=\"1077\" data-end=\"1119\"><strong data-start=\"1081\" data-end=\"1119\">Vantaggi dell\u2019acciaio inox AISI304<\/strong><\/h3>\n<p data-start=\"1121\" data-end=\"1279\"><span class=\"relative -mx-px my-[-0.2rem] rounded px-px py-[0.2rem] transition-colors duration-100 ease-in-out\">L\u2019acciaio inox AISI304 \u00e8 noto per la sua resistenza alla corrosione e alle alte temperature, rendendolo ideale per impianti di scarico.<\/span>\u00a0Inoltre l<span class=\"relative -mx-px my-[-0.2rem] rounded px-px py-[0.2rem] transition-colors duration-100 ease-in-out\">a sua durabilit\u00e0 garantisce prestazioni costanti nel tempo, anche in condizioni estreme. Per queste ragioni l\u2019abbiamo scelto anche per l\u2019impianto di scarico della Fiat 600 Abarth (motore radiale).<\/span><\/p>\n<p>&nbsp;<\/p>\n<p>&nbsp;<\/p>\n<p>&nbsp;<\/p>\n<p>&nbsp;<\/p>\n<h3 data-start=\"1286\" data-end=\"1313\"><strong data-start=\"1290\" data-end=\"1313\">Contatti e supporto<\/strong><\/h3>\n<p data-start=\"1315\" data-end=\"1407\">Infine per ulteriori informazioni sulla linea di scarico per Fiat 600 Abarth o per verificare la compatibilit\u00e0 con il tuo veicolo, contattaci:<\/p>\n<ul data-start=\"1409\" data-end=\"1596\">\n<li data-start=\"1409\" data-end=\"1500\">\n<p data-start=\"1411\" data-end=\"1500\"><strong data-start=\"1411\" data-end=\"1420\">Email<\/strong>:\u00a0<span class=\"relative -mx-px my-[-0.2rem] rounded px-px py-[0.2rem] transition-colors duration-100 ease-in-out\"><a href=\"mailto:info@arosmarmitte.it\" target=\"_blank\" rel=\"noopener\" data-start=\"0\" data-end=\"20\" data-is-last-node=\"\" data-is-only-node=\"\">info@arosmarmitte.it<\/a><\/span><\/p>\n<\/li>\n<li data-start=\"1502\" data-end=\"1596\">\n<p data-start=\"1504\" data-end=\"1596\"><strong data-start=\"1504\" data-end=\"1516\">WhatsApp<\/strong>:\u00a0<span class=\"relative -mx-px my-[-0.2rem] rounded px-px py-[0.2rem] transition-colors duration-100 ease-in-out\">+39 348\/4420254<\/span><\/p>\n<\/li>\n<\/ul>\n<p>&nbsp;<\/p>\n<p>&nbsp;<\/p>\n<p>&nbsp;<\/p>\n<p>&nbsp;<\/p>\n<h6>Effettuiamo spedizioni in tutta Italia in tempi brevi.\u00a0<a href=\"https:\/\/www.arosmarmitte.it\/contatti\/\" target=\"_blank\" rel=\"noopener\">Consulta le norme di spedizione<\/a>.<\/h6>\n<hr \/>\n<h6>Infine visita anche la nostra\u00a0<a href=\"https:\/\/www.facebook.com\/arosmarmitte?locale=it_IT\" target=\"_blank\" rel=\"noopener\">pagina Facebook<\/a>\u00a0o il nostro\u00a0<a href=\"https:\/\/www.instagram.com\/arosmarmitte\/?next=https%3A%2F%2Fwww.instagram.com%2Farosmarmitte%2F\" target=\"_blank\" rel=\"noopener\">account Instagram<\/a>\u00a0per restare sempre aggiornato sui nostri prodotti!<\/h6>\n","protected":false},"excerpt":{"rendered":"<p>Linea di scarico completa non silenziata per Fiat 600 Abarth (motore radiale) Impianto di scarico con collettore, centrale e finale non silenziato | Acciaio inox | Saldatura a TIG &nbsp; &nbsp; Artigianalit\u00e0 italiana per una leggenda delle auto classiche &nbsp; La nostra linea di scarico completa \u00e8 progettata per la leggendaria\u00a0Fiat 600 Abarth (motore radiale), [&hellip;]<\/p>\n","protected":false},"featured_media":113184,"comment_status":"closed","ping_status":"closed","template":"","meta":{"_acf_changed":false},"marca":[],"product_brand":[],"product_cat":[15],"product_tag":[],"class_list":{"0":"post-120661","1":"product","2":"type-product","3":"status-publish","4":"has-post-thumbnail","6":"product_cat-impianti-di-scarico","8":"first","9":"instock","10":"taxable","11":"shipping-taxable","12":"purchasable","13":"product-type-simple"},"acf":[],"yoast_head":"<!-- This site is optimized with the Yoast SEO Premium plugin v24.8 (Yoast SEO v27.2) - https:\/\/yoast.com\/product\/yoast-seo-premium-wordpress\/ -->\n<title>600 Abarth (motore radiale) - Scarico completo non silenziato | Aros Marmitte<\/title>\n<meta name=\"description\" content=\"Stravolgi la tua 600 Abarth (motore radiale) con la nostra linea di scarico completa non silenziata in acciaio Inox! Scopri di pi\u00f9, visita il sito!\" \/>\n<meta name=\"robots\" content=\"index, follow, max-snippet:-1, max-image-preview:large, max-video-preview:-1\" \/>\n<link rel=\"canonical\" href=\"https:\/\/www.arosmarmitte.it\/prodotto\/impianti-di-scarico\/linea-di-scarico-completa-non-silenziata-fiat-600-abarth-motore-radiale-1955-1969\/\" \/>\n<meta property=\"og:locale\" content=\"en_US\" \/>\n<meta property=\"og:type\" content=\"article\" \/>\n<meta property=\"og:title\" content=\"600 Abarth (motore radiale) - Linea di scarico completa non silenziata\" \/>\n<meta property=\"og:description\" content=\"Stravolgi la tua 600 Abarth (motore radiale) con la nostra linea di scarico completa non silenziata in acciaio Inox! Scopri di pi\u00f9, visita il sito!\" \/>\n<meta property=\"og:url\" content=\"https:\/\/www.arosmarmitte.it\/prodotto\/impianti-di-scarico\/linea-di-scarico-completa-non-silenziata-fiat-600-abarth-motore-radiale-1955-1969\/\" \/>\n<meta property=\"og:site_name\" content=\"Aros Marmitte\" \/>\n<meta property=\"article:publisher\" content=\"https:\/\/www.facebook.com\/arosmarmitte\" \/>\n<meta property=\"article:modified_time\" content=\"2026-03-11T09:06:23+00:00\" \/>\n<meta property=\"og:image\" content=\"https:\/\/www.arosmarmitte.it\/wp-content\/uploads\/LINEA-DI-SCARICO-COMPLETA-PER-FIAT-ABARTH-600-RADIALE-exhaust-system-sound-echappement-headers-manifold-1.jpg\" \/>\n\t<meta property=\"og:image:width\" content=\"1000\" \/>\n\t<meta property=\"og:image:height\" content=\"777\" \/>\n\t<meta property=\"og:image:type\" content=\"image\/jpeg\" \/>\n<meta name=\"twitter:card\" content=\"summary_large_image\" \/>\n<meta name=\"twitter:site\" content=\"@AROS_MARMITTE\" \/>\n<meta name=\"twitter:label1\" content=\"Est. reading time\" \/>\n\t<meta name=\"twitter:data1\" content=\"2 minutes\" \/>\n<script type=\"application\/ld+json\" class=\"yoast-schema-graph\">{\"@context\":\"https:\/\/schema.org\",\"@graph\":[{\"@type\":\"WebPage\",\"@id\":\"https:\/\/www.arosmarmitte.it\/prodotto\/impianti-di-scarico\/linea-di-scarico-completa-non-silenziata-fiat-600-abarth-motore-radiale-1955-1969\/\",\"url\":\"https:\/\/www.arosmarmitte.it\/prodotto\/impianti-di-scarico\/linea-di-scarico-completa-non-silenziata-fiat-600-abarth-motore-radiale-1955-1969\/\",\"name\":\"600 Abarth (motore radiale) - Scarico completo non silenziato | Aros Marmitte\",\"isPartOf\":{\"@id\":\"https:\/\/www.arosmarmitte.it\/en\/#website\"},\"primaryImageOfPage\":{\"@id\":\"https:\/\/www.arosmarmitte.it\/prodotto\/impianti-di-scarico\/linea-di-scarico-completa-non-silenziata-fiat-600-abarth-motore-radiale-1955-1969\/#primaryimage\"},\"image\":{\"@id\":\"https:\/\/www.arosmarmitte.it\/prodotto\/impianti-di-scarico\/linea-di-scarico-completa-non-silenziata-fiat-600-abarth-motore-radiale-1955-1969\/#primaryimage\"},\"thumbnailUrl\":\"https:\/\/www.arosmarmitte.it\/wp-content\/uploads\/LINEA-DI-SCARICO-COMPLETA-PER-FIAT-ABARTH-600-RADIALE-exhaust-system-sound-echappement-headers-manifold-1.jpg\",\"datePublished\":\"2024-09-28T13:24:17+00:00\",\"dateModified\":\"2026-03-11T09:06:23+00:00\",\"description\":\"Stravolgi la tua 600 Abarth (motore radiale) con la nostra linea di scarico completa non silenziata in acciaio Inox! Scopri di pi\u00f9, visita il sito!\",\"breadcrumb\":{\"@id\":\"https:\/\/www.arosmarmitte.it\/prodotto\/impianti-di-scarico\/linea-di-scarico-completa-non-silenziata-fiat-600-abarth-motore-radiale-1955-1969\/#breadcrumb\"},\"inLanguage\":\"en-US\",\"potentialAction\":[{\"@type\":\"ReadAction\",\"target\":[\"https:\/\/www.arosmarmitte.it\/prodotto\/impianti-di-scarico\/linea-di-scarico-completa-non-silenziata-fiat-600-abarth-motore-radiale-1955-1969\/\"]}]},{\"@type\":\"ImageObject\",\"inLanguage\":\"en-US\",\"@id\":\"https:\/\/www.arosmarmitte.it\/prodotto\/impianti-di-scarico\/linea-di-scarico-completa-non-silenziata-fiat-600-abarth-motore-radiale-1955-1969\/#primaryimage\",\"url\":\"https:\/\/www.arosmarmitte.it\/wp-content\/uploads\/LINEA-DI-SCARICO-COMPLETA-PER-FIAT-ABARTH-600-RADIALE-exhaust-system-sound-echappement-headers-manifold-1.jpg\",\"contentUrl\":\"https:\/\/www.arosmarmitte.it\/wp-content\/uploads\/LINEA-DI-SCARICO-COMPLETA-PER-FIAT-ABARTH-600-RADIALE-exhaust-system-sound-echappement-headers-manifold-1.jpg\",\"width\":1000,\"height\":777,\"caption\":\"fiat 600 abarth motore radiale - 1955-1969 - linea di scarico completa silenziata\"},{\"@type\":\"BreadcrumbList\",\"@id\":\"https:\/\/www.arosmarmitte.it\/prodotto\/impianti-di-scarico\/linea-di-scarico-completa-non-silenziata-fiat-600-abarth-motore-radiale-1955-1969\/#breadcrumb\",\"itemListElement\":[{\"@type\":\"ListItem\",\"position\":1,\"name\":\"Home\",\"item\":\"https:\/\/www.arosmarmitte.it\/en\/\"},{\"@type\":\"ListItem\",\"position\":2,\"name\":\"Shop\",\"item\":\"https:\/\/www.arosmarmitte.it\/shop\/\"},{\"@type\":\"ListItem\",\"position\":3,\"name\":\"600 Abarth (motore radiale) &#8211; Linea di scarico completa non silenziata\"}]},{\"@type\":\"WebSite\",\"@id\":\"https:\/\/www.arosmarmitte.it\/en\/#website\",\"url\":\"https:\/\/www.arosmarmitte.it\/en\/\",\"name\":\"Aros Marmitte\",\"description\":\"\",\"publisher\":{\"@id\":\"https:\/\/www.arosmarmitte.it\/en\/#organization\"},\"potentialAction\":[{\"@type\":\"SearchAction\",\"target\":{\"@type\":\"EntryPoint\",\"urlTemplate\":\"https:\/\/www.arosmarmitte.it\/en\/?s={search_term_string}\"},\"query-input\":{\"@type\":\"PropertyValueSpecification\",\"valueRequired\":true,\"valueName\":\"search_term_string\"}}],\"inLanguage\":\"en-US\"},{\"@type\":\"Organization\",\"@id\":\"https:\/\/www.arosmarmitte.it\/en\/#organization\",\"name\":\"AROS Marmitte\",\"alternateName\":\"AROS SRL\",\"url\":\"https:\/\/www.arosmarmitte.it\/en\/\",\"logo\":{\"@type\":\"ImageObject\",\"inLanguage\":\"en-US\",\"@id\":\"https:\/\/www.arosmarmitte.it\/en\/#\/schema\/logo\/image\/\",\"url\":\"https:\/\/www.arosmarmitte.it\/wp-content\/uploads\/AROS_MARMITTE_LOGO_2016-EXHAUST-SYSTEMS-ECHAPPEMENT-SCARICO-ARTIGIANALE-MARMITTA-1-1.jpg\",\"contentUrl\":\"https:\/\/www.arosmarmitte.it\/wp-content\/uploads\/AROS_MARMITTE_LOGO_2016-EXHAUST-SYSTEMS-ECHAPPEMENT-SCARICO-ARTIGIANALE-MARMITTA-1-1.jpg\",\"width\":1000,\"height\":875,\"caption\":\"AROS Marmitte\"},\"image\":{\"@id\":\"https:\/\/www.arosmarmitte.it\/en\/#\/schema\/logo\/image\/\"},\"sameAs\":[\"https:\/\/www.facebook.com\/arosmarmitte\",\"https:\/\/x.com\/AROS_MARMITTE\",\"https:\/\/www.instagram.com\/arosmarmitte\/\",\"https:\/\/www.tiktok.com\/@aros_marmitte\"],\"email\":\"info@arosmarmitte.it\",\"telephone\":\"3401417652\"}]}<\/script>\n<!-- \/ Yoast SEO Premium plugin. -->","yoast_head_json":{"title":"600 Abarth (motore radiale) - Scarico completo non silenziato | Aros Marmitte","description":"Stravolgi la tua 600 Abarth (motore radiale) con la nostra linea di scarico completa non silenziata in acciaio Inox! Scopri di pi\u00f9, visita il sito!","robots":{"index":"index","follow":"follow","max-snippet":"max-snippet:-1","max-image-preview":"max-image-preview:large","max-video-preview":"max-video-preview:-1"},"canonical":"https:\/\/www.arosmarmitte.it\/prodotto\/impianti-di-scarico\/linea-di-scarico-completa-non-silenziata-fiat-600-abarth-motore-radiale-1955-1969\/","og_locale":"en_US","og_type":"article","og_title":"600 Abarth (motore radiale) - Linea di scarico completa non silenziata","og_description":"Stravolgi la tua 600 Abarth (motore radiale) con la nostra linea di scarico completa non silenziata in acciaio Inox! Scopri di pi\u00f9, visita il sito!","og_url":"https:\/\/www.arosmarmitte.it\/prodotto\/impianti-di-scarico\/linea-di-scarico-completa-non-silenziata-fiat-600-abarth-motore-radiale-1955-1969\/","og_site_name":"Aros Marmitte","article_publisher":"https:\/\/www.facebook.com\/arosmarmitte","article_modified_time":"2026-03-11T09:06:23+00:00","og_image":[{"width":1000,"height":777,"url":"https:\/\/www.arosmarmitte.it\/wp-content\/uploads\/LINEA-DI-SCARICO-COMPLETA-PER-FIAT-ABARTH-600-RADIALE-exhaust-system-sound-echappement-headers-manifold-1.jpg","type":"image\/jpeg"}],"twitter_card":"summary_large_image","twitter_site":"@AROS_MARMITTE","twitter_misc":{"Est. reading time":"2 minutes"},"schema":{"@context":"https:\/\/schema.org","@graph":[{"@type":"WebPage","@id":"https:\/\/www.arosmarmitte.it\/prodotto\/impianti-di-scarico\/linea-di-scarico-completa-non-silenziata-fiat-600-abarth-motore-radiale-1955-1969\/","url":"https:\/\/www.arosmarmitte.it\/prodotto\/impianti-di-scarico\/linea-di-scarico-completa-non-silenziata-fiat-600-abarth-motore-radiale-1955-1969\/","name":"600 Abarth (motore radiale) - Scarico completo non silenziato | Aros Marmitte","isPartOf":{"@id":"https:\/\/www.arosmarmitte.it\/en\/#website"},"primaryImageOfPage":{"@id":"https:\/\/www.arosmarmitte.it\/prodotto\/impianti-di-scarico\/linea-di-scarico-completa-non-silenziata-fiat-600-abarth-motore-radiale-1955-1969\/#primaryimage"},"image":{"@id":"https:\/\/www.arosmarmitte.it\/prodotto\/impianti-di-scarico\/linea-di-scarico-completa-non-silenziata-fiat-600-abarth-motore-radiale-1955-1969\/#primaryimage"},"thumbnailUrl":"https:\/\/www.arosmarmitte.it\/wp-content\/uploads\/LINEA-DI-SCARICO-COMPLETA-PER-FIAT-ABARTH-600-RADIALE-exhaust-system-sound-echappement-headers-manifold-1.jpg","datePublished":"2024-09-28T13:24:17+00:00","dateModified":"2026-03-11T09:06:23+00:00","description":"Stravolgi la tua 600 Abarth (motore radiale) con la nostra linea di scarico completa non silenziata in acciaio Inox! Scopri di pi\u00f9, visita il sito!","breadcrumb":{"@id":"https:\/\/www.arosmarmitte.it\/prodotto\/impianti-di-scarico\/linea-di-scarico-completa-non-silenziata-fiat-600-abarth-motore-radiale-1955-1969\/#breadcrumb"},"inLanguage":"en-US","potentialAction":[{"@type":"ReadAction","target":["https:\/\/www.arosmarmitte.it\/prodotto\/impianti-di-scarico\/linea-di-scarico-completa-non-silenziata-fiat-600-abarth-motore-radiale-1955-1969\/"]}]},{"@type":"ImageObject","inLanguage":"en-US","@id":"https:\/\/www.arosmarmitte.it\/prodotto\/impianti-di-scarico\/linea-di-scarico-completa-non-silenziata-fiat-600-abarth-motore-radiale-1955-1969\/#primaryimage","url":"https:\/\/www.arosmarmitte.it\/wp-content\/uploads\/LINEA-DI-SCARICO-COMPLETA-PER-FIAT-ABARTH-600-RADIALE-exhaust-system-sound-echappement-headers-manifold-1.jpg","contentUrl":"https:\/\/www.arosmarmitte.it\/wp-content\/uploads\/LINEA-DI-SCARICO-COMPLETA-PER-FIAT-ABARTH-600-RADIALE-exhaust-system-sound-echappement-headers-manifold-1.jpg","width":1000,"height":777,"caption":"fiat 600 abarth motore radiale - 1955-1969 - linea di scarico completa silenziata"},{"@type":"BreadcrumbList","@id":"https:\/\/www.arosmarmitte.it\/prodotto\/impianti-di-scarico\/linea-di-scarico-completa-non-silenziata-fiat-600-abarth-motore-radiale-1955-1969\/#breadcrumb","itemListElement":[{"@type":"ListItem","position":1,"name":"Home","item":"https:\/\/www.arosmarmitte.it\/en\/"},{"@type":"ListItem","position":2,"name":"Shop","item":"https:\/\/www.arosmarmitte.it\/shop\/"},{"@type":"ListItem","position":3,"name":"600 Abarth (motore radiale) &#8211; Linea di scarico completa non silenziata"}]},{"@type":"WebSite","@id":"https:\/\/www.arosmarmitte.it\/en\/#website","url":"https:\/\/www.arosmarmitte.it\/en\/","name":"Aros Marmitte","description":"","publisher":{"@id":"https:\/\/www.arosmarmitte.it\/en\/#organization"},"potentialAction":[{"@type":"SearchAction","target":{"@type":"EntryPoint","urlTemplate":"https:\/\/www.arosmarmitte.it\/en\/?s={search_term_string}"},"query-input":{"@type":"PropertyValueSpecification","valueRequired":true,"valueName":"search_term_string"}}],"inLanguage":"en-US"},{"@type":"Organization","@id":"https:\/\/www.arosmarmitte.it\/en\/#organization","name":"AROS Marmitte","alternateName":"AROS SRL","url":"https:\/\/www.arosmarmitte.it\/en\/","logo":{"@type":"ImageObject","inLanguage":"en-US","@id":"https:\/\/www.arosmarmitte.it\/en\/#\/schema\/logo\/image\/","url":"https:\/\/www.arosmarmitte.it\/wp-content\/uploads\/AROS_MARMITTE_LOGO_2016-EXHAUST-SYSTEMS-ECHAPPEMENT-SCARICO-ARTIGIANALE-MARMITTA-1-1.jpg","contentUrl":"https:\/\/www.arosmarmitte.it\/wp-content\/uploads\/AROS_MARMITTE_LOGO_2016-EXHAUST-SYSTEMS-ECHAPPEMENT-SCARICO-ARTIGIANALE-MARMITTA-1-1.jpg","width":1000,"height":875,"caption":"AROS Marmitte"},"image":{"@id":"https:\/\/www.arosmarmitte.it\/en\/#\/schema\/logo\/image\/"},"sameAs":["https:\/\/www.facebook.com\/arosmarmitte","https:\/\/x.com\/AROS_MARMITTE","https:\/\/www.instagram.com\/arosmarmitte\/","https:\/\/www.tiktok.com\/@aros_marmitte"],"email":"info@arosmarmitte.it","telephone":"3401417652"}]}},"_links":{"self":[{"href":"https:\/\/www.arosmarmitte.it\/en\/wp-json\/wp\/v2\/product\/120661","targetHints":{"allow":["GET"]}}],"collection":[{"href":"https:\/\/www.arosmarmitte.it\/en\/wp-json\/wp\/v2\/product"}],"about":[{"href":"https:\/\/www.arosmarmitte.it\/en\/wp-json\/wp\/v2\/types\/product"}],"replies":[{"embeddable":true,"href":"https:\/\/www.arosmarmitte.it\/en\/wp-json\/wp\/v2\/comments?post=120661"}],"wp:featuredmedia":[{"embeddable":true,"href":"https:\/\/www.arosmarmitte.it\/en\/wp-json\/wp\/v2\/media\/113184"}],"wp:attachment":[{"href":"https:\/\/www.arosmarmitte.it\/en\/wp-json\/wp\/v2\/media?parent=120661"}],"wp:term":[{"taxonomy":"marca","embeddable":true,"href":"https:\/\/www.arosmarmitte.it\/en\/wp-json\/wp\/v2\/marca?post=120661"},{"taxonomy":"product_brand","embeddable":true,"href":"https:\/\/www.arosmarmitte.it\/en\/wp-json\/wp\/v2\/product_brand?post=120661"},{"taxonomy":"product_cat","embeddable":true,"href":"https:\/\/www.arosmarmitte.it\/en\/wp-json\/wp\/v2\/product_cat?post=120661"},{"taxonomy":"product_tag","embeddable":true,"href":"https:\/\/www.arosmarmitte.it\/en\/wp-json\/wp\/v2\/product_tag?post=120661"}],"curies":[{"name":"wp","href":"https:\/\/api.w.org\/{rel}","templated":true}]}}