{"id":119765,"date":"2024-09-28T14:30:35","date_gmt":"2024-09-28T12:30:35","guid":{"rendered":"http:\/\/arosmarmitte.it\/?post_type=product&#038;p=119765"},"modified":"2025-09-02T08:17:15","modified_gmt":"2025-09-02T06:17:15","slug":"downpipe-suzuki-swift-senza-catalizzatore","status":"publish","type":"product","link":"https:\/\/www.arosmarmitte.it\/en\/prodotto\/exhaust-systems\/downpipe-suzuki-swift-senza-catalizzatore\/","title":{"rendered":"Downpipe senza catalizzatore &#8211; Suzuki Swift Sport"},"content":{"rendered":"<p>Il nostro downpipe senza catalizzatore per <strong>Suzuki Swift Sport<\/strong>\u00a0permette di incrementare notevolmente le prestazione del motore grazie a un miglioramento del deflusso dei gas. La rimozione del catalizzatore permette di avere una contropressione migliorata, risultando in un aumento dei cavalli motore e un miglioramento della coppia. Cosa significa? Una risposta migliore del motore grazie ad una combustione pi\u00f9 performante, evidente soprattutto in accelerazione e ad alti RPM (giri\/min).<br \/>\nLo scarico Suzuki Swift Sport \u00e8 interamente realizzato in acciaio inossidabile di tipo <strong>AISI304<\/strong>, garanzia di resistenza e durevolezza; le saldature sono completamente realizzate a <em>TIG<\/em>, la tecnica standard anche per il mondo dei circuiti e dell&#8217;aerospazio, garantendo una tenuta eccellente in condizioni estreme ed un&#8217;estetica unica e non replicabile, dipendente dalla mano e dall&#8217;esperienza del saldatore.<\/p>\n<p>&nbsp;<\/p>\n<p>Anche il sound \u00e8 decisamente migliorato: la rimozione del catalizzatore e la struttura generale rendono il suono della tua Suzuki Swit decisamente pi\u00f9 aggressivo, per una guida pi\u00f9 emozionante e sportiva. Ulteriore conferma di un motore capace di espellere i gas di scarico in maniera pi\u00f9 efficiente.<\/p>\n<p>&nbsp;<\/p>\n<p>Lo spessore del nostro downpipe senza catalizzatore per Suzuki Swift Sport \u00e8 di 1,2mm, ovvero il minimo necessario per conciliare riduzione di peso e resistenza meccanica. Il diametro \u00e8 54mm, studiato sul campo per ottimizzare al meglio il flusso dei gas di scarico.<\/p>\n<p>&nbsp;<\/p>\n<p>Infine il montaggio \u00e8 semplice, non richiede modifiche allo scarico originale e sono presenti tutti gli innesti, o porte, presenti nella versione originale &#8211; plug&amp;play (monta e vai). Vengono utilizzati gli attacchi normalmente presenti in vettura. Consultare la nostra <a href=\"https:\/\/www.arosmarmitte.it\/istruzioni-di-montaggio\/\">guida generica online per il montaggio.<\/a><\/p>\n<p>&nbsp;<\/p>\n<hr \/>\n<h3>Info generali downpipe senza catalizzatore Suzuki Swift Sport:<\/h3>\n<ul>\n<li>materiale acciaio inox AISI304<\/li>\n<li>spessore 1,2mm &#8211; diametro 54mm<\/li>\n<li>saldato interamente a TIG<\/li>\n<li>montaggio plug&amp;play<\/li>\n<li>gestione elettronica necessaria<\/li>\n<li>reso gratuito 14 giorni<\/li>\n<li>garanzia di 1 anno per non conformit\u00e0<\/li>\n<li>spedizioni in tutta Italia<\/li>\n<\/ul>\n<p>&nbsp;<\/p>\n<hr \/>\n<p>&nbsp;<\/p>\n<p>Per ulteriori informazioni consultare la <a href=\"https:\/\/www.arosmarmitte.it\/contatti\/\">pagina contatti.<\/a><\/p>\n<p>&nbsp;<\/p>\n<pre><em>Lo scarico non \u00e8 omologato per l'uso stradale.<\/em><\/pre>\n<p>&nbsp;<\/p>\n","protected":false},"excerpt":{"rendered":"<p>Il nostro downpipe senza catalizzatore per Suzuki Swift Sport\u00a0permette di incrementare notevolmente le prestazione del motore grazie a un miglioramento del deflusso dei gas. La rimozione del catalizzatore permette di avere una contropressione migliorata, risultando in un aumento dei cavalli motore e un miglioramento della coppia. Cosa significa? Una risposta migliore del motore grazie ad [&hellip;]<\/p>\n","protected":false},"featured_media":112210,"comment_status":"closed","ping_status":"closed","template":"","meta":{"_acf_changed":false},"marca":[],"product_brand":[],"product_cat":[15],"product_tag":[],"class_list":{"0":"post-119765","1":"product","2":"type-product","3":"status-publish","4":"has-post-thumbnail","6":"product_cat-impianti-di-scarico","8":"first","9":"instock","10":"taxable","11":"shipping-taxable","12":"purchasable","13":"product-type-simple"},"acf":[],"yoast_head":"<!-- This site is optimized with the Yoast SEO Premium plugin v24.8 (Yoast SEO v27.2) - https:\/\/yoast.com\/product\/yoast-seo-premium-wordpress\/ -->\n<title>Downpipe senza catalizzatore Suzuki Swift Sport Hybrid | Aros Marmitte<\/title>\n<meta name=\"description\" content=\"Il nostro downpipe per Suzuki Swift Sport Hybrid rimuove il catalizzatore originale e migliora il flusso dei gas di scarico. Completamente saldato a TIG.\" \/>\n<meta name=\"robots\" content=\"index, follow, max-snippet:-1, max-image-preview:large, max-video-preview:-1\" \/>\n<link rel=\"canonical\" href=\"https:\/\/www.arosmarmitte.it\/prodotto\/impianti-di-scarico\/downpipe-suzuki-swift-senza-catalizzatore\/\" \/>\n<meta property=\"og:locale\" content=\"en_US\" \/>\n<meta property=\"og:type\" content=\"article\" \/>\n<meta property=\"og:title\" content=\"Downpipe senza catalizzatore - Suzuki Swift Sport\" \/>\n<meta property=\"og:description\" content=\"Il nostro downpipe per Suzuki Swift Sport Hybrid rimuove il catalizzatore originale e migliora il flusso dei gas di scarico. Completamente saldato a TIG.\" \/>\n<meta property=\"og:url\" content=\"https:\/\/www.arosmarmitte.it\/prodotto\/impianti-di-scarico\/downpipe-suzuki-swift-senza-catalizzatore\/\" \/>\n<meta property=\"og:site_name\" content=\"Aros Marmitte\" \/>\n<meta property=\"article:publisher\" content=\"https:\/\/www.facebook.com\/arosmarmitte\" \/>\n<meta property=\"article:modified_time\" content=\"2025-09-02T06:17:15+00:00\" \/>\n<meta property=\"og:image\" content=\"https:\/\/www.arosmarmitte.it\/wp-content\/uploads\/SUZUKI-SWIFT-SPORT-140-CV-DOWNPIPE-SENZA-CATALIZZATORE-EXHAUST-SYSTEM-SOUND-DELETE-CATALYST-ECHAPPEMENT-MARMITTA-SCARICO-ARTIGIANALE-1.jpg\" \/>\n\t<meta property=\"og:image:width\" content=\"907\" \/>\n\t<meta property=\"og:image:height\" content=\"765\" \/>\n\t<meta property=\"og:image:type\" content=\"image\/jpeg\" \/>\n<meta name=\"twitter:card\" content=\"summary_large_image\" \/>\n<meta name=\"twitter:site\" content=\"@AROS_MARMITTE\" \/>\n<meta name=\"twitter:label1\" content=\"Est. reading time\" \/>\n\t<meta name=\"twitter:data1\" content=\"2 minutes\" \/>\n<script type=\"application\/ld+json\" class=\"yoast-schema-graph\">{\"@context\":\"https:\/\/schema.org\",\"@graph\":[{\"@type\":\"WebPage\",\"@id\":\"https:\/\/www.arosmarmitte.it\/prodotto\/impianti-di-scarico\/downpipe-suzuki-swift-senza-catalizzatore\/\",\"url\":\"https:\/\/www.arosmarmitte.it\/prodotto\/impianti-di-scarico\/downpipe-suzuki-swift-senza-catalizzatore\/\",\"name\":\"Downpipe senza catalizzatore Suzuki Swift Sport Hybrid | Aros Marmitte\",\"isPartOf\":{\"@id\":\"https:\/\/www.arosmarmitte.it\/en\/#website\"},\"primaryImageOfPage\":{\"@id\":\"https:\/\/www.arosmarmitte.it\/prodotto\/impianti-di-scarico\/downpipe-suzuki-swift-senza-catalizzatore\/#primaryimage\"},\"image\":{\"@id\":\"https:\/\/www.arosmarmitte.it\/prodotto\/impianti-di-scarico\/downpipe-suzuki-swift-senza-catalizzatore\/#primaryimage\"},\"thumbnailUrl\":\"https:\/\/www.arosmarmitte.it\/wp-content\/uploads\/SUZUKI-SWIFT-SPORT-140-CV-DOWNPIPE-SENZA-CATALIZZATORE-EXHAUST-SYSTEM-SOUND-DELETE-CATALYST-ECHAPPEMENT-MARMITTA-SCARICO-ARTIGIANALE-1.jpg\",\"datePublished\":\"2024-09-28T12:30:35+00:00\",\"dateModified\":\"2025-09-02T06:17:15+00:00\",\"description\":\"Il nostro downpipe per Suzuki Swift Sport Hybrid rimuove il catalizzatore originale e migliora il flusso dei gas di scarico. Completamente saldato a TIG.\",\"breadcrumb\":{\"@id\":\"https:\/\/www.arosmarmitte.it\/prodotto\/impianti-di-scarico\/downpipe-suzuki-swift-senza-catalizzatore\/#breadcrumb\"},\"inLanguage\":\"en-US\",\"potentialAction\":[{\"@type\":\"ReadAction\",\"target\":[\"https:\/\/www.arosmarmitte.it\/prodotto\/impianti-di-scarico\/downpipe-suzuki-swift-senza-catalizzatore\/\"]}]},{\"@type\":\"ImageObject\",\"inLanguage\":\"en-US\",\"@id\":\"https:\/\/www.arosmarmitte.it\/prodotto\/impianti-di-scarico\/downpipe-suzuki-swift-senza-catalizzatore\/#primaryimage\",\"url\":\"https:\/\/www.arosmarmitte.it\/wp-content\/uploads\/SUZUKI-SWIFT-SPORT-140-CV-DOWNPIPE-SENZA-CATALIZZATORE-EXHAUST-SYSTEM-SOUND-DELETE-CATALYST-ECHAPPEMENT-MARMITTA-SCARICO-ARTIGIANALE-1.jpg\",\"contentUrl\":\"https:\/\/www.arosmarmitte.it\/wp-content\/uploads\/SUZUKI-SWIFT-SPORT-140-CV-DOWNPIPE-SENZA-CATALIZZATORE-EXHAUST-SYSTEM-SOUND-DELETE-CATALYST-ECHAPPEMENT-MARMITTA-SCARICO-ARTIGIANALE-1.jpg\",\"width\":907,\"height\":765},{\"@type\":\"BreadcrumbList\",\"@id\":\"https:\/\/www.arosmarmitte.it\/prodotto\/impianti-di-scarico\/downpipe-suzuki-swift-senza-catalizzatore\/#breadcrumb\",\"itemListElement\":[{\"@type\":\"ListItem\",\"position\":1,\"name\":\"Home\",\"item\":\"https:\/\/www.arosmarmitte.it\/en\/\"},{\"@type\":\"ListItem\",\"position\":2,\"name\":\"Shop\",\"item\":\"https:\/\/www.arosmarmitte.it\/shop\/\"},{\"@type\":\"ListItem\",\"position\":3,\"name\":\"Downpipe senza catalizzatore &#8211; Suzuki Swift Sport\"}]},{\"@type\":\"WebSite\",\"@id\":\"https:\/\/www.arosmarmitte.it\/en\/#website\",\"url\":\"https:\/\/www.arosmarmitte.it\/en\/\",\"name\":\"Aros Marmitte\",\"description\":\"\",\"publisher\":{\"@id\":\"https:\/\/www.arosmarmitte.it\/en\/#organization\"},\"potentialAction\":[{\"@type\":\"SearchAction\",\"target\":{\"@type\":\"EntryPoint\",\"urlTemplate\":\"https:\/\/www.arosmarmitte.it\/en\/?s={search_term_string}\"},\"query-input\":{\"@type\":\"PropertyValueSpecification\",\"valueRequired\":true,\"valueName\":\"search_term_string\"}}],\"inLanguage\":\"en-US\"},{\"@type\":\"Organization\",\"@id\":\"https:\/\/www.arosmarmitte.it\/en\/#organization\",\"name\":\"AROS Marmitte\",\"alternateName\":\"AROS SRL\",\"url\":\"https:\/\/www.arosmarmitte.it\/en\/\",\"logo\":{\"@type\":\"ImageObject\",\"inLanguage\":\"en-US\",\"@id\":\"https:\/\/www.arosmarmitte.it\/en\/#\/schema\/logo\/image\/\",\"url\":\"https:\/\/www.arosmarmitte.it\/wp-content\/uploads\/AROS_MARMITTE_LOGO_2016-EXHAUST-SYSTEMS-ECHAPPEMENT-SCARICO-ARTIGIANALE-MARMITTA-1-1.jpg\",\"contentUrl\":\"https:\/\/www.arosmarmitte.it\/wp-content\/uploads\/AROS_MARMITTE_LOGO_2016-EXHAUST-SYSTEMS-ECHAPPEMENT-SCARICO-ARTIGIANALE-MARMITTA-1-1.jpg\",\"width\":1000,\"height\":875,\"caption\":\"AROS Marmitte\"},\"image\":{\"@id\":\"https:\/\/www.arosmarmitte.it\/en\/#\/schema\/logo\/image\/\"},\"sameAs\":[\"https:\/\/www.facebook.com\/arosmarmitte\",\"https:\/\/x.com\/AROS_MARMITTE\",\"https:\/\/www.instagram.com\/arosmarmitte\/\",\"https:\/\/www.tiktok.com\/@aros_marmitte\"],\"email\":\"info@arosmarmitte.it\",\"telephone\":\"3401417652\"}]}<\/script>\n<!-- \/ Yoast SEO Premium plugin. -->","yoast_head_json":{"title":"Downpipe senza catalizzatore Suzuki Swift Sport Hybrid | Aros Marmitte","description":"Il nostro downpipe per Suzuki Swift Sport Hybrid rimuove il catalizzatore originale e migliora il flusso dei gas di scarico. Completamente saldato a TIG.","robots":{"index":"index","follow":"follow","max-snippet":"max-snippet:-1","max-image-preview":"max-image-preview:large","max-video-preview":"max-video-preview:-1"},"canonical":"https:\/\/www.arosmarmitte.it\/prodotto\/impianti-di-scarico\/downpipe-suzuki-swift-senza-catalizzatore\/","og_locale":"en_US","og_type":"article","og_title":"Downpipe senza catalizzatore - Suzuki Swift Sport","og_description":"Il nostro downpipe per Suzuki Swift Sport Hybrid rimuove il catalizzatore originale e migliora il flusso dei gas di scarico. Completamente saldato a TIG.","og_url":"https:\/\/www.arosmarmitte.it\/prodotto\/impianti-di-scarico\/downpipe-suzuki-swift-senza-catalizzatore\/","og_site_name":"Aros Marmitte","article_publisher":"https:\/\/www.facebook.com\/arosmarmitte","article_modified_time":"2025-09-02T06:17:15+00:00","og_image":[{"width":907,"height":765,"url":"https:\/\/www.arosmarmitte.it\/wp-content\/uploads\/SUZUKI-SWIFT-SPORT-140-CV-DOWNPIPE-SENZA-CATALIZZATORE-EXHAUST-SYSTEM-SOUND-DELETE-CATALYST-ECHAPPEMENT-MARMITTA-SCARICO-ARTIGIANALE-1.jpg","type":"image\/jpeg"}],"twitter_card":"summary_large_image","twitter_site":"@AROS_MARMITTE","twitter_misc":{"Est. reading time":"2 minutes"},"schema":{"@context":"https:\/\/schema.org","@graph":[{"@type":"WebPage","@id":"https:\/\/www.arosmarmitte.it\/prodotto\/impianti-di-scarico\/downpipe-suzuki-swift-senza-catalizzatore\/","url":"https:\/\/www.arosmarmitte.it\/prodotto\/impianti-di-scarico\/downpipe-suzuki-swift-senza-catalizzatore\/","name":"Downpipe senza catalizzatore Suzuki Swift Sport Hybrid | Aros Marmitte","isPartOf":{"@id":"https:\/\/www.arosmarmitte.it\/en\/#website"},"primaryImageOfPage":{"@id":"https:\/\/www.arosmarmitte.it\/prodotto\/impianti-di-scarico\/downpipe-suzuki-swift-senza-catalizzatore\/#primaryimage"},"image":{"@id":"https:\/\/www.arosmarmitte.it\/prodotto\/impianti-di-scarico\/downpipe-suzuki-swift-senza-catalizzatore\/#primaryimage"},"thumbnailUrl":"https:\/\/www.arosmarmitte.it\/wp-content\/uploads\/SUZUKI-SWIFT-SPORT-140-CV-DOWNPIPE-SENZA-CATALIZZATORE-EXHAUST-SYSTEM-SOUND-DELETE-CATALYST-ECHAPPEMENT-MARMITTA-SCARICO-ARTIGIANALE-1.jpg","datePublished":"2024-09-28T12:30:35+00:00","dateModified":"2025-09-02T06:17:15+00:00","description":"Il nostro downpipe per Suzuki Swift Sport Hybrid rimuove il catalizzatore originale e migliora il flusso dei gas di scarico. Completamente saldato a TIG.","breadcrumb":{"@id":"https:\/\/www.arosmarmitte.it\/prodotto\/impianti-di-scarico\/downpipe-suzuki-swift-senza-catalizzatore\/#breadcrumb"},"inLanguage":"en-US","potentialAction":[{"@type":"ReadAction","target":["https:\/\/www.arosmarmitte.it\/prodotto\/impianti-di-scarico\/downpipe-suzuki-swift-senza-catalizzatore\/"]}]},{"@type":"ImageObject","inLanguage":"en-US","@id":"https:\/\/www.arosmarmitte.it\/prodotto\/impianti-di-scarico\/downpipe-suzuki-swift-senza-catalizzatore\/#primaryimage","url":"https:\/\/www.arosmarmitte.it\/wp-content\/uploads\/SUZUKI-SWIFT-SPORT-140-CV-DOWNPIPE-SENZA-CATALIZZATORE-EXHAUST-SYSTEM-SOUND-DELETE-CATALYST-ECHAPPEMENT-MARMITTA-SCARICO-ARTIGIANALE-1.jpg","contentUrl":"https:\/\/www.arosmarmitte.it\/wp-content\/uploads\/SUZUKI-SWIFT-SPORT-140-CV-DOWNPIPE-SENZA-CATALIZZATORE-EXHAUST-SYSTEM-SOUND-DELETE-CATALYST-ECHAPPEMENT-MARMITTA-SCARICO-ARTIGIANALE-1.jpg","width":907,"height":765},{"@type":"BreadcrumbList","@id":"https:\/\/www.arosmarmitte.it\/prodotto\/impianti-di-scarico\/downpipe-suzuki-swift-senza-catalizzatore\/#breadcrumb","itemListElement":[{"@type":"ListItem","position":1,"name":"Home","item":"https:\/\/www.arosmarmitte.it\/en\/"},{"@type":"ListItem","position":2,"name":"Shop","item":"https:\/\/www.arosmarmitte.it\/shop\/"},{"@type":"ListItem","position":3,"name":"Downpipe senza catalizzatore &#8211; Suzuki Swift Sport"}]},{"@type":"WebSite","@id":"https:\/\/www.arosmarmitte.it\/en\/#website","url":"https:\/\/www.arosmarmitte.it\/en\/","name":"Aros Marmitte","description":"","publisher":{"@id":"https:\/\/www.arosmarmitte.it\/en\/#organization"},"potentialAction":[{"@type":"SearchAction","target":{"@type":"EntryPoint","urlTemplate":"https:\/\/www.arosmarmitte.it\/en\/?s={search_term_string}"},"query-input":{"@type":"PropertyValueSpecification","valueRequired":true,"valueName":"search_term_string"}}],"inLanguage":"en-US"},{"@type":"Organization","@id":"https:\/\/www.arosmarmitte.it\/en\/#organization","name":"AROS Marmitte","alternateName":"AROS SRL","url":"https:\/\/www.arosmarmitte.it\/en\/","logo":{"@type":"ImageObject","inLanguage":"en-US","@id":"https:\/\/www.arosmarmitte.it\/en\/#\/schema\/logo\/image\/","url":"https:\/\/www.arosmarmitte.it\/wp-content\/uploads\/AROS_MARMITTE_LOGO_2016-EXHAUST-SYSTEMS-ECHAPPEMENT-SCARICO-ARTIGIANALE-MARMITTA-1-1.jpg","contentUrl":"https:\/\/www.arosmarmitte.it\/wp-content\/uploads\/AROS_MARMITTE_LOGO_2016-EXHAUST-SYSTEMS-ECHAPPEMENT-SCARICO-ARTIGIANALE-MARMITTA-1-1.jpg","width":1000,"height":875,"caption":"AROS Marmitte"},"image":{"@id":"https:\/\/www.arosmarmitte.it\/en\/#\/schema\/logo\/image\/"},"sameAs":["https:\/\/www.facebook.com\/arosmarmitte","https:\/\/x.com\/AROS_MARMITTE","https:\/\/www.instagram.com\/arosmarmitte\/","https:\/\/www.tiktok.com\/@aros_marmitte"],"email":"info@arosmarmitte.it","telephone":"3401417652"}]}},"_links":{"self":[{"href":"https:\/\/www.arosmarmitte.it\/en\/wp-json\/wp\/v2\/product\/119765","targetHints":{"allow":["GET"]}}],"collection":[{"href":"https:\/\/www.arosmarmitte.it\/en\/wp-json\/wp\/v2\/product"}],"about":[{"href":"https:\/\/www.arosmarmitte.it\/en\/wp-json\/wp\/v2\/types\/product"}],"replies":[{"embeddable":true,"href":"https:\/\/www.arosmarmitte.it\/en\/wp-json\/wp\/v2\/comments?post=119765"}],"wp:featuredmedia":[{"embeddable":true,"href":"https:\/\/www.arosmarmitte.it\/en\/wp-json\/wp\/v2\/media\/112210"}],"wp:attachment":[{"href":"https:\/\/www.arosmarmitte.it\/en\/wp-json\/wp\/v2\/media?parent=119765"}],"wp:term":[{"taxonomy":"marca","embeddable":true,"href":"https:\/\/www.arosmarmitte.it\/en\/wp-json\/wp\/v2\/marca?post=119765"},{"taxonomy":"product_brand","embeddable":true,"href":"https:\/\/www.arosmarmitte.it\/en\/wp-json\/wp\/v2\/product_brand?post=119765"},{"taxonomy":"product_cat","embeddable":true,"href":"https:\/\/www.arosmarmitte.it\/en\/wp-json\/wp\/v2\/product_cat?post=119765"},{"taxonomy":"product_tag","embeddable":true,"href":"https:\/\/www.arosmarmitte.it\/en\/wp-json\/wp\/v2\/product_tag?post=119765"}],"curies":[{"name":"wp","href":"https:\/\/api.w.org\/{rel}","templated":true}]}}