{"id":119751,"date":"2024-09-28T14:30:11","date_gmt":"2024-09-28T12:30:11","guid":{"rendered":"http:\/\/arosmarmitte.it\/?post_type=product&#038;p=119751"},"modified":"2025-06-03T13:45:44","modified_gmt":"2025-06-03T11:45:44","slug":"collettore-senza-catalizzatore-suzuki-jimny","status":"publish","type":"product","link":"https:\/\/www.arosmarmitte.it\/en\/prodotto\/exhaust-systems\/collettore-senza-catalizzatore-suzuki-jimny\/","title":{"rendered":"Collettore Suzuki Jimny senza catalizzatore"},"content":{"rendered":"<h1>Collettore per Suzuki Jimny senza catalizzatore<\/h1>\n<h2>Impianto di scarico collettore 4 in 1 in inox per Suzuki Jimny 1.5L 102Hp | (2018+)<\/h2>\n<p>&nbsp;<\/p>\n<p>Questa marmitta \u00e8 la prima parte dell&#8217;impianto di scarico per Suzuki Jimny, il collettore in acciaio inox.<\/p>\n<p><strong>Cos&#8217;\u00e8 il collettore?<\/strong> Si tratta della sezione di scarico fondamentale in quanto \u00e8 il primo elemento che permette ai gas di evacuare dalla camera di scoppio.<\/p>\n<p>&nbsp;<\/p>\n<p>In questo caso il nostro collettore rimuove il catalizzatore primario della Suzuki Jimny originale, riducendo nettamente la contropressione dei gas di scarico. Questo permette al motore di respirare pi\u00f9 liberamente e avere una performance maggiore che si nota a qualsiasi regime ma in particolar modo in accelerazione e ad alti RPM. Il collettore infatti \u00e8 la parte di una marmitta che consente di incrementare nettamente le prestazioni del motore.<\/p>\n<p>&nbsp;<\/p>\n<h3>Dettagli tecnici collettore Suzuki Jimny<\/h3>\n<ul>\n<li><strong>materiale:\u00a0<\/strong>realizzato completamente in acciaio inox inossidabile di tipo AISI304<\/li>\n<li><strong>saldature:\u00a0<\/strong>realizziamo marmitte saldate esclusivamente a TIG<\/li>\n<li><strong>diametro:\u00a0<\/strong>la sezione 4 \u00e8 35 millimetri, la sezione in 1 \u00e8 a 45 millimetri<\/li>\n<li><strong>montaggio:\u00a0<\/strong>plug&amp;play<\/li>\n<\/ul>\n<p>&nbsp;<\/p>\n<h4>Perch\u00e9 utilizziamo l&#8217;acciaio inox AISI304 per le nostre marmitte?<\/h4>\n<p>Questo tipo di materiale \u00e8 noto per la sua durevolezza, resistenza meccanica e termica, versatilit\u00e0 e affidabilit\u00e0. Tutti i nostri impianti di scarico di standard sono realizzati in acciaio inossidabile perch\u00e9 \u00e8 in grado di resistere alle condizioni estreme da gara, quando il motore deve girare al massimo, oppure per l&#8217;off-road del tuo Suzuki Jimny.<\/p>\n<h4>Perch\u00e9 le saldature a TIG per il collettore Suzuki Jimny?<\/h4>\n<p>Dal 2005 collaboriamo con diversi team racing, rally e formula, e sappiamo quanto sia importante avere un certo tipo di affidabilit\u00e0 della marmitta senza rinunciare a ridurre il peso. Utilizziamo tubi in acciaio inox di spessore 1,0 o 1,2 millimetri per ridurre al massimo il peso della marmitta; questo per\u00f2 richiede una tecnica di saldatura molto fine e complicata eppure resistente. La saldatura a TIG \u00e8 la risposta, inoltre aggiunge un tocco di classe estetico che porta ulteriore valore al tuo scarico.<\/p>\n<h4>Cosa significa montaggio Plug&amp;Play?<\/h4>\n<p>Si tratta di un termine tecnico, in italiano monta e vai. Significa che per installare lo scarico non avrai bisogno di effettuare lavori complessi o modifiche all&#8217;impianto di scarico originale del tuo Suzuki Jimny; il nostro collettore infatti \u00e8 disegnato e studiato per utilizzare gli attacchi originali presenti sul veicolo e adattarsi perfettamente sia al motore che alla sezione centrale della marmitta. Sono inoltre presenti tutti gli innesti o raccordi del collettore originale, per esempio l&#8217;innesto per il sensore dell&#8217;ossigeno o sonda lambda.<\/p>\n<p>Le flange (ovvero la parte che si congiunge al motore o a un&#8217;altra sezione di scarico) sono tagliate a laser per assicurare l&#8217;adesione perfetta.<\/p>\n<p>Prima di spedire il collettore per Suzuki Jimny viene controllato qualitativamente per assicurare un&#8217;adattabilit\u00e0 perfetta.<\/p>\n<p>&nbsp;<\/p>\n<h3>Quali sono i vantaggi?<\/h3>\n<p>Il collettore Suzuki Jimny (anni 2018+) \u00e8 fondamentale per permettere il giusto passaggio dei gas di scarico, garantire la giusta contropressione e un&#8217;efficienza termica perfetta per il miglior funzionamento del motore. Sul banco di prova, dopo aver realizzato la rimappatura della centralina ECU, abbiamo riscontrato un <span style=\"text-decoration: underline;\">aumento minimo di 20 cavalli motore,<\/span> garantendo con dati alla mano un aumento delle prestazioni per il tuo Jimny; l&#8217;off-road non sar\u00e0 pi\u00f9 lo stesso.<\/p>\n<p>&nbsp;<\/p>\n<p><em>Infine ci teniamo a sottolineare che progettazione, sviluppo, realizzazione e produzione sono operazioni svolte esclusivamente all&#8217;interno della nostra sede e il prodotto gode di tutte le caratteristiche e cure della migliore tradizione artigianale italiana.<\/em><\/p>\n<p>&nbsp;<\/p>\n<p><em>Non trovi quel che ti serve?\u00a0\u00a0<\/em>Visita la sezione\u00a0<a href=\"https:\/\/www.arosmarmitte.it\/contatti\/\" target=\"_blank\" rel=\"noopener\">contatti<\/a>\u00a0e chiamaci o scrivici via whatsapp, ti risponderemo subito.<\/p>\n<p>&nbsp;<\/p>\n<h5>Effettuiamo spedizioni in tutta Italia in tempi brevi. Ogni articolo Aros Marmitte ha una garanzia di recesso di 14 giorni. <a href=\"https:\/\/www.arosmarmitte.it\/contatti\/\" target=\"_blank\" rel=\"noopener\">Consulta le norme di spedizione<\/a>.<\/h5>\n<hr \/>\n<h6>Visita anche la nostra\u00a0<a href=\"https:\/\/www.facebook.com\/arosmarmitte?locale=it_IT\" target=\"_blank\" rel=\"noopener\">pagina Facebook<\/a>\u00a0o il nostro\u00a0<a href=\"https:\/\/www.instagram.com\/arosmarmitte\/?next=https%3A%2F%2Fwww.instagram.com%2Farosmarmitte%2F\" target=\"_blank\" rel=\"noopener\">account Instagram<\/a>\u00a0per restare sempre aggiornato sui nostri prodotti!<\/h6>\n","protected":false},"excerpt":{"rendered":"<p>Collettore per Suzuki Jimny senza catalizzatore Impianto di scarico collettore 4 in 1 in inox per Suzuki Jimny 1.5L 102Hp | (2018+) &nbsp; Questa marmitta \u00e8 la prima parte dell&#8217;impianto di scarico per Suzuki Jimny, il collettore in acciaio inox. Cos&#8217;\u00e8 il collettore? Si tratta della sezione di scarico fondamentale in quanto \u00e8 il primo [&hellip;]<\/p>\n","protected":false},"featured_media":112194,"comment_status":"closed","ping_status":"closed","template":"","meta":{"_acf_changed":false},"marca":[],"product_brand":[],"product_cat":[15],"product_tag":[],"class_list":{"0":"post-119751","1":"product","2":"type-product","3":"status-publish","4":"has-post-thumbnail","6":"product_cat-impianti-di-scarico","8":"first","9":"instock","10":"taxable","11":"shipping-taxable","12":"purchasable","13":"product-type-simple"},"acf":[],"yoast_head":"<!-- This site is optimized with the Yoast SEO Premium plugin v24.8 (Yoast SEO v27.2) - https:\/\/yoast.com\/product\/yoast-seo-premium-wordpress\/ -->\n<title>Collettore Suzuki Jimny senza catalizzatore | Per pi\u00f9 potenz! Aros Marmitte<\/title>\n<meta name=\"description\" content=\"Stravolgi il tuo off-road con il collettore Suzuki Jimny di Aros! Realizzato in acciaio inox ti permette di guadagnare fino a 20 Hp! Approfittane subito!\" \/>\n<meta name=\"robots\" content=\"index, follow, max-snippet:-1, max-image-preview:large, max-video-preview:-1\" \/>\n<link rel=\"canonical\" href=\"https:\/\/www.arosmarmitte.it\/prodotto\/impianti-di-scarico\/collettore-senza-catalizzatore-suzuki-jimny\/\" \/>\n<meta property=\"og:locale\" content=\"en_US\" \/>\n<meta property=\"og:type\" content=\"article\" \/>\n<meta property=\"og:title\" content=\"Collettore Suzuki Jimny senza catalizzatore\" \/>\n<meta property=\"og:description\" content=\"Stravolgi il tuo off-road con il collettore Suzuki Jimny di Aros! Realizzato in acciaio inox ti permette di guadagnare fino a 20 Hp! Approfittane subito!\" \/>\n<meta property=\"og:url\" content=\"https:\/\/www.arosmarmitte.it\/prodotto\/impianti-di-scarico\/collettore-senza-catalizzatore-suzuki-jimny\/\" \/>\n<meta property=\"og:site_name\" content=\"Aros Marmitte\" \/>\n<meta property=\"article:publisher\" content=\"https:\/\/www.facebook.com\/arosmarmitte\" \/>\n<meta property=\"article:modified_time\" content=\"2025-06-03T11:45:44+00:00\" \/>\n<meta property=\"og:image\" content=\"https:\/\/www.arosmarmitte.it\/wp-content\/uploads\/Suzuki-Jimny-collettore-4-1-102-hp-exhaust-system-sound-echappement-manifold-headers-scarico-marmitta-artigianale-1.jpg\" \/>\n\t<meta property=\"og:image:width\" content=\"1200\" \/>\n\t<meta property=\"og:image:height\" content=\"1051\" \/>\n\t<meta property=\"og:image:type\" content=\"image\/jpeg\" \/>\n<meta name=\"twitter:card\" content=\"summary_large_image\" \/>\n<meta name=\"twitter:site\" content=\"@AROS_MARMITTE\" \/>\n<meta name=\"twitter:label1\" content=\"Est. reading time\" \/>\n\t<meta name=\"twitter:data1\" content=\"4 minutes\" \/>\n<script type=\"application\/ld+json\" class=\"yoast-schema-graph\">{\"@context\":\"https:\/\/schema.org\",\"@graph\":[{\"@type\":\"WebPage\",\"@id\":\"https:\/\/www.arosmarmitte.it\/prodotto\/impianti-di-scarico\/collettore-senza-catalizzatore-suzuki-jimny\/\",\"url\":\"https:\/\/www.arosmarmitte.it\/prodotto\/impianti-di-scarico\/collettore-senza-catalizzatore-suzuki-jimny\/\",\"name\":\"Collettore Suzuki Jimny senza catalizzatore | Per pi\u00f9 potenz! Aros Marmitte\",\"isPartOf\":{\"@id\":\"https:\/\/www.arosmarmitte.it\/en\/#website\"},\"primaryImageOfPage\":{\"@id\":\"https:\/\/www.arosmarmitte.it\/prodotto\/impianti-di-scarico\/collettore-senza-catalizzatore-suzuki-jimny\/#primaryimage\"},\"image\":{\"@id\":\"https:\/\/www.arosmarmitte.it\/prodotto\/impianti-di-scarico\/collettore-senza-catalizzatore-suzuki-jimny\/#primaryimage\"},\"thumbnailUrl\":\"https:\/\/www.arosmarmitte.it\/wp-content\/uploads\/Suzuki-Jimny-collettore-4-1-102-hp-exhaust-system-sound-echappement-manifold-headers-scarico-marmitta-artigianale-1.jpg\",\"datePublished\":\"2024-09-28T12:30:11+00:00\",\"dateModified\":\"2025-06-03T11:45:44+00:00\",\"description\":\"Stravolgi il tuo off-road con il collettore Suzuki Jimny di Aros! Realizzato in acciaio inox ti permette di guadagnare fino a 20 Hp! Approfittane subito!\",\"breadcrumb\":{\"@id\":\"https:\/\/www.arosmarmitte.it\/prodotto\/impianti-di-scarico\/collettore-senza-catalizzatore-suzuki-jimny\/#breadcrumb\"},\"inLanguage\":\"en-US\",\"potentialAction\":[{\"@type\":\"ReadAction\",\"target\":[\"https:\/\/www.arosmarmitte.it\/prodotto\/impianti-di-scarico\/collettore-senza-catalizzatore-suzuki-jimny\/\"]}]},{\"@type\":\"ImageObject\",\"inLanguage\":\"en-US\",\"@id\":\"https:\/\/www.arosmarmitte.it\/prodotto\/impianti-di-scarico\/collettore-senza-catalizzatore-suzuki-jimny\/#primaryimage\",\"url\":\"https:\/\/www.arosmarmitte.it\/wp-content\/uploads\/Suzuki-Jimny-collettore-4-1-102-hp-exhaust-system-sound-echappement-manifold-headers-scarico-marmitta-artigianale-1.jpg\",\"contentUrl\":\"https:\/\/www.arosmarmitte.it\/wp-content\/uploads\/Suzuki-Jimny-collettore-4-1-102-hp-exhaust-system-sound-echappement-manifold-headers-scarico-marmitta-artigianale-1.jpg\",\"width\":1200,\"height\":1051,\"caption\":\"Collettore impianto di scarico per Suzuki Jimny senza catalizzatore\"},{\"@type\":\"BreadcrumbList\",\"@id\":\"https:\/\/www.arosmarmitte.it\/prodotto\/impianti-di-scarico\/collettore-senza-catalizzatore-suzuki-jimny\/#breadcrumb\",\"itemListElement\":[{\"@type\":\"ListItem\",\"position\":1,\"name\":\"Home\",\"item\":\"https:\/\/www.arosmarmitte.it\/en\/\"},{\"@type\":\"ListItem\",\"position\":2,\"name\":\"Shop\",\"item\":\"https:\/\/www.arosmarmitte.it\/shop\/\"},{\"@type\":\"ListItem\",\"position\":3,\"name\":\"Collettore impianto di scarico per Suzuki Jimny marmitta\"}]},{\"@type\":\"WebSite\",\"@id\":\"https:\/\/www.arosmarmitte.it\/en\/#website\",\"url\":\"https:\/\/www.arosmarmitte.it\/en\/\",\"name\":\"Aros Marmitte\",\"description\":\"\",\"publisher\":{\"@id\":\"https:\/\/www.arosmarmitte.it\/en\/#organization\"},\"potentialAction\":[{\"@type\":\"SearchAction\",\"target\":{\"@type\":\"EntryPoint\",\"urlTemplate\":\"https:\/\/www.arosmarmitte.it\/en\/?s={search_term_string}\"},\"query-input\":{\"@type\":\"PropertyValueSpecification\",\"valueRequired\":true,\"valueName\":\"search_term_string\"}}],\"inLanguage\":\"en-US\"},{\"@type\":\"Organization\",\"@id\":\"https:\/\/www.arosmarmitte.it\/en\/#organization\",\"name\":\"AROS Marmitte\",\"alternateName\":\"AROS SRL\",\"url\":\"https:\/\/www.arosmarmitte.it\/en\/\",\"logo\":{\"@type\":\"ImageObject\",\"inLanguage\":\"en-US\",\"@id\":\"https:\/\/www.arosmarmitte.it\/en\/#\/schema\/logo\/image\/\",\"url\":\"https:\/\/www.arosmarmitte.it\/wp-content\/uploads\/AROS_MARMITTE_LOGO_2016-EXHAUST-SYSTEMS-ECHAPPEMENT-SCARICO-ARTIGIANALE-MARMITTA-1-1.jpg\",\"contentUrl\":\"https:\/\/www.arosmarmitte.it\/wp-content\/uploads\/AROS_MARMITTE_LOGO_2016-EXHAUST-SYSTEMS-ECHAPPEMENT-SCARICO-ARTIGIANALE-MARMITTA-1-1.jpg\",\"width\":1000,\"height\":875,\"caption\":\"AROS Marmitte\"},\"image\":{\"@id\":\"https:\/\/www.arosmarmitte.it\/en\/#\/schema\/logo\/image\/\"},\"sameAs\":[\"https:\/\/www.facebook.com\/arosmarmitte\",\"https:\/\/x.com\/AROS_MARMITTE\",\"https:\/\/www.instagram.com\/arosmarmitte\/\",\"https:\/\/www.tiktok.com\/@aros_marmitte\"],\"email\":\"info@arosmarmitte.it\",\"telephone\":\"3401417652\"}]}<\/script>\n<!-- \/ Yoast SEO Premium plugin. -->","yoast_head_json":{"title":"Collettore Suzuki Jimny senza catalizzatore | Per pi\u00f9 potenz! Aros Marmitte","description":"Stravolgi il tuo off-road con il collettore Suzuki Jimny di Aros! Realizzato in acciaio inox ti permette di guadagnare fino a 20 Hp! Approfittane subito!","robots":{"index":"index","follow":"follow","max-snippet":"max-snippet:-1","max-image-preview":"max-image-preview:large","max-video-preview":"max-video-preview:-1"},"canonical":"https:\/\/www.arosmarmitte.it\/prodotto\/impianti-di-scarico\/collettore-senza-catalizzatore-suzuki-jimny\/","og_locale":"en_US","og_type":"article","og_title":"Collettore Suzuki Jimny senza catalizzatore","og_description":"Stravolgi il tuo off-road con il collettore Suzuki Jimny di Aros! Realizzato in acciaio inox ti permette di guadagnare fino a 20 Hp! Approfittane subito!","og_url":"https:\/\/www.arosmarmitte.it\/prodotto\/impianti-di-scarico\/collettore-senza-catalizzatore-suzuki-jimny\/","og_site_name":"Aros Marmitte","article_publisher":"https:\/\/www.facebook.com\/arosmarmitte","article_modified_time":"2025-06-03T11:45:44+00:00","og_image":[{"width":1200,"height":1051,"url":"https:\/\/www.arosmarmitte.it\/wp-content\/uploads\/Suzuki-Jimny-collettore-4-1-102-hp-exhaust-system-sound-echappement-manifold-headers-scarico-marmitta-artigianale-1.jpg","type":"image\/jpeg"}],"twitter_card":"summary_large_image","twitter_site":"@AROS_MARMITTE","twitter_misc":{"Est. reading time":"4 minutes"},"schema":{"@context":"https:\/\/schema.org","@graph":[{"@type":"WebPage","@id":"https:\/\/www.arosmarmitte.it\/prodotto\/impianti-di-scarico\/collettore-senza-catalizzatore-suzuki-jimny\/","url":"https:\/\/www.arosmarmitte.it\/prodotto\/impianti-di-scarico\/collettore-senza-catalizzatore-suzuki-jimny\/","name":"Collettore Suzuki Jimny senza catalizzatore | Per pi\u00f9 potenz! Aros Marmitte","isPartOf":{"@id":"https:\/\/www.arosmarmitte.it\/en\/#website"},"primaryImageOfPage":{"@id":"https:\/\/www.arosmarmitte.it\/prodotto\/impianti-di-scarico\/collettore-senza-catalizzatore-suzuki-jimny\/#primaryimage"},"image":{"@id":"https:\/\/www.arosmarmitte.it\/prodotto\/impianti-di-scarico\/collettore-senza-catalizzatore-suzuki-jimny\/#primaryimage"},"thumbnailUrl":"https:\/\/www.arosmarmitte.it\/wp-content\/uploads\/Suzuki-Jimny-collettore-4-1-102-hp-exhaust-system-sound-echappement-manifold-headers-scarico-marmitta-artigianale-1.jpg","datePublished":"2024-09-28T12:30:11+00:00","dateModified":"2025-06-03T11:45:44+00:00","description":"Stravolgi il tuo off-road con il collettore Suzuki Jimny di Aros! Realizzato in acciaio inox ti permette di guadagnare fino a 20 Hp! Approfittane subito!","breadcrumb":{"@id":"https:\/\/www.arosmarmitte.it\/prodotto\/impianti-di-scarico\/collettore-senza-catalizzatore-suzuki-jimny\/#breadcrumb"},"inLanguage":"en-US","potentialAction":[{"@type":"ReadAction","target":["https:\/\/www.arosmarmitte.it\/prodotto\/impianti-di-scarico\/collettore-senza-catalizzatore-suzuki-jimny\/"]}]},{"@type":"ImageObject","inLanguage":"en-US","@id":"https:\/\/www.arosmarmitte.it\/prodotto\/impianti-di-scarico\/collettore-senza-catalizzatore-suzuki-jimny\/#primaryimage","url":"https:\/\/www.arosmarmitte.it\/wp-content\/uploads\/Suzuki-Jimny-collettore-4-1-102-hp-exhaust-system-sound-echappement-manifold-headers-scarico-marmitta-artigianale-1.jpg","contentUrl":"https:\/\/www.arosmarmitte.it\/wp-content\/uploads\/Suzuki-Jimny-collettore-4-1-102-hp-exhaust-system-sound-echappement-manifold-headers-scarico-marmitta-artigianale-1.jpg","width":1200,"height":1051,"caption":"Collettore impianto di scarico per Suzuki Jimny senza catalizzatore"},{"@type":"BreadcrumbList","@id":"https:\/\/www.arosmarmitte.it\/prodotto\/impianti-di-scarico\/collettore-senza-catalizzatore-suzuki-jimny\/#breadcrumb","itemListElement":[{"@type":"ListItem","position":1,"name":"Home","item":"https:\/\/www.arosmarmitte.it\/en\/"},{"@type":"ListItem","position":2,"name":"Shop","item":"https:\/\/www.arosmarmitte.it\/shop\/"},{"@type":"ListItem","position":3,"name":"Collettore impianto di scarico per Suzuki Jimny marmitta"}]},{"@type":"WebSite","@id":"https:\/\/www.arosmarmitte.it\/en\/#website","url":"https:\/\/www.arosmarmitte.it\/en\/","name":"Aros Marmitte","description":"","publisher":{"@id":"https:\/\/www.arosmarmitte.it\/en\/#organization"},"potentialAction":[{"@type":"SearchAction","target":{"@type":"EntryPoint","urlTemplate":"https:\/\/www.arosmarmitte.it\/en\/?s={search_term_string}"},"query-input":{"@type":"PropertyValueSpecification","valueRequired":true,"valueName":"search_term_string"}}],"inLanguage":"en-US"},{"@type":"Organization","@id":"https:\/\/www.arosmarmitte.it\/en\/#organization","name":"AROS Marmitte","alternateName":"AROS SRL","url":"https:\/\/www.arosmarmitte.it\/en\/","logo":{"@type":"ImageObject","inLanguage":"en-US","@id":"https:\/\/www.arosmarmitte.it\/en\/#\/schema\/logo\/image\/","url":"https:\/\/www.arosmarmitte.it\/wp-content\/uploads\/AROS_MARMITTE_LOGO_2016-EXHAUST-SYSTEMS-ECHAPPEMENT-SCARICO-ARTIGIANALE-MARMITTA-1-1.jpg","contentUrl":"https:\/\/www.arosmarmitte.it\/wp-content\/uploads\/AROS_MARMITTE_LOGO_2016-EXHAUST-SYSTEMS-ECHAPPEMENT-SCARICO-ARTIGIANALE-MARMITTA-1-1.jpg","width":1000,"height":875,"caption":"AROS Marmitte"},"image":{"@id":"https:\/\/www.arosmarmitte.it\/en\/#\/schema\/logo\/image\/"},"sameAs":["https:\/\/www.facebook.com\/arosmarmitte","https:\/\/x.com\/AROS_MARMITTE","https:\/\/www.instagram.com\/arosmarmitte\/","https:\/\/www.tiktok.com\/@aros_marmitte"],"email":"info@arosmarmitte.it","telephone":"3401417652"}]}},"_links":{"self":[{"href":"https:\/\/www.arosmarmitte.it\/en\/wp-json\/wp\/v2\/product\/119751","targetHints":{"allow":["GET"]}}],"collection":[{"href":"https:\/\/www.arosmarmitte.it\/en\/wp-json\/wp\/v2\/product"}],"about":[{"href":"https:\/\/www.arosmarmitte.it\/en\/wp-json\/wp\/v2\/types\/product"}],"replies":[{"embeddable":true,"href":"https:\/\/www.arosmarmitte.it\/en\/wp-json\/wp\/v2\/comments?post=119751"}],"wp:featuredmedia":[{"embeddable":true,"href":"https:\/\/www.arosmarmitte.it\/en\/wp-json\/wp\/v2\/media\/112194"}],"wp:attachment":[{"href":"https:\/\/www.arosmarmitte.it\/en\/wp-json\/wp\/v2\/media?parent=119751"}],"wp:term":[{"taxonomy":"marca","embeddable":true,"href":"https:\/\/www.arosmarmitte.it\/en\/wp-json\/wp\/v2\/marca?post=119751"},{"taxonomy":"product_brand","embeddable":true,"href":"https:\/\/www.arosmarmitte.it\/en\/wp-json\/wp\/v2\/product_brand?post=119751"},{"taxonomy":"product_cat","embeddable":true,"href":"https:\/\/www.arosmarmitte.it\/en\/wp-json\/wp\/v2\/product_cat?post=119751"},{"taxonomy":"product_tag","embeddable":true,"href":"https:\/\/www.arosmarmitte.it\/en\/wp-json\/wp\/v2\/product_tag?post=119751"}],"curies":[{"name":"wp","href":"https:\/\/api.w.org\/{rel}","templated":true}]}}