{"id":119730,"date":"2024-09-28T14:29:45","date_gmt":"2024-09-28T12:29:45","guid":{"rendered":"http:\/\/arosmarmitte.it\/?post_type=product&#038;p=119730"},"modified":"2025-01-28T14:47:21","modified_gmt":"2025-01-28T13:47:21","slug":"downpipe-subaru-impreza-sti","status":"publish","type":"product","link":"https:\/\/www.arosmarmitte.it\/en\/prodotto\/exhaust-systems\/downpipe-subaru-impreza-sti\/","title":{"rendered":"Downpipe Subaru Impreza STI"},"content":{"rendered":"<h1>Downpipe Subaru Impreza WRX STI<\/h1>\n<h2>Impianto di scarico con catalizzatore per Subaru Impreza<\/h2>\n<p>&nbsp;<\/p>\n<p>Il nostro Downpipe per Subaru Impreza WRX STI \u00e8 dotato di catalizzatore sportivo metallico 200 celle. Si tratta di una marmitta plug&amp;play (ovvero monta e vai), costruita interamente in acciaio inox AISI 304 e saldata a TIG.<\/p>\n<h3>Cos&#8217;\u00e8 il downpipe?<\/h3>\n<p>Il downpipe \u00e8 una sezione dell&#8217;impianto di scarico. Anche conosciuto come <em>tubo turbina<\/em> perch\u00e9 attaccato alla turbina del motore. \u00c8 un componente fondamentale della marmitta in quanto accoglie subito i gas di scarico del motore, influenzandone le prestazioni. La maggior parte degli scarichi originali in questa sezione presentano catalizzatori, FAP e OPF &#8211; filtri per ridurre le emissioni &#8211; che fungono come un tappo.<\/p>\n<h3>Quali sono i vantaggi del nostro downpipe per Subaru Impreza?<\/h3>\n<p>Il nostro scarico rimuove il catalizzatore secondario della versione originale. Quindi riduce di molto la contropressione generata dai gas. Cosa significa? Il motore sar\u00e0 pi\u00f9 libero di respirare e performare ottimamente a qualsiasi regime. La differenza per\u00f2 \u00e8 particolarmente evidente in accelerazione &#8211; grazie ad una risposta pi\u00f9 rapida, e ad alti RPM.<\/p>\n<ul>\n<li>prestazioni generali migliorate<\/li>\n<li>miglior efficienza del combustibile<\/li>\n<li>minor necessit\u00e0 di manutenzione &#8211; il rischio che si creino &#8220;tappi&#8221; \u00e8 ridotto<\/li>\n<li>efficienza termica migliorata<\/li>\n<\/ul>\n<p>&nbsp;<\/p>\n<h2>Dettagli tecnici del nostro Downpipe Subaru Impreza<\/h2>\n<ul>\n<li>diametro 63,5 millimetri<\/li>\n<li>spessore 1,2 millimetri<\/li>\n<li>acciaio inox AISI304<\/li>\n<li>saldato a TIG<\/li>\n<li>montaggio P&amp;P<\/li>\n<li>catalizzatore 200 cpsi metallico<\/li>\n<li>tutti gli innesti o raccordi per i sensori originali sono presenti (es. sensore dell&#8217;ossigeno o sonda lambda)<\/li>\n<\/ul>\n<p>&nbsp;<\/p>\n<h3>Cosa cambia con diametro 63,5 mm e spessore 1,2 mm?<\/h3>\n<p>Il downpipe Subaru Impreza WRX STI \u00e8 studiato per ottimizzare al massimo l&#8217;efficienza dello scarico. Il diametro maggiorato rispetto alla marmitta originale permette di far defluire i gas al meglio. Lo spessore ridotto a 1,2 millimetri &#8211; come richiesto dalla maggior parte dei veicoli racing &#8211; permette di ridurre ulteriormente il peso del downpipe migliorando, anche se di poco, la coppia.<\/p>\n<h3>Perch\u00e9 scegliamo l&#8217;acciaio inox AISI304<\/h3>\n<p>Lavoriamo con qualsiasi tipo di materiale: titanio, inconel e superleghe di acciaio. Come standard utilizziamo tubi inox AISI304. Un materiale resistente al calore, alla corrosione, durevole e versatile. Collaborando con diversi produttori di monoposto e velivoli abbiamo sperimentato sul campo le qualit\u00e0 di questo tipo di acciaio.<\/p>\n<p>&nbsp;<\/p>\n<h3>Aros Marmitte utilizza solo saldature a TIG<\/h3>\n<p><em>TIG<\/em> indica una tecnica piuttosto complessa e fine di saldatura. In questo modo i nostri impianti di scarico garantiscono sia resistenza, nonostante il peso ridotto, sia una qualit\u00e0 superiore. Soprattutto se paragonati a marmitte realizzate con saldatura MIG. Inoltre i punti di saldatura aumentano la raffinatezza dello scarico, realizzando un prodotto performante e esteticamente gradevole.<\/p>\n<p>&nbsp;<\/p>\n<h3>P&amp;P: montaggio plug&amp;play che non richiede modifiche<\/h3>\n<p>I nostri scarichi sono stati tutti disegnati e montati sull&#8217;auto originale (in questo caso la Subaru Impreza WRX\u00a0 STI) per garantire un&#8217;adattabilit\u00e0 perfetta al motore ed allo scarico originale. Il nostro downpipe Subaru Impreza non richiede che vengano effettuate modifiche allo scarico originale della tua Subaru: si possono riutilizzare tutte le guarnizioni e viti. Sono inoltre presenti tutti gli innesti \/ attacchi \/ raccordi per i sensori della macchina, come il sensore dell&#8217;ossigeno (anche detto sonda lambda).<br \/>\nConsigliamo comunque di consultare le nostre <a href=\"https:\/\/www.arosmarmitte.it\/istruzioni-di-montaggio\/\">istruzioni per il montaggio<\/a>.<\/p>\n<p>&nbsp;<\/p>\n<h3>Catalizzatore 200 cpsi metallico e sportivo<\/h3>\n<p>Il catalizzatore \u00e8 un componente che serve a convertire i gas di scarico tossici in gas meno inquinanti catalizzando, appunto, una reazione chimica. La presenza di un catalizzatore originale nello scarico aumenta notevolmente la contropressione dei gas, rendendo il motore meno reattivo e meno performante.<\/p>\n<p>In alcuni casi pu\u00f2 essere necessario o pi\u00f9 conveniente in termini di prestazioni, mantenere il catalizzatore. Noi, grazie alla nostra esperienza nel mondo racing, offriamo esclusivamente catalizzatori sportivi, ideali per chi pretende il meglio dal proprio veicolo.<\/p>\n<p><strong>Quali sono i vantaggi del catalizzatore Aros nel Downpipe Subaru Impreza WRX STI?<\/strong><\/p>\n<ul>\n<li><strong>performance migliorata:\u00a0<\/strong>la riduzione della contropressione permette di migliorare i cavalli motore e la coppia<\/li>\n<li><strong>accelerazione pi\u00f9 rapida:\u00a0<\/strong>il motore risponde pi\u00f9 velocemnte<\/li>\n<li><strong>sound pi\u00f9 aggressivo:\u00a0<\/strong>uno scarico meno restrittivo ottiene un sound pi\u00f9 sportivo<\/li>\n<\/ul>\n<p>&nbsp;<\/p>\n<p>La sostituzione del downpipe originale non comporta la modifica del sistema di gestione elettronica.<\/p>\n<p>&nbsp;<\/p>\n<p><em>Infine ci teniamo ad evidenziare che tutti gli articoli vengono progettati e realizzati nella nostra sede operativa e il prodotto gode di tutte le caratteristiche e cure della migliore tradizione artigianale italiana.<\/em><\/p>\n<p>&nbsp;<\/p>\n<p><em>Non trovi quel che ti serve?\u00a0\u00a0<\/em>Visita la sezione\u00a0<a href=\"https:\/\/www.arosmarmitte.it\/contatti\/\">contatti<\/a>\u00a0e chiamaci o scrivici via whatsapp, ti risponderemo subito!<\/p>\n<h5><\/h5>\n<h5>Effettuiamo spedizioni in tutta Italia in tempi brevi. Ogni articolo Aros Marmitte ha una garanzia di recesso di 14 giorni. <a href=\"https:\/\/www.arosmarmitte.it\/contatti\/\">Consulta le norme di spedizione<\/a>.<\/h5>\n<hr \/>\n<h6>Visita anche la nostra\u00a0<a href=\"https:\/\/www.facebook.com\/arosmarmitte?locale=it_IT\">pagina Facebook<\/a>\u00a0o il nostro\u00a0<a href=\"https:\/\/www.instagram.com\/arosmarmitte\/?next=https%3A%2F%2Fwww.instagram.com%2Farosmarmitte%2F\">account Instagram<\/a>\u00a0per restare sempre aggiornato sui nostri prodotti!<\/h6>\n","protected":false},"excerpt":{"rendered":"<p>Il downpipe con\/senza catalizzatore \u00e8 un particolare che permette di incrementare notevolmente le prestazione del motore grazie al deflusso maggiorato dei gas. Il componente viene realizzato in acciaio AISI 304 e saldato interamente a TIG dalle mani esperte dei nostri operatori, inoltre \u00e8 dotato di tutti gli innesti e delle staffe necessari al montaggio in vettura. Anche in questo caso il prodotto \u00e8 plug&amp;play ma \u00e8 importante sottolineare che viene consigliata la modifica del sistema di gestione elettronica.<\/p>\n","protected":false},"featured_media":172650,"comment_status":"closed","ping_status":"closed","template":"","meta":{"_acf_changed":false},"marca":[],"product_brand":[],"product_cat":[15],"product_tag":[],"class_list":{"0":"post-119730","1":"product","2":"type-product","3":"status-publish","4":"has-post-thumbnail","6":"product_cat-impianti-di-scarico","8":"first","9":"instock","10":"taxable","11":"shipping-taxable","12":"purchasable","13":"product-type-simple"},"acf":[],"yoast_head":"<!-- This site is optimized with the Yoast SEO Premium plugin v24.8 (Yoast SEO v27.2) - https:\/\/yoast.com\/product\/yoast-seo-premium-wordpress\/ -->\n<title>Downpipe Subaru Impreza STI | Aros Marmitte<\/title>\n<meta name=\"description\" content=\"Downpipe per Subaru Impreza WRX STI con catalizzatore sportivo prodotto da Aros Marmitte! Potenzia la tua Subaru con il nostro downpipe! Acquista subito!\" \/>\n<meta name=\"robots\" content=\"index, follow, max-snippet:-1, max-image-preview:large, max-video-preview:-1\" \/>\n<link rel=\"canonical\" href=\"https:\/\/www.arosmarmitte.it\/prodotto\/impianti-di-scarico\/downpipe-subaru-impreza-sti\/\" \/>\n<meta property=\"og:locale\" content=\"en_US\" \/>\n<meta property=\"og:type\" content=\"article\" \/>\n<meta property=\"og:title\" content=\"Downpipe Subaru Impreza STI\" \/>\n<meta property=\"og:description\" content=\"Downpipe per Subaru Impreza WRX STI con catalizzatore sportivo prodotto da Aros Marmitte! Potenzia la tua Subaru con il nostro downpipe! Acquista subito!\" \/>\n<meta property=\"og:url\" content=\"https:\/\/www.arosmarmitte.it\/prodotto\/impianti-di-scarico\/downpipe-subaru-impreza-sti\/\" \/>\n<meta property=\"og:site_name\" content=\"Aros Marmitte\" \/>\n<meta property=\"article:publisher\" content=\"https:\/\/www.facebook.com\/arosmarmitte\" \/>\n<meta property=\"article:modified_time\" content=\"2025-01-28T13:47:21+00:00\" \/>\n<meta property=\"og:image\" content=\"https:\/\/www.arosmarmitte.it\/wp-content\/uploads\/Subaru-STI-2002-2007-Downpipe-con-catalizzatore-esxhaust-system-sound-echappement-scarico-artigianale-marmitta-catalyst.jpg\" \/>\n\t<meta property=\"og:image:width\" content=\"1200\" \/>\n\t<meta property=\"og:image:height\" content=\"960\" \/>\n\t<meta property=\"og:image:type\" content=\"image\/jpeg\" \/>\n<meta name=\"twitter:card\" content=\"summary_large_image\" \/>\n<meta name=\"twitter:site\" content=\"@AROS_MARMITTE\" \/>\n<meta name=\"twitter:label1\" content=\"Est. reading time\" \/>\n\t<meta name=\"twitter:data1\" content=\"5 minutes\" \/>\n<script type=\"application\/ld+json\" class=\"yoast-schema-graph\">{\"@context\":\"https:\/\/schema.org\",\"@graph\":[{\"@type\":\"WebPage\",\"@id\":\"https:\/\/www.arosmarmitte.it\/prodotto\/impianti-di-scarico\/downpipe-subaru-impreza-sti\/\",\"url\":\"https:\/\/www.arosmarmitte.it\/prodotto\/impianti-di-scarico\/downpipe-subaru-impreza-sti\/\",\"name\":\"Downpipe Subaru Impreza STI | Aros Marmitte\",\"isPartOf\":{\"@id\":\"https:\/\/www.arosmarmitte.it\/en\/#website\"},\"primaryImageOfPage\":{\"@id\":\"https:\/\/www.arosmarmitte.it\/prodotto\/impianti-di-scarico\/downpipe-subaru-impreza-sti\/#primaryimage\"},\"image\":{\"@id\":\"https:\/\/www.arosmarmitte.it\/prodotto\/impianti-di-scarico\/downpipe-subaru-impreza-sti\/#primaryimage\"},\"thumbnailUrl\":\"https:\/\/www.arosmarmitte.it\/wp-content\/uploads\/Subaru-STI-2002-2007-Downpipe-con-catalizzatore-esxhaust-system-sound-echappement-scarico-artigianale-marmitta-catalyst.jpg\",\"datePublished\":\"2024-09-28T12:29:45+00:00\",\"dateModified\":\"2025-01-28T13:47:21+00:00\",\"description\":\"Downpipe per Subaru Impreza WRX STI con catalizzatore sportivo prodotto da Aros Marmitte! Potenzia la tua Subaru con il nostro downpipe! Acquista subito!\",\"breadcrumb\":{\"@id\":\"https:\/\/www.arosmarmitte.it\/prodotto\/impianti-di-scarico\/downpipe-subaru-impreza-sti\/#breadcrumb\"},\"inLanguage\":\"en-US\",\"potentialAction\":[{\"@type\":\"ReadAction\",\"target\":[\"https:\/\/www.arosmarmitte.it\/prodotto\/impianti-di-scarico\/downpipe-subaru-impreza-sti\/\"]}]},{\"@type\":\"ImageObject\",\"inLanguage\":\"en-US\",\"@id\":\"https:\/\/www.arosmarmitte.it\/prodotto\/impianti-di-scarico\/downpipe-subaru-impreza-sti\/#primaryimage\",\"url\":\"https:\/\/www.arosmarmitte.it\/wp-content\/uploads\/Subaru-STI-2002-2007-Downpipe-con-catalizzatore-esxhaust-system-sound-echappement-scarico-artigianale-marmitta-catalyst.jpg\",\"contentUrl\":\"https:\/\/www.arosmarmitte.it\/wp-content\/uploads\/Subaru-STI-2002-2007-Downpipe-con-catalizzatore-esxhaust-system-sound-echappement-scarico-artigianale-marmitta-catalyst.jpg\",\"width\":1200,\"height\":960,\"caption\":\"Downpipe Subaru Impreza WRX STI con catalizzatore\"},{\"@type\":\"BreadcrumbList\",\"@id\":\"https:\/\/www.arosmarmitte.it\/prodotto\/impianti-di-scarico\/downpipe-subaru-impreza-sti\/#breadcrumb\",\"itemListElement\":[{\"@type\":\"ListItem\",\"position\":1,\"name\":\"Home\",\"item\":\"https:\/\/www.arosmarmitte.it\/en\/\"},{\"@type\":\"ListItem\",\"position\":2,\"name\":\"Shop\",\"item\":\"https:\/\/www.arosmarmitte.it\/shop\/\"},{\"@type\":\"ListItem\",\"position\":3,\"name\":\"Downpipe Subaru Impreza WRX marmitte\"}]},{\"@type\":\"WebSite\",\"@id\":\"https:\/\/www.arosmarmitte.it\/en\/#website\",\"url\":\"https:\/\/www.arosmarmitte.it\/en\/\",\"name\":\"Aros Marmitte\",\"description\":\"\",\"publisher\":{\"@id\":\"https:\/\/www.arosmarmitte.it\/en\/#organization\"},\"potentialAction\":[{\"@type\":\"SearchAction\",\"target\":{\"@type\":\"EntryPoint\",\"urlTemplate\":\"https:\/\/www.arosmarmitte.it\/en\/?s={search_term_string}\"},\"query-input\":{\"@type\":\"PropertyValueSpecification\",\"valueRequired\":true,\"valueName\":\"search_term_string\"}}],\"inLanguage\":\"en-US\"},{\"@type\":\"Organization\",\"@id\":\"https:\/\/www.arosmarmitte.it\/en\/#organization\",\"name\":\"AROS Marmitte\",\"alternateName\":\"AROS SRL\",\"url\":\"https:\/\/www.arosmarmitte.it\/en\/\",\"logo\":{\"@type\":\"ImageObject\",\"inLanguage\":\"en-US\",\"@id\":\"https:\/\/www.arosmarmitte.it\/en\/#\/schema\/logo\/image\/\",\"url\":\"https:\/\/www.arosmarmitte.it\/wp-content\/uploads\/AROS_MARMITTE_LOGO_2016-EXHAUST-SYSTEMS-ECHAPPEMENT-SCARICO-ARTIGIANALE-MARMITTA-1-1.jpg\",\"contentUrl\":\"https:\/\/www.arosmarmitte.it\/wp-content\/uploads\/AROS_MARMITTE_LOGO_2016-EXHAUST-SYSTEMS-ECHAPPEMENT-SCARICO-ARTIGIANALE-MARMITTA-1-1.jpg\",\"width\":1000,\"height\":875,\"caption\":\"AROS Marmitte\"},\"image\":{\"@id\":\"https:\/\/www.arosmarmitte.it\/en\/#\/schema\/logo\/image\/\"},\"sameAs\":[\"https:\/\/www.facebook.com\/arosmarmitte\",\"https:\/\/x.com\/AROS_MARMITTE\",\"https:\/\/www.instagram.com\/arosmarmitte\/\",\"https:\/\/www.tiktok.com\/@aros_marmitte\"],\"email\":\"info@arosmarmitte.it\",\"telephone\":\"3401417652\"}]}<\/script>\n<!-- \/ Yoast SEO Premium plugin. -->","yoast_head_json":{"title":"Downpipe Subaru Impreza STI | Aros Marmitte","description":"Downpipe per Subaru Impreza WRX STI con catalizzatore sportivo prodotto da Aros Marmitte! Potenzia la tua Subaru con il nostro downpipe! Acquista subito!","robots":{"index":"index","follow":"follow","max-snippet":"max-snippet:-1","max-image-preview":"max-image-preview:large","max-video-preview":"max-video-preview:-1"},"canonical":"https:\/\/www.arosmarmitte.it\/prodotto\/impianti-di-scarico\/downpipe-subaru-impreza-sti\/","og_locale":"en_US","og_type":"article","og_title":"Downpipe Subaru Impreza STI","og_description":"Downpipe per Subaru Impreza WRX STI con catalizzatore sportivo prodotto da Aros Marmitte! Potenzia la tua Subaru con il nostro downpipe! Acquista subito!","og_url":"https:\/\/www.arosmarmitte.it\/prodotto\/impianti-di-scarico\/downpipe-subaru-impreza-sti\/","og_site_name":"Aros Marmitte","article_publisher":"https:\/\/www.facebook.com\/arosmarmitte","article_modified_time":"2025-01-28T13:47:21+00:00","og_image":[{"width":1200,"height":960,"url":"https:\/\/www.arosmarmitte.it\/wp-content\/uploads\/Subaru-STI-2002-2007-Downpipe-con-catalizzatore-esxhaust-system-sound-echappement-scarico-artigianale-marmitta-catalyst.jpg","type":"image\/jpeg"}],"twitter_card":"summary_large_image","twitter_site":"@AROS_MARMITTE","twitter_misc":{"Est. reading time":"5 minutes"},"schema":{"@context":"https:\/\/schema.org","@graph":[{"@type":"WebPage","@id":"https:\/\/www.arosmarmitte.it\/prodotto\/impianti-di-scarico\/downpipe-subaru-impreza-sti\/","url":"https:\/\/www.arosmarmitte.it\/prodotto\/impianti-di-scarico\/downpipe-subaru-impreza-sti\/","name":"Downpipe Subaru Impreza STI | Aros Marmitte","isPartOf":{"@id":"https:\/\/www.arosmarmitte.it\/en\/#website"},"primaryImageOfPage":{"@id":"https:\/\/www.arosmarmitte.it\/prodotto\/impianti-di-scarico\/downpipe-subaru-impreza-sti\/#primaryimage"},"image":{"@id":"https:\/\/www.arosmarmitte.it\/prodotto\/impianti-di-scarico\/downpipe-subaru-impreza-sti\/#primaryimage"},"thumbnailUrl":"https:\/\/www.arosmarmitte.it\/wp-content\/uploads\/Subaru-STI-2002-2007-Downpipe-con-catalizzatore-esxhaust-system-sound-echappement-scarico-artigianale-marmitta-catalyst.jpg","datePublished":"2024-09-28T12:29:45+00:00","dateModified":"2025-01-28T13:47:21+00:00","description":"Downpipe per Subaru Impreza WRX STI con catalizzatore sportivo prodotto da Aros Marmitte! Potenzia la tua Subaru con il nostro downpipe! Acquista subito!","breadcrumb":{"@id":"https:\/\/www.arosmarmitte.it\/prodotto\/impianti-di-scarico\/downpipe-subaru-impreza-sti\/#breadcrumb"},"inLanguage":"en-US","potentialAction":[{"@type":"ReadAction","target":["https:\/\/www.arosmarmitte.it\/prodotto\/impianti-di-scarico\/downpipe-subaru-impreza-sti\/"]}]},{"@type":"ImageObject","inLanguage":"en-US","@id":"https:\/\/www.arosmarmitte.it\/prodotto\/impianti-di-scarico\/downpipe-subaru-impreza-sti\/#primaryimage","url":"https:\/\/www.arosmarmitte.it\/wp-content\/uploads\/Subaru-STI-2002-2007-Downpipe-con-catalizzatore-esxhaust-system-sound-echappement-scarico-artigianale-marmitta-catalyst.jpg","contentUrl":"https:\/\/www.arosmarmitte.it\/wp-content\/uploads\/Subaru-STI-2002-2007-Downpipe-con-catalizzatore-esxhaust-system-sound-echappement-scarico-artigianale-marmitta-catalyst.jpg","width":1200,"height":960,"caption":"Downpipe Subaru Impreza WRX STI con catalizzatore"},{"@type":"BreadcrumbList","@id":"https:\/\/www.arosmarmitte.it\/prodotto\/impianti-di-scarico\/downpipe-subaru-impreza-sti\/#breadcrumb","itemListElement":[{"@type":"ListItem","position":1,"name":"Home","item":"https:\/\/www.arosmarmitte.it\/en\/"},{"@type":"ListItem","position":2,"name":"Shop","item":"https:\/\/www.arosmarmitte.it\/shop\/"},{"@type":"ListItem","position":3,"name":"Downpipe Subaru Impreza WRX marmitte"}]},{"@type":"WebSite","@id":"https:\/\/www.arosmarmitte.it\/en\/#website","url":"https:\/\/www.arosmarmitte.it\/en\/","name":"Aros Marmitte","description":"","publisher":{"@id":"https:\/\/www.arosmarmitte.it\/en\/#organization"},"potentialAction":[{"@type":"SearchAction","target":{"@type":"EntryPoint","urlTemplate":"https:\/\/www.arosmarmitte.it\/en\/?s={search_term_string}"},"query-input":{"@type":"PropertyValueSpecification","valueRequired":true,"valueName":"search_term_string"}}],"inLanguage":"en-US"},{"@type":"Organization","@id":"https:\/\/www.arosmarmitte.it\/en\/#organization","name":"AROS Marmitte","alternateName":"AROS SRL","url":"https:\/\/www.arosmarmitte.it\/en\/","logo":{"@type":"ImageObject","inLanguage":"en-US","@id":"https:\/\/www.arosmarmitte.it\/en\/#\/schema\/logo\/image\/","url":"https:\/\/www.arosmarmitte.it\/wp-content\/uploads\/AROS_MARMITTE_LOGO_2016-EXHAUST-SYSTEMS-ECHAPPEMENT-SCARICO-ARTIGIANALE-MARMITTA-1-1.jpg","contentUrl":"https:\/\/www.arosmarmitte.it\/wp-content\/uploads\/AROS_MARMITTE_LOGO_2016-EXHAUST-SYSTEMS-ECHAPPEMENT-SCARICO-ARTIGIANALE-MARMITTA-1-1.jpg","width":1000,"height":875,"caption":"AROS Marmitte"},"image":{"@id":"https:\/\/www.arosmarmitte.it\/en\/#\/schema\/logo\/image\/"},"sameAs":["https:\/\/www.facebook.com\/arosmarmitte","https:\/\/x.com\/AROS_MARMITTE","https:\/\/www.instagram.com\/arosmarmitte\/","https:\/\/www.tiktok.com\/@aros_marmitte"],"email":"info@arosmarmitte.it","telephone":"3401417652"}]}},"_links":{"self":[{"href":"https:\/\/www.arosmarmitte.it\/en\/wp-json\/wp\/v2\/product\/119730","targetHints":{"allow":["GET"]}}],"collection":[{"href":"https:\/\/www.arosmarmitte.it\/en\/wp-json\/wp\/v2\/product"}],"about":[{"href":"https:\/\/www.arosmarmitte.it\/en\/wp-json\/wp\/v2\/types\/product"}],"replies":[{"embeddable":true,"href":"https:\/\/www.arosmarmitte.it\/en\/wp-json\/wp\/v2\/comments?post=119730"}],"wp:featuredmedia":[{"embeddable":true,"href":"https:\/\/www.arosmarmitte.it\/en\/wp-json\/wp\/v2\/media\/172650"}],"wp:attachment":[{"href":"https:\/\/www.arosmarmitte.it\/en\/wp-json\/wp\/v2\/media?parent=119730"}],"wp:term":[{"taxonomy":"marca","embeddable":true,"href":"https:\/\/www.arosmarmitte.it\/en\/wp-json\/wp\/v2\/marca?post=119730"},{"taxonomy":"product_brand","embeddable":true,"href":"https:\/\/www.arosmarmitte.it\/en\/wp-json\/wp\/v2\/product_brand?post=119730"},{"taxonomy":"product_cat","embeddable":true,"href":"https:\/\/www.arosmarmitte.it\/en\/wp-json\/wp\/v2\/product_cat?post=119730"},{"taxonomy":"product_tag","embeddable":true,"href":"https:\/\/www.arosmarmitte.it\/en\/wp-json\/wp\/v2\/product_tag?post=119730"}],"curies":[{"name":"wp","href":"https:\/\/api.w.org\/{rel}","templated":true}]}}