{"id":119368,"date":"2024-09-28T14:23:48","date_gmt":"2024-09-28T12:23:48","guid":{"rendered":"http:\/\/arosmarmitte.it\/?post_type=product&#038;p=119368"},"modified":"2025-01-28T15:24:10","modified_gmt":"2025-01-28T14:24:10","slug":"downpipe-senza-catalizzatore-renault-clio-4-rs","status":"publish","type":"product","link":"https:\/\/www.arosmarmitte.it\/en\/prodotto\/exhaust-systems\/downpipe-senza-catalizzatore-renault-clio-4-rs\/","title":{"rendered":"Downpipe Renault Clio 4 RS senza catalizzatore"},"content":{"rendered":"<h1>Downpipe Renault Clio 4 RS 200 EDC senza catalizzatore<\/h1>\n<h2>Impianto di scarico senza catalizzatore per Renault Clio 4RS 1.6L T 200 EDC (200Hp)<\/h2>\n<p>&nbsp;<\/p>\n<p>Il nostro Downpipe per Renault Clio 4 RS 1.6L T rimuove il catalizzatore dell\u2019impianto di scarico originale. Si tratta di una marmitta plug&amp;play (ovvero &#8220;monta e vai&#8221;), costruita interamente in acciaio inox di tipo AISI 304\u00a0 e saldata a TIG.<\/p>\n<h3>Cos\u2019\u00e8 il downpipe?<\/h3>\n<p>Il downpipe \u00e8 una sezione dell\u2019impianto di scarico ed \u00e8 anche conosciuto come <em>tubo turbina<\/em> perch\u00e9, per l\u2019appunto, \u00e8 attaccato alla turbina del motore. \u00c8 un componente fondamentale della marmitta in quanto accoglie subito i gas di scarico del motore, influenzandone le prestazioni. La maggior parte degli scarichi originali in questa sezione hanno catalizzatori, FAP e OPF \u2013 filtri per ridurre le emissioni \u2013 che fungono come un tappo per i gas di scarico.<\/p>\n<p>&nbsp;<\/p>\n<h3>Quali sono i vantaggi del nostro Downpipe per Renault CLio 4RS?<\/h3>\n<p>Il nostro scarico rimuove catalizzatore della versione originale, riducendo di molto la contropressione generata dai gas di scarico. Cosa significa? In questo modo il motore sar\u00e0 pi\u00f9 libero di respirare e performare a qualsiasi regime. La differenza \u00e8 particolarmente evidente in accelerazione \u2013 grazie ad una risposta pi\u00f9 rapida, e ad alti RPM.<\/p>\n<ul>\n<li>prestazioni generali migliorate<\/li>\n<li>miglior efficienza del combustibile<\/li>\n<li>minor necessit\u00e0 di manutenzione<\/li>\n<li>efficienza termica migliorata<\/li>\n<\/ul>\n<p>&nbsp;<\/p>\n<h2>Dettagli tecnici del Downpipe Renault Clio 4RS<\/h2>\n<ul>\n<li>materiale acciaio inox AISI304<\/li>\n<li>saldato a TIG<\/li>\n<li>montaggio P&amp;P<\/li>\n<li>tutti gli innesti o raccordi per i sensori originali sono presenti (es. sensore dell\u2019ossigeno o sonda lambda)<\/li>\n<\/ul>\n<p>&nbsp;<\/p>\n<h3>Perch\u00e9 scegliamo l\u2019acciaio inox AISI304<\/h3>\n<p>Lavoriamo con qualsiasi tipo di materiale: titanio, inconel e varie superleghe di acciaio. Come standard utilizziamo tubi inox AISI304 perch\u00e9 \u00e8 un materiale resistente al calore ed alla corrosione, durevole e particolarmente versatile. Collaborando con diversi produttori di monoposto e velivoli abbiamo sperimentato sul campo le qualit\u00e0 di questo tipo di acciaio.<\/p>\n<p>Riteniamo sia perfetto anche per il downpipe Renault Clio 4RS 1.6L 200 EDC.<\/p>\n<p>&nbsp;<\/p>\n<h3>Aros Marmitte utilizza solo saldature a TIG<\/h3>\n<p>La saldatura a TIG indica una tecnica piuttosto complessa e fine di saldatura. In questo modo i nostri impianti di scarico garantiscono resistenza nonostante il peso ridotto ed una qualit\u00e0 superiore rispotte a marmitte realizzate con la saldatura MIG. Inotlre i punti di saldatura aumentano la raffinatezza dello scarico, realizzando un prodotto sia performante che esteticamente gradevole.<\/p>\n<p>&nbsp;<\/p>\n<h3>P&amp;P: montaggio plug&amp;play che non richiede modifiche<\/h3>\n<p>I nostri impianti di scaric0 sono stati tutti disegnati e montati sull\u2019auto originale (in questo caso la Renault Clio 4 RS). Questo per garantire un\u2019adattabilit\u00e0 perfetta al motore ed allo scarico originale.<\/p>\n<p>Il nostro downpipe Renault Clio 4 RS non richiede che vengano effettuate modifiche di alcun genere allo scarico originale: si possono riutilizzare tutte le guarnizioni e le viti originali. Sono inoltre presenti tutti gli innesti \/ attacchi \/ raccordi per i sensori della macchina, come il sensore dell\u2019ossigeno (anche detto sonda lambda).<br \/>\nConsigliamo comunque di consultare le nostre\u00a0<a href=\"https:\/\/www.arosmarmitte.it\/istruzioni-di-montaggio\/\">istruzioni per il montaggio<\/a>.<\/p>\n<p>&nbsp;<\/p>\n<p>La sostituzione del downpipe originale comporta la modifica del sistema di gestione elettronica.<\/p>\n<p>&nbsp;<\/p>\n<p><em>Infine ci teniamo ad evidenziare che tutti gli articoli vengono progettati e realizzati nella nostra sede operativa e il prodotto gode di tutte le caratteristiche e cure della migliore tradizione artigianale italiana.<\/em><\/p>\n<p>&nbsp;<\/p>\n<p><em>Non siuro del modello?\u00a0 <\/em>Visita la sezione\u00a0<a href=\"https:\/\/www.arosmarmitte.it\/contatti\/\">contatti<\/a>\u00a0e chiamaci o scrivici via whatsapp, ti risponderemo subito!<\/p>\n<h5><\/h5>\n<h5>Lo scarico non \u00e8 omologato per uso stradale.<\/h5>\n<h5>Effettuiamo spedizioni in tutta Italia in tempi brevi. Ogni articolo Aros Marmitte ha una garanzia di recesso di 14 giorni.\u00a0<a href=\"https:\/\/www.arosmarmitte.it\/contatti\/\">Consulta le norme di spedizione<\/a>.<\/h5>\n<hr \/>\n<h6>Visita anche la nostra\u00a0<a href=\"https:\/\/www.facebook.com\/arosmarmitte?locale=it_IT\">pagina Facebook<\/a>\u00a0e il nostro\u00a0<a href=\"https:\/\/www.instagram.com\/arosmarmitte\/?next=https%3A%2F%2Fwww.instagram.com%2Farosmarmitte%2F\">account Instagram<\/a>\u00a0per restare sempre aggiornato sui nostri prodotti!<\/h6>\n","protected":false},"excerpt":{"rendered":"<p>Il downpipe con\/senza catalizzatore \u00e8 un particolare che permette di incrementare notevolmente le prestazione del motore grazie al deflusso maggiorato dei gas. Il componente viene realizzato in acciaio AISI 304 e saldato interamente a TIG dalle mani esperte dei nostri operatori, inoltre \u00e8 dotato di tutti gli innesti e delle staffe necessari al montaggio in vettura. Anche in questo caso il prodotto \u00e8 plug&amp;play ma \u00e8 importante sottolineare che viene consigliata la modifica del sistema di gestione elettronica.<\/p>\n","protected":false},"featured_media":111782,"comment_status":"closed","ping_status":"closed","template":"","meta":{"_acf_changed":false},"marca":[],"product_brand":[],"product_cat":[15],"product_tag":[],"class_list":{"0":"post-119368","1":"product","2":"type-product","3":"status-publish","4":"has-post-thumbnail","6":"product_cat-impianti-di-scarico","8":"first","9":"instock","10":"taxable","11":"shipping-taxable","12":"purchasable","13":"product-type-simple"},"acf":[],"yoast_head":"<!-- This site is optimized with the Yoast SEO Premium plugin v24.8 (Yoast SEO v27.2) - https:\/\/yoast.com\/product\/yoast-seo-premium-wordpress\/ -->\n<title>Downpipe Renault Clio 4 RS senza catalizzatore | Acquista ora | Aros Marmitte<\/title>\n<meta name=\"description\" content=\"Downpipe per Renault Clio 4 RS T senza catalizzatore. Una marmitta sportiva per aumentare notevolmente le prestazioni della tua auto! Approfitta subito!\" \/>\n<meta name=\"robots\" content=\"index, follow, max-snippet:-1, max-image-preview:large, max-video-preview:-1\" \/>\n<link rel=\"canonical\" href=\"https:\/\/www.arosmarmitte.it\/prodotto\/impianti-di-scarico\/downpipe-senza-catalizzatore-renault-clio-4-rs\/\" \/>\n<meta property=\"og:locale\" content=\"en_US\" \/>\n<meta property=\"og:type\" content=\"article\" \/>\n<meta property=\"og:title\" content=\"Downpipe Renault Clio 4 RS senza catalizzatore\" \/>\n<meta property=\"og:description\" content=\"Downpipe per Renault Clio 4 RS T senza catalizzatore. Una marmitta sportiva per aumentare notevolmente le prestazioni della tua auto! Approfitta subito!\" \/>\n<meta property=\"og:url\" content=\"https:\/\/www.arosmarmitte.it\/prodotto\/impianti-di-scarico\/downpipe-senza-catalizzatore-renault-clio-4-rs\/\" \/>\n<meta property=\"og:site_name\" content=\"Aros Marmitte\" \/>\n<meta property=\"article:publisher\" content=\"https:\/\/www.facebook.com\/arosmarmitte\" \/>\n<meta property=\"article:modified_time\" content=\"2025-01-28T14:24:10+00:00\" \/>\n<meta property=\"og:image\" content=\"https:\/\/www.arosmarmitte.it\/wp-content\/uploads\/Renault-Clio-RS-IV-RS4-2013-2015-EDC-200-downpipe-con-senza-catalizzatore-diretto-exhaust-system-echappement-sound-pipe-catalyst-1-1.jpg\" \/>\n\t<meta property=\"og:image:width\" content=\"1134\" \/>\n\t<meta property=\"og:image:height\" content=\"992\" \/>\n\t<meta property=\"og:image:type\" content=\"image\/jpeg\" \/>\n<meta name=\"twitter:card\" content=\"summary_large_image\" \/>\n<meta name=\"twitter:site\" content=\"@AROS_MARMITTE\" \/>\n<meta name=\"twitter:label1\" content=\"Est. reading time\" \/>\n\t<meta name=\"twitter:data1\" content=\"4 minutes\" \/>\n<script type=\"application\/ld+json\" class=\"yoast-schema-graph\">{\"@context\":\"https:\/\/schema.org\",\"@graph\":[{\"@type\":\"WebPage\",\"@id\":\"https:\/\/www.arosmarmitte.it\/prodotto\/impianti-di-scarico\/downpipe-senza-catalizzatore-renault-clio-4-rs\/\",\"url\":\"https:\/\/www.arosmarmitte.it\/prodotto\/impianti-di-scarico\/downpipe-senza-catalizzatore-renault-clio-4-rs\/\",\"name\":\"Downpipe Renault Clio 4 RS senza catalizzatore | Acquista ora | Aros Marmitte\",\"isPartOf\":{\"@id\":\"https:\/\/www.arosmarmitte.it\/en\/#website\"},\"primaryImageOfPage\":{\"@id\":\"https:\/\/www.arosmarmitte.it\/prodotto\/impianti-di-scarico\/downpipe-senza-catalizzatore-renault-clio-4-rs\/#primaryimage\"},\"image\":{\"@id\":\"https:\/\/www.arosmarmitte.it\/prodotto\/impianti-di-scarico\/downpipe-senza-catalizzatore-renault-clio-4-rs\/#primaryimage\"},\"thumbnailUrl\":\"https:\/\/www.arosmarmitte.it\/wp-content\/uploads\/Renault-Clio-RS-IV-RS4-2013-2015-EDC-200-downpipe-con-senza-catalizzatore-diretto-exhaust-system-echappement-sound-pipe-catalyst-1-1.jpg\",\"datePublished\":\"2024-09-28T12:23:48+00:00\",\"dateModified\":\"2025-01-28T14:24:10+00:00\",\"description\":\"Downpipe per Renault Clio 4 RS T senza catalizzatore. Una marmitta sportiva per aumentare notevolmente le prestazioni della tua auto! Approfitta subito!\",\"breadcrumb\":{\"@id\":\"https:\/\/www.arosmarmitte.it\/prodotto\/impianti-di-scarico\/downpipe-senza-catalizzatore-renault-clio-4-rs\/#breadcrumb\"},\"inLanguage\":\"en-US\",\"potentialAction\":[{\"@type\":\"ReadAction\",\"target\":[\"https:\/\/www.arosmarmitte.it\/prodotto\/impianti-di-scarico\/downpipe-senza-catalizzatore-renault-clio-4-rs\/\"]}]},{\"@type\":\"ImageObject\",\"inLanguage\":\"en-US\",\"@id\":\"https:\/\/www.arosmarmitte.it\/prodotto\/impianti-di-scarico\/downpipe-senza-catalizzatore-renault-clio-4-rs\/#primaryimage\",\"url\":\"https:\/\/www.arosmarmitte.it\/wp-content\/uploads\/Renault-Clio-RS-IV-RS4-2013-2015-EDC-200-downpipe-con-senza-catalizzatore-diretto-exhaust-system-echappement-sound-pipe-catalyst-1-1.jpg\",\"contentUrl\":\"https:\/\/www.arosmarmitte.it\/wp-content\/uploads\/Renault-Clio-RS-IV-RS4-2013-2015-EDC-200-downpipe-con-senza-catalizzatore-diretto-exhaust-system-echappement-sound-pipe-catalyst-1-1.jpg\",\"width\":1134,\"height\":992,\"caption\":\"Downpipe per Renault Clio 4 RS 1.6 L senza catalizzatore in acciaio inox compatibile con originale\"},{\"@type\":\"BreadcrumbList\",\"@id\":\"https:\/\/www.arosmarmitte.it\/prodotto\/impianti-di-scarico\/downpipe-senza-catalizzatore-renault-clio-4-rs\/#breadcrumb\",\"itemListElement\":[{\"@type\":\"ListItem\",\"position\":1,\"name\":\"Home\",\"item\":\"https:\/\/www.arosmarmitte.it\/en\/\"},{\"@type\":\"ListItem\",\"position\":2,\"name\":\"Shop\",\"item\":\"https:\/\/www.arosmarmitte.it\/shop\/\"},{\"@type\":\"ListItem\",\"position\":3,\"name\":\"Downpipe Renault Clio 4 RS 1.6 200 EDC\"}]},{\"@type\":\"WebSite\",\"@id\":\"https:\/\/www.arosmarmitte.it\/en\/#website\",\"url\":\"https:\/\/www.arosmarmitte.it\/en\/\",\"name\":\"Aros Marmitte\",\"description\":\"\",\"publisher\":{\"@id\":\"https:\/\/www.arosmarmitte.it\/en\/#organization\"},\"potentialAction\":[{\"@type\":\"SearchAction\",\"target\":{\"@type\":\"EntryPoint\",\"urlTemplate\":\"https:\/\/www.arosmarmitte.it\/en\/?s={search_term_string}\"},\"query-input\":{\"@type\":\"PropertyValueSpecification\",\"valueRequired\":true,\"valueName\":\"search_term_string\"}}],\"inLanguage\":\"en-US\"},{\"@type\":\"Organization\",\"@id\":\"https:\/\/www.arosmarmitte.it\/en\/#organization\",\"name\":\"AROS Marmitte\",\"alternateName\":\"AROS SRL\",\"url\":\"https:\/\/www.arosmarmitte.it\/en\/\",\"logo\":{\"@type\":\"ImageObject\",\"inLanguage\":\"en-US\",\"@id\":\"https:\/\/www.arosmarmitte.it\/en\/#\/schema\/logo\/image\/\",\"url\":\"https:\/\/www.arosmarmitte.it\/wp-content\/uploads\/AROS_MARMITTE_LOGO_2016-EXHAUST-SYSTEMS-ECHAPPEMENT-SCARICO-ARTIGIANALE-MARMITTA-1-1.jpg\",\"contentUrl\":\"https:\/\/www.arosmarmitte.it\/wp-content\/uploads\/AROS_MARMITTE_LOGO_2016-EXHAUST-SYSTEMS-ECHAPPEMENT-SCARICO-ARTIGIANALE-MARMITTA-1-1.jpg\",\"width\":1000,\"height\":875,\"caption\":\"AROS Marmitte\"},\"image\":{\"@id\":\"https:\/\/www.arosmarmitte.it\/en\/#\/schema\/logo\/image\/\"},\"sameAs\":[\"https:\/\/www.facebook.com\/arosmarmitte\",\"https:\/\/x.com\/AROS_MARMITTE\",\"https:\/\/www.instagram.com\/arosmarmitte\/\",\"https:\/\/www.tiktok.com\/@aros_marmitte\"],\"email\":\"info@arosmarmitte.it\",\"telephone\":\"3401417652\"}]}<\/script>\n<!-- \/ Yoast SEO Premium plugin. -->","yoast_head_json":{"title":"Downpipe Renault Clio 4 RS senza catalizzatore | Acquista ora | Aros Marmitte","description":"Downpipe per Renault Clio 4 RS T senza catalizzatore. Una marmitta sportiva per aumentare notevolmente le prestazioni della tua auto! Approfitta subito!","robots":{"index":"index","follow":"follow","max-snippet":"max-snippet:-1","max-image-preview":"max-image-preview:large","max-video-preview":"max-video-preview:-1"},"canonical":"https:\/\/www.arosmarmitte.it\/prodotto\/impianti-di-scarico\/downpipe-senza-catalizzatore-renault-clio-4-rs\/","og_locale":"en_US","og_type":"article","og_title":"Downpipe Renault Clio 4 RS senza catalizzatore","og_description":"Downpipe per Renault Clio 4 RS T senza catalizzatore. Una marmitta sportiva per aumentare notevolmente le prestazioni della tua auto! Approfitta subito!","og_url":"https:\/\/www.arosmarmitte.it\/prodotto\/impianti-di-scarico\/downpipe-senza-catalizzatore-renault-clio-4-rs\/","og_site_name":"Aros Marmitte","article_publisher":"https:\/\/www.facebook.com\/arosmarmitte","article_modified_time":"2025-01-28T14:24:10+00:00","og_image":[{"width":1134,"height":992,"url":"https:\/\/www.arosmarmitte.it\/wp-content\/uploads\/Renault-Clio-RS-IV-RS4-2013-2015-EDC-200-downpipe-con-senza-catalizzatore-diretto-exhaust-system-echappement-sound-pipe-catalyst-1-1.jpg","type":"image\/jpeg"}],"twitter_card":"summary_large_image","twitter_site":"@AROS_MARMITTE","twitter_misc":{"Est. reading time":"4 minutes"},"schema":{"@context":"https:\/\/schema.org","@graph":[{"@type":"WebPage","@id":"https:\/\/www.arosmarmitte.it\/prodotto\/impianti-di-scarico\/downpipe-senza-catalizzatore-renault-clio-4-rs\/","url":"https:\/\/www.arosmarmitte.it\/prodotto\/impianti-di-scarico\/downpipe-senza-catalizzatore-renault-clio-4-rs\/","name":"Downpipe Renault Clio 4 RS senza catalizzatore | Acquista ora | Aros Marmitte","isPartOf":{"@id":"https:\/\/www.arosmarmitte.it\/en\/#website"},"primaryImageOfPage":{"@id":"https:\/\/www.arosmarmitte.it\/prodotto\/impianti-di-scarico\/downpipe-senza-catalizzatore-renault-clio-4-rs\/#primaryimage"},"image":{"@id":"https:\/\/www.arosmarmitte.it\/prodotto\/impianti-di-scarico\/downpipe-senza-catalizzatore-renault-clio-4-rs\/#primaryimage"},"thumbnailUrl":"https:\/\/www.arosmarmitte.it\/wp-content\/uploads\/Renault-Clio-RS-IV-RS4-2013-2015-EDC-200-downpipe-con-senza-catalizzatore-diretto-exhaust-system-echappement-sound-pipe-catalyst-1-1.jpg","datePublished":"2024-09-28T12:23:48+00:00","dateModified":"2025-01-28T14:24:10+00:00","description":"Downpipe per Renault Clio 4 RS T senza catalizzatore. Una marmitta sportiva per aumentare notevolmente le prestazioni della tua auto! Approfitta subito!","breadcrumb":{"@id":"https:\/\/www.arosmarmitte.it\/prodotto\/impianti-di-scarico\/downpipe-senza-catalizzatore-renault-clio-4-rs\/#breadcrumb"},"inLanguage":"en-US","potentialAction":[{"@type":"ReadAction","target":["https:\/\/www.arosmarmitte.it\/prodotto\/impianti-di-scarico\/downpipe-senza-catalizzatore-renault-clio-4-rs\/"]}]},{"@type":"ImageObject","inLanguage":"en-US","@id":"https:\/\/www.arosmarmitte.it\/prodotto\/impianti-di-scarico\/downpipe-senza-catalizzatore-renault-clio-4-rs\/#primaryimage","url":"https:\/\/www.arosmarmitte.it\/wp-content\/uploads\/Renault-Clio-RS-IV-RS4-2013-2015-EDC-200-downpipe-con-senza-catalizzatore-diretto-exhaust-system-echappement-sound-pipe-catalyst-1-1.jpg","contentUrl":"https:\/\/www.arosmarmitte.it\/wp-content\/uploads\/Renault-Clio-RS-IV-RS4-2013-2015-EDC-200-downpipe-con-senza-catalizzatore-diretto-exhaust-system-echappement-sound-pipe-catalyst-1-1.jpg","width":1134,"height":992,"caption":"Downpipe per Renault Clio 4 RS 1.6 L senza catalizzatore in acciaio inox compatibile con originale"},{"@type":"BreadcrumbList","@id":"https:\/\/www.arosmarmitte.it\/prodotto\/impianti-di-scarico\/downpipe-senza-catalizzatore-renault-clio-4-rs\/#breadcrumb","itemListElement":[{"@type":"ListItem","position":1,"name":"Home","item":"https:\/\/www.arosmarmitte.it\/en\/"},{"@type":"ListItem","position":2,"name":"Shop","item":"https:\/\/www.arosmarmitte.it\/shop\/"},{"@type":"ListItem","position":3,"name":"Downpipe Renault Clio 4 RS 1.6 200 EDC"}]},{"@type":"WebSite","@id":"https:\/\/www.arosmarmitte.it\/en\/#website","url":"https:\/\/www.arosmarmitte.it\/en\/","name":"Aros Marmitte","description":"","publisher":{"@id":"https:\/\/www.arosmarmitte.it\/en\/#organization"},"potentialAction":[{"@type":"SearchAction","target":{"@type":"EntryPoint","urlTemplate":"https:\/\/www.arosmarmitte.it\/en\/?s={search_term_string}"},"query-input":{"@type":"PropertyValueSpecification","valueRequired":true,"valueName":"search_term_string"}}],"inLanguage":"en-US"},{"@type":"Organization","@id":"https:\/\/www.arosmarmitte.it\/en\/#organization","name":"AROS Marmitte","alternateName":"AROS SRL","url":"https:\/\/www.arosmarmitte.it\/en\/","logo":{"@type":"ImageObject","inLanguage":"en-US","@id":"https:\/\/www.arosmarmitte.it\/en\/#\/schema\/logo\/image\/","url":"https:\/\/www.arosmarmitte.it\/wp-content\/uploads\/AROS_MARMITTE_LOGO_2016-EXHAUST-SYSTEMS-ECHAPPEMENT-SCARICO-ARTIGIANALE-MARMITTA-1-1.jpg","contentUrl":"https:\/\/www.arosmarmitte.it\/wp-content\/uploads\/AROS_MARMITTE_LOGO_2016-EXHAUST-SYSTEMS-ECHAPPEMENT-SCARICO-ARTIGIANALE-MARMITTA-1-1.jpg","width":1000,"height":875,"caption":"AROS Marmitte"},"image":{"@id":"https:\/\/www.arosmarmitte.it\/en\/#\/schema\/logo\/image\/"},"sameAs":["https:\/\/www.facebook.com\/arosmarmitte","https:\/\/x.com\/AROS_MARMITTE","https:\/\/www.instagram.com\/arosmarmitte\/","https:\/\/www.tiktok.com\/@aros_marmitte"],"email":"info@arosmarmitte.it","telephone":"3401417652"}]}},"_links":{"self":[{"href":"https:\/\/www.arosmarmitte.it\/en\/wp-json\/wp\/v2\/product\/119368","targetHints":{"allow":["GET"]}}],"collection":[{"href":"https:\/\/www.arosmarmitte.it\/en\/wp-json\/wp\/v2\/product"}],"about":[{"href":"https:\/\/www.arosmarmitte.it\/en\/wp-json\/wp\/v2\/types\/product"}],"replies":[{"embeddable":true,"href":"https:\/\/www.arosmarmitte.it\/en\/wp-json\/wp\/v2\/comments?post=119368"}],"wp:featuredmedia":[{"embeddable":true,"href":"https:\/\/www.arosmarmitte.it\/en\/wp-json\/wp\/v2\/media\/111782"}],"wp:attachment":[{"href":"https:\/\/www.arosmarmitte.it\/en\/wp-json\/wp\/v2\/media?parent=119368"}],"wp:term":[{"taxonomy":"marca","embeddable":true,"href":"https:\/\/www.arosmarmitte.it\/en\/wp-json\/wp\/v2\/marca?post=119368"},{"taxonomy":"product_brand","embeddable":true,"href":"https:\/\/www.arosmarmitte.it\/en\/wp-json\/wp\/v2\/product_brand?post=119368"},{"taxonomy":"product_cat","embeddable":true,"href":"https:\/\/www.arosmarmitte.it\/en\/wp-json\/wp\/v2\/product_cat?post=119368"},{"taxonomy":"product_tag","embeddable":true,"href":"https:\/\/www.arosmarmitte.it\/en\/wp-json\/wp\/v2\/product_tag?post=119368"}],"curies":[{"name":"wp","href":"https:\/\/api.w.org\/{rel}","templated":true}]}}