{"id":115758,"date":"2024-09-28T13:13:12","date_gmt":"2024-09-28T11:13:12","guid":{"rendered":"http:\/\/arosmarmitte.it\/?post_type=product&#038;p=115758"},"modified":"2025-10-28T08:53:35","modified_gmt":"2025-10-28T07:53:35","slug":"centrale-silenziato-e-finale-con-doppio-silenziatore-audi-rs3-8y-400-hp-2022-2023","status":"publish","type":"product","link":"https:\/\/www.arosmarmitte.it\/en\/prodotto\/exhaust-systems\/centrale-silenziato-e-finale-con-doppio-silenziatore-audi-rs3-8y-400-hp-2022-2023\/","title":{"rendered":"RS3 8Y SPORTBACK QUATTRO 2.5 TFSI (400 Hp) &#8211; Centrale silenziato e finale con doppio silenziatore"},"content":{"rendered":"<h1>Centrale silenziato e finale con doppio silenziatore per Audi RS3 8Y Sportback Quattro 2.5 TFSI<\/h1>\n<h2>Centrale silenziato e finale con doppio silenziatore in acciaio Inox per Audi RS3 8Y Sportback Quattro 2.5 TFSI (400 Hp) | 2022-2025<\/h2>\n<p>&nbsp;<\/p>\n<p>&nbsp;<\/p>\n<p>Le sezioni centrale e finale dello scarico della tua Audi RS3 8Y sono state progettate appositamente per garantire un deflusso ottimale dei gas di scarico, un comfort di marcia piacevole e l&#8217;assenza di fastidiose risonanze sia a bassi regimi che a velocit\u00e0 di crociera sostenute. Per offrire un sound coinvolgente ma discreto, la sezione centrale \u00e8 dotata di un silenziatore, mentre sulle uscite sono presenti due silenziatori ovali dedicati che possono essere rimossi qualora si desideri un suono pi\u00f9 deciso.<\/p>\n<p>&nbsp;<\/p>\n<p>&nbsp;<\/p>\n<p>&nbsp;<\/p>\n<h3>Dettagli tecnici<\/h3>\n<ul>\n<li><strong>materiale:<\/strong> realizzati in acciaio Inox AISI 304<\/li>\n<li><strong>saldature:<\/strong> realizzati con tecnica di saldatura a TIG<\/li>\n<li><strong>montaggio:<\/strong>\u00a0Plug&amp;play<\/li>\n<\/ul>\n<p>&nbsp;<\/p>\n<p><strong>Perch\u00e8 utilizziamo l\u2019acciaio Inox per i nostri prodotti?<\/strong><\/p>\n<p>L\u2019acciaio \u00e8 un materiale noto per la sua durezza, resistenza meccanica e termica, versatilit\u00e0 ed affidabilit\u00e0. Tutti i nostri prodotti standard sono realizzati in acciaio Inox AISI 304.<\/p>\n<p>&nbsp;<\/p>\n<p><strong>Perch\u00e8 le saldature a TIG?<\/strong><\/p>\n<p>La saldatura a TIG \u00e8 una tecnica fine e complicata eppure molto resistente. Questa, unita al ridotto spessore del tubo, garantisce un prodotto estremamente leggero ed esteticamente raffinato.<\/p>\n<p>&nbsp;<\/p>\n<p><strong>Cosa vuol dire Plug&amp;play?<\/strong><\/p>\n<p>Significa che per montare il centrale ed il finale sulla tua Audi RS3 8Y ti baster\u00e0 sfruttare tutti gli attacchi gi\u00e0 presenti in vettura senza effettuare lavori e modifiche grazie alla presenza di tutti gli innesti sonda e delle staffe necessarie.<\/p>\n<p>&nbsp;<\/p>\n<p>&nbsp;<\/p>\n<p>&nbsp;<\/p>\n<p>&nbsp;<\/p>\n<p><em>Infine ci teniamo a sottolineare che progettazione, sviluppo, realizzazione e produzione sono operazioni svolte esclusivamente all\u2019interno della nostra sede e che il prodotto gode di tutte le caratteristiche e cure della migliore tradizione artigianale italiana.<\/em><\/p>\n<p>&nbsp;<\/p>\n<p>&nbsp;<\/p>\n<p><em>Non trovi quello che cerchi?\u00a0\u00a0<\/em>Visita la sezione\u00a0<a href=\"https:\/\/www.arosmarmitte.it\/contatti\/\" target=\"_blank\" rel=\"noopener\">contatti<\/a>\u00a0e chiamaci o scrivici via whatsapp.<\/p>\n<p>&nbsp;<\/p>\n<p>&nbsp;<\/p>\n<h5>Effettuiamo spedizioni in tutta Italia in tempi brevi. Ogni articolo Aros Marmitte ha una garanzia di recesso di 14 giorni.\u00a0<a href=\"https:\/\/www.arosmarmitte.it\/contatti\/\" target=\"_blank\" rel=\"noopener\">Consulta le norme di spedizione<\/a>.<br \/>\n________________________________________________________________________________________________________<\/h5>\n<h6>Visita anche la nostra\u00a0<a href=\"https:\/\/www.facebook.com\/arosmarmitte?locale=it_IT\" target=\"_blank\" rel=\"noopener\">pagina Facebook<\/a>\u00a0o il nostro\u00a0<a href=\"https:\/\/www.instagram.com\/arosmarmitte\/?next=https%3A%2F%2Fwww.instagram.com%2Farosmarmitte%2F\" target=\"_blank\" rel=\"noopener\">account Instagram<\/a>\u00a0per restare sempre aggiornato sui nostri prodotti!<\/h6>\n","protected":false},"excerpt":{"rendered":"<p>Centrale silenziato e finale con doppio silenziatore per Audi RS3 8Y Sportback Quattro 2.5 TFSI Centrale silenziato e finale con doppio silenziatore in acciaio Inox per Audi RS3 8Y Sportback Quattro 2.5 TFSI (400 Hp) | 2022-2025 &nbsp; &nbsp; Le sezioni centrale e finale dello scarico della tua Audi RS3 8Y sono state progettate appositamente [&hellip;]<\/p>\n","protected":false},"featured_media":109263,"comment_status":"closed","ping_status":"closed","template":"","meta":{"_acf_changed":false},"marca":[],"product_brand":[],"product_cat":[15],"product_tag":[],"class_list":{"0":"post-115758","1":"product","2":"type-product","3":"status-publish","4":"has-post-thumbnail","6":"product_cat-impianti-di-scarico","8":"first","9":"instock","10":"taxable","11":"shipping-taxable","12":"purchasable","13":"product-type-simple"},"acf":[],"yoast_head":"<!-- This site is optimized with the Yoast SEO Premium plugin v24.8 (Yoast SEO v27.2) - https:\/\/yoast.com\/product\/yoast-seo-premium-wordpress\/ -->\n<title>Audi RS3 8Y - Centrale silenziato e finale con doppio silenziatore | Aros Marmitte<\/title>\n<meta name=\"description\" content=\"Aumenta il sound della tua Audi RS3 8Y con i nostri centrale silenziato e finale con doppio silenziatore! Contattaci ora!\" \/>\n<meta name=\"robots\" content=\"index, follow, max-snippet:-1, max-image-preview:large, max-video-preview:-1\" \/>\n<link rel=\"canonical\" href=\"https:\/\/www.arosmarmitte.it\/prodotto\/impianti-di-scarico\/centrale-silenziato-e-finale-con-doppio-silenziatore-audi-rs3-8y-400-hp-2022-2023\/\" \/>\n<meta property=\"og:locale\" content=\"en_US\" \/>\n<meta property=\"og:type\" content=\"article\" \/>\n<meta property=\"og:title\" content=\"RS3 8Y SPORTBACK QUATTRO 2.5 TFSI (400 Hp) - Centrale silenziato e finale con doppio silenziatore\" \/>\n<meta property=\"og:description\" content=\"Aumenta il sound della tua Audi RS3 8Y con i nostri centrale silenziato e finale con doppio silenziatore! Contattaci ora!\" \/>\n<meta property=\"og:url\" content=\"https:\/\/www.arosmarmitte.it\/prodotto\/impianti-di-scarico\/centrale-silenziato-e-finale-con-doppio-silenziatore-audi-rs3-8y-400-hp-2022-2023\/\" \/>\n<meta property=\"og:site_name\" content=\"Aros Marmitte\" \/>\n<meta property=\"article:publisher\" content=\"https:\/\/www.facebook.com\/arosmarmitte\" \/>\n<meta property=\"article:modified_time\" content=\"2025-10-28T07:53:35+00:00\" \/>\n<meta property=\"og:image\" content=\"https:\/\/www.arosmarmitte.it\/wp-content\/uploads\/AROS_MARMITTE_LOGO_2016-EXHAUST-SYSTEMS-ECHAPPEMENT-SCARICO-ARTIGIANALE-MARMITTA-1-1.jpg\" \/>\n\t<meta property=\"og:image:width\" content=\"1000\" \/>\n\t<meta property=\"og:image:height\" content=\"875\" \/>\n\t<meta property=\"og:image:type\" content=\"image\/jpeg\" \/>\n<meta name=\"twitter:card\" content=\"summary_large_image\" \/>\n<meta name=\"twitter:site\" content=\"@AROS_MARMITTE\" \/>\n<meta name=\"twitter:label1\" content=\"Est. reading time\" \/>\n\t<meta name=\"twitter:data1\" content=\"3 minutes\" \/>\n<script type=\"application\/ld+json\" class=\"yoast-schema-graph\">{\"@context\":\"https:\/\/schema.org\",\"@graph\":[{\"@type\":\"WebPage\",\"@id\":\"https:\/\/www.arosmarmitte.it\/prodotto\/impianti-di-scarico\/centrale-silenziato-e-finale-con-doppio-silenziatore-audi-rs3-8y-400-hp-2022-2023\/\",\"url\":\"https:\/\/www.arosmarmitte.it\/prodotto\/impianti-di-scarico\/centrale-silenziato-e-finale-con-doppio-silenziatore-audi-rs3-8y-400-hp-2022-2023\/\",\"name\":\"Audi RS3 8Y - Centrale silenziato e finale con doppio silenziatore | Aros Marmitte\",\"isPartOf\":{\"@id\":\"https:\/\/www.arosmarmitte.it\/en\/#website\"},\"primaryImageOfPage\":{\"@id\":\"https:\/\/www.arosmarmitte.it\/prodotto\/impianti-di-scarico\/centrale-silenziato-e-finale-con-doppio-silenziatore-audi-rs3-8y-400-hp-2022-2023\/#primaryimage\"},\"image\":{\"@id\":\"https:\/\/www.arosmarmitte.it\/prodotto\/impianti-di-scarico\/centrale-silenziato-e-finale-con-doppio-silenziatore-audi-rs3-8y-400-hp-2022-2023\/#primaryimage\"},\"thumbnailUrl\":\"https:\/\/www.arosmarmitte.it\/wp-content\/uploads\/AROS_MARMITTE_LOGO_2016-EXHAUST-SYSTEMS-ECHAPPEMENT-SCARICO-ARTIGIANALE-MARMITTA-1-1.jpg\",\"datePublished\":\"2024-09-28T11:13:12+00:00\",\"dateModified\":\"2025-10-28T07:53:35+00:00\",\"description\":\"Aumenta il sound della tua Audi RS3 8Y con i nostri centrale silenziato e finale con doppio silenziatore! Contattaci ora!\",\"breadcrumb\":{\"@id\":\"https:\/\/www.arosmarmitte.it\/prodotto\/impianti-di-scarico\/centrale-silenziato-e-finale-con-doppio-silenziatore-audi-rs3-8y-400-hp-2022-2023\/#breadcrumb\"},\"inLanguage\":\"en-US\",\"potentialAction\":[{\"@type\":\"ReadAction\",\"target\":[\"https:\/\/www.arosmarmitte.it\/prodotto\/impianti-di-scarico\/centrale-silenziato-e-finale-con-doppio-silenziatore-audi-rs3-8y-400-hp-2022-2023\/\"]}]},{\"@type\":\"ImageObject\",\"inLanguage\":\"en-US\",\"@id\":\"https:\/\/www.arosmarmitte.it\/prodotto\/impianti-di-scarico\/centrale-silenziato-e-finale-con-doppio-silenziatore-audi-rs3-8y-400-hp-2022-2023\/#primaryimage\",\"url\":\"https:\/\/www.arosmarmitte.it\/wp-content\/uploads\/AROS_MARMITTE_LOGO_2016-EXHAUST-SYSTEMS-ECHAPPEMENT-SCARICO-ARTIGIANALE-MARMITTA-1-1.jpg\",\"contentUrl\":\"https:\/\/www.arosmarmitte.it\/wp-content\/uploads\/AROS_MARMITTE_LOGO_2016-EXHAUST-SYSTEMS-ECHAPPEMENT-SCARICO-ARTIGIANALE-MARMITTA-1-1.jpg\",\"width\":1000,\"height\":875,\"caption\":\"Sezione diretta elimina catalizzatori secondari per alfa romeo 147 3.2 gta\"},{\"@type\":\"BreadcrumbList\",\"@id\":\"https:\/\/www.arosmarmitte.it\/prodotto\/impianti-di-scarico\/centrale-silenziato-e-finale-con-doppio-silenziatore-audi-rs3-8y-400-hp-2022-2023\/#breadcrumb\",\"itemListElement\":[{\"@type\":\"ListItem\",\"position\":1,\"name\":\"Home\",\"item\":\"https:\/\/www.arosmarmitte.it\/en\/\"},{\"@type\":\"ListItem\",\"position\":2,\"name\":\"Shop\",\"item\":\"https:\/\/www.arosmarmitte.it\/shop\/\"},{\"@type\":\"ListItem\",\"position\":3,\"name\":\"RS3 8Y SPORTBACK QUATTRO 2.5 TFSI (400 Hp) &#8211; Centrale silenziato e finale con doppio silenziatore\"}]},{\"@type\":\"WebSite\",\"@id\":\"https:\/\/www.arosmarmitte.it\/en\/#website\",\"url\":\"https:\/\/www.arosmarmitte.it\/en\/\",\"name\":\"Aros Marmitte\",\"description\":\"\",\"publisher\":{\"@id\":\"https:\/\/www.arosmarmitte.it\/en\/#organization\"},\"potentialAction\":[{\"@type\":\"SearchAction\",\"target\":{\"@type\":\"EntryPoint\",\"urlTemplate\":\"https:\/\/www.arosmarmitte.it\/en\/?s={search_term_string}\"},\"query-input\":{\"@type\":\"PropertyValueSpecification\",\"valueRequired\":true,\"valueName\":\"search_term_string\"}}],\"inLanguage\":\"en-US\"},{\"@type\":\"Organization\",\"@id\":\"https:\/\/www.arosmarmitte.it\/en\/#organization\",\"name\":\"AROS Marmitte\",\"alternateName\":\"AROS SRL\",\"url\":\"https:\/\/www.arosmarmitte.it\/en\/\",\"logo\":{\"@type\":\"ImageObject\",\"inLanguage\":\"en-US\",\"@id\":\"https:\/\/www.arosmarmitte.it\/en\/#\/schema\/logo\/image\/\",\"url\":\"https:\/\/www.arosmarmitte.it\/wp-content\/uploads\/AROS_MARMITTE_LOGO_2016-EXHAUST-SYSTEMS-ECHAPPEMENT-SCARICO-ARTIGIANALE-MARMITTA-1-1.jpg\",\"contentUrl\":\"https:\/\/www.arosmarmitte.it\/wp-content\/uploads\/AROS_MARMITTE_LOGO_2016-EXHAUST-SYSTEMS-ECHAPPEMENT-SCARICO-ARTIGIANALE-MARMITTA-1-1.jpg\",\"width\":1000,\"height\":875,\"caption\":\"AROS Marmitte\"},\"image\":{\"@id\":\"https:\/\/www.arosmarmitte.it\/en\/#\/schema\/logo\/image\/\"},\"sameAs\":[\"https:\/\/www.facebook.com\/arosmarmitte\",\"https:\/\/x.com\/AROS_MARMITTE\",\"https:\/\/www.instagram.com\/arosmarmitte\/\",\"https:\/\/www.tiktok.com\/@aros_marmitte\"],\"email\":\"info@arosmarmitte.it\",\"telephone\":\"3401417652\"}]}<\/script>\n<!-- \/ Yoast SEO Premium plugin. -->","yoast_head_json":{"title":"Audi RS3 8Y - Centrale silenziato e finale con doppio silenziatore | Aros Marmitte","description":"Aumenta il sound della tua Audi RS3 8Y con i nostri centrale silenziato e finale con doppio silenziatore! Contattaci ora!","robots":{"index":"index","follow":"follow","max-snippet":"max-snippet:-1","max-image-preview":"max-image-preview:large","max-video-preview":"max-video-preview:-1"},"canonical":"https:\/\/www.arosmarmitte.it\/prodotto\/impianti-di-scarico\/centrale-silenziato-e-finale-con-doppio-silenziatore-audi-rs3-8y-400-hp-2022-2023\/","og_locale":"en_US","og_type":"article","og_title":"RS3 8Y SPORTBACK QUATTRO 2.5 TFSI (400 Hp) - Centrale silenziato e finale con doppio silenziatore","og_description":"Aumenta il sound della tua Audi RS3 8Y con i nostri centrale silenziato e finale con doppio silenziatore! Contattaci ora!","og_url":"https:\/\/www.arosmarmitte.it\/prodotto\/impianti-di-scarico\/centrale-silenziato-e-finale-con-doppio-silenziatore-audi-rs3-8y-400-hp-2022-2023\/","og_site_name":"Aros Marmitte","article_publisher":"https:\/\/www.facebook.com\/arosmarmitte","article_modified_time":"2025-10-28T07:53:35+00:00","og_image":[{"width":1000,"height":875,"url":"https:\/\/www.arosmarmitte.it\/wp-content\/uploads\/AROS_MARMITTE_LOGO_2016-EXHAUST-SYSTEMS-ECHAPPEMENT-SCARICO-ARTIGIANALE-MARMITTA-1-1.jpg","type":"image\/jpeg"}],"twitter_card":"summary_large_image","twitter_site":"@AROS_MARMITTE","twitter_misc":{"Est. reading time":"3 minutes"},"schema":{"@context":"https:\/\/schema.org","@graph":[{"@type":"WebPage","@id":"https:\/\/www.arosmarmitte.it\/prodotto\/impianti-di-scarico\/centrale-silenziato-e-finale-con-doppio-silenziatore-audi-rs3-8y-400-hp-2022-2023\/","url":"https:\/\/www.arosmarmitte.it\/prodotto\/impianti-di-scarico\/centrale-silenziato-e-finale-con-doppio-silenziatore-audi-rs3-8y-400-hp-2022-2023\/","name":"Audi RS3 8Y - Centrale silenziato e finale con doppio silenziatore | Aros Marmitte","isPartOf":{"@id":"https:\/\/www.arosmarmitte.it\/en\/#website"},"primaryImageOfPage":{"@id":"https:\/\/www.arosmarmitte.it\/prodotto\/impianti-di-scarico\/centrale-silenziato-e-finale-con-doppio-silenziatore-audi-rs3-8y-400-hp-2022-2023\/#primaryimage"},"image":{"@id":"https:\/\/www.arosmarmitte.it\/prodotto\/impianti-di-scarico\/centrale-silenziato-e-finale-con-doppio-silenziatore-audi-rs3-8y-400-hp-2022-2023\/#primaryimage"},"thumbnailUrl":"https:\/\/www.arosmarmitte.it\/wp-content\/uploads\/AROS_MARMITTE_LOGO_2016-EXHAUST-SYSTEMS-ECHAPPEMENT-SCARICO-ARTIGIANALE-MARMITTA-1-1.jpg","datePublished":"2024-09-28T11:13:12+00:00","dateModified":"2025-10-28T07:53:35+00:00","description":"Aumenta il sound della tua Audi RS3 8Y con i nostri centrale silenziato e finale con doppio silenziatore! Contattaci ora!","breadcrumb":{"@id":"https:\/\/www.arosmarmitte.it\/prodotto\/impianti-di-scarico\/centrale-silenziato-e-finale-con-doppio-silenziatore-audi-rs3-8y-400-hp-2022-2023\/#breadcrumb"},"inLanguage":"en-US","potentialAction":[{"@type":"ReadAction","target":["https:\/\/www.arosmarmitte.it\/prodotto\/impianti-di-scarico\/centrale-silenziato-e-finale-con-doppio-silenziatore-audi-rs3-8y-400-hp-2022-2023\/"]}]},{"@type":"ImageObject","inLanguage":"en-US","@id":"https:\/\/www.arosmarmitte.it\/prodotto\/impianti-di-scarico\/centrale-silenziato-e-finale-con-doppio-silenziatore-audi-rs3-8y-400-hp-2022-2023\/#primaryimage","url":"https:\/\/www.arosmarmitte.it\/wp-content\/uploads\/AROS_MARMITTE_LOGO_2016-EXHAUST-SYSTEMS-ECHAPPEMENT-SCARICO-ARTIGIANALE-MARMITTA-1-1.jpg","contentUrl":"https:\/\/www.arosmarmitte.it\/wp-content\/uploads\/AROS_MARMITTE_LOGO_2016-EXHAUST-SYSTEMS-ECHAPPEMENT-SCARICO-ARTIGIANALE-MARMITTA-1-1.jpg","width":1000,"height":875,"caption":"Sezione diretta elimina catalizzatori secondari per alfa romeo 147 3.2 gta"},{"@type":"BreadcrumbList","@id":"https:\/\/www.arosmarmitte.it\/prodotto\/impianti-di-scarico\/centrale-silenziato-e-finale-con-doppio-silenziatore-audi-rs3-8y-400-hp-2022-2023\/#breadcrumb","itemListElement":[{"@type":"ListItem","position":1,"name":"Home","item":"https:\/\/www.arosmarmitte.it\/en\/"},{"@type":"ListItem","position":2,"name":"Shop","item":"https:\/\/www.arosmarmitte.it\/shop\/"},{"@type":"ListItem","position":3,"name":"RS3 8Y SPORTBACK QUATTRO 2.5 TFSI (400 Hp) &#8211; Centrale silenziato e finale con doppio silenziatore"}]},{"@type":"WebSite","@id":"https:\/\/www.arosmarmitte.it\/en\/#website","url":"https:\/\/www.arosmarmitte.it\/en\/","name":"Aros Marmitte","description":"","publisher":{"@id":"https:\/\/www.arosmarmitte.it\/en\/#organization"},"potentialAction":[{"@type":"SearchAction","target":{"@type":"EntryPoint","urlTemplate":"https:\/\/www.arosmarmitte.it\/en\/?s={search_term_string}"},"query-input":{"@type":"PropertyValueSpecification","valueRequired":true,"valueName":"search_term_string"}}],"inLanguage":"en-US"},{"@type":"Organization","@id":"https:\/\/www.arosmarmitte.it\/en\/#organization","name":"AROS Marmitte","alternateName":"AROS SRL","url":"https:\/\/www.arosmarmitte.it\/en\/","logo":{"@type":"ImageObject","inLanguage":"en-US","@id":"https:\/\/www.arosmarmitte.it\/en\/#\/schema\/logo\/image\/","url":"https:\/\/www.arosmarmitte.it\/wp-content\/uploads\/AROS_MARMITTE_LOGO_2016-EXHAUST-SYSTEMS-ECHAPPEMENT-SCARICO-ARTIGIANALE-MARMITTA-1-1.jpg","contentUrl":"https:\/\/www.arosmarmitte.it\/wp-content\/uploads\/AROS_MARMITTE_LOGO_2016-EXHAUST-SYSTEMS-ECHAPPEMENT-SCARICO-ARTIGIANALE-MARMITTA-1-1.jpg","width":1000,"height":875,"caption":"AROS Marmitte"},"image":{"@id":"https:\/\/www.arosmarmitte.it\/en\/#\/schema\/logo\/image\/"},"sameAs":["https:\/\/www.facebook.com\/arosmarmitte","https:\/\/x.com\/AROS_MARMITTE","https:\/\/www.instagram.com\/arosmarmitte\/","https:\/\/www.tiktok.com\/@aros_marmitte"],"email":"info@arosmarmitte.it","telephone":"3401417652"}]}},"_links":{"self":[{"href":"https:\/\/www.arosmarmitte.it\/en\/wp-json\/wp\/v2\/product\/115758","targetHints":{"allow":["GET"]}}],"collection":[{"href":"https:\/\/www.arosmarmitte.it\/en\/wp-json\/wp\/v2\/product"}],"about":[{"href":"https:\/\/www.arosmarmitte.it\/en\/wp-json\/wp\/v2\/types\/product"}],"replies":[{"embeddable":true,"href":"https:\/\/www.arosmarmitte.it\/en\/wp-json\/wp\/v2\/comments?post=115758"}],"wp:featuredmedia":[{"embeddable":true,"href":"https:\/\/www.arosmarmitte.it\/en\/wp-json\/wp\/v2\/media\/109263"}],"wp:attachment":[{"href":"https:\/\/www.arosmarmitte.it\/en\/wp-json\/wp\/v2\/media?parent=115758"}],"wp:term":[{"taxonomy":"marca","embeddable":true,"href":"https:\/\/www.arosmarmitte.it\/en\/wp-json\/wp\/v2\/marca?post=115758"},{"taxonomy":"product_brand","embeddable":true,"href":"https:\/\/www.arosmarmitte.it\/en\/wp-json\/wp\/v2\/product_brand?post=115758"},{"taxonomy":"product_cat","embeddable":true,"href":"https:\/\/www.arosmarmitte.it\/en\/wp-json\/wp\/v2\/product_cat?post=115758"},{"taxonomy":"product_tag","embeddable":true,"href":"https:\/\/www.arosmarmitte.it\/en\/wp-json\/wp\/v2\/product_tag?post=115758"}],"curies":[{"name":"wp","href":"https:\/\/api.w.org\/{rel}","templated":true}]}}