{"id":115753,"date":"2024-09-28T13:13:12","date_gmt":"2024-09-28T11:13:12","guid":{"rendered":"http:\/\/arosmarmitte.it\/?post_type=product&#038;p=115753"},"modified":"2025-08-29T09:35:54","modified_gmt":"2025-08-29T07:35:54","slug":"downpipe-audi-rs3-8y-con-catalizzatore-15","status":"publish","type":"product","link":"https:\/\/www.arosmarmitte.it\/en\/prodotto\/exhaust-systems\/downpipe-audi-rs3-8y-con-catalizzatore-15\/","title":{"rendered":"RS3 8Y Sportback Quattro &#8211; Downpipe con catalizzatore elimina OPF"},"content":{"rendered":"<h1>Audi RS3 8Y Downpipe con catalizzatore sportivo elimina OPF<\/h1>\n<h2>AUDI RS3 8Y SPORTBACK QUATTRO 2.5L<\/h2>\n<p>&nbsp;<\/p>\n<p>Ecco il nostro downpipe sportivo per Audi Rs3 8Y. Dotato di catalizzatore metallico ad alte prestazioni, garantisce una potenza maggiore del motore grazie ad un flusso dei gas ottimizzato. Gli ingegneri hanno disegnato questo impianto di scarico per migliorare la tua RS3 su strada. La guida non sar\u00e0 pi\u00f9 la stessa!<\/p>\n<p>&nbsp;<\/p>\n<h2>Quali sono i vantaggi del nostro downpipe per Audi RS3?<\/h2>\n<p>I nostri ingegneri hanno ottimizzato il flusso dei gas di scarico: la rimozione dell&#8217;OPF dello scarico originale e un diametro migliorato permettono al motore della tua Audi RS3 8Y di respirare liberamente.<\/p>\n<p>&nbsp;<\/p>\n<h3>Ma cosa significa davvero\u00a0<em>respirare liberamente?<\/em><\/h3>\n<p>L&#8217;impianto di scarico originale ha un OPF e un catalizzatore a flusso ristretto. Si tratta di una marmitta molto pesante, con un percorso tortuoso e pensata per abbattere le emissioni, <span style=\"text-decoration: underline;\">non per massimizzare la potenza<\/span>.<\/p>\n<p>Il downpipe di <strong>Aros Marmitte<\/strong>, realizzato in acciaio inox, permette di fare circolare i gas pi\u00f9 velocemente riducendone il ristagno. Con uno scarico pi\u00f9 libero si riducono notevolmente contropressione e peso.<\/p>\n<p>&nbsp;<\/p>\n<h3>Vantaggi su strada<\/h3>\n<p>Gli effetti combinati di uno scarico libero dall&#8217;OPF e con diametro ottimizzato, permettono alla tua Audi RS3 8Y di sprigionare una potenza maggiore:<\/p>\n<ul>\n<li><strong>Risposta e accelerazione migliori<\/strong><\/li>\n<li><strong>Maggiore potenza durevole<\/strong><\/li>\n<li><strong>Minori picchi termici<\/strong><\/li>\n<\/ul>\n<p>Con la riduzione della contropressione il turbocompressore lavora pi\u00f9 efficaciemente gi\u00e0 a bassi regimi. In pratica il turbo &#8220;inizia a pompare pressione&#8221; a bassi regimi, accorciando i tempi di <em>spool<\/em>. Ci\u00f2 significa un boost disponibile prima rispetto allo scarico originale.<\/p>\n<p>&nbsp;<\/p>\n<h3>Aumento di potenza e coppia della tua Audi RS3 8Y<\/h3>\n<p>Grazie al flusso pi\u00f9 libero della marmitta, i test dinamometrici confermano incrementi di potenza e coppia. Questi guadagni si traducono in un&#8217;erogazione pi\u00f9 pronta: throttle response pi\u00f9 reattiva e accelerazione pi\u00f9 immediata.<\/p>\n<p>&nbsp;<\/p>\n<h3>Catalizzatore sportivo<\/h3>\n<p>L&#8217;inserimento di un catalizzatore sportivo metallico fa circolare i gas pi\u00f9 velocemente e ne riduce il ristagno.<\/p>\n<p>&nbsp;<\/p>\n<h3>Richiede gestione elettronica<\/h3>\n<p>Eliminando l&#8217;OPF dell&#8217;AUDI RS3 8Y,\u00a0 sparisce un&#8217;ulteriore strozzatura. Il sistema richiede quindi una rimappatura per gestire la sonda, ma in termini di prestazioni il beneficio \u00e8 un flusso ancora pi\u00f9 libero, con prestazioni e rumorosit\u00e0 nettamente migliorate.<\/p>\n<p>&nbsp;<\/p>\n<h2>Dettagli tecnici dello scarico Aros Marmitte per Audi RS3 8Y<\/h2>\n<ul>\n<li>saldato a TIG: la tecnica di saldatura pi\u00f9 raffinata. Scelta d&#8217;elezione sia nel motorsport, sia nell&#8217;aeronautica<\/li>\n<li>acciaio inox AISI304: resistente e durevole<\/li>\n<li>diametro ottimizzato<\/li>\n<li>catalizzatore metallico sportivo<\/li>\n<li>montaggio plug&amp;play: manteniamo tutti gli attacchi per le sonde dello scarico originale<\/li>\n<\/ul>\n<p>&nbsp;<\/p>\n<p>Hai bisogno di altre informazioni? Visita la nostra sezione <a href=\"https:\/\/www.arosmarmitte.it\/contatti\/\" target=\"_blank\" rel=\"noopener\">contatti<\/a>, risponderemo ad ogni dubbio.<\/p>\n<p>&nbsp;<\/p>\n<h3>Acquista ora il tuo impianto di scarico per Audi RS3 8Y. Cambia la tua esperienza di guida e domina la strada!<\/h3>\n<p>&nbsp;<\/p>\n<p>Visita anche la nostra\u00a0<a href=\"https:\/\/www.facebook.com\/arosmarmitte?locale=it_IT\" target=\"_blank\" rel=\"noopener\">pagina Facebook<\/a>\u00a0o il nostro\u00a0<a href=\"https:\/\/www.instagram.com\/arosmarmitte\/?next=https%3A%2F%2Fwww.instagram.com%2Farosmarmitte%2F\" target=\"_blank\" rel=\"noopener\">account Instagram<\/a>\u00a0per restare sempre aggiornato sui nostri prodotti!<\/p>\n","protected":false},"excerpt":{"rendered":"<p>Audi RS3 8Y Downpipe con catalizzatore sportivo elimina OPF AUDI RS3 8Y SPORTBACK QUATTRO 2.5L &nbsp; Ecco il nostro downpipe sportivo per Audi Rs3 8Y. Dotato di catalizzatore metallico ad alte prestazioni, garantisce una potenza maggiore del motore grazie ad un flusso dei gas ottimizzato. Gli ingegneri hanno disegnato questo impianto di scarico per migliorare [&hellip;]<\/p>\n","protected":false},"featured_media":109635,"comment_status":"closed","ping_status":"closed","template":"","meta":{"_acf_changed":false},"marca":[],"product_brand":[],"product_cat":[15],"product_tag":[],"class_list":{"0":"post-115753","1":"product","2":"type-product","3":"status-publish","4":"has-post-thumbnail","6":"product_cat-impianti-di-scarico","8":"first","9":"instock","10":"taxable","11":"shipping-taxable","12":"purchasable","13":"product-type-simple"},"acf":[],"yoast_head":"<!-- This site is optimized with the Yoast SEO Premium plugin v24.8 (Yoast SEO v27.2) - https:\/\/yoast.com\/product\/yoast-seo-premium-wordpress\/ -->\n<title>Audi RS3 8Y - Downpipe con catalizzatore elimina OPF | Aros Marmitte<\/title>\n<meta name=\"description\" content=\"Scopri il nostro downpipe per Audi RS3 8Y. Migliora nettamente la potenza della tua auto grazie a un impianto di scarico sportivo! Acquistalo subito!\" \/>\n<meta name=\"robots\" content=\"index, follow, max-snippet:-1, max-image-preview:large, max-video-preview:-1\" \/>\n<link rel=\"canonical\" href=\"https:\/\/www.arosmarmitte.it\/prodotto\/impianti-di-scarico\/downpipe-audi-rs3-8y-con-catalizzatore-15\/\" \/>\n<meta property=\"og:locale\" content=\"en_US\" \/>\n<meta property=\"og:type\" content=\"article\" \/>\n<meta property=\"og:title\" content=\"RS3 8Y Sportback Quattro - Downpipe con catalizzatore elimina OPF\" \/>\n<meta property=\"og:description\" content=\"Scopri il nostro downpipe per Audi RS3 8Y. Migliora nettamente la potenza della tua auto grazie a un impianto di scarico sportivo! Acquistalo subito!\" \/>\n<meta property=\"og:url\" content=\"https:\/\/www.arosmarmitte.it\/prodotto\/impianti-di-scarico\/downpipe-audi-rs3-8y-con-catalizzatore-15\/\" \/>\n<meta property=\"og:site_name\" content=\"Aros Marmitte\" \/>\n<meta property=\"article:publisher\" content=\"https:\/\/www.facebook.com\/arosmarmitte\" \/>\n<meta property=\"article:modified_time\" content=\"2025-08-29T07:35:54+00:00\" \/>\n<meta property=\"og:image\" content=\"https:\/\/www.arosmarmitte.it\/wp-content\/uploads\/AUDI-RS3-8Y-DOWNPIPE-CON-CATALIZZATORE-EXHAUST-SYSTEM-SOUND-ECHAPPEMENT-CATALYST-MARMITTA-SCARICO-ARTIGIANALE-1.jpg\" \/>\n\t<meta property=\"og:image:width\" content=\"1200\" \/>\n\t<meta property=\"og:image:height\" content=\"1037\" \/>\n\t<meta property=\"og:image:type\" content=\"image\/jpeg\" \/>\n<meta name=\"twitter:card\" content=\"summary_large_image\" \/>\n<meta name=\"twitter:site\" content=\"@AROS_MARMITTE\" \/>\n<meta name=\"twitter:label1\" content=\"Est. reading time\" \/>\n\t<meta name=\"twitter:data1\" content=\"3 minutes\" \/>\n<script type=\"application\/ld+json\" class=\"yoast-schema-graph\">{\"@context\":\"https:\/\/schema.org\",\"@graph\":[{\"@type\":\"WebPage\",\"@id\":\"https:\/\/www.arosmarmitte.it\/prodotto\/impianti-di-scarico\/downpipe-audi-rs3-8y-con-catalizzatore-15\/\",\"url\":\"https:\/\/www.arosmarmitte.it\/prodotto\/impianti-di-scarico\/downpipe-audi-rs3-8y-con-catalizzatore-15\/\",\"name\":\"Audi RS3 8Y - Downpipe con catalizzatore elimina OPF | Aros Marmitte\",\"isPartOf\":{\"@id\":\"https:\/\/www.arosmarmitte.it\/en\/#website\"},\"primaryImageOfPage\":{\"@id\":\"https:\/\/www.arosmarmitte.it\/prodotto\/impianti-di-scarico\/downpipe-audi-rs3-8y-con-catalizzatore-15\/#primaryimage\"},\"image\":{\"@id\":\"https:\/\/www.arosmarmitte.it\/prodotto\/impianti-di-scarico\/downpipe-audi-rs3-8y-con-catalizzatore-15\/#primaryimage\"},\"thumbnailUrl\":\"https:\/\/www.arosmarmitte.it\/wp-content\/uploads\/AUDI-RS3-8Y-DOWNPIPE-CON-CATALIZZATORE-EXHAUST-SYSTEM-SOUND-ECHAPPEMENT-CATALYST-MARMITTA-SCARICO-ARTIGIANALE-1.jpg\",\"datePublished\":\"2024-09-28T11:13:12+00:00\",\"dateModified\":\"2025-08-29T07:35:54+00:00\",\"description\":\"Scopri il nostro downpipe per Audi RS3 8Y. Migliora nettamente la potenza della tua auto grazie a un impianto di scarico sportivo! Acquistalo subito!\",\"breadcrumb\":{\"@id\":\"https:\/\/www.arosmarmitte.it\/prodotto\/impianti-di-scarico\/downpipe-audi-rs3-8y-con-catalizzatore-15\/#breadcrumb\"},\"inLanguage\":\"en-US\",\"potentialAction\":[{\"@type\":\"ReadAction\",\"target\":[\"https:\/\/www.arosmarmitte.it\/prodotto\/impianti-di-scarico\/downpipe-audi-rs3-8y-con-catalizzatore-15\/\"]}]},{\"@type\":\"ImageObject\",\"inLanguage\":\"en-US\",\"@id\":\"https:\/\/www.arosmarmitte.it\/prodotto\/impianti-di-scarico\/downpipe-audi-rs3-8y-con-catalizzatore-15\/#primaryimage\",\"url\":\"https:\/\/www.arosmarmitte.it\/wp-content\/uploads\/AUDI-RS3-8Y-DOWNPIPE-CON-CATALIZZATORE-EXHAUST-SYSTEM-SOUND-ECHAPPEMENT-CATALYST-MARMITTA-SCARICO-ARTIGIANALE-1.jpg\",\"contentUrl\":\"https:\/\/www.arosmarmitte.it\/wp-content\/uploads\/AUDI-RS3-8Y-DOWNPIPE-CON-CATALIZZATORE-EXHAUST-SYSTEM-SOUND-ECHAPPEMENT-CATALYST-MARMITTA-SCARICO-ARTIGIANALE-1.jpg\",\"width\":1200,\"height\":1037,\"caption\":\"Downpipe con catalizzatore per Audi RS Q3 Quattro\/Sportback\/Suv 2.5 TFSI 2020\"},{\"@type\":\"BreadcrumbList\",\"@id\":\"https:\/\/www.arosmarmitte.it\/prodotto\/impianti-di-scarico\/downpipe-audi-rs3-8y-con-catalizzatore-15\/#breadcrumb\",\"itemListElement\":[{\"@type\":\"ListItem\",\"position\":1,\"name\":\"Home\",\"item\":\"https:\/\/www.arosmarmitte.it\/en\/\"},{\"@type\":\"ListItem\",\"position\":2,\"name\":\"Shop\",\"item\":\"https:\/\/www.arosmarmitte.it\/shop\/\"},{\"@type\":\"ListItem\",\"position\":3,\"name\":\"Audi RS3 8Y downpipe sportivo marmitta e impianto di scarico\"}]},{\"@type\":\"WebSite\",\"@id\":\"https:\/\/www.arosmarmitte.it\/en\/#website\",\"url\":\"https:\/\/www.arosmarmitte.it\/en\/\",\"name\":\"Aros Marmitte\",\"description\":\"\",\"publisher\":{\"@id\":\"https:\/\/www.arosmarmitte.it\/en\/#organization\"},\"potentialAction\":[{\"@type\":\"SearchAction\",\"target\":{\"@type\":\"EntryPoint\",\"urlTemplate\":\"https:\/\/www.arosmarmitte.it\/en\/?s={search_term_string}\"},\"query-input\":{\"@type\":\"PropertyValueSpecification\",\"valueRequired\":true,\"valueName\":\"search_term_string\"}}],\"inLanguage\":\"en-US\"},{\"@type\":\"Organization\",\"@id\":\"https:\/\/www.arosmarmitte.it\/en\/#organization\",\"name\":\"AROS Marmitte\",\"alternateName\":\"AROS SRL\",\"url\":\"https:\/\/www.arosmarmitte.it\/en\/\",\"logo\":{\"@type\":\"ImageObject\",\"inLanguage\":\"en-US\",\"@id\":\"https:\/\/www.arosmarmitte.it\/en\/#\/schema\/logo\/image\/\",\"url\":\"https:\/\/www.arosmarmitte.it\/wp-content\/uploads\/AROS_MARMITTE_LOGO_2016-EXHAUST-SYSTEMS-ECHAPPEMENT-SCARICO-ARTIGIANALE-MARMITTA-1-1.jpg\",\"contentUrl\":\"https:\/\/www.arosmarmitte.it\/wp-content\/uploads\/AROS_MARMITTE_LOGO_2016-EXHAUST-SYSTEMS-ECHAPPEMENT-SCARICO-ARTIGIANALE-MARMITTA-1-1.jpg\",\"width\":1000,\"height\":875,\"caption\":\"AROS Marmitte\"},\"image\":{\"@id\":\"https:\/\/www.arosmarmitte.it\/en\/#\/schema\/logo\/image\/\"},\"sameAs\":[\"https:\/\/www.facebook.com\/arosmarmitte\",\"https:\/\/x.com\/AROS_MARMITTE\",\"https:\/\/www.instagram.com\/arosmarmitte\/\",\"https:\/\/www.tiktok.com\/@aros_marmitte\"],\"email\":\"info@arosmarmitte.it\",\"telephone\":\"3401417652\"}]}<\/script>\n<!-- \/ Yoast SEO Premium plugin. -->","yoast_head_json":{"title":"Audi RS3 8Y - Downpipe con catalizzatore elimina OPF | Aros Marmitte","description":"Scopri il nostro downpipe per Audi RS3 8Y. Migliora nettamente la potenza della tua auto grazie a un impianto di scarico sportivo! Acquistalo subito!","robots":{"index":"index","follow":"follow","max-snippet":"max-snippet:-1","max-image-preview":"max-image-preview:large","max-video-preview":"max-video-preview:-1"},"canonical":"https:\/\/www.arosmarmitte.it\/prodotto\/impianti-di-scarico\/downpipe-audi-rs3-8y-con-catalizzatore-15\/","og_locale":"en_US","og_type":"article","og_title":"RS3 8Y Sportback Quattro - Downpipe con catalizzatore elimina OPF","og_description":"Scopri il nostro downpipe per Audi RS3 8Y. Migliora nettamente la potenza della tua auto grazie a un impianto di scarico sportivo! Acquistalo subito!","og_url":"https:\/\/www.arosmarmitte.it\/prodotto\/impianti-di-scarico\/downpipe-audi-rs3-8y-con-catalizzatore-15\/","og_site_name":"Aros Marmitte","article_publisher":"https:\/\/www.facebook.com\/arosmarmitte","article_modified_time":"2025-08-29T07:35:54+00:00","og_image":[{"width":1200,"height":1037,"url":"https:\/\/www.arosmarmitte.it\/wp-content\/uploads\/AUDI-RS3-8Y-DOWNPIPE-CON-CATALIZZATORE-EXHAUST-SYSTEM-SOUND-ECHAPPEMENT-CATALYST-MARMITTA-SCARICO-ARTIGIANALE-1.jpg","type":"image\/jpeg"}],"twitter_card":"summary_large_image","twitter_site":"@AROS_MARMITTE","twitter_misc":{"Est. reading time":"3 minutes"},"schema":{"@context":"https:\/\/schema.org","@graph":[{"@type":"WebPage","@id":"https:\/\/www.arosmarmitte.it\/prodotto\/impianti-di-scarico\/downpipe-audi-rs3-8y-con-catalizzatore-15\/","url":"https:\/\/www.arosmarmitte.it\/prodotto\/impianti-di-scarico\/downpipe-audi-rs3-8y-con-catalizzatore-15\/","name":"Audi RS3 8Y - Downpipe con catalizzatore elimina OPF | Aros Marmitte","isPartOf":{"@id":"https:\/\/www.arosmarmitte.it\/en\/#website"},"primaryImageOfPage":{"@id":"https:\/\/www.arosmarmitte.it\/prodotto\/impianti-di-scarico\/downpipe-audi-rs3-8y-con-catalizzatore-15\/#primaryimage"},"image":{"@id":"https:\/\/www.arosmarmitte.it\/prodotto\/impianti-di-scarico\/downpipe-audi-rs3-8y-con-catalizzatore-15\/#primaryimage"},"thumbnailUrl":"https:\/\/www.arosmarmitte.it\/wp-content\/uploads\/AUDI-RS3-8Y-DOWNPIPE-CON-CATALIZZATORE-EXHAUST-SYSTEM-SOUND-ECHAPPEMENT-CATALYST-MARMITTA-SCARICO-ARTIGIANALE-1.jpg","datePublished":"2024-09-28T11:13:12+00:00","dateModified":"2025-08-29T07:35:54+00:00","description":"Scopri il nostro downpipe per Audi RS3 8Y. Migliora nettamente la potenza della tua auto grazie a un impianto di scarico sportivo! Acquistalo subito!","breadcrumb":{"@id":"https:\/\/www.arosmarmitte.it\/prodotto\/impianti-di-scarico\/downpipe-audi-rs3-8y-con-catalizzatore-15\/#breadcrumb"},"inLanguage":"en-US","potentialAction":[{"@type":"ReadAction","target":["https:\/\/www.arosmarmitte.it\/prodotto\/impianti-di-scarico\/downpipe-audi-rs3-8y-con-catalizzatore-15\/"]}]},{"@type":"ImageObject","inLanguage":"en-US","@id":"https:\/\/www.arosmarmitte.it\/prodotto\/impianti-di-scarico\/downpipe-audi-rs3-8y-con-catalizzatore-15\/#primaryimage","url":"https:\/\/www.arosmarmitte.it\/wp-content\/uploads\/AUDI-RS3-8Y-DOWNPIPE-CON-CATALIZZATORE-EXHAUST-SYSTEM-SOUND-ECHAPPEMENT-CATALYST-MARMITTA-SCARICO-ARTIGIANALE-1.jpg","contentUrl":"https:\/\/www.arosmarmitte.it\/wp-content\/uploads\/AUDI-RS3-8Y-DOWNPIPE-CON-CATALIZZATORE-EXHAUST-SYSTEM-SOUND-ECHAPPEMENT-CATALYST-MARMITTA-SCARICO-ARTIGIANALE-1.jpg","width":1200,"height":1037,"caption":"Downpipe con catalizzatore per Audi RS Q3 Quattro\/Sportback\/Suv 2.5 TFSI 2020"},{"@type":"BreadcrumbList","@id":"https:\/\/www.arosmarmitte.it\/prodotto\/impianti-di-scarico\/downpipe-audi-rs3-8y-con-catalizzatore-15\/#breadcrumb","itemListElement":[{"@type":"ListItem","position":1,"name":"Home","item":"https:\/\/www.arosmarmitte.it\/en\/"},{"@type":"ListItem","position":2,"name":"Shop","item":"https:\/\/www.arosmarmitte.it\/shop\/"},{"@type":"ListItem","position":3,"name":"Audi RS3 8Y downpipe sportivo marmitta e impianto di scarico"}]},{"@type":"WebSite","@id":"https:\/\/www.arosmarmitte.it\/en\/#website","url":"https:\/\/www.arosmarmitte.it\/en\/","name":"Aros Marmitte","description":"","publisher":{"@id":"https:\/\/www.arosmarmitte.it\/en\/#organization"},"potentialAction":[{"@type":"SearchAction","target":{"@type":"EntryPoint","urlTemplate":"https:\/\/www.arosmarmitte.it\/en\/?s={search_term_string}"},"query-input":{"@type":"PropertyValueSpecification","valueRequired":true,"valueName":"search_term_string"}}],"inLanguage":"en-US"},{"@type":"Organization","@id":"https:\/\/www.arosmarmitte.it\/en\/#organization","name":"AROS Marmitte","alternateName":"AROS SRL","url":"https:\/\/www.arosmarmitte.it\/en\/","logo":{"@type":"ImageObject","inLanguage":"en-US","@id":"https:\/\/www.arosmarmitte.it\/en\/#\/schema\/logo\/image\/","url":"https:\/\/www.arosmarmitte.it\/wp-content\/uploads\/AROS_MARMITTE_LOGO_2016-EXHAUST-SYSTEMS-ECHAPPEMENT-SCARICO-ARTIGIANALE-MARMITTA-1-1.jpg","contentUrl":"https:\/\/www.arosmarmitte.it\/wp-content\/uploads\/AROS_MARMITTE_LOGO_2016-EXHAUST-SYSTEMS-ECHAPPEMENT-SCARICO-ARTIGIANALE-MARMITTA-1-1.jpg","width":1000,"height":875,"caption":"AROS Marmitte"},"image":{"@id":"https:\/\/www.arosmarmitte.it\/en\/#\/schema\/logo\/image\/"},"sameAs":["https:\/\/www.facebook.com\/arosmarmitte","https:\/\/x.com\/AROS_MARMITTE","https:\/\/www.instagram.com\/arosmarmitte\/","https:\/\/www.tiktok.com\/@aros_marmitte"],"email":"info@arosmarmitte.it","telephone":"3401417652"}]}},"_links":{"self":[{"href":"https:\/\/www.arosmarmitte.it\/en\/wp-json\/wp\/v2\/product\/115753","targetHints":{"allow":["GET"]}}],"collection":[{"href":"https:\/\/www.arosmarmitte.it\/en\/wp-json\/wp\/v2\/product"}],"about":[{"href":"https:\/\/www.arosmarmitte.it\/en\/wp-json\/wp\/v2\/types\/product"}],"replies":[{"embeddable":true,"href":"https:\/\/www.arosmarmitte.it\/en\/wp-json\/wp\/v2\/comments?post=115753"}],"wp:featuredmedia":[{"embeddable":true,"href":"https:\/\/www.arosmarmitte.it\/en\/wp-json\/wp\/v2\/media\/109635"}],"wp:attachment":[{"href":"https:\/\/www.arosmarmitte.it\/en\/wp-json\/wp\/v2\/media?parent=115753"}],"wp:term":[{"taxonomy":"marca","embeddable":true,"href":"https:\/\/www.arosmarmitte.it\/en\/wp-json\/wp\/v2\/marca?post=115753"},{"taxonomy":"product_brand","embeddable":true,"href":"https:\/\/www.arosmarmitte.it\/en\/wp-json\/wp\/v2\/product_brand?post=115753"},{"taxonomy":"product_cat","embeddable":true,"href":"https:\/\/www.arosmarmitte.it\/en\/wp-json\/wp\/v2\/product_cat?post=115753"},{"taxonomy":"product_tag","embeddable":true,"href":"https:\/\/www.arosmarmitte.it\/en\/wp-json\/wp\/v2\/product_tag?post=115753"}],"curies":[{"name":"wp","href":"https:\/\/api.w.org\/{rel}","templated":true}]}}