{"id":115636,"date":"2024-09-28T13:11:33","date_gmt":"2024-09-28T11:11:33","guid":{"rendered":"http:\/\/arosmarmitte.it\/?post_type=product&#038;p=115636"},"modified":"2025-10-29T08:50:25","modified_gmt":"2025-10-29T07:50:25","slug":"sezione-centrale-silenziata-finale-libero-con-terminali-inox-audi-tt-mk3-2-0-40-45-tfsi-197-245-hp-facelift-coupe-roadster-2019-2021","status":"publish","type":"product","link":"https:\/\/www.arosmarmitte.it\/en\/prodotto\/exhaust-systems\/sezione-centrale-silenziata-finale-libero-con-terminali-inox-audi-tt-mk3-2-0-40-45-tfsi-197-245-hp-facelift-coupe-roadster-2019-2021\/","title":{"rendered":"TT MK3 Facelift Coup\u00e9\/Roadster 2.0 40\/45 TFSI 197\/245 Hp (versione con OPF) &#8211; Sezione centrale silenziata + finale libero con terminali inox"},"content":{"rendered":"<h1>Sezione centrale silenziata e finale libero con terminali Inox per Audi TT MK3 Facelift Coup\u00e9\/Roadster 2.0 40\/45 TFSI (versione con OPF)<\/h1>\n<h2>Sezione centrale silenziata e finale libero con terminali in acciaio Inox per Audi TT MK3 Facelift Coup\u00e9\/Roadster 2.0 40\/45\u00a0 TFSI \u2013 197\/245 Hp (versione con OPF) | 2019-2021<\/h2>\n<p>&nbsp;<\/p>\n<p>&nbsp;<\/p>\n<p>Le sezioni centrale e finale dello scarico della tua Audi TT MK3 sono state progettate appositamente per garantire un deflusso ottimale dei gas di scarico, un comfort di marcia piacevole e l\u2019assenza di fastidiose risonanze sia a bassi regimi che a velocit\u00e0 di crociera sostenute.<\/p>\n<p>Per assicurare un sound avvincente ma non disturbante si \u00e8 scelto di utilizzare un silenziatore sportivo nella sezione centrale. L\u2019estetica grintosa, invece, \u00e8 assicurata dalla presenza di due terminali in acciaio inox lucido.<\/p>\n<p>&nbsp;<\/p>\n<p>&nbsp;<\/p>\n<p>&nbsp;<\/p>\n<h3>Dettagli tecnici<\/h3>\n<ul>\n<li><strong>materiale:<\/strong>\u00a0realizzate in acciaio Inox AISI 304<\/li>\n<li><strong>saldature:<\/strong>\u00a0realizzate con tecnica di saldatura a TIG<\/li>\n<li><strong>montaggio:<\/strong>\u00a0Plug&amp;play<\/li>\n<\/ul>\n<p>&nbsp;<\/p>\n<p><strong>Perch\u00e8 utilizziamo l\u2019acciaio Inox per i nostri prodotti?<\/strong><\/p>\n<p>L\u2019acciaio \u00e8 un materiale noto per la sua durezza, resistenza meccanica e termica, versatilit\u00e0 ed affidabilit\u00e0. Tutti i nostri prodotti standard sono realizzati in acciaio Inox AISI 304.<\/p>\n<p>&nbsp;<\/p>\n<p><strong>Perch\u00e8 le saldature a TIG?<\/strong><\/p>\n<p>La saldatura a TIG \u00e8 una tecnica fine e complicata eppure molto resistente. Questa, unita al ridotto spessore del tubo, garantisce un prodotto estremamente leggero ed esteticamente raffinato.<\/p>\n<p>&nbsp;<\/p>\n<p><strong>Cosa vuol dire Plug&amp;play?<\/strong><\/p>\n<p>Significa che per montare la sezione centrale ed il finale sulla tua Audi TT MK3 ti baster\u00e0 sfruttare tutti gli attacchi gi\u00e0 presenti in vettura senza effettuare lavori e modifiche grazie alla presenza di tutti gli innesti sonda e delle staffe necessarie.<\/p>\n<p>&nbsp;<\/p>\n<p>&nbsp;<\/p>\n<p>&nbsp;<\/p>\n<p>&nbsp;<\/p>\n<p><em>Infine ci teniamo a sottolineare che progettazione, sviluppo, realizzazione e produzione sono operazioni svolte esclusivamente all\u2019interno della nostra sede e che il prodotto gode di tutte le caratteristiche e cure della migliore tradizione artigianale italiana.<\/em><\/p>\n<p>&nbsp;<\/p>\n<p>&nbsp;<\/p>\n<p><em>Non trovi quello che cerchi?\u00a0\u00a0<\/em>Visita la sezione\u00a0<a href=\"https:\/\/www.arosmarmitte.it\/contatti\/\" target=\"_blank\" rel=\"noopener\">contatti<\/a>\u00a0e chiamaci o scrivici via whatsapp.<\/p>\n<p>&nbsp;<\/p>\n<p>&nbsp;<\/p>\n<h5>Effettuiamo spedizioni in tutta Italia in tempi brevi. Ogni articolo Aros Marmitte ha una garanzia di recesso di 14 giorni.\u00a0<a href=\"https:\/\/www.arosmarmitte.it\/contatti\/\" target=\"_blank\" rel=\"noopener\">Consulta le norme di spedizione<\/a>.<br \/>\n________________________________________________________________________________________________________<\/h5>\n<h6>Visita anche la nostra\u00a0<a href=\"https:\/\/www.facebook.com\/arosmarmitte?locale=it_IT\" target=\"_blank\" rel=\"noopener\">pagina Facebook<\/a>\u00a0o il nostro\u00a0<a href=\"https:\/\/www.instagram.com\/arosmarmitte\/?next=https%3A%2F%2Fwww.instagram.com%2Farosmarmitte%2F\" target=\"_blank\" rel=\"noopener\">account Instagram<\/a>\u00a0per restare sempre aggiornato sui nostri prodotti!<\/h6>\n","protected":false},"excerpt":{"rendered":"<p>Sezione centrale silenziata e finale libero con terminali Inox per Audi TT MK3 Facelift Coup\u00e9\/Roadster 2.0 40\/45 TFSI (versione con OPF) Sezione centrale silenziata e finale libero con terminali in acciaio Inox per Audi TT MK3 Facelift Coup\u00e9\/Roadster 2.0 40\/45\u00a0 TFSI \u2013 197\/245 Hp (versione con OPF) | 2019-2021 &nbsp; &nbsp; Le sezioni centrale e [&hellip;]<\/p>\n","protected":false},"featured_media":109263,"comment_status":"closed","ping_status":"closed","template":"","meta":{"_acf_changed":false},"marca":[],"product_brand":[],"product_cat":[15],"product_tag":[],"class_list":{"0":"post-115636","1":"product","2":"type-product","3":"status-publish","4":"has-post-thumbnail","6":"product_cat-impianti-di-scarico","8":"first","9":"instock","10":"taxable","11":"shipping-taxable","12":"purchasable","13":"product-type-simple"},"acf":[],"yoast_head":"<!-- This site is optimized with the Yoast SEO Premium plugin v24.8 (Yoast SEO v27.2) - https:\/\/yoast.com\/product\/yoast-seo-premium-wordpress\/ -->\n<title>TT MK3 - Centrale silenziato e finale libero con terminali in Inox | Aros Marmitte<\/title>\n<meta name=\"description\" content=\"Sezione centrale silenziata e finale libero con terminali in Inox per Audi TT MK3 Facelift Coup\u00e9\/Roadster (versione con OPF). Contattaci ora!\" \/>\n<meta name=\"robots\" content=\"index, follow, max-snippet:-1, max-image-preview:large, max-video-preview:-1\" \/>\n<link rel=\"canonical\" href=\"https:\/\/www.arosmarmitte.it\/prodotto\/impianti-di-scarico\/sezione-centrale-silenziata-finale-libero-con-terminali-inox-audi-tt-mk3-2-0-40-45-tfsi-197-245-hp-facelift-coupe-roadster-2019-2021\/\" \/>\n<meta property=\"og:locale\" content=\"en_US\" \/>\n<meta property=\"og:type\" content=\"article\" \/>\n<meta property=\"og:title\" content=\"TT MK3 Facelift Coup\u00e9\/Roadster 2.0 40\/45 TFSI 197\/245 Hp (versione con OPF) - Sezione centrale silenziata + finale libero con terminali inox\" \/>\n<meta property=\"og:description\" content=\"Sezione centrale silenziata e finale libero con terminali in Inox per Audi TT MK3 Facelift Coup\u00e9\/Roadster (versione con OPF). Contattaci ora!\" \/>\n<meta property=\"og:url\" content=\"https:\/\/www.arosmarmitte.it\/prodotto\/impianti-di-scarico\/sezione-centrale-silenziata-finale-libero-con-terminali-inox-audi-tt-mk3-2-0-40-45-tfsi-197-245-hp-facelift-coupe-roadster-2019-2021\/\" \/>\n<meta property=\"og:site_name\" content=\"Aros Marmitte\" \/>\n<meta property=\"article:publisher\" content=\"https:\/\/www.facebook.com\/arosmarmitte\" \/>\n<meta property=\"article:modified_time\" content=\"2025-10-29T07:50:25+00:00\" \/>\n<meta property=\"og:image\" content=\"https:\/\/www.arosmarmitte.it\/wp-content\/uploads\/AROS_MARMITTE_LOGO_2016-EXHAUST-SYSTEMS-ECHAPPEMENT-SCARICO-ARTIGIANALE-MARMITTA-1-1.jpg\" \/>\n\t<meta property=\"og:image:width\" content=\"1000\" \/>\n\t<meta property=\"og:image:height\" content=\"875\" \/>\n\t<meta property=\"og:image:type\" content=\"image\/jpeg\" \/>\n<meta name=\"twitter:card\" content=\"summary_large_image\" \/>\n<meta name=\"twitter:site\" content=\"@AROS_MARMITTE\" \/>\n<meta name=\"twitter:label1\" content=\"Est. reading time\" \/>\n\t<meta name=\"twitter:data1\" content=\"3 minutes\" \/>\n<script type=\"application\/ld+json\" class=\"yoast-schema-graph\">{\"@context\":\"https:\/\/schema.org\",\"@graph\":[{\"@type\":\"WebPage\",\"@id\":\"https:\/\/www.arosmarmitte.it\/prodotto\/impianti-di-scarico\/sezione-centrale-silenziata-finale-libero-con-terminali-inox-audi-tt-mk3-2-0-40-45-tfsi-197-245-hp-facelift-coupe-roadster-2019-2021\/\",\"url\":\"https:\/\/www.arosmarmitte.it\/prodotto\/impianti-di-scarico\/sezione-centrale-silenziata-finale-libero-con-terminali-inox-audi-tt-mk3-2-0-40-45-tfsi-197-245-hp-facelift-coupe-roadster-2019-2021\/\",\"name\":\"TT MK3 - Centrale silenziato e finale libero con terminali in Inox | Aros Marmitte\",\"isPartOf\":{\"@id\":\"https:\/\/www.arosmarmitte.it\/en\/#website\"},\"primaryImageOfPage\":{\"@id\":\"https:\/\/www.arosmarmitte.it\/prodotto\/impianti-di-scarico\/sezione-centrale-silenziata-finale-libero-con-terminali-inox-audi-tt-mk3-2-0-40-45-tfsi-197-245-hp-facelift-coupe-roadster-2019-2021\/#primaryimage\"},\"image\":{\"@id\":\"https:\/\/www.arosmarmitte.it\/prodotto\/impianti-di-scarico\/sezione-centrale-silenziata-finale-libero-con-terminali-inox-audi-tt-mk3-2-0-40-45-tfsi-197-245-hp-facelift-coupe-roadster-2019-2021\/#primaryimage\"},\"thumbnailUrl\":\"https:\/\/www.arosmarmitte.it\/wp-content\/uploads\/AROS_MARMITTE_LOGO_2016-EXHAUST-SYSTEMS-ECHAPPEMENT-SCARICO-ARTIGIANALE-MARMITTA-1-1.jpg\",\"datePublished\":\"2024-09-28T11:11:33+00:00\",\"dateModified\":\"2025-10-29T07:50:25+00:00\",\"description\":\"Sezione centrale silenziata e finale libero con terminali in Inox per Audi TT MK3 Facelift Coup\u00e9\/Roadster (versione con OPF). Contattaci ora!\",\"breadcrumb\":{\"@id\":\"https:\/\/www.arosmarmitte.it\/prodotto\/impianti-di-scarico\/sezione-centrale-silenziata-finale-libero-con-terminali-inox-audi-tt-mk3-2-0-40-45-tfsi-197-245-hp-facelift-coupe-roadster-2019-2021\/#breadcrumb\"},\"inLanguage\":\"en-US\",\"potentialAction\":[{\"@type\":\"ReadAction\",\"target\":[\"https:\/\/www.arosmarmitte.it\/prodotto\/impianti-di-scarico\/sezione-centrale-silenziata-finale-libero-con-terminali-inox-audi-tt-mk3-2-0-40-45-tfsi-197-245-hp-facelift-coupe-roadster-2019-2021\/\"]}]},{\"@type\":\"ImageObject\",\"inLanguage\":\"en-US\",\"@id\":\"https:\/\/www.arosmarmitte.it\/prodotto\/impianti-di-scarico\/sezione-centrale-silenziata-finale-libero-con-terminali-inox-audi-tt-mk3-2-0-40-45-tfsi-197-245-hp-facelift-coupe-roadster-2019-2021\/#primaryimage\",\"url\":\"https:\/\/www.arosmarmitte.it\/wp-content\/uploads\/AROS_MARMITTE_LOGO_2016-EXHAUST-SYSTEMS-ECHAPPEMENT-SCARICO-ARTIGIANALE-MARMITTA-1-1.jpg\",\"contentUrl\":\"https:\/\/www.arosmarmitte.it\/wp-content\/uploads\/AROS_MARMITTE_LOGO_2016-EXHAUST-SYSTEMS-ECHAPPEMENT-SCARICO-ARTIGIANALE-MARMITTA-1-1.jpg\",\"width\":1000,\"height\":875,\"caption\":\"Sezione diretta elimina catalizzatori secondari per alfa romeo 147 3.2 gta\"},{\"@type\":\"BreadcrumbList\",\"@id\":\"https:\/\/www.arosmarmitte.it\/prodotto\/impianti-di-scarico\/sezione-centrale-silenziata-finale-libero-con-terminali-inox-audi-tt-mk3-2-0-40-45-tfsi-197-245-hp-facelift-coupe-roadster-2019-2021\/#breadcrumb\",\"itemListElement\":[{\"@type\":\"ListItem\",\"position\":1,\"name\":\"Home\",\"item\":\"https:\/\/www.arosmarmitte.it\/en\/\"},{\"@type\":\"ListItem\",\"position\":2,\"name\":\"Shop\",\"item\":\"https:\/\/www.arosmarmitte.it\/shop\/\"},{\"@type\":\"ListItem\",\"position\":3,\"name\":\"TT MK3 Facelift Coup\u00e9\/Roadster 2.0 40\/45 TFSI 197\/245 Hp (versione con OPF) &#8211; Sezione centrale silenziata + finale libero con terminali inox\"}]},{\"@type\":\"WebSite\",\"@id\":\"https:\/\/www.arosmarmitte.it\/en\/#website\",\"url\":\"https:\/\/www.arosmarmitte.it\/en\/\",\"name\":\"Aros Marmitte\",\"description\":\"\",\"publisher\":{\"@id\":\"https:\/\/www.arosmarmitte.it\/en\/#organization\"},\"potentialAction\":[{\"@type\":\"SearchAction\",\"target\":{\"@type\":\"EntryPoint\",\"urlTemplate\":\"https:\/\/www.arosmarmitte.it\/en\/?s={search_term_string}\"},\"query-input\":{\"@type\":\"PropertyValueSpecification\",\"valueRequired\":true,\"valueName\":\"search_term_string\"}}],\"inLanguage\":\"en-US\"},{\"@type\":\"Organization\",\"@id\":\"https:\/\/www.arosmarmitte.it\/en\/#organization\",\"name\":\"AROS Marmitte\",\"alternateName\":\"AROS SRL\",\"url\":\"https:\/\/www.arosmarmitte.it\/en\/\",\"logo\":{\"@type\":\"ImageObject\",\"inLanguage\":\"en-US\",\"@id\":\"https:\/\/www.arosmarmitte.it\/en\/#\/schema\/logo\/image\/\",\"url\":\"https:\/\/www.arosmarmitte.it\/wp-content\/uploads\/AROS_MARMITTE_LOGO_2016-EXHAUST-SYSTEMS-ECHAPPEMENT-SCARICO-ARTIGIANALE-MARMITTA-1-1.jpg\",\"contentUrl\":\"https:\/\/www.arosmarmitte.it\/wp-content\/uploads\/AROS_MARMITTE_LOGO_2016-EXHAUST-SYSTEMS-ECHAPPEMENT-SCARICO-ARTIGIANALE-MARMITTA-1-1.jpg\",\"width\":1000,\"height\":875,\"caption\":\"AROS Marmitte\"},\"image\":{\"@id\":\"https:\/\/www.arosmarmitte.it\/en\/#\/schema\/logo\/image\/\"},\"sameAs\":[\"https:\/\/www.facebook.com\/arosmarmitte\",\"https:\/\/x.com\/AROS_MARMITTE\",\"https:\/\/www.instagram.com\/arosmarmitte\/\",\"https:\/\/www.tiktok.com\/@aros_marmitte\"],\"email\":\"info@arosmarmitte.it\",\"telephone\":\"3401417652\"}]}<\/script>\n<!-- \/ Yoast SEO Premium plugin. -->","yoast_head_json":{"title":"TT MK3 - Centrale silenziato e finale libero con terminali in Inox | Aros Marmitte","description":"Sezione centrale silenziata e finale libero con terminali in Inox per Audi TT MK3 Facelift Coup\u00e9\/Roadster (versione con OPF). Contattaci ora!","robots":{"index":"index","follow":"follow","max-snippet":"max-snippet:-1","max-image-preview":"max-image-preview:large","max-video-preview":"max-video-preview:-1"},"canonical":"https:\/\/www.arosmarmitte.it\/prodotto\/impianti-di-scarico\/sezione-centrale-silenziata-finale-libero-con-terminali-inox-audi-tt-mk3-2-0-40-45-tfsi-197-245-hp-facelift-coupe-roadster-2019-2021\/","og_locale":"en_US","og_type":"article","og_title":"TT MK3 Facelift Coup\u00e9\/Roadster 2.0 40\/45 TFSI 197\/245 Hp (versione con OPF) - Sezione centrale silenziata + finale libero con terminali inox","og_description":"Sezione centrale silenziata e finale libero con terminali in Inox per Audi TT MK3 Facelift Coup\u00e9\/Roadster (versione con OPF). Contattaci ora!","og_url":"https:\/\/www.arosmarmitte.it\/prodotto\/impianti-di-scarico\/sezione-centrale-silenziata-finale-libero-con-terminali-inox-audi-tt-mk3-2-0-40-45-tfsi-197-245-hp-facelift-coupe-roadster-2019-2021\/","og_site_name":"Aros Marmitte","article_publisher":"https:\/\/www.facebook.com\/arosmarmitte","article_modified_time":"2025-10-29T07:50:25+00:00","og_image":[{"width":1000,"height":875,"url":"https:\/\/www.arosmarmitte.it\/wp-content\/uploads\/AROS_MARMITTE_LOGO_2016-EXHAUST-SYSTEMS-ECHAPPEMENT-SCARICO-ARTIGIANALE-MARMITTA-1-1.jpg","type":"image\/jpeg"}],"twitter_card":"summary_large_image","twitter_site":"@AROS_MARMITTE","twitter_misc":{"Est. reading time":"3 minutes"},"schema":{"@context":"https:\/\/schema.org","@graph":[{"@type":"WebPage","@id":"https:\/\/www.arosmarmitte.it\/prodotto\/impianti-di-scarico\/sezione-centrale-silenziata-finale-libero-con-terminali-inox-audi-tt-mk3-2-0-40-45-tfsi-197-245-hp-facelift-coupe-roadster-2019-2021\/","url":"https:\/\/www.arosmarmitte.it\/prodotto\/impianti-di-scarico\/sezione-centrale-silenziata-finale-libero-con-terminali-inox-audi-tt-mk3-2-0-40-45-tfsi-197-245-hp-facelift-coupe-roadster-2019-2021\/","name":"TT MK3 - Centrale silenziato e finale libero con terminali in Inox | Aros Marmitte","isPartOf":{"@id":"https:\/\/www.arosmarmitte.it\/en\/#website"},"primaryImageOfPage":{"@id":"https:\/\/www.arosmarmitte.it\/prodotto\/impianti-di-scarico\/sezione-centrale-silenziata-finale-libero-con-terminali-inox-audi-tt-mk3-2-0-40-45-tfsi-197-245-hp-facelift-coupe-roadster-2019-2021\/#primaryimage"},"image":{"@id":"https:\/\/www.arosmarmitte.it\/prodotto\/impianti-di-scarico\/sezione-centrale-silenziata-finale-libero-con-terminali-inox-audi-tt-mk3-2-0-40-45-tfsi-197-245-hp-facelift-coupe-roadster-2019-2021\/#primaryimage"},"thumbnailUrl":"https:\/\/www.arosmarmitte.it\/wp-content\/uploads\/AROS_MARMITTE_LOGO_2016-EXHAUST-SYSTEMS-ECHAPPEMENT-SCARICO-ARTIGIANALE-MARMITTA-1-1.jpg","datePublished":"2024-09-28T11:11:33+00:00","dateModified":"2025-10-29T07:50:25+00:00","description":"Sezione centrale silenziata e finale libero con terminali in Inox per Audi TT MK3 Facelift Coup\u00e9\/Roadster (versione con OPF). Contattaci ora!","breadcrumb":{"@id":"https:\/\/www.arosmarmitte.it\/prodotto\/impianti-di-scarico\/sezione-centrale-silenziata-finale-libero-con-terminali-inox-audi-tt-mk3-2-0-40-45-tfsi-197-245-hp-facelift-coupe-roadster-2019-2021\/#breadcrumb"},"inLanguage":"en-US","potentialAction":[{"@type":"ReadAction","target":["https:\/\/www.arosmarmitte.it\/prodotto\/impianti-di-scarico\/sezione-centrale-silenziata-finale-libero-con-terminali-inox-audi-tt-mk3-2-0-40-45-tfsi-197-245-hp-facelift-coupe-roadster-2019-2021\/"]}]},{"@type":"ImageObject","inLanguage":"en-US","@id":"https:\/\/www.arosmarmitte.it\/prodotto\/impianti-di-scarico\/sezione-centrale-silenziata-finale-libero-con-terminali-inox-audi-tt-mk3-2-0-40-45-tfsi-197-245-hp-facelift-coupe-roadster-2019-2021\/#primaryimage","url":"https:\/\/www.arosmarmitte.it\/wp-content\/uploads\/AROS_MARMITTE_LOGO_2016-EXHAUST-SYSTEMS-ECHAPPEMENT-SCARICO-ARTIGIANALE-MARMITTA-1-1.jpg","contentUrl":"https:\/\/www.arosmarmitte.it\/wp-content\/uploads\/AROS_MARMITTE_LOGO_2016-EXHAUST-SYSTEMS-ECHAPPEMENT-SCARICO-ARTIGIANALE-MARMITTA-1-1.jpg","width":1000,"height":875,"caption":"Sezione diretta elimina catalizzatori secondari per alfa romeo 147 3.2 gta"},{"@type":"BreadcrumbList","@id":"https:\/\/www.arosmarmitte.it\/prodotto\/impianti-di-scarico\/sezione-centrale-silenziata-finale-libero-con-terminali-inox-audi-tt-mk3-2-0-40-45-tfsi-197-245-hp-facelift-coupe-roadster-2019-2021\/#breadcrumb","itemListElement":[{"@type":"ListItem","position":1,"name":"Home","item":"https:\/\/www.arosmarmitte.it\/en\/"},{"@type":"ListItem","position":2,"name":"Shop","item":"https:\/\/www.arosmarmitte.it\/shop\/"},{"@type":"ListItem","position":3,"name":"TT MK3 Facelift Coup\u00e9\/Roadster 2.0 40\/45 TFSI 197\/245 Hp (versione con OPF) &#8211; Sezione centrale silenziata + finale libero con terminali inox"}]},{"@type":"WebSite","@id":"https:\/\/www.arosmarmitte.it\/en\/#website","url":"https:\/\/www.arosmarmitte.it\/en\/","name":"Aros Marmitte","description":"","publisher":{"@id":"https:\/\/www.arosmarmitte.it\/en\/#organization"},"potentialAction":[{"@type":"SearchAction","target":{"@type":"EntryPoint","urlTemplate":"https:\/\/www.arosmarmitte.it\/en\/?s={search_term_string}"},"query-input":{"@type":"PropertyValueSpecification","valueRequired":true,"valueName":"search_term_string"}}],"inLanguage":"en-US"},{"@type":"Organization","@id":"https:\/\/www.arosmarmitte.it\/en\/#organization","name":"AROS Marmitte","alternateName":"AROS SRL","url":"https:\/\/www.arosmarmitte.it\/en\/","logo":{"@type":"ImageObject","inLanguage":"en-US","@id":"https:\/\/www.arosmarmitte.it\/en\/#\/schema\/logo\/image\/","url":"https:\/\/www.arosmarmitte.it\/wp-content\/uploads\/AROS_MARMITTE_LOGO_2016-EXHAUST-SYSTEMS-ECHAPPEMENT-SCARICO-ARTIGIANALE-MARMITTA-1-1.jpg","contentUrl":"https:\/\/www.arosmarmitte.it\/wp-content\/uploads\/AROS_MARMITTE_LOGO_2016-EXHAUST-SYSTEMS-ECHAPPEMENT-SCARICO-ARTIGIANALE-MARMITTA-1-1.jpg","width":1000,"height":875,"caption":"AROS Marmitte"},"image":{"@id":"https:\/\/www.arosmarmitte.it\/en\/#\/schema\/logo\/image\/"},"sameAs":["https:\/\/www.facebook.com\/arosmarmitte","https:\/\/x.com\/AROS_MARMITTE","https:\/\/www.instagram.com\/arosmarmitte\/","https:\/\/www.tiktok.com\/@aros_marmitte"],"email":"info@arosmarmitte.it","telephone":"3401417652"}]}},"_links":{"self":[{"href":"https:\/\/www.arosmarmitte.it\/en\/wp-json\/wp\/v2\/product\/115636","targetHints":{"allow":["GET"]}}],"collection":[{"href":"https:\/\/www.arosmarmitte.it\/en\/wp-json\/wp\/v2\/product"}],"about":[{"href":"https:\/\/www.arosmarmitte.it\/en\/wp-json\/wp\/v2\/types\/product"}],"replies":[{"embeddable":true,"href":"https:\/\/www.arosmarmitte.it\/en\/wp-json\/wp\/v2\/comments?post=115636"}],"wp:featuredmedia":[{"embeddable":true,"href":"https:\/\/www.arosmarmitte.it\/en\/wp-json\/wp\/v2\/media\/109263"}],"wp:attachment":[{"href":"https:\/\/www.arosmarmitte.it\/en\/wp-json\/wp\/v2\/media?parent=115636"}],"wp:term":[{"taxonomy":"marca","embeddable":true,"href":"https:\/\/www.arosmarmitte.it\/en\/wp-json\/wp\/v2\/marca?post=115636"},{"taxonomy":"product_brand","embeddable":true,"href":"https:\/\/www.arosmarmitte.it\/en\/wp-json\/wp\/v2\/product_brand?post=115636"},{"taxonomy":"product_cat","embeddable":true,"href":"https:\/\/www.arosmarmitte.it\/en\/wp-json\/wp\/v2\/product_cat?post=115636"},{"taxonomy":"product_tag","embeddable":true,"href":"https:\/\/www.arosmarmitte.it\/en\/wp-json\/wp\/v2\/product_tag?post=115636"}],"curies":[{"name":"wp","href":"https:\/\/api.w.org\/{rel}","templated":true}]}}