{"id":115382,"date":"2024-09-28T13:07:21","date_gmt":"2024-09-28T11:07:21","guid":{"rendered":"http:\/\/arosmarmitte.it\/?post_type=product&#038;p=115382"},"modified":"2025-10-27T09:42:53","modified_gmt":"2025-10-27T08:42:53","slug":"downpipe-con-catalizzatore-elimina-opf-audi-a1-1-0-25-tsfi-sportback-2018","status":"publish","type":"product","link":"https:\/\/www.arosmarmitte.it\/en\/prodotto\/exhaust-systems\/downpipe-con-catalizzatore-elimina-opf-audi-a1-1-0-25-tsfi-sportback-2018\/","title":{"rendered":"A1 1.0 25 TFSI Sportback (95 Hp) &#8211; Downpipe con catalizzatore (elimina OPF)"},"content":{"rendered":"<h1>Downpipe con catalizzatore (elimina OPF) per Audi A1 1.0 25 TSFI Sportback<\/h1>\n<h2>Downpipe con catalizzatore (elimina OPF) in acciaio Inox per Audi A1 1.0 25 TSFI Sportback (95 Hp) | 2018-2024<\/h2>\n<p>&nbsp;<\/p>\n<p>&nbsp;<\/p>\n<p>Il downpipe con catalizzatore metallico 200 celle permette di incrementare notevolmente le prestazioni del motore della tua Audi A1 ed offrire un miglior rendimento grazie al deflusso maggiorato dei gas ed alle contropressioni generate. L&#8217;intera sezione \u00e8 progettata per garantire un sound pi\u00f9 grintoso senza penalizzare il comfort di marcia che rimane piacevole e privo di risonanze fastidiose sia ai bassi regimi che a velocit\u00e0 di crociera sostenute.<\/p>\n<p>&nbsp;<\/p>\n<p>&nbsp;<\/p>\n<p>&nbsp;<\/p>\n<h3>Dettagli tecnici<\/h3>\n<ul>\n<li><strong>materiale:<\/strong> realizzato in acciaio Inox AISI 304<\/li>\n<li><strong>saldature:<\/strong> realizzato con tecnica di saldatura a TIG<\/li>\n<li><strong>montaggio:<\/strong> Plug&amp;play con modifica del sistema di gestione elettronica<\/li>\n<\/ul>\n<p>&nbsp;<\/p>\n<p><strong>Perch\u00e8 utilizziamo l&#8217;acciaio Inox per i nostri prodotti?<\/strong><\/p>\n<p>L\u2019acciaio \u00e8 un materiale noto per la sua durezza, resistenza meccanica e termica, versatilit\u00e0 ed affidabilit\u00e0. Tutti i nostri prodotti standard sono realizzati in acciaio Inox AISI 304.<\/p>\n<p>&nbsp;<\/p>\n<p><strong>Perch\u00e8 le saldature a TIG?<\/strong><\/p>\n<p>La saldatura a TIG \u00e8 una tecnica fine e complicata eppure molto resistente. Questa, unita al ridotto spessore del tubo di 1,2 mm, garantisce un prodotto estremamente leggero ed esteticamente raffinato.<\/p>\n<p>&nbsp;<\/p>\n<p><strong>Cosa vuol dire Plug&amp;play?<\/strong><\/p>\n<p>Significa che per montare il downpipe sulla tua Audi A1 ti baster\u00e0 sfruttare tutti gli attacchi gi\u00e0 presenti in vettura senza effettuare lavori e modifiche grazie alla presenza di tutti gli innesti sonda e delle staffe necessarie. Una volta effettuata l&#8217;installazione si consiglia la modifica del sistema di gestione elettronica.<\/p>\n<p>&nbsp;<\/p>\n<p>&nbsp;<\/p>\n<p>&nbsp;<\/p>\n<p>&nbsp;<\/p>\n<p><em>Infine ci teniamo a sottolineare che progettazione, sviluppo, realizzazione e produzione sono operazioni svolte esclusivamente all&#8217;interno della nostra sede e che il prodotto gode di tutte le caratteristiche e cure della migliore tradizione artigianale italiana.<\/em><\/p>\n<p>&nbsp;<\/p>\n<p>&nbsp;<\/p>\n<p><em>Non trovi quello che cerchi?\u00a0 <\/em>Visita la sezione\u00a0<a href=\"https:\/\/www.arosmarmitte.it\/contatti\/\" target=\"_blank\" rel=\"noopener\">contatti<\/a> e chiamaci o scrivici via whatsapp.<\/p>\n<p>&nbsp;<\/p>\n<h5>Effettuiamo spedizioni in tutta Italia in tempi brevi. Ogni articolo Aros Marmitte ha una garanzia di recesso di 14 giorni. <a href=\"https:\/\/www.arosmarmitte.it\/contatti\/\" target=\"_blank\" rel=\"noopener\">Consulta le norme di spedizione<\/a>.<br \/>\n________________________________________________________________________________________________________<\/h5>\n<h6>Visita anche la nostra\u00a0<a href=\"https:\/\/www.facebook.com\/arosmarmitte?locale=it_IT\" target=\"_blank\" rel=\"noopener\">pagina Facebook<\/a>\u00a0o il nostro\u00a0<a href=\"https:\/\/www.instagram.com\/arosmarmitte\/?next=https%3A%2F%2Fwww.instagram.com%2Farosmarmitte%2F\" target=\"_blank\" rel=\"noopener\">account Instagram<\/a> per restare sempre aggiornato sui nostri prodotti!<\/h6>\n","protected":false},"excerpt":{"rendered":"<p>Downpipe con catalizzatore (elimina OPF) per Audi A1 1.0 25 TSFI Sportback Downpipe con catalizzatore (elimina OPF) in acciaio Inox per Audi A1 1.0 25 TSFI Sportback (95 Hp) | 2018-2024 &nbsp; &nbsp; Il downpipe con catalizzatore metallico 200 celle permette di incrementare notevolmente le prestazioni del motore della tua Audi A1 ed offrire un [&hellip;]<\/p>\n","protected":false},"featured_media":109367,"comment_status":"closed","ping_status":"closed","template":"","meta":{"_acf_changed":false},"marca":[],"product_brand":[],"product_cat":[15],"product_tag":[],"class_list":{"0":"post-115382","1":"product","2":"type-product","3":"status-publish","4":"has-post-thumbnail","6":"product_cat-impianti-di-scarico","8":"first","9":"instock","10":"taxable","11":"shipping-taxable","12":"purchasable","13":"product-type-simple"},"acf":[],"yoast_head":"<!-- This site is optimized with the Yoast SEO Premium plugin v24.8 (Yoast SEO v27.2) - https:\/\/yoast.com\/product\/yoast-seo-premium-wordpress\/ -->\n<title>Audi A1 1.0 25 TSFI Sportback - Downpipe con catalizzatore | Aros Marmitte<\/title>\n<meta name=\"description\" content=\"Aumenta il sound della tua Audi A1 1.0 25 TSFI Sportback con il nostro downpipe con catalizzatore! Contattaci per maggiori dettagli!\" \/>\n<meta name=\"robots\" content=\"index, follow, max-snippet:-1, max-image-preview:large, max-video-preview:-1\" \/>\n<link rel=\"canonical\" href=\"https:\/\/www.arosmarmitte.it\/prodotto\/impianti-di-scarico\/downpipe-con-catalizzatore-elimina-opf-audi-a1-1-0-25-tsfi-sportback-2018\/\" \/>\n<meta property=\"og:locale\" content=\"en_US\" \/>\n<meta property=\"og:type\" content=\"article\" \/>\n<meta property=\"og:title\" content=\"A1 1.0 25 TFSI Sportback (95 Hp) - Downpipe con catalizzatore (elimina OPF)\" \/>\n<meta property=\"og:description\" content=\"Aumenta il sound della tua Audi A1 1.0 25 TSFI Sportback con il nostro downpipe con catalizzatore! Contattaci per maggiori dettagli!\" \/>\n<meta property=\"og:url\" content=\"https:\/\/www.arosmarmitte.it\/prodotto\/impianti-di-scarico\/downpipe-con-catalizzatore-elimina-opf-audi-a1-1-0-25-tsfi-sportback-2018\/\" \/>\n<meta property=\"og:site_name\" content=\"Aros Marmitte\" \/>\n<meta property=\"article:publisher\" content=\"https:\/\/www.facebook.com\/arosmarmitte\" \/>\n<meta property=\"article:modified_time\" content=\"2025-10-27T08:42:53+00:00\" \/>\n<meta property=\"og:image\" content=\"https:\/\/www.arosmarmitte.it\/wp-content\/uploads\/Audi-A1-30-TFSI-Sportback-1000-CC-85-kw-116-cv-motore-DKR-dal-2018-downpipe-con-catalizzatore-exhaust-system-echappement-marmitta-scarico-sound-1.jpg\" \/>\n\t<meta property=\"og:image:width\" content=\"1200\" \/>\n\t<meta property=\"og:image:height\" content=\"1067\" \/>\n\t<meta property=\"og:image:type\" content=\"image\/jpeg\" \/>\n<meta name=\"twitter:card\" content=\"summary_large_image\" \/>\n<meta name=\"twitter:site\" content=\"@AROS_MARMITTE\" \/>\n<meta name=\"twitter:label1\" content=\"Est. reading time\" \/>\n\t<meta name=\"twitter:data1\" content=\"3 minutes\" \/>\n<script type=\"application\/ld+json\" class=\"yoast-schema-graph\">{\"@context\":\"https:\/\/schema.org\",\"@graph\":[{\"@type\":\"WebPage\",\"@id\":\"https:\/\/www.arosmarmitte.it\/prodotto\/impianti-di-scarico\/downpipe-con-catalizzatore-elimina-opf-audi-a1-1-0-25-tsfi-sportback-2018\/\",\"url\":\"https:\/\/www.arosmarmitte.it\/prodotto\/impianti-di-scarico\/downpipe-con-catalizzatore-elimina-opf-audi-a1-1-0-25-tsfi-sportback-2018\/\",\"name\":\"Audi A1 1.0 25 TSFI Sportback - Downpipe con catalizzatore | Aros Marmitte\",\"isPartOf\":{\"@id\":\"https:\/\/www.arosmarmitte.it\/en\/#website\"},\"primaryImageOfPage\":{\"@id\":\"https:\/\/www.arosmarmitte.it\/prodotto\/impianti-di-scarico\/downpipe-con-catalizzatore-elimina-opf-audi-a1-1-0-25-tsfi-sportback-2018\/#primaryimage\"},\"image\":{\"@id\":\"https:\/\/www.arosmarmitte.it\/prodotto\/impianti-di-scarico\/downpipe-con-catalizzatore-elimina-opf-audi-a1-1-0-25-tsfi-sportback-2018\/#primaryimage\"},\"thumbnailUrl\":\"https:\/\/www.arosmarmitte.it\/wp-content\/uploads\/Audi-A1-30-TFSI-Sportback-1000-CC-85-kw-116-cv-motore-DKR-dal-2018-downpipe-con-catalizzatore-exhaust-system-echappement-marmitta-scarico-sound-1.jpg\",\"datePublished\":\"2024-09-28T11:07:21+00:00\",\"dateModified\":\"2025-10-27T08:42:53+00:00\",\"description\":\"Aumenta il sound della tua Audi A1 1.0 25 TSFI Sportback con il nostro downpipe con catalizzatore! Contattaci per maggiori dettagli!\",\"breadcrumb\":{\"@id\":\"https:\/\/www.arosmarmitte.it\/prodotto\/impianti-di-scarico\/downpipe-con-catalizzatore-elimina-opf-audi-a1-1-0-25-tsfi-sportback-2018\/#breadcrumb\"},\"inLanguage\":\"en-US\",\"potentialAction\":[{\"@type\":\"ReadAction\",\"target\":[\"https:\/\/www.arosmarmitte.it\/prodotto\/impianti-di-scarico\/downpipe-con-catalizzatore-elimina-opf-audi-a1-1-0-25-tsfi-sportback-2018\/\"]}]},{\"@type\":\"ImageObject\",\"inLanguage\":\"en-US\",\"@id\":\"https:\/\/www.arosmarmitte.it\/prodotto\/impianti-di-scarico\/downpipe-con-catalizzatore-elimina-opf-audi-a1-1-0-25-tsfi-sportback-2018\/#primaryimage\",\"url\":\"https:\/\/www.arosmarmitte.it\/wp-content\/uploads\/Audi-A1-30-TFSI-Sportback-1000-CC-85-kw-116-cv-motore-DKR-dal-2018-downpipe-con-catalizzatore-exhaust-system-echappement-marmitta-scarico-sound-1.jpg\",\"contentUrl\":\"https:\/\/www.arosmarmitte.it\/wp-content\/uploads\/Audi-A1-30-TFSI-Sportback-1000-CC-85-kw-116-cv-motore-DKR-dal-2018-downpipe-con-catalizzatore-exhaust-system-echappement-marmitta-scarico-sound-1.jpg\",\"width\":1200,\"height\":1067,\"caption\":\"Downpipe con catalizzatore (elimina OPF) per Audi A1 1.0 25 TSFI Sportback (95 Hp)\"},{\"@type\":\"BreadcrumbList\",\"@id\":\"https:\/\/www.arosmarmitte.it\/prodotto\/impianti-di-scarico\/downpipe-con-catalizzatore-elimina-opf-audi-a1-1-0-25-tsfi-sportback-2018\/#breadcrumb\",\"itemListElement\":[{\"@type\":\"ListItem\",\"position\":1,\"name\":\"Home\",\"item\":\"https:\/\/www.arosmarmitte.it\/en\/\"},{\"@type\":\"ListItem\",\"position\":2,\"name\":\"Shop\",\"item\":\"https:\/\/www.arosmarmitte.it\/shop\/\"},{\"@type\":\"ListItem\",\"position\":3,\"name\":\"A1 1.0 25 TFSI Sportback (95 Hp) &#8211; Downpipe con catalizzatore (elimina OPF)\"}]},{\"@type\":\"WebSite\",\"@id\":\"https:\/\/www.arosmarmitte.it\/en\/#website\",\"url\":\"https:\/\/www.arosmarmitte.it\/en\/\",\"name\":\"Aros Marmitte\",\"description\":\"\",\"publisher\":{\"@id\":\"https:\/\/www.arosmarmitte.it\/en\/#organization\"},\"potentialAction\":[{\"@type\":\"SearchAction\",\"target\":{\"@type\":\"EntryPoint\",\"urlTemplate\":\"https:\/\/www.arosmarmitte.it\/en\/?s={search_term_string}\"},\"query-input\":{\"@type\":\"PropertyValueSpecification\",\"valueRequired\":true,\"valueName\":\"search_term_string\"}}],\"inLanguage\":\"en-US\"},{\"@type\":\"Organization\",\"@id\":\"https:\/\/www.arosmarmitte.it\/en\/#organization\",\"name\":\"AROS Marmitte\",\"alternateName\":\"AROS SRL\",\"url\":\"https:\/\/www.arosmarmitte.it\/en\/\",\"logo\":{\"@type\":\"ImageObject\",\"inLanguage\":\"en-US\",\"@id\":\"https:\/\/www.arosmarmitte.it\/en\/#\/schema\/logo\/image\/\",\"url\":\"https:\/\/www.arosmarmitte.it\/wp-content\/uploads\/AROS_MARMITTE_LOGO_2016-EXHAUST-SYSTEMS-ECHAPPEMENT-SCARICO-ARTIGIANALE-MARMITTA-1-1.jpg\",\"contentUrl\":\"https:\/\/www.arosmarmitte.it\/wp-content\/uploads\/AROS_MARMITTE_LOGO_2016-EXHAUST-SYSTEMS-ECHAPPEMENT-SCARICO-ARTIGIANALE-MARMITTA-1-1.jpg\",\"width\":1000,\"height\":875,\"caption\":\"AROS Marmitte\"},\"image\":{\"@id\":\"https:\/\/www.arosmarmitte.it\/en\/#\/schema\/logo\/image\/\"},\"sameAs\":[\"https:\/\/www.facebook.com\/arosmarmitte\",\"https:\/\/x.com\/AROS_MARMITTE\",\"https:\/\/www.instagram.com\/arosmarmitte\/\",\"https:\/\/www.tiktok.com\/@aros_marmitte\"],\"email\":\"info@arosmarmitte.it\",\"telephone\":\"3401417652\"}]}<\/script>\n<!-- \/ Yoast SEO Premium plugin. -->","yoast_head_json":{"title":"Audi A1 1.0 25 TSFI Sportback - Downpipe con catalizzatore | Aros Marmitte","description":"Aumenta il sound della tua Audi A1 1.0 25 TSFI Sportback con il nostro downpipe con catalizzatore! Contattaci per maggiori dettagli!","robots":{"index":"index","follow":"follow","max-snippet":"max-snippet:-1","max-image-preview":"max-image-preview:large","max-video-preview":"max-video-preview:-1"},"canonical":"https:\/\/www.arosmarmitte.it\/prodotto\/impianti-di-scarico\/downpipe-con-catalizzatore-elimina-opf-audi-a1-1-0-25-tsfi-sportback-2018\/","og_locale":"en_US","og_type":"article","og_title":"A1 1.0 25 TFSI Sportback (95 Hp) - Downpipe con catalizzatore (elimina OPF)","og_description":"Aumenta il sound della tua Audi A1 1.0 25 TSFI Sportback con il nostro downpipe con catalizzatore! Contattaci per maggiori dettagli!","og_url":"https:\/\/www.arosmarmitte.it\/prodotto\/impianti-di-scarico\/downpipe-con-catalizzatore-elimina-opf-audi-a1-1-0-25-tsfi-sportback-2018\/","og_site_name":"Aros Marmitte","article_publisher":"https:\/\/www.facebook.com\/arosmarmitte","article_modified_time":"2025-10-27T08:42:53+00:00","og_image":[{"width":1200,"height":1067,"url":"https:\/\/www.arosmarmitte.it\/wp-content\/uploads\/Audi-A1-30-TFSI-Sportback-1000-CC-85-kw-116-cv-motore-DKR-dal-2018-downpipe-con-catalizzatore-exhaust-system-echappement-marmitta-scarico-sound-1.jpg","type":"image\/jpeg"}],"twitter_card":"summary_large_image","twitter_site":"@AROS_MARMITTE","twitter_misc":{"Est. reading time":"3 minutes"},"schema":{"@context":"https:\/\/schema.org","@graph":[{"@type":"WebPage","@id":"https:\/\/www.arosmarmitte.it\/prodotto\/impianti-di-scarico\/downpipe-con-catalizzatore-elimina-opf-audi-a1-1-0-25-tsfi-sportback-2018\/","url":"https:\/\/www.arosmarmitte.it\/prodotto\/impianti-di-scarico\/downpipe-con-catalizzatore-elimina-opf-audi-a1-1-0-25-tsfi-sportback-2018\/","name":"Audi A1 1.0 25 TSFI Sportback - Downpipe con catalizzatore | Aros Marmitte","isPartOf":{"@id":"https:\/\/www.arosmarmitte.it\/en\/#website"},"primaryImageOfPage":{"@id":"https:\/\/www.arosmarmitte.it\/prodotto\/impianti-di-scarico\/downpipe-con-catalizzatore-elimina-opf-audi-a1-1-0-25-tsfi-sportback-2018\/#primaryimage"},"image":{"@id":"https:\/\/www.arosmarmitte.it\/prodotto\/impianti-di-scarico\/downpipe-con-catalizzatore-elimina-opf-audi-a1-1-0-25-tsfi-sportback-2018\/#primaryimage"},"thumbnailUrl":"https:\/\/www.arosmarmitte.it\/wp-content\/uploads\/Audi-A1-30-TFSI-Sportback-1000-CC-85-kw-116-cv-motore-DKR-dal-2018-downpipe-con-catalizzatore-exhaust-system-echappement-marmitta-scarico-sound-1.jpg","datePublished":"2024-09-28T11:07:21+00:00","dateModified":"2025-10-27T08:42:53+00:00","description":"Aumenta il sound della tua Audi A1 1.0 25 TSFI Sportback con il nostro downpipe con catalizzatore! Contattaci per maggiori dettagli!","breadcrumb":{"@id":"https:\/\/www.arosmarmitte.it\/prodotto\/impianti-di-scarico\/downpipe-con-catalizzatore-elimina-opf-audi-a1-1-0-25-tsfi-sportback-2018\/#breadcrumb"},"inLanguage":"en-US","potentialAction":[{"@type":"ReadAction","target":["https:\/\/www.arosmarmitte.it\/prodotto\/impianti-di-scarico\/downpipe-con-catalizzatore-elimina-opf-audi-a1-1-0-25-tsfi-sportback-2018\/"]}]},{"@type":"ImageObject","inLanguage":"en-US","@id":"https:\/\/www.arosmarmitte.it\/prodotto\/impianti-di-scarico\/downpipe-con-catalizzatore-elimina-opf-audi-a1-1-0-25-tsfi-sportback-2018\/#primaryimage","url":"https:\/\/www.arosmarmitte.it\/wp-content\/uploads\/Audi-A1-30-TFSI-Sportback-1000-CC-85-kw-116-cv-motore-DKR-dal-2018-downpipe-con-catalizzatore-exhaust-system-echappement-marmitta-scarico-sound-1.jpg","contentUrl":"https:\/\/www.arosmarmitte.it\/wp-content\/uploads\/Audi-A1-30-TFSI-Sportback-1000-CC-85-kw-116-cv-motore-DKR-dal-2018-downpipe-con-catalizzatore-exhaust-system-echappement-marmitta-scarico-sound-1.jpg","width":1200,"height":1067,"caption":"Downpipe con catalizzatore (elimina OPF) per Audi A1 1.0 25 TSFI Sportback (95 Hp)"},{"@type":"BreadcrumbList","@id":"https:\/\/www.arosmarmitte.it\/prodotto\/impianti-di-scarico\/downpipe-con-catalizzatore-elimina-opf-audi-a1-1-0-25-tsfi-sportback-2018\/#breadcrumb","itemListElement":[{"@type":"ListItem","position":1,"name":"Home","item":"https:\/\/www.arosmarmitte.it\/en\/"},{"@type":"ListItem","position":2,"name":"Shop","item":"https:\/\/www.arosmarmitte.it\/shop\/"},{"@type":"ListItem","position":3,"name":"A1 1.0 25 TFSI Sportback (95 Hp) &#8211; Downpipe con catalizzatore (elimina OPF)"}]},{"@type":"WebSite","@id":"https:\/\/www.arosmarmitte.it\/en\/#website","url":"https:\/\/www.arosmarmitte.it\/en\/","name":"Aros Marmitte","description":"","publisher":{"@id":"https:\/\/www.arosmarmitte.it\/en\/#organization"},"potentialAction":[{"@type":"SearchAction","target":{"@type":"EntryPoint","urlTemplate":"https:\/\/www.arosmarmitte.it\/en\/?s={search_term_string}"},"query-input":{"@type":"PropertyValueSpecification","valueRequired":true,"valueName":"search_term_string"}}],"inLanguage":"en-US"},{"@type":"Organization","@id":"https:\/\/www.arosmarmitte.it\/en\/#organization","name":"AROS Marmitte","alternateName":"AROS SRL","url":"https:\/\/www.arosmarmitte.it\/en\/","logo":{"@type":"ImageObject","inLanguage":"en-US","@id":"https:\/\/www.arosmarmitte.it\/en\/#\/schema\/logo\/image\/","url":"https:\/\/www.arosmarmitte.it\/wp-content\/uploads\/AROS_MARMITTE_LOGO_2016-EXHAUST-SYSTEMS-ECHAPPEMENT-SCARICO-ARTIGIANALE-MARMITTA-1-1.jpg","contentUrl":"https:\/\/www.arosmarmitte.it\/wp-content\/uploads\/AROS_MARMITTE_LOGO_2016-EXHAUST-SYSTEMS-ECHAPPEMENT-SCARICO-ARTIGIANALE-MARMITTA-1-1.jpg","width":1000,"height":875,"caption":"AROS Marmitte"},"image":{"@id":"https:\/\/www.arosmarmitte.it\/en\/#\/schema\/logo\/image\/"},"sameAs":["https:\/\/www.facebook.com\/arosmarmitte","https:\/\/x.com\/AROS_MARMITTE","https:\/\/www.instagram.com\/arosmarmitte\/","https:\/\/www.tiktok.com\/@aros_marmitte"],"email":"info@arosmarmitte.it","telephone":"3401417652"}]}},"_links":{"self":[{"href":"https:\/\/www.arosmarmitte.it\/en\/wp-json\/wp\/v2\/product\/115382","targetHints":{"allow":["GET"]}}],"collection":[{"href":"https:\/\/www.arosmarmitte.it\/en\/wp-json\/wp\/v2\/product"}],"about":[{"href":"https:\/\/www.arosmarmitte.it\/en\/wp-json\/wp\/v2\/types\/product"}],"replies":[{"embeddable":true,"href":"https:\/\/www.arosmarmitte.it\/en\/wp-json\/wp\/v2\/comments?post=115382"}],"wp:featuredmedia":[{"embeddable":true,"href":"https:\/\/www.arosmarmitte.it\/en\/wp-json\/wp\/v2\/media\/109367"}],"wp:attachment":[{"href":"https:\/\/www.arosmarmitte.it\/en\/wp-json\/wp\/v2\/media?parent=115382"}],"wp:term":[{"taxonomy":"marca","embeddable":true,"href":"https:\/\/www.arosmarmitte.it\/en\/wp-json\/wp\/v2\/marca?post=115382"},{"taxonomy":"product_brand","embeddable":true,"href":"https:\/\/www.arosmarmitte.it\/en\/wp-json\/wp\/v2\/product_brand?post=115382"},{"taxonomy":"product_cat","embeddable":true,"href":"https:\/\/www.arosmarmitte.it\/en\/wp-json\/wp\/v2\/product_cat?post=115382"},{"taxonomy":"product_tag","embeddable":true,"href":"https:\/\/www.arosmarmitte.it\/en\/wp-json\/wp\/v2\/product_tag?post=115382"}],"curies":[{"name":"wp","href":"https:\/\/api.w.org\/{rel}","templated":true}]}}