{"id":115319,"date":"2024-09-28T13:06:32","date_gmt":"2024-09-28T11:06:32","guid":{"rendered":"http:\/\/arosmarmitte.it\/?post_type=product&#038;p=115319"},"modified":"2025-10-24T11:33:25","modified_gmt":"2025-10-24T09:33:25","slug":"finale-senza-silenziatore-alfa-romeo-giulietta-1750-tbi-16v-240-hp-2015","status":"publish","type":"product","link":"https:\/\/www.arosmarmitte.it\/en\/prodotto\/exhaust-systems\/finale-senza-silenziatore-alfa-romeo-giulietta-1750-tbi-16v-240-hp-2015\/","title":{"rendered":"GIULIETTA 1750 TBi 16V (240 Hp) &#8211; Finale senza silenziatore"},"content":{"rendered":"<h1>Finale senza silenziatore per Alfa Romeo Giulietta 1750 Tbi 16V<\/h1>\n<h2>Finale senza silenziatore in acciaio Inox per Alfa Romeo Giulietta 1750 Tbi 16V (240 Hp) | 2015-2019<\/h2>\n<p>&nbsp;<\/p>\n<p>&nbsp;<\/p>\n<p>La parte finale dello scarico \u00e8 la componente che caratterizza maggiormente la vettura per stile e per sound, infatti la doppia uscita con 2 terminali impreziosisce il retrotreno della vettura. L&#8217;intera sezione \u00e8 progettata per garantire un deflusso ottimale dei gas di scarico ed un sound pi\u00f9 grintoso senza penalizzare il comfort di marcia che rimane piacevole e privo di risonanze fastidiose sia ai bassi regimi che a velocit\u00e0 di crociera sostenute.<\/p>\n<p>&nbsp;<\/p>\n<p>&nbsp;<\/p>\n<p>&nbsp;<\/p>\n<h3>Dettagli tecnici<\/h3>\n<ul>\n<li><strong>materiale:<\/strong> realizzato in acciaio Inox AISI 304<\/li>\n<li><strong>saldature:<\/strong> tutti i nostri prodotti standard sono realizzati con tecnica di saldatura a TIG<\/li>\n<li><strong>montaggio:<\/strong> Plug&amp;play<\/li>\n<\/ul>\n<p>&nbsp;<\/p>\n<p><strong>Perch\u00e8 utilizziamo l&#8217;acciaio Inox per i nostri prodotti?<\/strong><\/p>\n<p>L\u2019acciaio \u00e8 un materiale noto per la sua durezza, resistenza meccanica e termica, versatilit\u00e0 ed affidabilit\u00e0. Tutti i nostri prodotti standard sono realizzati in acciaio Inox AISI 304.<\/p>\n<p>&nbsp;<\/p>\n<p><strong>Perch\u00e8 le saldature a TIG?<\/strong><\/p>\n<p>La saldatura a TIG \u00e8 una tecnica fine e complicata eppure molto resistente. Questa, unita al ridotto spessore del tubo, garantisce un prodotto estremamente leggero ed esteticamente raffinato.<\/p>\n<p>&nbsp;<\/p>\n<p><strong>Cosa vuol dire Plug&amp;play?<\/strong><\/p>\n<p>Significa che per montare il finale sulla tua Giulietta 1750 ti baster\u00e0 sfruttare tutti gli attacchi gi\u00e0 presenti in vettura senza effettuare lavori e modifiche grazie alla presenza di tutti gli innesti sonda e delle staffe necessarie.<\/p>\n<p>&nbsp;<\/p>\n<p>&nbsp;<\/p>\n<p>&nbsp;<\/p>\n<p>&nbsp;<\/p>\n<p><em>Infine ci teniamo a sottolineare che progettazione, sviluppo, realizzazione e produzione sono operazioni svolte esclusivamente all&#8217;interno della nostra sede e che il prodotto gode di tutte le caratteristiche e cure della migliore tradizione artigianale italiana.<\/em><\/p>\n<p>&nbsp;<\/p>\n<p>&nbsp;<\/p>\n<p>&nbsp;<\/p>\n<p><em>Non trovi quello che cerchi?\u00a0 <\/em>Visita la sezione\u00a0<a href=\"https:\/\/www.arosmarmitte.it\/contatti\/\" target=\"_blank\" rel=\"noopener\">contatti<\/a> e chiamaci o scrivici via whatsapp.<\/p>\n<p>&nbsp;<\/p>\n<p>&nbsp;<\/p>\n<h5>Effettuiamo spedizioni in tutta Italia in tempi brevi. Ogni articolo Aros Marmitte ha una garanzia di recesso di 14 giorni. <a href=\"https:\/\/www.arosmarmitte.it\/contatti\/\" target=\"_blank\" rel=\"noopener\">Consulta le norme di spedizione<\/a>.<br \/>\n________________________________________________________________________________________________________<\/h5>\n<h6>Visita anche la nostra\u00a0<a href=\"https:\/\/www.facebook.com\/arosmarmitte?locale=it_IT\" target=\"_blank\" rel=\"noopener\">pagina Facebook<\/a>\u00a0o il nostro\u00a0<a href=\"https:\/\/www.instagram.com\/arosmarmitte\/?next=https%3A%2F%2Fwww.instagram.com%2Farosmarmitte%2F\" target=\"_blank\" rel=\"noopener\">account Instagram<\/a> per restare sempre aggiornato sui nostri prodotti!<\/h6>\n","protected":false},"excerpt":{"rendered":"<p>Finale senza silenziatore per Alfa Romeo Giulietta 1750 Tbi 16V Finale senza silenziatore in acciaio Inox per Alfa Romeo Giulietta 1750 Tbi 16V (240 Hp) | 2015-2019 &nbsp; &nbsp; La parte finale dello scarico \u00e8 la componente che caratterizza maggiormente la vettura per stile e per sound, infatti la doppia uscita con 2 terminali impreziosisce [&hellip;]<\/p>\n","protected":false},"featured_media":109316,"comment_status":"closed","ping_status":"closed","template":"","meta":{"_acf_changed":false},"marca":[],"product_brand":[],"product_cat":[15],"product_tag":[],"class_list":{"0":"post-115319","1":"product","2":"type-product","3":"status-publish","4":"has-post-thumbnail","6":"product_cat-impianti-di-scarico","8":"first","9":"instock","10":"taxable","11":"shipping-taxable","12":"purchasable","13":"product-type-simple"},"acf":[],"yoast_head":"<!-- This site is optimized with the Yoast SEO Premium plugin v24.8 (Yoast SEO v27.2) - https:\/\/yoast.com\/product\/yoast-seo-premium-wordpress\/ -->\n<title>Alfa Romeo Giulietta 1750 TBi 16V - Finale senza silenziatore | Aros Marmitte<\/title>\n<meta name=\"description\" content=\"Aumenta il sound della tua Alfa Romeo Giulietta 1750 TBi 16V con il nostro finale senza silenziatore! Contattaci per maggiori dettagli!\" \/>\n<meta name=\"robots\" content=\"index, follow, max-snippet:-1, max-image-preview:large, max-video-preview:-1\" \/>\n<link rel=\"canonical\" href=\"https:\/\/www.arosmarmitte.it\/prodotto\/impianti-di-scarico\/finale-senza-silenziatore-alfa-romeo-giulietta-1750-tbi-16v-240-hp-2015\/\" \/>\n<meta property=\"og:locale\" content=\"en_US\" \/>\n<meta property=\"og:type\" content=\"article\" \/>\n<meta property=\"og:title\" content=\"GIULIETTA 1750 TBi 16V (240 Hp) - Finale senza silenziatore\" \/>\n<meta property=\"og:description\" content=\"Aumenta il sound della tua Alfa Romeo Giulietta 1750 TBi 16V con il nostro finale senza silenziatore! Contattaci per maggiori dettagli!\" \/>\n<meta property=\"og:url\" content=\"https:\/\/www.arosmarmitte.it\/prodotto\/impianti-di-scarico\/finale-senza-silenziatore-alfa-romeo-giulietta-1750-tbi-16v-240-hp-2015\/\" \/>\n<meta property=\"og:site_name\" content=\"Aros Marmitte\" \/>\n<meta property=\"article:publisher\" content=\"https:\/\/www.facebook.com\/arosmarmitte\" \/>\n<meta property=\"article:modified_time\" content=\"2025-10-24T09:33:25+00:00\" \/>\n<meta property=\"og:image\" content=\"https:\/\/www.arosmarmitte.it\/wp-content\/uploads\/Alfa-Romeo-Giulietta-1750-TBI-finale-diretto-senza-silenziatore-exhaust-system-echappement-sound-marmitta-scarico-rear-pipe-posteriore-1-1.jpg\" \/>\n\t<meta property=\"og:image:width\" content=\"1300\" \/>\n\t<meta property=\"og:image:height\" content=\"1182\" \/>\n\t<meta property=\"og:image:type\" content=\"image\/jpeg\" \/>\n<meta name=\"twitter:card\" content=\"summary_large_image\" \/>\n<meta name=\"twitter:site\" content=\"@AROS_MARMITTE\" \/>\n<meta name=\"twitter:label1\" content=\"Est. reading time\" \/>\n\t<meta name=\"twitter:data1\" content=\"2 minutes\" \/>\n<script type=\"application\/ld+json\" class=\"yoast-schema-graph\">{\"@context\":\"https:\/\/schema.org\",\"@graph\":[{\"@type\":\"WebPage\",\"@id\":\"https:\/\/www.arosmarmitte.it\/prodotto\/impianti-di-scarico\/finale-senza-silenziatore-alfa-romeo-giulietta-1750-tbi-16v-240-hp-2015\/\",\"url\":\"https:\/\/www.arosmarmitte.it\/prodotto\/impianti-di-scarico\/finale-senza-silenziatore-alfa-romeo-giulietta-1750-tbi-16v-240-hp-2015\/\",\"name\":\"Alfa Romeo Giulietta 1750 TBi 16V - Finale senza silenziatore | Aros Marmitte\",\"isPartOf\":{\"@id\":\"https:\/\/www.arosmarmitte.it\/en\/#website\"},\"primaryImageOfPage\":{\"@id\":\"https:\/\/www.arosmarmitte.it\/prodotto\/impianti-di-scarico\/finale-senza-silenziatore-alfa-romeo-giulietta-1750-tbi-16v-240-hp-2015\/#primaryimage\"},\"image\":{\"@id\":\"https:\/\/www.arosmarmitte.it\/prodotto\/impianti-di-scarico\/finale-senza-silenziatore-alfa-romeo-giulietta-1750-tbi-16v-240-hp-2015\/#primaryimage\"},\"thumbnailUrl\":\"https:\/\/www.arosmarmitte.it\/wp-content\/uploads\/Alfa-Romeo-Giulietta-1750-TBI-finale-diretto-senza-silenziatore-exhaust-system-echappement-sound-marmitta-scarico-rear-pipe-posteriore-1-1.jpg\",\"datePublished\":\"2024-09-28T11:06:32+00:00\",\"dateModified\":\"2025-10-24T09:33:25+00:00\",\"description\":\"Aumenta il sound della tua Alfa Romeo Giulietta 1750 TBi 16V con il nostro finale senza silenziatore! Contattaci per maggiori dettagli!\",\"breadcrumb\":{\"@id\":\"https:\/\/www.arosmarmitte.it\/prodotto\/impianti-di-scarico\/finale-senza-silenziatore-alfa-romeo-giulietta-1750-tbi-16v-240-hp-2015\/#breadcrumb\"},\"inLanguage\":\"en-US\",\"potentialAction\":[{\"@type\":\"ReadAction\",\"target\":[\"https:\/\/www.arosmarmitte.it\/prodotto\/impianti-di-scarico\/finale-senza-silenziatore-alfa-romeo-giulietta-1750-tbi-16v-240-hp-2015\/\"]}]},{\"@type\":\"ImageObject\",\"inLanguage\":\"en-US\",\"@id\":\"https:\/\/www.arosmarmitte.it\/prodotto\/impianti-di-scarico\/finale-senza-silenziatore-alfa-romeo-giulietta-1750-tbi-16v-240-hp-2015\/#primaryimage\",\"url\":\"https:\/\/www.arosmarmitte.it\/wp-content\/uploads\/Alfa-Romeo-Giulietta-1750-TBI-finale-diretto-senza-silenziatore-exhaust-system-echappement-sound-marmitta-scarico-rear-pipe-posteriore-1-1.jpg\",\"contentUrl\":\"https:\/\/www.arosmarmitte.it\/wp-content\/uploads\/Alfa-Romeo-Giulietta-1750-TBI-finale-diretto-senza-silenziatore-exhaust-system-echappement-sound-marmitta-scarico-rear-pipe-posteriore-1-1.jpg\",\"width\":1300,\"height\":1182,\"caption\":\"Finale senza silenziatore per Alfa Romeo 2.0 JTDm 2010\"},{\"@type\":\"BreadcrumbList\",\"@id\":\"https:\/\/www.arosmarmitte.it\/prodotto\/impianti-di-scarico\/finale-senza-silenziatore-alfa-romeo-giulietta-1750-tbi-16v-240-hp-2015\/#breadcrumb\",\"itemListElement\":[{\"@type\":\"ListItem\",\"position\":1,\"name\":\"Home\",\"item\":\"https:\/\/www.arosmarmitte.it\/en\/\"},{\"@type\":\"ListItem\",\"position\":2,\"name\":\"Shop\",\"item\":\"https:\/\/www.arosmarmitte.it\/shop\/\"},{\"@type\":\"ListItem\",\"position\":3,\"name\":\"GIULIETTA 1750 TBi 16V (240 Hp) &#8211; Finale senza silenziatore\"}]},{\"@type\":\"WebSite\",\"@id\":\"https:\/\/www.arosmarmitte.it\/en\/#website\",\"url\":\"https:\/\/www.arosmarmitte.it\/en\/\",\"name\":\"Aros Marmitte\",\"description\":\"\",\"publisher\":{\"@id\":\"https:\/\/www.arosmarmitte.it\/en\/#organization\"},\"potentialAction\":[{\"@type\":\"SearchAction\",\"target\":{\"@type\":\"EntryPoint\",\"urlTemplate\":\"https:\/\/www.arosmarmitte.it\/en\/?s={search_term_string}\"},\"query-input\":{\"@type\":\"PropertyValueSpecification\",\"valueRequired\":true,\"valueName\":\"search_term_string\"}}],\"inLanguage\":\"en-US\"},{\"@type\":\"Organization\",\"@id\":\"https:\/\/www.arosmarmitte.it\/en\/#organization\",\"name\":\"AROS Marmitte\",\"alternateName\":\"AROS SRL\",\"url\":\"https:\/\/www.arosmarmitte.it\/en\/\",\"logo\":{\"@type\":\"ImageObject\",\"inLanguage\":\"en-US\",\"@id\":\"https:\/\/www.arosmarmitte.it\/en\/#\/schema\/logo\/image\/\",\"url\":\"https:\/\/www.arosmarmitte.it\/wp-content\/uploads\/AROS_MARMITTE_LOGO_2016-EXHAUST-SYSTEMS-ECHAPPEMENT-SCARICO-ARTIGIANALE-MARMITTA-1-1.jpg\",\"contentUrl\":\"https:\/\/www.arosmarmitte.it\/wp-content\/uploads\/AROS_MARMITTE_LOGO_2016-EXHAUST-SYSTEMS-ECHAPPEMENT-SCARICO-ARTIGIANALE-MARMITTA-1-1.jpg\",\"width\":1000,\"height\":875,\"caption\":\"AROS Marmitte\"},\"image\":{\"@id\":\"https:\/\/www.arosmarmitte.it\/en\/#\/schema\/logo\/image\/\"},\"sameAs\":[\"https:\/\/www.facebook.com\/arosmarmitte\",\"https:\/\/x.com\/AROS_MARMITTE\",\"https:\/\/www.instagram.com\/arosmarmitte\/\",\"https:\/\/www.tiktok.com\/@aros_marmitte\"],\"email\":\"info@arosmarmitte.it\",\"telephone\":\"3401417652\"}]}<\/script>\n<!-- \/ Yoast SEO Premium plugin. -->","yoast_head_json":{"title":"Alfa Romeo Giulietta 1750 TBi 16V - Finale senza silenziatore | Aros Marmitte","description":"Aumenta il sound della tua Alfa Romeo Giulietta 1750 TBi 16V con il nostro finale senza silenziatore! Contattaci per maggiori dettagli!","robots":{"index":"index","follow":"follow","max-snippet":"max-snippet:-1","max-image-preview":"max-image-preview:large","max-video-preview":"max-video-preview:-1"},"canonical":"https:\/\/www.arosmarmitte.it\/prodotto\/impianti-di-scarico\/finale-senza-silenziatore-alfa-romeo-giulietta-1750-tbi-16v-240-hp-2015\/","og_locale":"en_US","og_type":"article","og_title":"GIULIETTA 1750 TBi 16V (240 Hp) - Finale senza silenziatore","og_description":"Aumenta il sound della tua Alfa Romeo Giulietta 1750 TBi 16V con il nostro finale senza silenziatore! Contattaci per maggiori dettagli!","og_url":"https:\/\/www.arosmarmitte.it\/prodotto\/impianti-di-scarico\/finale-senza-silenziatore-alfa-romeo-giulietta-1750-tbi-16v-240-hp-2015\/","og_site_name":"Aros Marmitte","article_publisher":"https:\/\/www.facebook.com\/arosmarmitte","article_modified_time":"2025-10-24T09:33:25+00:00","og_image":[{"width":1300,"height":1182,"url":"https:\/\/www.arosmarmitte.it\/wp-content\/uploads\/Alfa-Romeo-Giulietta-1750-TBI-finale-diretto-senza-silenziatore-exhaust-system-echappement-sound-marmitta-scarico-rear-pipe-posteriore-1-1.jpg","type":"image\/jpeg"}],"twitter_card":"summary_large_image","twitter_site":"@AROS_MARMITTE","twitter_misc":{"Est. reading time":"2 minutes"},"schema":{"@context":"https:\/\/schema.org","@graph":[{"@type":"WebPage","@id":"https:\/\/www.arosmarmitte.it\/prodotto\/impianti-di-scarico\/finale-senza-silenziatore-alfa-romeo-giulietta-1750-tbi-16v-240-hp-2015\/","url":"https:\/\/www.arosmarmitte.it\/prodotto\/impianti-di-scarico\/finale-senza-silenziatore-alfa-romeo-giulietta-1750-tbi-16v-240-hp-2015\/","name":"Alfa Romeo Giulietta 1750 TBi 16V - Finale senza silenziatore | Aros Marmitte","isPartOf":{"@id":"https:\/\/www.arosmarmitte.it\/en\/#website"},"primaryImageOfPage":{"@id":"https:\/\/www.arosmarmitte.it\/prodotto\/impianti-di-scarico\/finale-senza-silenziatore-alfa-romeo-giulietta-1750-tbi-16v-240-hp-2015\/#primaryimage"},"image":{"@id":"https:\/\/www.arosmarmitte.it\/prodotto\/impianti-di-scarico\/finale-senza-silenziatore-alfa-romeo-giulietta-1750-tbi-16v-240-hp-2015\/#primaryimage"},"thumbnailUrl":"https:\/\/www.arosmarmitte.it\/wp-content\/uploads\/Alfa-Romeo-Giulietta-1750-TBI-finale-diretto-senza-silenziatore-exhaust-system-echappement-sound-marmitta-scarico-rear-pipe-posteriore-1-1.jpg","datePublished":"2024-09-28T11:06:32+00:00","dateModified":"2025-10-24T09:33:25+00:00","description":"Aumenta il sound della tua Alfa Romeo Giulietta 1750 TBi 16V con il nostro finale senza silenziatore! Contattaci per maggiori dettagli!","breadcrumb":{"@id":"https:\/\/www.arosmarmitte.it\/prodotto\/impianti-di-scarico\/finale-senza-silenziatore-alfa-romeo-giulietta-1750-tbi-16v-240-hp-2015\/#breadcrumb"},"inLanguage":"en-US","potentialAction":[{"@type":"ReadAction","target":["https:\/\/www.arosmarmitte.it\/prodotto\/impianti-di-scarico\/finale-senza-silenziatore-alfa-romeo-giulietta-1750-tbi-16v-240-hp-2015\/"]}]},{"@type":"ImageObject","inLanguage":"en-US","@id":"https:\/\/www.arosmarmitte.it\/prodotto\/impianti-di-scarico\/finale-senza-silenziatore-alfa-romeo-giulietta-1750-tbi-16v-240-hp-2015\/#primaryimage","url":"https:\/\/www.arosmarmitte.it\/wp-content\/uploads\/Alfa-Romeo-Giulietta-1750-TBI-finale-diretto-senza-silenziatore-exhaust-system-echappement-sound-marmitta-scarico-rear-pipe-posteriore-1-1.jpg","contentUrl":"https:\/\/www.arosmarmitte.it\/wp-content\/uploads\/Alfa-Romeo-Giulietta-1750-TBI-finale-diretto-senza-silenziatore-exhaust-system-echappement-sound-marmitta-scarico-rear-pipe-posteriore-1-1.jpg","width":1300,"height":1182,"caption":"Finale senza silenziatore per Alfa Romeo 2.0 JTDm 2010"},{"@type":"BreadcrumbList","@id":"https:\/\/www.arosmarmitte.it\/prodotto\/impianti-di-scarico\/finale-senza-silenziatore-alfa-romeo-giulietta-1750-tbi-16v-240-hp-2015\/#breadcrumb","itemListElement":[{"@type":"ListItem","position":1,"name":"Home","item":"https:\/\/www.arosmarmitte.it\/en\/"},{"@type":"ListItem","position":2,"name":"Shop","item":"https:\/\/www.arosmarmitte.it\/shop\/"},{"@type":"ListItem","position":3,"name":"GIULIETTA 1750 TBi 16V (240 Hp) &#8211; Finale senza silenziatore"}]},{"@type":"WebSite","@id":"https:\/\/www.arosmarmitte.it\/en\/#website","url":"https:\/\/www.arosmarmitte.it\/en\/","name":"Aros Marmitte","description":"","publisher":{"@id":"https:\/\/www.arosmarmitte.it\/en\/#organization"},"potentialAction":[{"@type":"SearchAction","target":{"@type":"EntryPoint","urlTemplate":"https:\/\/www.arosmarmitte.it\/en\/?s={search_term_string}"},"query-input":{"@type":"PropertyValueSpecification","valueRequired":true,"valueName":"search_term_string"}}],"inLanguage":"en-US"},{"@type":"Organization","@id":"https:\/\/www.arosmarmitte.it\/en\/#organization","name":"AROS Marmitte","alternateName":"AROS SRL","url":"https:\/\/www.arosmarmitte.it\/en\/","logo":{"@type":"ImageObject","inLanguage":"en-US","@id":"https:\/\/www.arosmarmitte.it\/en\/#\/schema\/logo\/image\/","url":"https:\/\/www.arosmarmitte.it\/wp-content\/uploads\/AROS_MARMITTE_LOGO_2016-EXHAUST-SYSTEMS-ECHAPPEMENT-SCARICO-ARTIGIANALE-MARMITTA-1-1.jpg","contentUrl":"https:\/\/www.arosmarmitte.it\/wp-content\/uploads\/AROS_MARMITTE_LOGO_2016-EXHAUST-SYSTEMS-ECHAPPEMENT-SCARICO-ARTIGIANALE-MARMITTA-1-1.jpg","width":1000,"height":875,"caption":"AROS Marmitte"},"image":{"@id":"https:\/\/www.arosmarmitte.it\/en\/#\/schema\/logo\/image\/"},"sameAs":["https:\/\/www.facebook.com\/arosmarmitte","https:\/\/x.com\/AROS_MARMITTE","https:\/\/www.instagram.com\/arosmarmitte\/","https:\/\/www.tiktok.com\/@aros_marmitte"],"email":"info@arosmarmitte.it","telephone":"3401417652"}]}},"_links":{"self":[{"href":"https:\/\/www.arosmarmitte.it\/en\/wp-json\/wp\/v2\/product\/115319","targetHints":{"allow":["GET"]}}],"collection":[{"href":"https:\/\/www.arosmarmitte.it\/en\/wp-json\/wp\/v2\/product"}],"about":[{"href":"https:\/\/www.arosmarmitte.it\/en\/wp-json\/wp\/v2\/types\/product"}],"replies":[{"embeddable":true,"href":"https:\/\/www.arosmarmitte.it\/en\/wp-json\/wp\/v2\/comments?post=115319"}],"wp:featuredmedia":[{"embeddable":true,"href":"https:\/\/www.arosmarmitte.it\/en\/wp-json\/wp\/v2\/media\/109316"}],"wp:attachment":[{"href":"https:\/\/www.arosmarmitte.it\/en\/wp-json\/wp\/v2\/media?parent=115319"}],"wp:term":[{"taxonomy":"marca","embeddable":true,"href":"https:\/\/www.arosmarmitte.it\/en\/wp-json\/wp\/v2\/marca?post=115319"},{"taxonomy":"product_brand","embeddable":true,"href":"https:\/\/www.arosmarmitte.it\/en\/wp-json\/wp\/v2\/product_brand?post=115319"},{"taxonomy":"product_cat","embeddable":true,"href":"https:\/\/www.arosmarmitte.it\/en\/wp-json\/wp\/v2\/product_cat?post=115319"},{"taxonomy":"product_tag","embeddable":true,"href":"https:\/\/www.arosmarmitte.it\/en\/wp-json\/wp\/v2\/product_tag?post=115319"}],"curies":[{"name":"wp","href":"https:\/\/api.w.org\/{rel}","templated":true}]}}